{"id":6668,"date":"2024-11-27T10:51:18","date_gmt":"2024-11-27T09:51:18","guid":{"rendered":"https:\/\/www.hsu-hh.de\/wiso\/?page_id=6668"},"modified":"2024-11-27T10:51:19","modified_gmt":"2024-11-27T09:51:19","slug":"mathematik-statistik","status":"publish","type":"page","link":"https:\/\/www.hsu-hh.de\/wiso\/mathematik-statistik","title":{"rendered":"Mathematik\/Statistik"},"content":{"rendered":"\n<p><a href=\"https:\/\/www.hsu-hh.de\/compstat\/\">Professur f\u00fcr Rechnergest\u00fctzte Statistik<\/a><br><strong>Univ.&nbsp;<abbr title=\"Professor\">Prof.<\/abbr>&nbsp;<abbr title=\"Doktor\">Dr.<\/abbr>&nbsp;Sven Knoth<\/strong><br>Geb. H 1, R. 1368<br>Tel. 3400<br>E-Mail:&nbsp;<a href=\"mailto:sven.knoth@hsu-hh.de\" rel='nofollow'>sven.knoth@hsu-hh.de<\/a><\/p>\n\n\n\n<p><a href=\"https:\/\/www.hsu-hh.de\/mathstat\">Professur f\u00fcr Quantitative Methoden der Wirtschaftswissenschaften<\/a><br><strong>Univ.&nbsp;<abbr title=\"Professor\">Prof.<\/abbr>&nbsp;<abbr title=\"Doktor\">Dr.<\/abbr>&nbsp;Christian H. Wei\u00df<\/strong><br>Geb. H 1, R. 1369<br>Tel. 2779<br>E-Mail:&nbsp;<a href=\"mailto:weissc@hsu-hh.de\" rel='nofollow'>weissc@hsu-hh.de<\/a><\/p>\n\n\n\n<p><a href=\"https:\/\/www.hsu-hh.de\/stochastik\">Professur f\u00fcr Angewandte Stochastik &amp; Risikomanagement<\/a><br><strong>Univ.&nbsp;<abbr title=\"Professor\">Prof.<\/abbr>&nbsp;<abbr title=\"Doktor\">Dr.<\/abbr>&nbsp;Gabriel Frahm<\/strong><br>Geb. H 1, R. 1396<br>Tel. 2791<br>E-Mail:&nbsp;<a href=\"mailto:gabriel.frahm@hsu-hh.de\" rel='nofollow'>gabriel.frahm@hsu-hh.de<\/a><\/p>\n\n\n\n<p><a href=\"https:\/\/www.hsu-hh.de\/statdat\/\">Professur f\u00fcr Statistik und Datenwissenschaft<\/a><br><strong>Univ.&nbsp;<abbr title=\"Professor\">Prof.<\/abbr>&nbsp;<abbr title=\"Doktor\">Dr.<\/abbr>&nbsp;Jan Gertheiss<\/strong><br>Geb. H 1, R. 1375<br>Tel. 2985<br>E-Mail:&nbsp;<a href=\"mailto:jan.gertheiss@hsu-hh.de\" rel='nofollow'>jan.gertheiss@hsu-hh.de<\/a><\/p>\n\n\n\n<p><a href=\"https:\/\/www.hsu-hh.de\/statistik\/\" target=\"_blank\" rel=\"noreferrer noopener\">Zur Seite der F\u00e4chergruppe Mathematik\/ Statistik<\/a><\/p>\n","protected":false},"excerpt":{"rendered":"<p>Professur f\u00fcr Rechnergest\u00fctzte StatistikUniv.&nbsp;Prof.&nbsp;Dr.&nbsp;Sven KnothGeb. H 1, R. 1368Tel. 3400E-Mail:&nbsp;sven.knoth@hsu-hh.de Professur f\u00fcr Quantitative Methoden der WirtschaftswissenschaftenUniv.&nbsp;Prof.&nbsp;Dr.&nbsp;Christian H. Wei\u00dfGeb. H 1, R. 1369Tel. 2779E-Mail:&nbsp;weissc@hsu-hh.de Professur f\u00fcr Angewandte Stochastik &amp; RisikomanagementUniv.&nbsp;Prof.&nbsp;Dr.&nbsp;Gabriel FrahmGeb. [&hellip;]<\/p>\n","protected":false},"author":37,"featured_media":0,"parent":0,"menu_order":0,"comment_status":"closed","ping_status":"closed","template":"","meta":{"footnotes":""},"categories":[4],"tags":[],"class_list":["post-6668","page","type-page","status-publish","hentry","category-forschung"],"_links":{"self":[{"href":"https:\/\/www.hsu-hh.de\/wiso\/wp-json\/wp\/v2\/pages\/6668","targetHints":{"allow":["GET"]}}],"collection":[{"href":"https:\/\/www.hsu-hh.de\/wiso\/wp-json\/wp\/v2\/pages"}],"about":[{"href":"https:\/\/www.hsu-hh.de\/wiso\/wp-json\/wp\/v2\/types\/page"}],"author":[{"embeddable":true,"href":"https:\/\/www.hsu-hh.de\/wiso\/wp-json\/wp\/v2\/users\/37"}],"replies":[{"embeddable":true,"href":"https:\/\/www.hsu-hh.de\/wiso\/wp-json\/wp\/v2\/comments?post=6668"}],"version-history":[{"count":1,"href":"https:\/\/www.hsu-hh.de\/wiso\/wp-json\/wp\/v2\/pages\/6668\/revisions"}],"predecessor-version":[{"id":6669,"href":"https:\/\/www.hsu-hh.de\/wiso\/wp-json\/wp\/v2\/pages\/6668\/revisions\/6669"}],"wp:attachment":[{"href":"https:\/\/www.hsu-hh.de\/wiso\/wp-json\/wp\/v2\/media?parent=6668"}],"wp:term":[{"taxonomy":"category","embeddable":true,"href":"https:\/\/www.hsu-hh.de\/wiso\/wp-json\/wp\/v2\/categories?post=6668"},{"taxonomy":"post_tag","embeddable":true,"href":"https:\/\/www.hsu-hh.de\/wiso\/wp-json\/wp\/v2\/tags?post=6668"}],"curies":[{"name":"wp","href":"https:\/\/api.w.org\/{rel}","templated":true}]}}