{"id":6664,"date":"2024-11-27T10:49:24","date_gmt":"2024-11-27T09:49:24","guid":{"rendered":"https:\/\/www.hsu-hh.de\/wiso\/?page_id=6664"},"modified":"2025-05-12T09:12:40","modified_gmt":"2025-05-12T07:12:40","slug":"verwaltungswissenschaft","status":"publish","type":"page","link":"https:\/\/www.hsu-hh.de\/wiso\/verwaltungswissenschaft","title":{"rendered":"Verwaltungswissenschaft"},"content":{"rendered":"\n<p><strong><a href=\"https:\/\/www.hsu-hh.de\/pubadm\/\" target=\"_blank\" rel=\"noreferrer noopener\">Zur Homepage der F\u00e4chergruppe Verwaltungswissenschaft<\/a><\/strong><br><\/p>\n\n\n\n<p><\/p>\n\n\n\n<p><br><a href=\"https:\/\/www.hsu-hh.de\/verwwiss\/\" target=\"_blank\" rel=\"noreferrer noopener\">Professur f\u00fcr Verwaltungswissenschaft, insbesondere Steuerung \u00f6ffentlicher Organisation<\/a><br><strong>Univ.\u00a0<abbr title=\"Professor\">Prof.<\/abbr>\u00a0<abbr title=\"Doktor\">Dr.<\/abbr>\u00a0Christina Schaefer<\/strong><br>Geb. H 1, R. 2507<br>Tel. 3039<br>E-Mail:\u00a0<a href=\"mailto:christina.schaefer@hsu-hh.de\" rel='nofollow'>christina.schaefer@hsu-hh.de<\/a><\/p>\n\n\n\n<p><a href=\"https:\/\/www.hsu-hh.de\/vw\/team\" target=\"_blank\" rel=\"noreferrer noopener\">Professur f\u00fcr Verwaltungswissenschaft<\/a><br><strong>Univ.&nbsp;<abbr title=\"Professor\">Prof.<\/abbr>&nbsp;<abbr title=\"Doktor\">Dr.<\/abbr>&nbsp;Tanja Klenk<\/strong><br>Geb. H 1, R. 2131<br>Tel. 2801<br>E-Mail:&nbsp;<a href=\"mailto:tanja.klenk@hsu-hh.de\" rel='nofollow'>tanja.klenk@hsu-hh.de<\/a><\/p>\n\n\n\n<p><a href=\"https:\/\/www.hsu-hh.de\/padigi\/\" target=\"_blank\" rel=\"noreferrer noopener\">Professur f\u00fcr Verwaltungswissenschaft,&nbsp;<abbr title=\"insbesondere\">insb.<\/abbr>&nbsp;Digital Government<\/a><br><strong>Univ.&nbsp;<abbr title=\"Professor\">Prof.<\/abbr>&nbsp;<abbr title=\"Doktor\">Dr.<\/abbr>&nbsp;Sylvia Veit<br><\/strong>Campus Nord, R. 3E 139<br>Friedrich-Ebert-Damm 245,&nbsp;&nbsp;22159 Hamburg<br>Tel. 4552<br>E-Mail:&nbsp;<a href=\"mailto:veit@hsu-hh.de\" target=\"_blank\" rel=\"noreferrer noopener\">veit@hsu-hh.de<\/a><\/p>\n","protected":false},"excerpt":{"rendered":"<p>Zur Homepage der F\u00e4chergruppe Verwaltungswissenschaft Professur f\u00fcr Verwaltungswissenschaft, insbesondere Steuerung \u00f6ffentlicher OrganisationUniv.\u00a0Prof.\u00a0Dr.\u00a0Christina SchaeferGeb. H 1, R. 2507Tel. 3039E-Mail:\u00a0christina.schaefer@hsu-hh.de Professur f\u00fcr VerwaltungswissenschaftUniv.&nbsp;Prof.&nbsp;Dr.&nbsp;Tanja KlenkGeb. H 1, R. 2131Tel. 2801E-Mail:&nbsp;tanja.klenk@hsu-hh.de Professur f\u00fcr Verwaltungswissenschaft,&nbsp;insb.&nbsp;Digital [&hellip;]<\/p>\n","protected":false},"author":37,"featured_media":0,"parent":0,"menu_order":0,"comment_status":"closed","ping_status":"closed","template":"","meta":{"footnotes":""},"categories":[4],"tags":[],"class_list":["post-6664","page","type-page","status-publish","hentry","category-forschung"],"_links":{"self":[{"href":"https:\/\/www.hsu-hh.de\/wiso\/wp-json\/wp\/v2\/pages\/6664","targetHints":{"allow":["GET"]}}],"collection":[{"href":"https:\/\/www.hsu-hh.de\/wiso\/wp-json\/wp\/v2\/pages"}],"about":[{"href":"https:\/\/www.hsu-hh.de\/wiso\/wp-json\/wp\/v2\/types\/page"}],"author":[{"embeddable":true,"href":"https:\/\/www.hsu-hh.de\/wiso\/wp-json\/wp\/v2\/users\/37"}],"replies":[{"embeddable":true,"href":"https:\/\/www.hsu-hh.de\/wiso\/wp-json\/wp\/v2\/comments?post=6664"}],"version-history":[{"count":8,"href":"https:\/\/www.hsu-hh.de\/wiso\/wp-json\/wp\/v2\/pages\/6664\/revisions"}],"predecessor-version":[{"id":7003,"href":"https:\/\/www.hsu-hh.de\/wiso\/wp-json\/wp\/v2\/pages\/6664\/revisions\/7003"}],"wp:attachment":[{"href":"https:\/\/www.hsu-hh.de\/wiso\/wp-json\/wp\/v2\/media?parent=6664"}],"wp:term":[{"taxonomy":"category","embeddable":true,"href":"https:\/\/www.hsu-hh.de\/wiso\/wp-json\/wp\/v2\/categories?post=6664"},{"taxonomy":"post_tag","embeddable":true,"href":"https:\/\/www.hsu-hh.de\/wiso\/wp-json\/wp\/v2\/tags?post=6664"}],"curies":[{"name":"wp","href":"https:\/\/api.w.org\/{rel}","templated":true}]}}