{"id":6310,"date":"2024-06-10T08:22:56","date_gmt":"2024-06-10T06:22:56","guid":{"rendered":"https:\/\/www.hsu-hh.de\/wiso\/?page_id=6310"},"modified":"2025-03-17T15:47:41","modified_gmt":"2025-03-17T14:47:41","slug":"diga","status":"publish","type":"page","link":"https:\/\/www.hsu-hh.de\/wiso\/diga","title":{"rendered":"Digital Governance and Administration (DiGA) (M.A.)"},"content":{"rendered":"\n<p>Die digitale Transformation bringt tiefgreifende Ver\u00e4nderungen f\u00fcr Staat und Verwaltung mit sich. Der interdisziplin\u00e4r ausgerichtete Masterstudiengang <abbr title=\"Digital Governance and Administration\">DiGA<\/abbr> bef\u00e4higt die Studierenden, Aufgabenfelder im&nbsp; \u00f6ffentlichen Sektor unter besonderer Ber\u00fccksichtigung der durch die digitale Transformation ver\u00e4nderten Rahmenbedingungen und M\u00f6glichkeiten zu erfassen, zu analysieren und weiterzuentwickeln.<\/p>\n\n\n\n<div style=\"height:50px\" aria-hidden=\"true\" class=\"wp-block-spacer\"><\/div>\n\n\n\n<p class=\"has-text-align-center background-grey\" style=\"font-size:30px\"><strong>GESTALTEN SIE DIE DIGITALE ZUKUNFT IM \u00d6FFENTLICHEN SEKTOR MIT!<\/strong><\/p>\n\n\n\n<div style=\"height:50px\" aria-hidden=\"true\" class=\"wp-block-spacer\"><\/div>\n\n\n\n<div class=\"wp-block-columns is-layout-flex wp-container-core-columns-is-layout-9d6595d7 wp-block-columns-is-layout-flex\">\n<div class=\"wp-block-column is-vertically-aligned-center is-layout-flow wp-block-column-is-layout-flow\">\n<p>In dem neuen englischsprachigen Master-Studiengang \u201eDigital Governance and Administration (<abbr title=\"Digital Governance and Administration\">DiGA<\/abbr>)\u201c steht das f\u00fcr die digitale Transformation n\u00f6tige Zusammenspiel der Dimensionen Mensch, Informationstechnologie\/Daten und Organisation im Mittelpunkt. <abbr title=\"Digital Governance and Administration\">DiGA<\/abbr>&nbsp;bietet eine einzigartige interdisziplin\u00e4re akademische Ausbildung, die Studierende auf verantwortungsvolle Positionen in der digitalen Verwaltung vorbereitet und eine aktive Mitgestaltung der digitalen Transformation des \u00f6ffentlichen Sektors erm\u00f6glicht.<\/p>\n\n\n\n<p>Durch die Kombination von sozialwissenschaftlichen Modulen aus&nbsp;Betriebswirtschaftslehre und Verwaltungswissenschaft mit&nbsp;<br>technikwissenschaftlichen Modulen aus Informatik und Data Science&nbsp;werden die Studierenden umfassend auf die aktuellen und zuk\u00fcnftigen&nbsp;Anforderungen des \u00f6ffentlichen Sektors vorbereitet. Zudem bietet der Master-Studiengang individuelle Spezialisierungsm\u00f6glichkeiten:<br>Zahlreichen Wahlangebote erm\u00f6glichen die Herausbildung eines&nbsp;individuellen Profils, das den spezifischen Interessen und beruflichen&nbsp;Zielen der Studierenden entspricht.<\/p>\n<\/div>\n\n\n\n<div class=\"wp-block-column is-vertically-aligned-center is-layout-flow wp-block-column-is-layout-flow\"><div class=\"wp-block-image\">\n<figure class=\"aligncenter size-large is-resized\"><a href=\"https:\/\/www.hsu-hh.de\/wiso\/wp-content\/uploads\/sites\/135\/2025\/03\/DiGA_Flyer_2025.pdf\" target=\"_blank\" rel=\"noreferrer noopener\"><img loading=\"lazy\" decoding=\"async\" width=\"738\" height=\"1024\" src=\"https:\/\/www.hsu-hh.de\/wiso\/wp-content\/uploads\/sites\/135\/2024\/09\/DiGA_A4-ds__D-240925_Seite_1-738x1024.jpg\" data-credit=\"DIGA\" alt=\"\" class=\"wp-image-6533\" style=\"width:383px;height:auto\" srcset=\"https:\/\/www.hsu-hh.de\/wiso\/wp-content\/uploads\/sites\/135\/2024\/09\/DiGA_A4-ds__D-240925_Seite_1-738x1024.jpg 738w, https:\/\/www.hsu-hh.de\/wiso\/wp-content\/uploads\/sites\/135\/2024\/09\/DiGA_A4-ds__D-240925_Seite_1-216x300.jpg 216w, https:\/\/www.hsu-hh.de\/wiso\/wp-content\/uploads\/sites\/135\/2024\/09\/DiGA_A4-ds__D-240925_Seite_1-768x1065.jpg 768w, https:\/\/www.hsu-hh.de\/wiso\/wp-content\/uploads\/sites\/135\/2024\/09\/DiGA_A4-ds__D-240925_Seite_1.jpg 1080w\" sizes=\"auto, (max-width: 738px) 100vw, 738px\" \/><\/a><\/figure>\n<\/div><\/div>\n<\/div>\n\n\n\n<hr class=\"wp-block-separator has-alpha-channel-opacity\" \/>\n\n\n\n<div class=\"wp-block-columns is-layout-flex wp-container-core-columns-is-layout-9d6595d7 wp-block-columns-is-layout-flex\">\n<div class=\"wp-block-column is-vertically-aligned-center is-layout-flow wp-block-column-is-layout-flow\"><div class=\"wp-block-image\">\n<figure class=\"aligncenter size-full\"><img loading=\"lazy\" decoding=\"async\" width=\"2560\" height=\"1707\" src=\"https:\/\/www.hsu-hh.de\/wiso\/wp-content\/uploads\/sites\/135\/2024\/04\/Professorenfoto-DiGA-scaled.jpg\" data-credit=\"DiGA\" alt=\"\" class=\"wp-image-6048\" style=\"object-fit:cover\" srcset=\"https:\/\/www.hsu-hh.de\/wiso\/wp-content\/uploads\/sites\/135\/2024\/04\/Professorenfoto-DiGA-scaled.jpg 2560w, https:\/\/www.hsu-hh.de\/wiso\/wp-content\/uploads\/sites\/135\/2024\/04\/Professorenfoto-DiGA-300x200.jpg 300w, https:\/\/www.hsu-hh.de\/wiso\/wp-content\/uploads\/sites\/135\/2024\/04\/Professorenfoto-DiGA-1024x683.jpg 1024w, https:\/\/www.hsu-hh.de\/wiso\/wp-content\/uploads\/sites\/135\/2024\/04\/Professorenfoto-DiGA-768x512.jpg 768w, https:\/\/www.hsu-hh.de\/wiso\/wp-content\/uploads\/sites\/135\/2024\/04\/Professorenfoto-DiGA-1536x1024.jpg 1536w, https:\/\/www.hsu-hh.de\/wiso\/wp-content\/uploads\/sites\/135\/2024\/04\/Professorenfoto-DiGA-2048x1365.jpg 2048w, https:\/\/www.hsu-hh.de\/wiso\/wp-content\/uploads\/sites\/135\/2024\/04\/Professorenfoto-DiGA-1100x733.jpg 1100w\" sizes=\"auto, (max-width: 2560px) 100vw, 2560px\" \/><figcaption class=\"wp-element-caption\">F\u00fcr <abbr title=\"Digital Governance and Administration\">DiGA<\/abbr> neu an der <abbr title=\"Helmut Schmidt Universit\u00e4t\">HSU<\/abbr>\/UniBw H: <abbr title=\"Professor\">Prof.<\/abbr> <abbr title=\"Doktor\">Dr.<\/abbr> Maximilian Heimst\u00e4dt, <abbr title=\"Professor\">Prof.<\/abbr> <abbr title=\"Doktor\">Dr.<\/abbr> Sylvia Veit und Prof <abbr title=\"Doktor\">Dr.<\/abbr> Ricardo B\u00fcttner<\/figcaption><\/figure>\n<\/div><\/div>\n\n\n\n<div class=\"wp-block-column is-layout-flow wp-block-column-is-layout-flow\">\n<p>Als interdisziplin\u00e4rer M\u00fcndungs-Master richtet sich <abbr title=\"Digital Governance and Administration\">DiGA<\/abbr> an Absolventinnen&nbsp;und Absolventen der Wirtschafts- und Sozialwissenschaften (z. B. Politikwissenschaft, <abbr title=\"Betriebswirtschaftslehre\">BWL<\/abbr>, <abbr title=\"Volkswirtschaftslehre\">VWL<\/abbr>,<br>Wirtschaftsinformatik, Wirtschafts- und Organisationswissenschaften, Staats- und Sozialwissenschaften,&nbsp;<br>Bildungs- und Erziehungswissenschaften) und bietet als Alternative zu einem konsekutiven&nbsp;Master eine weitere interessante Alternative f\u00fcr eine berufliche Zukunft.<\/p>\n\n\n\n<p>Neben Bachelor-Absolventen der <abbr title=\"Helmut Schmidt Universit\u00e4t\">HSU<\/abbr>\/UniBw H und der UniBw M\u00fcnchen k\u00f6nnen grunds\u00e4tzlich auch ausscheidende Soldatinnen und Soldaten im Rahmen des BFD an der <abbr title=\"Helmut Schmidt Universit\u00e4t\">HSU<\/abbr>\/UniBw H studieren.<\/p>\n\n\n\n<p>Bei freien Kapazit\u00e4ten und gegen Kostenerstattung k\u00f6nnen auf Grundlage&nbsp;von Kooperationsvereinbarungen auch Mitarbeitende anderer Bundesministerien,&nbsp;Beh\u00f6rden und Institutionen zum Studium zugelassen werden.<\/p>\n\n\n\n<p><a href=\"http:\/\/hsu-hh.de\/wiso\/diga#bewerbung\" data-type=\"link\" data-id=\"hsu-hh.de\/wiso\/diga#bewerbung\" rel='nofollow'>Informationen zu den Zulassungsvoraussetzungen<\/a><\/p>\n<\/div>\n<\/div>\n\n\n\n<p>F\u00fcr inhaltliche Fragen zum Studium kontaktieren Sie gerne:<br><abbr title=\"Professor\">Prof.<\/abbr> <abbr title=\"Doktor\">Dr.<\/abbr> Sylvia Veit<br>+49 40 6541 4552<br><a href=\"mailto:veit@hsu.hamburg\" rel='nofollow'>veit@hsu.hamburg<\/a><\/p>\n\n\n\n<hr class=\"wp-block-separator has-alpha-channel-opacity\" \/>\n\n\n\n<div class=\"wp-block-columns is-layout-flex wp-container-core-columns-is-layout-9d6595d7 wp-block-columns-is-layout-flex\">\n<div class=\"wp-block-column is-vertically-aligned-center is-layout-flow wp-block-column-is-layout-flow\">\n<h2 class=\"wp-block-heading\">Informationen zum Studiengang <abbr title=\"Digital Governance and Administration\">DiGA<\/abbr><\/h2>\n\n\n\n<ul class=\"wp-block-list\">\n<li><a href=\"https:\/\/www.hsu-hh.de\/wiso\/wp-content\/uploads\/sites\/135\/2024\/04\/Studiengangbeschreibung-DiGA.pdf\" data-type=\"link\" data-id=\"https:\/\/www.hsu-hh.de\/wiso\/wp-content\/uploads\/sites\/135\/2024\/04\/Studiengangbeschreibung-DiGA.pdf\">Studiengangsbeschreibung <abbr title=\"Digital Governance and Administration\">DiGA<\/abbr><\/a><\/li>\n\n\n\n<li><a href=\"https:\/\/www.hsu-hh.de\/wiso\/wp-content\/uploads\/sites\/135\/2024\/07\/240723_MHB_DiGA_FR_2024-06-20.pdf\" target=\"_blank\" rel=\"noreferrer noopener\">Modulhandbuch <abbr title=\"Digital Governance and Administration\">DiGA<\/abbr><\/a> (Stand Juni 2024)<\/li>\n\n\n\n<li><a href=\"https:\/\/www.hsu-hh.de\/asv\/wp-content\/uploads\/sites\/776\/2024\/09\/2024-09-03_FSPO-DiGA_in_Kraft_getreten_am_01.01.2024_deutsch.pdf\" target=\"_blank\" rel=\"noreferrer noopener\">FSPO <abbr title=\"Digital Governance and Administration\">DiGA<\/abbr><\/a><\/li>\n\n\n\n<li><a href=\"https:\/\/www.hsu-hh.de\/wiso\/wp-content\/uploads\/sites\/135\/2024\/09\/DiGA_A4-ds__D-240925.pdf\" data-type=\"link\" data-id=\"https:\/\/www.hsu-hh.de\/wiso\/wp-content\/uploads\/sites\/135\/2024\/04\/Flyer-DiGA-UniBw.pdf\">Flyer <abbr title=\"Digital Governance and Administration\">DiGA<\/abbr> UniBw<\/a><\/li>\n\n\n\n<li><a href=\"https:\/\/www.hsu-hh.de\/asv\/wp-content\/uploads\/sites\/776\/2023\/08\/Auswahlordnung-DiGA_Senatsbeschluss-520-AS.-13.04.2023.pdf.pdf\" data-type=\"link\" data-id=\"https:\/\/www.hsu-hh.de\/wiso\/wp-content\/uploads\/sites\/135\/2024\/04\/Auswahlordnung-DiGA_Zulassung.pdf\">Auswahlordnung<\/a><\/li>\n<\/ul>\n<\/div>\n\n\n\n<div class=\"wp-block-column is-layout-flow wp-block-column-is-layout-flow\">\n<figure class=\"wp-block-image size-large\"><img loading=\"lazy\" decoding=\"async\" width=\"1024\" height=\"612\" src=\"https:\/\/www.hsu-hh.de\/wiso\/wp-content\/uploads\/sites\/135\/2024\/05\/DALL\u00b7E-DIGA-Idee_sw-1024x612.png\" data-credit=\"HSU\/UniBw Hamburg\" alt=\"\" class=\"wp-image-6133\" srcset=\"https:\/\/www.hsu-hh.de\/wiso\/wp-content\/uploads\/sites\/135\/2024\/05\/DALL\u00b7E-DIGA-Idee_sw-1024x612.png 1024w, https:\/\/www.hsu-hh.de\/wiso\/wp-content\/uploads\/sites\/135\/2024\/05\/DALL\u00b7E-DIGA-Idee_sw-300x179.png 300w, https:\/\/www.hsu-hh.de\/wiso\/wp-content\/uploads\/sites\/135\/2024\/05\/DALL\u00b7E-DIGA-Idee_sw-768x459.png 768w, https:\/\/www.hsu-hh.de\/wiso\/wp-content\/uploads\/sites\/135\/2024\/05\/DALL\u00b7E-DIGA-Idee_sw-1536x918.png 1536w, https:\/\/www.hsu-hh.de\/wiso\/wp-content\/uploads\/sites\/135\/2024\/05\/DALL\u00b7E-DIGA-Idee_sw-2048x1224.png 2048w, https:\/\/www.hsu-hh.de\/wiso\/wp-content\/uploads\/sites\/135\/2024\/05\/DALL\u00b7E-DIGA-Idee_sw-1100x657.png 1100w\" sizes=\"auto, (max-width: 1024px) 100vw, 1024px\" \/><\/figure>\n<\/div>\n<\/div>\n\n\n\n<hr class=\"wp-block-separator has-alpha-channel-opacity\" \/>\n\n\n\n<div class=\"wp-block-columns is-layout-flex wp-container-core-columns-is-layout-9d6595d7 wp-block-columns-is-layout-flex\">\n<div class=\"wp-block-column is-layout-flow wp-block-column-is-layout-flow\"><div class=\"wp-block-image\">\n<figure class=\"aligncenter size-full\"><a href=\"https:\/\/www.hsu-hh.de\/neuberufen-maximilian-heimstaedt\"><img loading=\"lazy\" decoding=\"async\" width=\"1024\" height=\"576\" src=\"https:\/\/www.hsu-hh.de\/wiso\/wp-content\/uploads\/sites\/135\/2024\/05\/Heimstaedt_Maximilian_9340_1024x683-edited.jpg\" data-credit=\"HSU\/UniBw Hamburg Gelhausen\" alt=\"\" class=\"wp-image-6172\" srcset=\"https:\/\/www.hsu-hh.de\/wiso\/wp-content\/uploads\/sites\/135\/2024\/05\/Heimstaedt_Maximilian_9340_1024x683-edited.jpg 1024w, https:\/\/www.hsu-hh.de\/wiso\/wp-content\/uploads\/sites\/135\/2024\/05\/Heimstaedt_Maximilian_9340_1024x683-edited-300x169.jpg 300w, https:\/\/www.hsu-hh.de\/wiso\/wp-content\/uploads\/sites\/135\/2024\/05\/Heimstaedt_Maximilian_9340_1024x683-edited-768x432.jpg 768w\" sizes=\"auto, (max-width: 1024px) 100vw, 1024px\" \/><\/a><figcaption class=\"wp-element-caption\"><strong><abbr title=\"Professor\">Prof.<\/abbr> <abbr title=\"Doktor\">Dr.<\/abbr> Maximilian Heimst\u00e4dt<\/strong><\/figcaption><\/figure>\n<\/div>\n\n\n<p>Sein Schwerpunkt liegt auf dem Verh\u00e4ltnis von digitalen Technologien und wissensintensiver Arbeit: Seit dem 01.04.2024 hat&nbsp;<abbr title=\"Professor\">Prof.<\/abbr>&nbsp;<abbr title=\"Doktor\">Dr.<\/abbr>&nbsp;Maximilian Heimst\u00e4dt die Professur \u201eBetriebswirtschaftslehre, insbesondere Digital Governance &amp; Service Design\u201c an der Fakult\u00e4t f\u00fcr Wirtschafts- und Sozialwissenschaften der Helmut-Schmidt-Universit\u00e4t\/Universit\u00e4t der Bundeswehr Hamburg (<abbr title=\"Helmut Schmidt Universit\u00e4t\">HSU<\/abbr>\/UniBw H) inne.&nbsp;<abbr title=\"Professor\">Prof.<\/abbr>&nbsp;Heimst\u00e4dt wirkt ma\u00dfgeblich am neuen Master-Studiengang \u201eDigital Governance and Administration (<abbr title=\"Digital Governance and Administration\">DiGA<\/abbr>)\u201c an der&nbsp;<abbr title=\"Helmut Schmidt Universit\u00e4t\">HSU<\/abbr>\/UniBw H mit.<\/p>\n\n\n\n<p><a href=\"https:\/\/www.hsu-hh.de\/neuberufen-maximilian-heimstaedt\" data-type=\"link\" data-id=\"https:\/\/www.hsu-hh.de\/neuberufen-maximilian-heimstaedt\" target=\"_blank\" rel=\"noreferrer noopener\">Ausf\u00fchrliches Interview<\/a><\/p>\n<\/div>\n\n\n\n<div class=\"wp-block-column is-layout-flow wp-block-column-is-layout-flow\"><div class=\"wp-block-image\">\n<figure class=\"aligncenter size-full\"><a href=\"https:\/\/www.hsu-hh.de\/neuberufen-sylvia-veit\"><img loading=\"lazy\" decoding=\"async\" width=\"2560\" height=\"1440\" src=\"https:\/\/www.hsu-hh.de\/wiso\/wp-content\/uploads\/sites\/135\/2024\/05\/Veit_Sylvia_9332-scaled-1-edited.jpg\" data-credit=\"HSU\/UniBw Hamburg Gelhausen\" alt=\"\" class=\"wp-image-6174\" srcset=\"https:\/\/www.hsu-hh.de\/wiso\/wp-content\/uploads\/sites\/135\/2024\/05\/Veit_Sylvia_9332-scaled-1-edited.jpg 2560w, https:\/\/www.hsu-hh.de\/wiso\/wp-content\/uploads\/sites\/135\/2024\/05\/Veit_Sylvia_9332-scaled-1-edited-300x169.jpg 300w, https:\/\/www.hsu-hh.de\/wiso\/wp-content\/uploads\/sites\/135\/2024\/05\/Veit_Sylvia_9332-scaled-1-edited-1024x576.jpg 1024w, https:\/\/www.hsu-hh.de\/wiso\/wp-content\/uploads\/sites\/135\/2024\/05\/Veit_Sylvia_9332-scaled-1-edited-768x432.jpg 768w, https:\/\/www.hsu-hh.de\/wiso\/wp-content\/uploads\/sites\/135\/2024\/05\/Veit_Sylvia_9332-scaled-1-edited-1536x864.jpg 1536w, https:\/\/www.hsu-hh.de\/wiso\/wp-content\/uploads\/sites\/135\/2024\/05\/Veit_Sylvia_9332-scaled-1-edited-2048x1152.jpg 2048w, https:\/\/www.hsu-hh.de\/wiso\/wp-content\/uploads\/sites\/135\/2024\/05\/Veit_Sylvia_9332-scaled-1-edited-1100x619.jpg 1100w\" sizes=\"auto, (max-width: 2560px) 100vw, 2560px\" \/><\/a><figcaption class=\"wp-element-caption\"><strong><abbr title=\"Professor\">Prof.<\/abbr> <abbr title=\"Doktor\">Dr.<\/abbr> Sylvia Veit<\/strong><\/figcaption><\/figure>\n<\/div>\n\n\n<p>Ihr Schwerpunkt liegt auf Verwaltungsreformen und Karriereforschung im \u00f6ffentlichen Dienst: Seit dem 01.04.2024 hat&nbsp;<abbr title=\"Professor\">Prof.<\/abbr>&nbsp;<abbr title=\"Doktor\">Dr.<\/abbr>&nbsp;Sylvia Veit die Professur \u201eVerwaltungswissenschaft, insbesondere Digital Government\u201c an der Fakult\u00e4t f\u00fcr Wirtschafts- und Sozialwissenschaften der Helmut-Schmidt-Universit\u00e4t\/Universit\u00e4t der Bundeswehr Hamburg&nbsp;(<abbr title=\"Helmut Schmidt Universit\u00e4t\">HSU<\/abbr>\/UniBw H)&nbsp;inne.&nbsp;<abbr title=\"Professor\">Prof.<\/abbr>&nbsp;Veit wirkt ma\u00dfgeblich an dem neuen Master-Studiengang \u201eDigital Governance and Administration (<abbr title=\"Digital Governance and Administration\">DiGA<\/abbr>)\u201c an der&nbsp;<abbr title=\"Helmut Schmidt Universit\u00e4t\">HSU<\/abbr>\/UniBw H mit.<\/p>\n\n\n\n<p><a href=\"https:\/\/www.hsu-hh.de\/neuberufen-sylvia-veit\" data-type=\"link\" data-id=\"https:\/\/www.hsu-hh.de\/neuberufen-sylvia-veit\" target=\"_blank\" rel=\"noreferrer noopener\">Ausf\u00fchrliches Interview<\/a><\/p>\n<\/div>\n<\/div>\n\n\n\n<h2 class=\"wp-block-heading\"><\/h2>\n\n\n\n<hr class=\"wp-block-separator has-alpha-channel-opacity\" \/>\n\n\n\n<h2 class=\"wp-block-heading\" id=\"bewerbung\">Wie bewerbe ich mich? Welche Zulassungsvoraussetzungen m\u00fcssen erf\u00fcllt werden?<\/h2>\n\n\n\n<p>Studierende beider Universit\u00e4ten der Bundeswehr wenden sich an das zust\u00e4ndige Studiensekretariat\/Pr\u00fcfungsamt.<\/p>\n\n\n\n<p>Informationen zum Bewerbungsprozess finden Sie hier:<\/p>\n\n\n\n<p><a href=\"https:\/\/www.hsu-hh.de\/wiso\/wp-content\/uploads\/sites\/135\/2024\/04\/StudSekr_Erlaeuterung-Bewerbungsunterlagen-UniBw-intern.pdf\" data-type=\"link\" data-id=\"https:\/\/www.hsu-hh.de\/wiso\/wp-content\/uploads\/sites\/135\/2024\/04\/StudSekr_Erlaeuterung-Bewerbungsunterlagen-UniBw-intern.pdf\">Erl\u00e4uterung Bewerbungsunterlagen Universit\u00e4ten der Bundeswehr<\/a><\/p>\n\n\n\n<p>Bei inhaltlichen Fragen zur Bewerbung, zur fachlichen Einschl\u00e4gigkeit Ihres Bachelorstudiums, <abbr title=\"et cetera\">etc.<\/abbr> wenden Sie sich gerne an:<\/p>\n\n\n\n<p>Studiensekretariat\/Pr\u00fcfungsamt<br><a href=\"mailto:pruefungsamt@hsu-hh.de\" rel='nofollow'>pruefungsamt@hsu-hh.de<\/a><\/p>\n\n\n\n<hr class=\"wp-block-separator has-alpha-channel-opacity\" \/>\n\n\n\n<p>Im Sinne einer gezielten Fachkr\u00e4fteentwicklung bietet die <abbr title=\"Helmut Schmidt Universit\u00e4t\">HSU<\/abbr>\/UniBw Hamburg als \u201eUniversit\u00e4t des Bundes\u201c Ministerien und Beh\u00f6rden im Rahmen freier Kapazit\u00e4ten und gegen Kostenerstattung an, Mitarbeitende zum Studium an die <abbr title=\"Helmut Schmidt Universit\u00e4t\">HSU<\/abbr>\/UniBw Hamburg zu entsenden.<\/p>\n\n\n\n<ul class=\"wp-block-list\">\n<li>Informationen zur gezielten Fachkr\u00e4fteentwicklung mit der <abbr title=\"Helmut Schmidt Universit\u00e4t\">HSU<\/abbr>\/UniBw Hamburg<br><a href=\"https:\/\/www.hsu-hh.de\/wiso\/wp-content\/uploads\/sites\/135\/2024\/04\/Kooperationskonzept_2024.pdf\" data-type=\"link\" data-id=\"https:\/\/www.hsu-hh.de\/wiso\/wp-content\/uploads\/sites\/135\/2024\/04\/Kooperationskonzept_2024.pdf\">Kooperationskonzept 2024<\/a><br><a href=\"https:\/\/www.hsu-hh.de\/wiso\/wp-content\/uploads\/sites\/135\/2024\/04\/StudSekr_Erlaeuterung-Bewerbungsunterlagen-UniBw-intern.pdf\" data-type=\"link\" data-id=\"https:\/\/www.hsu-hh.de\/wiso\/wp-content\/uploads\/sites\/135\/2024\/04\/StudSekr_Erlaeuterung-Bewerbungsunterlagen-UniBw-intern.pdf\">Erl\u00e4uterung zu Bewerbungsunterlagen externe<\/a><\/li>\n<\/ul>\n\n\n\n<p>Institutionelle Interessenten wenden sich bitte ebenfalls zun\u00e4chst an das Hochschulmarketing:<\/p>\n\n\n\n<p>Astrid Str\u00fc\u00dfmann<br>Tel.: +49 40 6541-3855<br>Mail: <a href=\"mailto:astrid.struessmann@hsu-hh.de\" rel='nofollow'>astrid.struessmann@hsu-hh.de<\/a><br><a href=\"http:\/\/www.hsu-hh.de\/hsm\">www.hsu-hh.de\/hsm<\/a><\/p>\n\n\n\n<hr class=\"wp-block-separator has-alpha-channel-opacity\" \/>\n\n\n\n<p>Im Rahmen der Eingliederungsma\u00dfnahmen des Berufsf\u00f6rderungsdienstes k\u00f6nnen ausscheidende Soldatinnen und Soldaten zur Vorbereitung auf einen Zivilberuf innerhalb oder au\u00dferhalb der Bundeswehr grunds\u00e4tzlich an der <abbr title=\"Helmut Schmidt Universit\u00e4t\">HSU<\/abbr>\/UniBw studieren, soweit ein zeitlich und finanziell ausreichender Anspruch auf F\u00f6rderung auf Grundlage des Soldatenversorgungsgesetzes (SVG) sowie der Berufsf\u00f6rderungsverordnung (Bf\u00f6V) besteht.<\/p>\n\n\n\n<ul class=\"wp-block-list\">\n<li><a href=\"https:\/\/www.hsu-hh.de\/wiso\/wp-content\/uploads\/sites\/135\/2024\/04\/Studieren-im-Rahmen-des-BFD.pdf\" data-type=\"link\" data-id=\"https:\/\/www.hsu-hh.de\/wiso\/wp-content\/uploads\/sites\/135\/2024\/04\/Studieren-im-Rahmen-des-BFD.pdf\">Studieren im Rahmen des BFD<\/a><\/li>\n\n\n\n<li><a href=\"https:\/\/www.hsu-hh.de\/wiso\/wp-content\/uploads\/sites\/135\/2024\/05\/Flyer_BFD-Studium__W-240517.pdf\" data-type=\"link\" data-id=\"https:\/\/www.hsu-hh.de\/wiso\/wp-content\/uploads\/sites\/135\/2024\/05\/Flyer_BFD-Studium__W-240517.pdf\">Flyer BFD<\/a><\/li>\n<\/ul>\n\n\n\n<p>Interessenten wenden sich bitte an das Hochschulmarketing:<\/p>\n\n\n\n<p>Astrid Str\u00fc\u00dfmann<br>Tel.: +49 40 6541-3855<br>Mail: <a href=\"mailto:astrid.struessmann@hsu-hh.de\" rel='nofollow'>astrid.struessmann@hsu-hh.de<\/a><br><a href=\"http:\/\/www.hsu-hh.de\/hsm\">www.hsu-hh.de\/hsm<\/a><\/p>\n\n\n\n<hr class=\"wp-block-separator has-alpha-channel-opacity\" \/>\n\n\n\n<p>Eine Bewerbung als non-degree seeking student ist nur m\u00f6glich, wenn die Heimatuniversit\u00e4t mit der <abbr title=\"Helmut Schmidt Universit\u00e4t\">HSU<\/abbr>\/UniBw H vertraglich verbunden ist (<abbr title=\"zum Beispiel\">z.B.<\/abbr> ERASMUS+). Bewerbungen als degree seeking student k\u00f6nnen im Moment leider nicht angenommen werden.<\/p>\n\n\n\n<hr class=\"wp-block-separator has-alpha-channel-opacity\" \/>\n\n\n\n<h2 class=\"wp-block-heading\">Kontakt<\/h2>\n\n\n\n<div class=\"wp-block-columns is-layout-flex wp-container-core-columns-is-layout-9d6595d7 wp-block-columns-is-layout-flex\">\n<div class=\"wp-block-column is-layout-flow wp-block-column-is-layout-flow\">\n<p>Studiendekanin:<br><abbr title=\"Professor\">Prof.<\/abbr> <abbr title=\"Doktor\">Dr.<\/abbr> Sylvia Veit<br>+49 40 6541 4552<br><a href=\"mailto:veit@hsu-hh.de\" rel='nofollow'>veit@hsu-hh.de<\/a><br><\/p>\n<\/div>\n\n\n\n<div class=\"wp-block-column is-layout-flow wp-block-column-is-layout-flow\">\n<p>Fragen zur Bewerbung\/Zulassung:<\/p>\n\n\n\n<p><a href=\"mailto:pruefungsamt@hsu-hh.de\" rel='nofollow'>pruefungsamt@hsu-hh.de<\/a><\/p>\n<\/div>\n\n\n\n<div class=\"wp-block-column is-layout-flow wp-block-column-is-layout-flow\">\n<p>Institutionelle Partner, BFD Studierende:<\/p>\n\n\n\n<p><a href=\"mailto:hsm@hsu-hh.de\" rel='nofollow'>hsm@hsu-hh.de<\/a><\/p>\n<\/div>\n<\/div>\n","protected":false},"excerpt":{"rendered":"<p>Die digitale Transformation bringt tiefgreifende Ver\u00e4nderungen f\u00fcr Staat und Verwaltung mit sich. Der interdisziplin\u00e4r ausgerichtete Masterstudiengang DiGA bef\u00e4higt die Studierenden, Aufgabenfelder im&nbsp; \u00f6ffentlichen Sektor unter besonderer Ber\u00fccksichtigung der durch die [&hellip;]<\/p>\n","protected":false},"author":2503,"featured_media":0,"parent":0,"menu_order":0,"comment_status":"closed","ping_status":"closed","template":"","meta":{"footnotes":""},"categories":[4],"tags":[],"class_list":["post-6310","page","type-page","status-publish","hentry","category-forschung"],"_links":{"self":[{"href":"https:\/\/www.hsu-hh.de\/wiso\/wp-json\/wp\/v2\/pages\/6310","targetHints":{"allow":["GET"]}}],"collection":[{"href":"https:\/\/www.hsu-hh.de\/wiso\/wp-json\/wp\/v2\/pages"}],"about":[{"href":"https:\/\/www.hsu-hh.de\/wiso\/wp-json\/wp\/v2\/types\/page"}],"author":[{"embeddable":true,"href":"https:\/\/www.hsu-hh.de\/wiso\/wp-json\/wp\/v2\/users\/2503"}],"replies":[{"embeddable":true,"href":"https:\/\/www.hsu-hh.de\/wiso\/wp-json\/wp\/v2\/comments?post=6310"}],"version-history":[{"count":20,"href":"https:\/\/www.hsu-hh.de\/wiso\/wp-json\/wp\/v2\/pages\/6310\/revisions"}],"predecessor-version":[{"id":6947,"href":"https:\/\/www.hsu-hh.de\/wiso\/wp-json\/wp\/v2\/pages\/6310\/revisions\/6947"}],"wp:attachment":[{"href":"https:\/\/www.hsu-hh.de\/wiso\/wp-json\/wp\/v2\/media?parent=6310"}],"wp:term":[{"taxonomy":"category","embeddable":true,"href":"https:\/\/www.hsu-hh.de\/wiso\/wp-json\/wp\/v2\/categories?post=6310"},{"taxonomy":"post_tag","embeddable":true,"href":"https:\/\/www.hsu-hh.de\/wiso\/wp-json\/wp\/v2\/tags?post=6310"}],"curies":[{"name":"wp","href":"https:\/\/api.w.org\/{rel}","templated":true}]}}