{"id":591,"date":"2017-09-06T16:53:01","date_gmt":"2017-09-06T14:53:01","guid":{"rendered":"https:\/\/www.hsu-hh.de\/wweb\/?page_id=591"},"modified":"2022-12-21T22:22:31","modified_gmt":"2022-12-21T21:22:31","slug":"forschungsbereiche","status":"publish","type":"page","link":"https:\/\/www.hsu-hh.de\/wiso\/forschungsbereiche","title":{"rendered":"Forschungsbereiche"},"content":{"rendered":"<p>Forschergruppe <a href=\"https:\/\/www.hsu-hh.de\/bedarfsgerechtigkeit\">&#8222;Bedarfsgerechtigkeit und Verteilungsprozeduren&#8220;<\/a><\/p>\n<p>Forschungscluster <a href=\"https:\/\/www.hsu-hh.de\/opal\/\">&#8222;Organisation, Personal, Arbeit und Leadership&#8220; OPAL<\/a><\/p>\n<p>Forschungsverbund <a href=\"https:\/\/www.sga.uni-hamburg.de\/\" rel='nofollow'>&#8222;Standards Guter Arbeit&#8220; (gemeinsamen mit UHH)<\/a><\/p>\n<p>Kompetenzzentrum f\u00fcr <a href=\"https:\/\/www.hsu-hh.de\/kdh\/\">digital humanities<\/a><\/p>\n<p>Die Fakult\u00e4t f\u00fcr Wirtschafts- und Sozialwissenschaften bietet dar\u00fcber hianaus eine gro\u00dfe Vielfalt an Forschungsschwerpunkten und Projekten. Weitere Forschungsbereiche und ausf\u00fchrliche Informationen zu Forschungsprojekten und Schwerpunkten finden Sie auf den Seiten der <a href=\"https:\/\/www.hsu-hh.de\/wiso\/professuren\">Professuren<\/a>.<\/p>\n","protected":false},"excerpt":{"rendered":"<p>Forschergruppe &#8222;Bedarfsgerechtigkeit und Verteilungsprozeduren&#8220; Forschungscluster &#8222;Organisation, Personal, Arbeit und Leadership&#8220; OPAL Forschungsverbund &#8222;Standards Guter Arbeit&#8220; (gemeinsamen mit UHH) Kompetenzzentrum f\u00fcr digital humanities Die Fakult\u00e4t f\u00fcr Wirtschafts- und Sozialwissenschaften bietet dar\u00fcber [&hellip;]<\/p>\n","protected":false},"author":23,"featured_media":0,"parent":0,"menu_order":0,"comment_status":"closed","ping_status":"closed","template":"","meta":{"footnotes":""},"categories":[4,39],"tags":[83,95,97],"class_list":["post-591","page","type-page","status-publish","hentry","category-forschung","category-forschung-lehre","tag-forschung","tag-forschungsbereiche","tag-forschungsschwerpunkte"],"_links":{"self":[{"href":"https:\/\/www.hsu-hh.de\/wiso\/wp-json\/wp\/v2\/pages\/591","targetHints":{"allow":["GET"]}}],"collection":[{"href":"https:\/\/www.hsu-hh.de\/wiso\/wp-json\/wp\/v2\/pages"}],"about":[{"href":"https:\/\/www.hsu-hh.de\/wiso\/wp-json\/wp\/v2\/types\/page"}],"author":[{"embeddable":true,"href":"https:\/\/www.hsu-hh.de\/wiso\/wp-json\/wp\/v2\/users\/23"}],"replies":[{"embeddable":true,"href":"https:\/\/www.hsu-hh.de\/wiso\/wp-json\/wp\/v2\/comments?post=591"}],"version-history":[{"count":23,"href":"https:\/\/www.hsu-hh.de\/wiso\/wp-json\/wp\/v2\/pages\/591\/revisions"}],"predecessor-version":[{"id":5245,"href":"https:\/\/www.hsu-hh.de\/wiso\/wp-json\/wp\/v2\/pages\/591\/revisions\/5245"}],"wp:attachment":[{"href":"https:\/\/www.hsu-hh.de\/wiso\/wp-json\/wp\/v2\/media?parent=591"}],"wp:term":[{"taxonomy":"category","embeddable":true,"href":"https:\/\/www.hsu-hh.de\/wiso\/wp-json\/wp\/v2\/categories?post=591"},{"taxonomy":"post_tag","embeddable":true,"href":"https:\/\/www.hsu-hh.de\/wiso\/wp-json\/wp\/v2\/tags?post=591"}],"curies":[{"name":"wp","href":"https:\/\/api.w.org\/{rel}","templated":true}]}}