{"id":581,"date":"2017-09-06T16:49:51","date_gmt":"2017-09-06T14:49:51","guid":{"rendered":"https:\/\/www.hsu-hh.de\/wweb\/?page_id=581"},"modified":"2023-05-15T16:02:49","modified_gmt":"2023-05-15T14:02:49","slug":"pruefungsangelegenheiten","status":"publish","type":"page","link":"https:\/\/www.hsu-hh.de\/wiso\/pruefungsangelegenheiten","title":{"rendered":"Pr\u00fcfungsangelegenheiten"},"content":{"rendered":"\n<h2 class=\"wp-block-heading\"><img loading=\"lazy\" decoding=\"async\" class=\"alignnone wp-image-2403 size-full\" src=\"https:\/\/www.hsu-hh.de\/wiso\/wp-content\/uploads\/sites\/135\/2018\/02\/Pr\u00fcfungen-2.jpg\" alt=\"Pr\u00fcfungen (2)\" width=\"2629\" height=\"401\" srcset=\"https:\/\/www.hsu-hh.de\/wiso\/wp-content\/uploads\/sites\/135\/2018\/02\/Pr\u00fcfungen-2.jpg 2629w, https:\/\/www.hsu-hh.de\/wiso\/wp-content\/uploads\/sites\/135\/2018\/02\/Pr\u00fcfungen-2-300x46.jpg 300w, https:\/\/www.hsu-hh.de\/wiso\/wp-content\/uploads\/sites\/135\/2018\/02\/Pr\u00fcfungen-2-768x117.jpg 768w, https:\/\/www.hsu-hh.de\/wiso\/wp-content\/uploads\/sites\/135\/2018\/02\/Pr\u00fcfungen-2-1024x156.jpg 1024w\" sizes=\"auto, (max-width: 2629px) 100vw, 2629px\" \/><\/h2>\n\n\n\n<h2 class=\"wp-block-heading\">Pr\u00fcfungsamt<\/h2>\n\n\n\n<p>Das Pr\u00fcfungsamt\/Studiensekretariat ist Ansprechpartner f\u00fcr die verwaltungsm\u00e4\u00dfige Abwicklung der Studien- und Pr\u00fcfungsangelegenheiten. Dazu geh\u00f6ren <abbr title=\"zum Beispiel\">z.B.<\/abbr> die Immatrikulation und Exmatrikulation, R\u00fcckmeldung\/Beurlaubung vom Studium, F\u00fchren von Hochschulstatistiken und die Bearbeitung von Gasth\u00f6rerangelegenheiten.<\/p>\n\n\n\n<p>Ferner erteilen die Mitarbeiterinnen und Mitarbeiter des Pr\u00fcfungsamtes Ausk\u00fcnfte zum formellen Ablauf des Studiums, wie er sich aus der jeweiligen Studien- und Pr\u00fcfungsordnung ergibt.<\/p>\n\n\n\n<p>Die<strong> \u00d6ffnungszeiten<\/strong> des Pr\u00fcfungsamtes sowie Ihre <a rel=\"noopener\" href=\"https:\/\/www.hsu-hh.de\/campusinfo\/startseite\/kontakt\" target=\"_blank\">Ansprechpartner<\/a> f\u00fcr den jeweiligen Studiengang und deren Sprechzeiten finden Sie auf der Seite des <a rel=\"noopener\" href=\"https:\/\/www.hsu-hh.de\/campusinfo\/\" target=\"_blank\">Pr\u00fcfungsamtes<\/a>.<\/p>\n\n\n\n<h2 class=\"has-medium-font-size wp-block-heading\"><strong>Pr\u00fcfungsausschuss <abbr title=\"Wirtschafts- und Sozialwissenschaften\">WiSo<\/abbr><\/strong><\/h2>\n\n\n\n<p>Der Pr\u00fcfungsausschuss ist zust\u00e4ndig f\u00fcr die Organisation der Pr\u00fcfungen und die Einhaltung der Bestimmungen der Studien- und Pr\u00fcfungsordnungen der Fakult\u00e4t <abbr title=\"Wirtschafts- und Sozialwissenschaften\">WiSo<\/abbr>. Alle relevanten Informationen zu Erreichbarkeit, Mitgliedern, Pr\u00fcfungen und Antr\u00e4gen finden Sie direkt auf der Seite des<a href=\"https:\/\/www.hsu-hh.de\/prfgawiso\/\"> Pr\u00fcfungsausschusses <abbr title=\"Wirtschafts- und Sozialwissenschaften\">WiSo<\/abbr>.<\/a><\/p>\n\n\n\n<h2 class=\"has-medium-font-size wp-block-heading\"><strong>Pr\u00fcfungsausschuss Wirtschaftsingenieurwesen<\/strong><\/h2>\n\n\n\n<p>Der Pr\u00fcfungsausschuss <abbr title=\"Wirtschaftsingenieurwesen\">WI<\/abbr> ist innerhalb des Studienbereichs Wirtschaftsingenieurwesen f\u00fcr die Organisation der Pr\u00fcfungen und die Einhaltung der Bestimmungen der einschl\u00e4gigen Studien- und Pr\u00fcfungsordnungen verantwortlich. Alle relevanten Informationen zu Erreichbarkeit und Mitgliedern finden Sie direkt auf der Seite des <a rel=\"noreferrer noopener\" href=\"https:\/\/www.hsu-hh.de\/sbawi\/pruefungsausschuss-wi\" target=\"_blank\">Pr\u00fcfungsausschusses <abbr title=\"Wirtschaftsingenieurwesen\">WI<\/abbr><\/a>.<a href=\"https:\/\/www.hsu-hh.de\/prfgawiso\/\"><br><\/a><\/p>\n","protected":false},"excerpt":{"rendered":"<p>Pr\u00fcfungsamt Das Pr\u00fcfungsamt\/Studiensekretariat ist Ansprechpartner f\u00fcr die verwaltungsm\u00e4\u00dfige Abwicklung der Studien- und Pr\u00fcfungsangelegenheiten. Dazu geh\u00f6ren z.B. die Immatrikulation und Exmatrikulation, R\u00fcckmeldung\/Beurlaubung vom Studium, F\u00fchren von Hochschulstatistiken und die Bearbeitung von [&hellip;]<\/p>\n","protected":false},"author":23,"featured_media":0,"parent":0,"menu_order":0,"comment_status":"closed","ping_status":"closed","template":"","meta":{"footnotes":""},"categories":[35,43],"tags":[],"class_list":["post-581","page","type-page","status-publish","hentry","category-studiengaenge","category-studium"],"_links":{"self":[{"href":"https:\/\/www.hsu-hh.de\/wiso\/wp-json\/wp\/v2\/pages\/581","targetHints":{"allow":["GET"]}}],"collection":[{"href":"https:\/\/www.hsu-hh.de\/wiso\/wp-json\/wp\/v2\/pages"}],"about":[{"href":"https:\/\/www.hsu-hh.de\/wiso\/wp-json\/wp\/v2\/types\/page"}],"author":[{"embeddable":true,"href":"https:\/\/www.hsu-hh.de\/wiso\/wp-json\/wp\/v2\/users\/23"}],"replies":[{"embeddable":true,"href":"https:\/\/www.hsu-hh.de\/wiso\/wp-json\/wp\/v2\/comments?post=581"}],"version-history":[{"count":40,"href":"https:\/\/www.hsu-hh.de\/wiso\/wp-json\/wp\/v2\/pages\/581\/revisions"}],"predecessor-version":[{"id":5517,"href":"https:\/\/www.hsu-hh.de\/wiso\/wp-json\/wp\/v2\/pages\/581\/revisions\/5517"}],"wp:attachment":[{"href":"https:\/\/www.hsu-hh.de\/wiso\/wp-json\/wp\/v2\/media?parent=581"}],"wp:term":[{"taxonomy":"category","embeddable":true,"href":"https:\/\/www.hsu-hh.de\/wiso\/wp-json\/wp\/v2\/categories?post=581"},{"taxonomy":"post_tag","embeddable":true,"href":"https:\/\/www.hsu-hh.de\/wiso\/wp-json\/wp\/v2\/tags?post=581"}],"curies":[{"name":"wp","href":"https:\/\/api.w.org\/{rel}","templated":true}]}}