{"id":579,"date":"2017-09-06T16:47:27","date_gmt":"2017-09-06T14:47:27","guid":{"rendered":"https:\/\/www.hsu-hh.de\/wweb\/?page_id=579"},"modified":"2024-08-01T10:12:28","modified_gmt":"2024-08-01T08:12:28","slug":"promovieren-habilitieren","status":"publish","type":"page","link":"https:\/\/www.hsu-hh.de\/wiso\/promovieren-habilitieren","title":{"rendered":"Promovieren und Habilitieren"},"content":{"rendered":"<p><img loading=\"lazy\" decoding=\"async\" class=\"alignnone wp-image-2427 size-full\" src=\"https:\/\/www.hsu-hh.de\/wiso\/wp-content\/uploads\/sites\/135\/2018\/02\/Banner_Promovieren3.jpg\" alt=\"Banner_Promovieren3\" width=\"2646\" height=\"397\" srcset=\"https:\/\/www.hsu-hh.de\/wiso\/wp-content\/uploads\/sites\/135\/2018\/02\/Banner_Promovieren3.jpg 2646w, https:\/\/www.hsu-hh.de\/wiso\/wp-content\/uploads\/sites\/135\/2018\/02\/Banner_Promovieren3-300x45.jpg 300w, https:\/\/www.hsu-hh.de\/wiso\/wp-content\/uploads\/sites\/135\/2018\/02\/Banner_Promovieren3-768x115.jpg 768w, https:\/\/www.hsu-hh.de\/wiso\/wp-content\/uploads\/sites\/135\/2018\/02\/Banner_Promovieren3-1024x154.jpg 1024w\" sizes=\"auto, (max-width: 2646px) 100vw, 2646px\" \/><\/p>\n<p>Sie m\u00f6chten an der Helmut-Schmidt-Universit\u00e4t \/Universit\u00e4t der Bundeswehr Hamburg promovieren und\/ oder habilitieren? Hier finden Sie die aktuellen Ordnungen und Ansprechpartner. Antr\u00e4ge k\u00f6nnen unter der folgenden email-Adresse eingereicht werden:<br \/>\n<a href=\"mailto:promowiso@hsu-hh.de\" rel='nofollow'>promowiso@hsu-hh.de<\/a>.<\/p>\n<h2 style=\"text-align: center\">Promovieren<\/h2>\n<p>\u00dcber die Feststellung der Erf\u00fcllung der Zulassungsvoraussetzungen zur Promotion, die Annahme von Doktorandinnen\/Doktoranden <abbr title=\"et cetera\">etc.<\/abbr> entscheidet der <a href=\"https:\/\/www.hsu-hh.de\/wiso\/staendiger-promotionsausschuss\/\">St\u00e4ndige Promotionsausschuss<\/a>\u00a0der Fakult\u00e4t. Die Fakult\u00e4t verleiht folgende akademische Grade: Doctor rerum politicarum (<abbr title=\"Doktor\">Dr.<\/abbr> <abbr title=\"rerum\">rer.<\/abbr> <abbr title=\"politicarum\">pol.<\/abbr>), Doctor philosophiae (<abbr title=\"Doktor\">Dr.<\/abbr> phil.), Doctor iuris (<abbr title=\"Doktor\">Dr.<\/abbr> iur.) und Doctor rerum naturalium (<abbr title=\"Doktor\">Dr.<\/abbr> <abbr title=\"rerum\">rer.<\/abbr> nat.)<\/p>\n<h2>Promotionsordnung:<\/h2>\n<p><a href=\"https:\/\/www.hsu-hh.de\/wiso\/wp-content\/uploads\/sites\/135\/2024\/05\/01_PromO_WiSo_Neufassung_2024.pdf\" target=\"_blank\" rel=\"noopener\">Promotionsordnung der Fakult\u00e4t <abbr title=\"Wirtschafts- und Sozialwissenschaften\">WiSo<\/abbr><\/a> <strong>(i.d.F. vom 03.05.2024)<\/strong><\/p>\n<p><a href=\"https:\/\/www.hsu-hh.de\/wiso\/wp-content\/uploads\/sites\/135\/2024\/05\/02_Ausfuehrungsbestimmungen_\u00a75Abs.6_PromO_WiSo_2024.pdf\" target=\"_blank\" rel=\"noopener\">Promotionsordnung Ausf\u00fchrungsbestimmungen<\/a> <strong>(i.d.F. vom 03.05.2024)<\/strong><\/p>\n<p><a href=\"https:\/\/www.hsu-hh.de\/asv\/wp-content\/uploads\/sites\/776\/2020\/07\/PromO_WiSo_2020-1.pdf\" target=\"_blank\" rel=\"noopener\">Promotionsordnung der Fakult\u00e4t <abbr title=\"Wirtschafts- und Sozialwissenschaften\">WiSo<\/abbr><\/a> <strong>(i.d.F. vom 28.4.2020)<\/strong><\/p>\n<p><a href=\"https:\/\/www.hsu-hh.de\/asv\/wp-content\/uploads\/sites\/776\/2018\/08\/Ausfuehrungsbestimmungen-zur-PromO-Neufassg.pdf\" target=\"_blank\" rel=\"noopener\">Promotionsordnung Ausf\u00fchrungsbestimmungen kumulative Dissertation<\/a><\/p>\n<p><a href=\"https:\/\/www.hsu-hh.de\/wiso\/wp-content\/uploads\/sites\/135\/2021\/04\/PromO_WiSo_2011.pdf\">Promotionsordnung der Fakult\u00e4t <abbr title=\"Wirtschafts- und Sozialwissenschaften\">WiSo<\/abbr><\/a> <strong>(i.d.F. vom 14.5.2011)<\/strong><\/p>\n<h2><\/h2>\n<h2><strong>Antr\u00e4ge &amp; Formulare:<\/strong><\/h2>\n<h3><em><strong>Promotionsordnung i.d.F. vom 28.4.2020 und i.d.F. vom 03.05.2024<\/strong><\/em><\/h3>\n<p><a href=\"https:\/\/www.hsu-hh.de\/wiso\/wp-content\/uploads\/sites\/135\/2023\/05\/Antrag-auf-Annahme-als-Doktorand_in.pdf\" target=\"_blank\" rel=\"noopener\">Antrag auf Annahme als Doktorand\/in<\/a> \/ <a href=\"https:\/\/www.hsu-hh.de\/wiso\/wp-content\/uploads\/sites\/135\/2023\/05\/Application-for-acceptance-as-a-doctoral-candidate-1.pdf\" target=\"_blank\" rel=\"noopener\">Application for acceptance as a doctoral candidate<\/a><br \/>\n<a href=\"https:\/\/www.hsu-hh.de\/wiso\/wp-content\/uploads\/sites\/135\/2024\/08\/Antrag-auf-Eroeffnung-des-Promotionsverfahrens-neu.pdf\" target=\"_blank\" rel=\"noopener\">Antrag auf Er\u00f6ffnung des Promotionsverfahrens<\/a> \/ <a href=\"https:\/\/www.hsu-hh.de\/wiso\/wp-content\/uploads\/sites\/135\/2023\/05\/Application-for-the-initiation-of-the-doctoral-procedure.pdf\" target=\"_blank\" rel=\"noopener\">Application for the initiation of the doctoral procedure<\/a><\/p>\n<h3><em>Promotionsordnung i.d.F. vom 14.5.2011<\/em><\/h3>\n<p><a href=\"https:\/\/www.hsu-hh.de\/wiso\/wp-content\/uploads\/sites\/135\/2018\/01\/Antrag-auf-Annahme-als-Doktorand.pdf\">Antrag auf Annahme als Doktorand<\/a>\u00a0\/ <a href=\"https:\/\/www.hsu-hh.de\/wiso\/wp-content\/uploads\/sites\/135\/2019\/12\/Englisch_Antrag-auf-Annahme-als-Doktorand.pdf\">Application for Acceptance as a Doctoral Candidate<\/a><br \/>\n<a href=\"https:\/\/www.hsu-hh.de\/wiso\/wp-content\/uploads\/sites\/135\/2018\/01\/Antrag-auf-Er\u00f6ffnung-des-Promotionsverfahrens-_kumulative-Dissertation.pdf\">Antrag auf Er\u00f6ffnung<\/a> Kumulative Dissertation \/ <a href=\"https:\/\/www.hsu-hh.de\/wiso\/wp-content\/uploads\/sites\/135\/2019\/12\/Englisch_Antrag-auf-Er\u00f6ffnung-kumulative-Dissertation.pdf\" target=\"_blank\" rel=\"noopener noreferrer\">Application for Commencement of the Doctoral Examination<\/a> (Cumulative Thesis)<br \/>\n<a href=\"https:\/\/www.hsu-hh.de\/wiso\/wp-content\/uploads\/sites\/135\/2018\/01\/Antrag-auf-Er\u00f6ffnung-des-Promotionsverfahrens-_Monographie.pdf\" target=\"_blank\" rel=\"noopener noreferrer\">Antrag auf Er\u00f6ffnung<\/a> Monographie \/ <a href=\"https:\/\/www.hsu-hh.de\/wiso\/wp-content\/uploads\/sites\/135\/2019\/12\/Englisch_Antrag-auf-Er\u00f6ffnung-Monographie.pdf\" target=\"_blank\" rel=\"noopener noreferrer\">Application for Commencement of the Doctoral Examination<\/a> (Doctoral Thesis in the Form of a Monograph)<\/p>\n<p><a href=\"https:\/\/www.hsu-hh.de\/wiso\/wp-content\/uploads\/sites\/135\/2023\/08\/Merkblatt-Druckkostenzuschuss_Stand_2023-05-25.pdf\" target=\"_blank\" rel=\"noopener\">Merkblatt zum Druckkostenzuschuss<\/a><\/p>\n<h3><strong>Ansprechpartner:<\/strong><\/h3>\n<p><a href=\"https:\/\/www.hsu-hh.de\/wiso\/staendiger-promotionsausschuss\/\">St\u00e4ndiger Promotionsaussschuss<\/a><\/p>\n<p><a href=\"https:\/\/www.hsu-hh.de\/wiso\/fakultaetsverwaltung\">Fakult\u00e4tsverwaltung <abbr title=\"Wirtschafts- und Sozialwissenschaften\">WiSo<\/abbr><\/a><\/p>\n<hr \/>\n<h2 style=\"text-align: center\">Habilitieren<\/h2>\n<p>Die Habilitation ist die Anerkennung einer besonderen wissenschaftlichen Bef\u00e4higung f\u00fcr Forschung und Lehre durch die Fakult\u00e4t in einem oder mehreren F\u00e4chern oder Fachgebieten der Betriebswirtschaftslehre, Volkswirtschaftslehre, Verwaltungswissenschaft, Rechtswissenschaft, Statistik, Wirtschaftsinformatik, Politikwissenschaft und Soziologie.<\/p>\n<p><a href=\"https:\/\/www.hsu-hh.de\/asv\/habilo-wiso\/\" target=\"_blank\" rel=\"noopener noreferrer\">Habilitationsordnung<\/a> der Fakult\u00e4t <abbr title=\"Wirtschafts- und Sozialwissenschaften\">WiSo<\/abbr><strong><br \/>\n<\/strong><\/p>\n<h3><strong>Ansprechpartner:<\/strong><\/h3>\n<p><a href=\"https:\/\/www.hsu-hh.de\/wiso\/fakultaetsverwaltung\" target=\"_blank\" rel=\"noopener noreferrer\">Fakult\u00e4tsverwaltung <abbr title=\"Wirtschafts- und Sozialwissenschaften\">WiSo<\/abbr><\/a><\/p>\n","protected":false},"excerpt":{"rendered":"<p>Sie m\u00f6chten an der Helmut-Schmidt-Universit\u00e4t \/Universit\u00e4t der Bundeswehr Hamburg promovieren und\/ oder habilitieren? Hier finden Sie die aktuellen Ordnungen und Ansprechpartner. Antr\u00e4ge k\u00f6nnen unter der folgenden email-Adresse eingereicht werden: promowiso@hsu-hh.de. [&hellip;]<\/p>\n","protected":false},"author":23,"featured_media":0,"parent":0,"menu_order":0,"comment_status":"closed","ping_status":"closed","template":"","meta":{"footnotes":""},"categories":[41,4,39],"tags":[93,91,89,87,85],"class_list":["post-579","page","type-page","status-publish","hentry","category-fakultaet","category-forschung","category-forschung-lehre","tag-habilitation","tag-habilitieren","tag-promotion","tag-promovieren","tag-weiterbildung"],"_links":{"self":[{"href":"https:\/\/www.hsu-hh.de\/wiso\/wp-json\/wp\/v2\/pages\/579","targetHints":{"allow":["GET"]}}],"collection":[{"href":"https:\/\/www.hsu-hh.de\/wiso\/wp-json\/wp\/v2\/pages"}],"about":[{"href":"https:\/\/www.hsu-hh.de\/wiso\/wp-json\/wp\/v2\/types\/page"}],"author":[{"embeddable":true,"href":"https:\/\/www.hsu-hh.de\/wiso\/wp-json\/wp\/v2\/users\/23"}],"replies":[{"embeddable":true,"href":"https:\/\/www.hsu-hh.de\/wiso\/wp-json\/wp\/v2\/comments?post=579"}],"version-history":[{"count":127,"href":"https:\/\/www.hsu-hh.de\/wiso\/wp-json\/wp\/v2\/pages\/579\/revisions"}],"predecessor-version":[{"id":6430,"href":"https:\/\/www.hsu-hh.de\/wiso\/wp-json\/wp\/v2\/pages\/579\/revisions\/6430"}],"wp:attachment":[{"href":"https:\/\/www.hsu-hh.de\/wiso\/wp-json\/wp\/v2\/media?parent=579"}],"wp:term":[{"taxonomy":"category","embeddable":true,"href":"https:\/\/www.hsu-hh.de\/wiso\/wp-json\/wp\/v2\/categories?post=579"},{"taxonomy":"post_tag","embeddable":true,"href":"https:\/\/www.hsu-hh.de\/wiso\/wp-json\/wp\/v2\/tags?post=579"}],"curies":[{"name":"wp","href":"https:\/\/api.w.org\/{rel}","templated":true}]}}