{"id":572,"date":"2017-09-06T16:41:32","date_gmt":"2017-09-06T14:41:32","guid":{"rendered":"https:\/\/www.hsu-hh.de\/wweb\/?page_id=572"},"modified":"2024-01-09T09:20:47","modified_gmt":"2024-01-09T08:20:47","slug":"weiterbildungsstudiengaenge","status":"publish","type":"page","link":"https:\/\/www.hsu-hh.de\/wiso\/weiterbildungsstudiengaenge","title":{"rendered":"Weiterbildungsstudieng\u00e4nge"},"content":{"rendered":"<p><img loading=\"lazy\" decoding=\"async\" class=\"alignnone wp-image-2458 size-full\" src=\"https:\/\/www.hsu-hh.de\/wiso\/wp-content\/uploads\/sites\/135\/2018\/02\/Banner_Weiterbildung.jpg\" alt=\"Banner_Weiterbildung\" width=\"2891\" height=\"439\" srcset=\"https:\/\/www.hsu-hh.de\/wiso\/wp-content\/uploads\/sites\/135\/2018\/02\/Banner_Weiterbildung.jpg 2891w, https:\/\/www.hsu-hh.de\/wiso\/wp-content\/uploads\/sites\/135\/2018\/02\/Banner_Weiterbildung-300x46.jpg 300w, https:\/\/www.hsu-hh.de\/wiso\/wp-content\/uploads\/sites\/135\/2018\/02\/Banner_Weiterbildung-768x117.jpg 768w, https:\/\/www.hsu-hh.de\/wiso\/wp-content\/uploads\/sites\/135\/2018\/02\/Banner_Weiterbildung-1024x155.jpg 1024w\" sizes=\"auto, (max-width: 2891px) 100vw, 2891px\" \/><\/p>\n<p>Das Zentrum f\u00fcr Wissenschaftliche Weiterbildung (ZWW) organisiert die externe wissenschaftliche Weiterbildung an der <abbr title=\"Helmut Schmidt Universit\u00e4t\">HSU<\/abbr> \/ UniBw H und ist mit der Entwicklung von Zertifikatsmodulen und weiterbildenden Studieng\u00e4ngen befasst. Dazu z\u00e4hlen unter anderem Studieng\u00e4nge, wie Milit\u00e4rische F\u00fchrung und Internationale Sicherheit (M-MFIS), F\u00fchrung in der Medizin (M-FIM) oder Civil-Military Interaction (M-CMI).<\/p>\n<p>Weitere Studienangebote und Informationen zu Voraussetzungen und Abschl\u00fcssen sowie Ansprechpartner <abbr title=\"et cetera\">etc.<\/abbr> im Weiterbildungsbereich, finden Sie auf den <a href=\"https:\/\/www.hsu-hh.de\/weiterbildung\/\">Seiten des ZWW<\/a>.<\/p>\n","protected":false},"excerpt":{"rendered":"<p>Das Zentrum f\u00fcr Wissenschaftliche Weiterbildung (ZWW) organisiert die externe wissenschaftliche Weiterbildung an der HSU \/ UniBw H und ist mit der Entwicklung von Zertifikatsmodulen und weiterbildenden Studieng\u00e4ngen befasst. Dazu z\u00e4hlen [&hellip;]<\/p>\n","protected":false},"author":23,"featured_media":0,"parent":0,"menu_order":0,"comment_status":"closed","ping_status":"closed","template":"","meta":{"footnotes":""},"categories":[115,35],"tags":[],"class_list":["post-572","page","type-page","status-publish","hentry","category-forschung-weiterbildung","category-studiengaenge"],"_links":{"self":[{"href":"https:\/\/www.hsu-hh.de\/wiso\/wp-json\/wp\/v2\/pages\/572","targetHints":{"allow":["GET"]}}],"collection":[{"href":"https:\/\/www.hsu-hh.de\/wiso\/wp-json\/wp\/v2\/pages"}],"about":[{"href":"https:\/\/www.hsu-hh.de\/wiso\/wp-json\/wp\/v2\/types\/page"}],"author":[{"embeddable":true,"href":"https:\/\/www.hsu-hh.de\/wiso\/wp-json\/wp\/v2\/users\/23"}],"replies":[{"embeddable":true,"href":"https:\/\/www.hsu-hh.de\/wiso\/wp-json\/wp\/v2\/comments?post=572"}],"version-history":[{"count":18,"href":"https:\/\/www.hsu-hh.de\/wiso\/wp-json\/wp\/v2\/pages\/572\/revisions"}],"predecessor-version":[{"id":5818,"href":"https:\/\/www.hsu-hh.de\/wiso\/wp-json\/wp\/v2\/pages\/572\/revisions\/5818"}],"wp:attachment":[{"href":"https:\/\/www.hsu-hh.de\/wiso\/wp-json\/wp\/v2\/media?parent=572"}],"wp:term":[{"taxonomy":"category","embeddable":true,"href":"https:\/\/www.hsu-hh.de\/wiso\/wp-json\/wp\/v2\/categories?post=572"},{"taxonomy":"post_tag","embeddable":true,"href":"https:\/\/www.hsu-hh.de\/wiso\/wp-json\/wp\/v2\/tags?post=572"}],"curies":[{"name":"wp","href":"https:\/\/api.w.org\/{rel}","templated":true}]}}