{"id":570,"date":"2017-09-06T16:40:44","date_gmt":"2017-09-06T14:40:44","guid":{"rendered":"https:\/\/www.hsu-hh.de\/wweb\/?page_id=570"},"modified":"2022-12-21T22:18:34","modified_gmt":"2022-12-21T21:18:34","slug":"doktorandenprogramme","status":"publish","type":"page","link":"https:\/\/www.hsu-hh.de\/wiso\/doktorandenprogramme","title":{"rendered":"Doktorandenkurse"},"content":{"rendered":"<p>Die Wirtschaft- und Sozialwissenschaftliche sowie die Geistes- und Sozialwissenschaftliche Fakult\u00e4t der <abbr title=\"Helmut Schmidt Universit\u00e4t\">HSU<\/abbr>\/UniBw Hamburg bieten im Netzwerk mit anderen Universit\u00e4ten (<abbr title=\"Wirtschafts- und Sozialwissenschaften\">WiSo<\/abbr>-Fakult\u00e4t der Universit\u00e4t Hamburg <abbr title=\"Wirtschafts- und Sozialwissenschaften\">WiSo<\/abbr> Graduate School, <abbr title=\"Betriebswirtschaftslehre\">BWL<\/abbr>-Fakult\u00e4t der Universit\u00e4t Hamburg, KLU Hamburg, <abbr title=\"Technische Universit\u00e4t\">TU<\/abbr> Hamburg Harburg, Leuphana Universit\u00e4t L\u00fcneburg, <abbr title=\"Wirtschafts- und Sozialwissenschaften\">WiSo<\/abbr>-Fakult\u00e4t der Christian-Albrechts-Universit\u00e4t zu Kiel, Universit\u00e4t Flensburg und Samfundsvidenskabelige Fakultet Syddansk-Universitet) sowie einer Reihe au\u00dferuniversit\u00e4rer Forschungseinrichtungen (DIW Berlin, HWWI Hamburg, IAB N\u00fcrnberg und IUC Dubrovnik) ein breites Kursprogramm f\u00fcr Doktoranden in den Geistes-, Sozial- und Wirtschaftswissenschaften an.<\/p>\n<p>\u00dcber das aktuelle Kursangebot informiert die <a href=\"http:\/\/www.phd-network.eu\/\" rel='nofollow'>Webseite des PhD Network<\/a>.<\/p>\n","protected":false},"excerpt":{"rendered":"<p>Die Wirtschaft- und Sozialwissenschaftliche sowie die Geistes- und Sozialwissenschaftliche Fakult\u00e4t der HSU\/UniBw Hamburg bieten im Netzwerk mit anderen Universit\u00e4ten (WiSo-Fakult\u00e4t der Universit\u00e4t Hamburg WiSo Graduate School, BWL-Fakult\u00e4t der Universit\u00e4t Hamburg, [&hellip;]<\/p>\n","protected":false},"author":23,"featured_media":0,"parent":0,"menu_order":0,"comment_status":"closed","ping_status":"closed","template":"","meta":{"footnotes":""},"categories":[4],"tags":[],"class_list":["post-570","page","type-page","status-publish","hentry","category-forschung"],"_links":{"self":[{"href":"https:\/\/www.hsu-hh.de\/wiso\/wp-json\/wp\/v2\/pages\/570","targetHints":{"allow":["GET"]}}],"collection":[{"href":"https:\/\/www.hsu-hh.de\/wiso\/wp-json\/wp\/v2\/pages"}],"about":[{"href":"https:\/\/www.hsu-hh.de\/wiso\/wp-json\/wp\/v2\/types\/page"}],"author":[{"embeddable":true,"href":"https:\/\/www.hsu-hh.de\/wiso\/wp-json\/wp\/v2\/users\/23"}],"replies":[{"embeddable":true,"href":"https:\/\/www.hsu-hh.de\/wiso\/wp-json\/wp\/v2\/comments?post=570"}],"version-history":[{"count":13,"href":"https:\/\/www.hsu-hh.de\/wiso\/wp-json\/wp\/v2\/pages\/570\/revisions"}],"predecessor-version":[{"id":5243,"href":"https:\/\/www.hsu-hh.de\/wiso\/wp-json\/wp\/v2\/pages\/570\/revisions\/5243"}],"wp:attachment":[{"href":"https:\/\/www.hsu-hh.de\/wiso\/wp-json\/wp\/v2\/media?parent=570"}],"wp:term":[{"taxonomy":"category","embeddable":true,"href":"https:\/\/www.hsu-hh.de\/wiso\/wp-json\/wp\/v2\/categories?post=570"},{"taxonomy":"post_tag","embeddable":true,"href":"https:\/\/www.hsu-hh.de\/wiso\/wp-json\/wp\/v2\/tags?post=570"}],"curies":[{"name":"wp","href":"https:\/\/api.w.org\/{rel}","templated":true}]}}