{"id":4832,"date":"2022-03-01T17:28:29","date_gmt":"2022-03-01T16:28:29","guid":{"rendered":"https:\/\/www.hsu-hh.de\/wiso\/?page_id=4832"},"modified":"2024-08-01T14:31:36","modified_gmt":"2024-08-01T12:31:36","slug":"logistik","status":"publish","type":"page","link":"https:\/\/www.hsu-hh.de\/wiso\/logistik","title":{"rendered":"Logistik (Bachelor of Science\/ Master of Science)"},"content":{"rendered":"<p>Die konsekutiven Bachelor- und Master-Studieng\u00e4nge Logistik an der Helmut-Schmidt-Universit\u00e4t bieten eine in Deutschland einmalige M\u00f6glichkeit, tiefgehende Kompetenzen sowohl der technischen als auch der quantitativen Logistik zu erwerben. Die Studienziele des Bachelor-Studiengangs und des Master-Studiengangs Logistik sind die Vermittlung eines breit angelegten Grundlagenwissens aus den Wirtschaftswissenschaften und Ingenieurwissenschaften.<\/p>\n<p>Bei erfolgreichem Abschluss des Bachelor-Studiums wird der akademische Grad des Bachelor of Science (B.Sc.) Logistik verliehen. Bei erfolgreichem Abschluss des Master-Studiums wird der akademischen Grad des Master of Science (<abbr title=\"Master of Science\">M.Sc.<\/abbr>) Logistik verliehen. Ein qualifizierter Master-Abschluss berechtigt zur Zulassung f\u00fcr eine m\u00f6gliche sp\u00e4tere Promotion.<\/p>\n<h3>Studiengangsbeschreibung &amp; Struktur<\/h3>\n<p><strong>Studiengangsbeschreibung<\/strong><\/p>\n<p>Studierende der Logistik an der Helmut-Schmidt-Universit\u00e4t\/Universit\u00e4t der Bundeswehr Hamburg durchlaufen einen modular aufgebauten Bachelor-Studiengang sowie einen darauf aufbauenden konsekutiven Master-Studiengang.<\/p>\n<p>Beide Studieng\u00e4nge sind als Intensivstudieng\u00e4nge angelegt, die nach zweieinviertel Jahren mit einem \u201eBachelor of Science\u201c und nach vier Jahren mit einem \u201eMaster of Science\u201c abgeschlossen werden.<\/p>\n<p>In den ingenieurwissenschaftlichen F\u00e4chern unterst\u00fctzen Konstruktions\u00fcbungen und Labore sowohl bei der Umsetzung von der Theorie in die Praxis als auch beim Anwenden von Methoden, Verfahren und Werkzeugen.<\/p>\n<p>Das Studium wird erg\u00e4nzt durch Interdisziplin\u00e4re Studienanteile (ISA) sowie durch eine Fremdsprachenausbildung. Integrierte Auslandstrimester sind beim Bachelor-Studiengang Logistik aufgrund des straffen Lehrplans nicht vorgesehen. In den Master-Studiengang sind sie ebenfalls nicht verpflichtend eingeplant, werden jedoch empfohlen.<\/p>\n<p><strong>Struktur<\/strong><\/p>\n<p>Ein Studium an der Helmut-Schmidt-Universit\u00e4t beginnt Anfang Oktober. Ein Studienjahr untergliedert sich in Herbst-, Winter- und Fr\u00fchjahrstrimester, die jeweils zw\u00f6lf Lehrveranstaltungswochen umfassen. Die vorlesungsfreie Zeit in den Monaten von Juli bis September ist f\u00fcr Pr\u00fcfungen, Studien- und Abschlussarbeiten,\u00a0 eventuelle Sommermodule sowie f\u00fcr Praktika und Auslandsaufenthalte vorgesehen. Selbstverst\u00e4ndlich bietet die vorlesungsfreie Zeit auch Gelegenheit f\u00fcr Urlaub und Erholung.<\/p>\n<p>Jeder Studiengang besteht aus Modulen, die mit einer im Modulhandbuch beschriebenen Pr\u00fcfungsleistung abgeschlossen werden. Ist die Pr\u00fcfung erfolgreich abgelegt, erhalten die Studierenden eine modulabh\u00e4ngige Anzahl von Leistungspunkten sowie eine Note. Alle erworbenen Leistungspunkte bringen die Studieren den einen Schritt n\u00e4her an die Gesamtsumme der Leistungspunkte, die f\u00fcr den erfolgreichen Abschluss des Studiums erforderlich ist. F\u00fcr den Bachelor-Abschluss an der <abbr title=\"Helmut Schmidt Universit\u00e4t\">HSU<\/abbr> m\u00fcssen 180 Leistungspunkte und f\u00fcr den Master-Abschluss weitere 120 Leistungspunkte nachgewiesen werden. Die Abschlussnote des\u00a0 Studiums ergibt sich aus den Noten aller erfolgreich abgelegten Modulpr\u00fcfungen.<\/p>\n<p>Die Studieng\u00e4nge der Logistik sind modular aufgebaut, wobei Module thematisch und zeitlich abgerundete und in sich abgeschlossene Studieneinheiten sind und zu einer auf das jeweilige Studienziel bezogenen Teilqualifikation f\u00fchren. Ein Modul umfasst zusammengeh\u00f6rige Lehrinhalte und kann aus einer oder mehreren Lehrveranstaltungen bestehen. Ein Modul wird in der Regel innerhalb eines Trimesters absolviert, in einigen F\u00e4llen aber auch auf zwei Trimester oder in seltenen F\u00e4llen sogar auf drei Trimester verteilt. F\u00fcr jedes absolvierte Modul erwerben die Studierenden Leistungspunkte (ECTS-Credits), deren H\u00f6he sich nach dem jeweils erforderlichen durchschnittlichen Arbeitseinsatz f\u00fcr die Anwesenheit in Lehrveranstaltungen, f\u00fcr Vor- und Nachbereitungen, f\u00fcr praktische Anteile und f\u00fcr Pr\u00fcfungsleistungen bemisst. Ausf\u00fchrliche Modulbeschreibungen sind im Modulhandbuch zu finden.<\/p>\n<p>Die Studieng\u00e4nge der Logistik bestehen aus Pflichtmodulen und Wahlpflichtmodulen sowie der Abschlussarbeit.<\/p>\n<p>Inhaltlich stellen die Fakult\u00e4t f\u00fcr Wirtschafts- und Sozialwissenschaften ca. 50 Prozent, die Fakult\u00e4ten f\u00fcr Maschinenbau und Elektrotechnik jeweils ca. 25 Prozent des Lehrangebots.<\/p>\n<p>Damit handelt es sich sowohl im Bachelor als auch im Masterstudiengang Logistik um ein interdisziplin\u00e4res Studium, das die Absolventinnen und Absolventen besonders f\u00fcr Schnittstellenaufgaben zwischen Wirtschaft und Technik als auch zwischen Informationstechnik und Maschinenbau bef\u00e4higt.<\/p>\n<p>Das Gros der Lehrveranstaltungsstunden \u2013 insbesondere im Bachelor-Studiengang \u2013 wird in der Form von Vorlesungen und \u00dcbungen angeboten. Dazu kommen Seminare zur gemeinsamen Erarbeitung speziellerer Themen. In alle Arten von Lehrveranstaltungen werden nach M\u00f6glichkeit alternative Lehrmethoden integriert,\u00a0 beispielsweise \u00f6konomische Experimente, ein angeleitetes Literaturstudium oder die Selbsterfahrung und praktische Erprobung in Laboren.<\/p>\n<p><strong>Interdisziplin\u00e4re Studienanteile:<\/strong> Die Interdisziplin\u00e4ren Studienanteile (ISA) sind obligatorischer Bestandteil aller an der Helmut-Schmidt-Universit\u00e4t angebotenen Studieng\u00e4nge.<\/p>\n<p>Die ISA dienen der Vermittlung allgemeiner berufsqualifizierender Kompetenzen. Es handelt sich dabei um interdisziplin\u00e4re, das jeweilige Fachstudium erg\u00e4nzende Kompetenzen, die im Offizierberuf und in sp\u00e4teren zivilen Berufsfeldern ben\u00f6tigt werden. Die Vermittlung fachspezifischer berufsqualifizierender Kompetenzen geschieht im Rahmen der Fachstudieng\u00e4nge.<\/p>\n<p>Das Lehrangebot der ISA ist wissenschaftlich fundiert. Neben den Fachinhalten werden die f\u00fcr die jeweiligen Fachgebiete charakteristischen wissenschaftlichen Methoden und Denkweisen vermittelt. Aufgabe der ISA ist es, Reflexions-, Analyse- und Handlungskompetenzen zu vermitteln und zu verantwortungsvollem Entscheiden und Handeln in Politik, Gesellschaft, Kultur, Wirtschaft und Technik zu bef\u00e4higen.<\/p>\n<p>Die Module der ISA werden aus den folgenden Inhaltsbereichen angeboten:<\/p>\n<p><strong>A<\/strong> Kunst, Literatur und Geschichte sowie Politik, Gesellschaft, Bildung;<br \/>\n<strong>B<\/strong> Mathematik, Natur und Technik;<br \/>\n<strong>C<\/strong> Geschichte und Gegenwart;<br \/>\n<strong>D<\/strong> Wirtschaft und Recht<\/p>\n<p><strong>Fremdsprachenausbildung:<\/strong> Die Fremdsprachenausbildung umfasst eine qualifizierte Ausbildung in englischer Sprache, die nach den Anforderungen des Bundessprachenamtes\u00a0 (Sprachleistungsprofil SLP 3332) zertifiziert ist und in der Regel vor Aufnahme des Studiums absolviert wird, sowie eine Erweiterung dieser Qualifikation um eine zweite Sprache im Rahmen des Studiums.<\/p>\n<h3>Der Bachelor-Studiengang Logistik (B.Sc.)<\/h3>\n<p>Mit dem Bachelor-Studiengang Logistik sollen den Studierenden breit gef\u00e4cherte fachliche F\u00e4higkeiten und Kenntnisse aus der Betriebswirtschaftslehre, der Volkswirtschaftslehre, dem Maschinenbau und der Informationstechnik vermittelt werden. Eine besondere Aufmerksamkeit wird auf die interdisziplin\u00e4re Sicht zwischen den beteiligten Fachrichtungen gelegt. Die Studierenden sollen pers\u00f6nliche F\u00e4higkeiten entwickeln, die zu qualifiziertem und verantwortlchem Handeln in der Berufspraxis erforderlich sind und die es erm\u00f6glichen, wirtschaftliche und technische Zusammenh\u00e4nge zu erfassen, mit wissenschaftlichen Methoden zu analysieren und aktiv zu steuern. Dazu werden aufbauend auf einer fundierten theoretischen Basis der wirtschafts- und ingenieurwissenschaftlichen Teildisziplinen Umsetzungskompetenzen vermittelt, die die Absolventen bef\u00e4higen, Methoden, Techniken und Instrumente zielorientiert und verantwortlich anzuwenden.<\/p>\n<h3>Der Master-Studiengang Logistik (M.Sc.)<\/h3>\n<p>Der Master-Studiengang baut konsekutiv auf einem Bachelor-Abschluss Logistik auf. Er dient der Vertiefung und Erweiterung der Fachkenntnisse aus dem Bachelor-Studium mit Bezug auf festgelegte Vertiefungsrichtungen. Dies sind die zwei klar definierten Studienrichtungen \u201etechnische Logistik\u201c und \u201equantitative Logistik\u201c, die sich einerseits der technischen Umsetzung und andererseits der Planung, Steuerung und Kontrolle logistischer Prozesse widmen. Neben der Ein\u00fcbung spezieller Fachmethoden soll im Masterstudium auch die Bef\u00e4higung zu eigenst\u00e4ndiger wissenschaftlicher Arbeit vermittelt werden. Die Studierenden sollen in die Lage versetzt werden, die Bedeutung wissenschaftlicher Erkenntnisse und Methoden f\u00fcr die L\u00f6sung komplexer wissenschaftlicher und gesellschaftlicher Problemfelder zu reflektieren.<\/p>\n<h3>Arbeitsmarkt und Berufsfelder<\/h3>\n<p>An der <abbr title=\"Helmut Schmidt Universit\u00e4t\">HSU<\/abbr> ist der Master-Abschluss als Regelabschluss vorgesehen, der im Vergleich zum Bachelor-Abschluss weitergehende Berufsperspektiven mit mehr Selbst\u00e4ndigkeit und F\u00fchrungsverantwortung er\u00f6ffnet. Aber auch f\u00fcr Absolventinnen und Absolventen des Bachelor-Studiengangs gibt es nach ihrer dreizehnj\u00e4h-rigen Verpflichtungszeit vielf\u00e4ltige Berufs- und T\u00e4tigkeitsfelder.<\/p>\n<p>Das breite Spektrum an erworbenen F\u00e4higkeiten und Kenntnissen der Absolventinnen und Absolventen des Bachelor-Studiengangs Logistik bietet gute Voraussetzungen f\u00fcr einen Einstieg in verschiedene Fachpositionen an der Schnittstelle zwischen Wirtschafts- und Ingenieurwissenschaften. Die erworbenen Qualifikationen k\u00f6nnen aber auch als solide Basis f\u00fcr eine selbst\u00e4ndige unternehmerische T\u00e4tigkeit dienen.<\/p>\n<p>Die spezifischen Berufsfelder der Absolventinnen und Absolventen des Master-Studiengangs Logistik nach dem Ausscheiden aus der Bundeswehr sindzweifelsohne dadurch gepr\u00e4gt, dass die Absolventinnen und Absolventen tiefgehende Kenntnisse sowohl in der technischen als auch in der quantitativen Logistik vorweisen k\u00f6nnen. Da die quantitative Planung und die technische Umsetzung von logistischen Prozessen in der Praxis zwangsl\u00e4ufig eng miteinander verwoben sind, stehen den Absolventinnen und Absolventen s\u00e4mtliche Berufsfelder der Logistik offen. Beispielsweise in den Bereichen der Beschaffungs-, Produktions-, Distributions- und Informationslogistik sowie dem Lieferkettenmanagement. Es finden sich auch T\u00e4tigkeitsbereiche in Unternehmen und in der \u00f6ffentlichen Verwaltung wieder. Erg\u00e4nzt wird dies durch logistische Bereiche, die fast ausschlie\u00dflich im zivilen Bereich Anwendung finden. Dies umfasst insbesondere die Entsorgungslogistik und Reverse-Logistics (als Teil des Closed-Loop-Supply-Chain-Managements).<\/p>\n<h3>Vorbereitung auf das Studium<\/h3>\n<p>Es bedarf keiner besonderen Vorbereitung, in der Schule erworbene Mathematikkenntnisse sollten jedoch erhalten bleiben und bei Bedarf selbstst\u00e4ndig aufgefrischt werden. Wir empfehlen die Teilnahme am Online-Mathematik-Br\u00fcckenkurs.<\/p>\n<p>Falls Sie sich \u00fcber Details des Studiums informieren m\u00f6chten, empfehlen wir Ihnen den Studienplan und das Modulhandbuch als Informationsquellen zu nutzen. Studieninteressierte sollten sich dar\u00fcber bewusst sein, dass ein Intensivstudium an der <abbr title=\"Helmut Schmidt Universit\u00e4t\">HSU<\/abbr> ein gutes Zeitmanagement erfordert und sich die Studierenden innerhalb knapper Zeit umfangreiches Wissen aneignen.<\/p>\n<h3>Studienberatung\/Kontakt<\/h3>\n<p><strong>Studiendekan Logistik<\/strong><\/p>\n<p><abbr title=\"Universit\u00e4tsprofessor\">Univ.-Prof.<\/abbr> Detlef Schulz<\/p>\n<p>E-Mail:\u00a0 <a href=\"mailto:detlef.schulz@hsu-hh.de\" target=\"_blank\" rel=\"noopener\">detlef.schulz@hsu-hh.de<\/a><br \/>\nTelefon: +49 40 6541-2757<\/p>\n<h3>Modulhandb\u00fccher<\/h3>\n<p><a href=\"https:\/\/www.hsu-hh.de\/sbawi\/modulhandbuecher\" target=\"_blank\" rel=\"noopener\">Modulhandb\u00fccher Logistik<\/a> (MHB)<\/p>\n<h3>Lehrangebot Logistik<\/h3>\n<p><a href=\"https:\/\/campus.hsu-hh.de\/qisserver\/rds?state=user&amp;type=0&amp;topitem=\" target=\"_blank\" rel=\"noopener\">Lehrangebot Logistik<\/a><\/p>\n<h3>Pr\u00fcfungsordnung<\/h3>\n<p>Allgemeine Pr\u00fcfungsordnung (<a href=\"https:\/\/www.hsu-hh.de\/asv\/apo\/\" target=\"_blank\" rel=\"noopener\">APO<\/a>) und Fachspezifische Pr\u00fcfungsordnung (<a href=\"https:\/\/www.hsu-hh.de\/asv\/studiengaenge\/\" target=\"_blank\" rel=\"noopener\">FSPO<\/a>) f\u00fcr den Studiengang Logistik.<\/p>\n","protected":false},"excerpt":{"rendered":"<p>Die konsekutiven Bachelor- und Master-Studieng\u00e4nge Logistik an der Helmut-Schmidt-Universit\u00e4t bieten eine in Deutschland einmalige M\u00f6glichkeit, tiefgehende Kompetenzen sowohl der technischen als auch der quantitativen Logistik zu erwerben. Die Studienziele des [&hellip;]<\/p>\n","protected":false},"author":23,"featured_media":0,"parent":0,"menu_order":0,"comment_status":"closed","ping_status":"closed","template":"","meta":{"footnotes":""},"categories":[4],"tags":[53],"class_list":["post-4832","page","type-page","status-publish","hentry","category-forschung","tag-studiengaenge"],"_links":{"self":[{"href":"https:\/\/www.hsu-hh.de\/wiso\/wp-json\/wp\/v2\/pages\/4832","targetHints":{"allow":["GET"]}}],"collection":[{"href":"https:\/\/www.hsu-hh.de\/wiso\/wp-json\/wp\/v2\/pages"}],"about":[{"href":"https:\/\/www.hsu-hh.de\/wiso\/wp-json\/wp\/v2\/types\/page"}],"author":[{"embeddable":true,"href":"https:\/\/www.hsu-hh.de\/wiso\/wp-json\/wp\/v2\/users\/23"}],"replies":[{"embeddable":true,"href":"https:\/\/www.hsu-hh.de\/wiso\/wp-json\/wp\/v2\/comments?post=4832"}],"version-history":[{"count":30,"href":"https:\/\/www.hsu-hh.de\/wiso\/wp-json\/wp\/v2\/pages\/4832\/revisions"}],"predecessor-version":[{"id":6433,"href":"https:\/\/www.hsu-hh.de\/wiso\/wp-json\/wp\/v2\/pages\/4832\/revisions\/6433"}],"wp:attachment":[{"href":"https:\/\/www.hsu-hh.de\/wiso\/wp-json\/wp\/v2\/media?parent=4832"}],"wp:term":[{"taxonomy":"category","embeddable":true,"href":"https:\/\/www.hsu-hh.de\/wiso\/wp-json\/wp\/v2\/categories?post=4832"},{"taxonomy":"post_tag","embeddable":true,"href":"https:\/\/www.hsu-hh.de\/wiso\/wp-json\/wp\/v2\/tags?post=4832"}],"curies":[{"name":"wp","href":"https:\/\/api.w.org\/{rel}","templated":true}]}}