{"id":418,"date":"2017-09-05T16:23:35","date_gmt":"2017-09-05T14:23:35","guid":{"rendered":"https:\/\/www.hsu-hh.de\/wweb\/?page_id=418"},"modified":"2026-03-19T08:48:48","modified_gmt":"2026-03-19T07:48:48","slug":"fakultaetsverwaltung","status":"publish","type":"page","link":"https:\/\/www.hsu-hh.de\/wiso\/fakultaetsverwaltung","title":{"rendered":"Fakult\u00e4tsverwaltung und IT-Koordination"},"content":{"rendered":"\n<figure class=\"wp-block-image size-large is-resized\"><img loading=\"lazy\" decoding=\"async\" width=\"1024\" height=\"164\" src=\"https:\/\/www.hsu-hh.de\/wiso\/wp-content\/uploads\/sites\/135\/2018\/02\/Banner_Verwaltung_IT-1024x164.jpg\" data-credit=\"Liane Vorwerk-Gundermann\" alt=\"Banner_Verwaltung_IT\" class=\"wp-image-2442\" style=\"width:1140px;height:183px\" srcset=\"https:\/\/www.hsu-hh.de\/wiso\/wp-content\/uploads\/sites\/135\/2018\/02\/Banner_Verwaltung_IT-1024x164.jpg 1024w, https:\/\/www.hsu-hh.de\/wiso\/wp-content\/uploads\/sites\/135\/2018\/02\/Banner_Verwaltung_IT-300x48.jpg 300w, https:\/\/www.hsu-hh.de\/wiso\/wp-content\/uploads\/sites\/135\/2018\/02\/Banner_Verwaltung_IT-768x123.jpg 768w\" sizes=\"auto, (max-width: 1024px) 100vw, 1024px\" \/><\/figure>\n\n\n\n<p>F\u00fcr viele Fragen und Bereiche ist die Fakult\u00e4tsverwaltung erste Anlaufstelle der Fakult\u00e4t. Die Mitarbeiterinnen\/Mitarbeiter beraten und unterst\u00fctzen Professorinnen\/Professoren sowie wissenschaftliche Mitarbeiterinnen\/Mitarbeiter im Hinblick auf Personal-, Reise- und Haushaltsangelegenheiten, Beschaffungsvorg\u00e4nge, Gastvortr\u00e4ge, Nutzungsrechte, die Fakult\u00e4tsratssitzung und zu vielen weiteren Themen.<\/p>\n\n\n\n<p>(Aktuelle Formulare befinden sich bei <strong>Ilias<\/strong> auf der <abbr title=\"Wirtschafts- und Sozialwissenschaften\">WiSo<\/abbr>-Homepage (unter Campus) und der Homepage der Zentralverwaltung.)<\/p>\n\n\n\n<p>E-Mail: <a href=\"mailto:fkv-wiso@hsu.hamburg\" rel='nofollow'>fkv-wiso@hsu.hamburg<\/a><\/p>\n\n\n\n<h2 class=\"wp-block-heading\"><strong>Mitglieder<\/strong> <strong>der Fakult\u00e4tsverwaltung<\/strong><\/h2>\n\n\n\n<div class=\"wp-block-columns is-layout-flex wp-container-core-columns-is-layout-9d6595d7 wp-block-columns-is-layout-flex\">\n<div class=\"wp-block-column is-layout-flow wp-block-column-is-layout-flow\">\n<div class=\"wp-block-columns is-layout-flex wp-container-core-columns-is-layout-9d6595d7 wp-block-columns-is-layout-flex\">\n<div class=\"wp-block-column is-layout-flow wp-block-column-is-layout-flow\"><\/div>\n<\/div>\n\n\n\n<p><strong>Leitung der Fakult\u00e4tsverwaltung:<\/strong><br><strong>Andrea Sunkel, M.A<\/strong>. <br>Geb\u00e4ude H1, Raum 2102 <br>E-Mail: <a href=\"mailto:andrea.sunkel@hsu.hamburg\" rel='nofollow'>andrea.sunkel@hsu.hamburg<\/a> <br>Telefon: +49 40 6541-2820<\/p>\n\n\n\n<h3 class=\"wp-block-heading\"><strong>Gesch\u00e4ftszimmer:<\/strong><\/h3>\n\n\n\n<p><strong>Elena Stundner Selles<\/strong><br>Geb\u00e4ude H1, Raum 2101<br>E-Mail: <a href=\"mailto:stundnee@hsu-hh.de\" rel='nofollow'><\/a><a href=\"mailto:elena.stundner@hsu.hamburg\" rel='nofollow'>elena.stundner@hsu.hamburg<\/a><br>Telefon: +49 40 6541-3321<br><br><strong>Luise von Witzendorff<\/strong><br>Geb\u00e4ude H1, Raum 2101<br>E-Mail: <a href=\"mailto:jaeckelf@hsu.hamburg\" rel='nofollow'>vonwitzl@hsu.hamburg<\/a><br>Telefon: +49 40 6541-2749<\/p>\n\n\n\n<p><strong>\u00d6ffnungszeiten des Gesch\u00e4ftszimmers:<\/strong><br>Montag bis Donnerstag: 9:00 Uhr&nbsp; \u2013 15:00 Uhr<br>Freitag: 09:00 Uhr &#8211; 13:00 Uhr<\/p>\n<\/div>\n\n\n\n<div class=\"wp-block-column is-layout-flow wp-block-column-is-layout-flow\">\n<p><\/p>\n\n\n\n<p><strong><abbr title=\"Informationstechnologie\">IT<\/abbr>-Koordination<\/strong>:<br><strong><abbr title=\"Doktor\">Dr.<\/abbr> Manuel Thiel<\/strong><br>Geb\u00e4ude H1, Raum 2301<br>Telefon: +49 40 6541-2471<br><strong>Stephanie Ibscher<\/strong><br>Geb\u00e4ude H1, Raum 2302<br>Telefon: +49 40 6541-2837<br><strong>Justin Piper<\/strong><br>Geb\u00e4ude H1, Raum 2302<br>Telefon: +49 40 6541-2082<\/p>\n\n\n\n<p>E-Mail: <a href=\"mailto:it-gws@hsu-hh.de\" rel='nofollow'>it-gws@hsu-hh.de<\/a><br>homepage: <a href=\"https:\/\/www.hsu-hh.de\/it-gws\">https:\/\/www.hsu-hh.de\/it-gws<\/a><\/p>\n\n\n\n<p><strong>Beschaffungen und Unix-Service<\/strong>:<br><strong><abbr title=\"Doktor\">Dr.<\/abbr> Detlef Steuer<\/strong><br>Geb\u00e4ude H1, Raum 1397<br>Telefon: +49 40 6541-2819<br>E-Mail: <a href=\"mailto:itservice-wiso@hsu-hh.de\" rel='nofollow'>itservice-wiso@hsu-hh.de<\/a><br><br><\/p>\n<\/div>\n<\/div>\n\n\n\n<div class=\"wp-block-columns is-layout-flex wp-container-core-columns-is-layout-9d6595d7 wp-block-columns-is-layout-flex\">\n<div class=\"wp-block-column is-layout-flow wp-block-column-is-layout-flow\" style=\"flex-basis:100%\"><\/div>\n<\/div>\n\n\n\n<p><\/p>\n\n\n\n<h2 class=\"wp-block-heading\">Adressen und Anfahrt<\/h2>\n\n\n\n<p><strong>Besucheranschrift<\/strong>:&nbsp;Helmut-Schmidt-Universit\u00e4t \/Universit\u00e4t der Bundeswehr Hamburg<br>Geb\u00e4ude H1, Holstenhofweg 85, 22043 Hamburg<br><strong>Postanschrift<\/strong>:&nbsp;Helmut-Schmidt-Universit\u00e4t \/Universit\u00e4t der Bundeswehr Hamburg<br>Fakult\u00e4t f\u00fcr Wirtschafts- und Sozialwissenschaften, Postfach 700822, 22008 Hamburg<\/p>\n\n\n\n<p><strong>Anfahrt:&nbsp;<\/strong><br><strong>Anfahrt mit dem Auto:<\/strong><br>A 24 Abfahrt <abbr title=\"Hamburg\">HH<\/abbr>-Jenfeld, dann auf Schiffbeker Weg Richtung Nord (Rahlstedt) bis Rodigallee, dann links auf Rodigallee<br>zum Universit\u00e4tsbereich. Ab der Kreuzung Schiffbecker Weg- Rodigallee ist der Weg beschildert.<\/p>\n\n\n\n<p><strong>Ab Hauptbahnhof:<\/strong><br>Schnellbus Linie 35 (Richtung Rahlstedt Ost) bis Haltestelle Universit\u00e4t der Bundeswehr zum Universit\u00e4tsbereich Holstenhofweg.<br>Oder U-Bahn Linie U1 bis Wandsbek Markt, umsteigen in Bus Linie 261, 263 oder 10 bis Haltestelle Universit\u00e4t der Bundeswehr zum Universit\u00e4tsbereich.<\/p>\n\n\n\n<p>Informationen zu den Fahrpl\u00e4nen und Tarifen erhalten Sie beim Hamburger Verkehrsverbund (<abbr title=\"Hamburger Verkehrsverbund\">HVV<\/abbr>)<br><a href=\"https:\/\/www.bahn.de\/p\/view\/index.shtml\" target=\"_blank\" rel=\"noreferrer noopener\">Deutsche Bahn<\/a><br><a href=\"http:\/\/www.hvv.de\/\" target=\"_blank\" rel=\"noreferrer noopener\"><abbr title=\"Hamburger Verkehrsverbund\">HVV<\/abbr><\/a><\/p>\n\n\n\n<p><strong>Mit dem<\/strong> <a href=\"https:\/\/www.hamburg-airport.de\/de\/\" target=\"_blank\" rel=\"noreferrer noopener\">Flugzeug<\/a>:<br>Ab Flughafen mit Schnellbus Linie 38 (Richtung Billstedt) bis Wandsbek Markt, umsteigen in Bus Linie 261, 263 oder 10 bis Haltestelle Universit\u00e4t der Bundeswehr zum Universit\u00e4tsbereich.<\/p>\n\n\n\n<p>Karten &amp; Lagepl\u00e4ne:<\/p>\n\n\n\n<p><a href=\"https:\/\/www.hsu-hh.de\/wweb\/wp-content\/uploads\/sites\/135\/2017\/09\/Verkehrslageplan.pdf\" target=\"_blank\" rel=\"noreferrer noopener\">Verkehrslageplan<\/a><br><a href=\"https:\/\/www.hsu-hh.de\/wweb\/wp-content\/uploads\/sites\/135\/2017\/09\/Adresse-Lageplan-Geb\u00e4ude.pdf\" target=\"_blank\" rel=\"noreferrer noopener\">Adressen &amp; Lageplan Geb\u00e4ude <abbr title=\"Helmut Schmidt Universit\u00e4t\">HSU<\/abbr><\/a><br><a href=\"https:\/\/www.hsu-hh.de\/wweb\/wp-content\/uploads\/sites\/135\/2017\/09\/Lageplan-H-1-Ebene-0.pdf\" target=\"_blank\" rel=\"noreferrer noopener\">Lageplan R\u00e4ume in Geb\u00e4ude H1 Ebene 0<\/a><br><a href=\"https:\/\/www.hsu-hh.de\/wweb\/wp-content\/uploads\/sites\/135\/2017\/09\/Lageplan-H-1-Ebene-1.pdf\" target=\"_blank\" rel=\"noreferrer noopener\">Lageplan R\u00e4ume in Geb\u00e4ude H1 Ebene 1<\/a><br><a href=\"https:\/\/www.hsu-hh.de\/wweb\/wp-content\/uploads\/sites\/135\/2017\/09\/Lageplan-H-1-Ebene-2.pdf\" target=\"_blank\" rel=\"noreferrer noopener\">Lageplan R\u00e4ume in Geb\u00e4ude H1 Ebene 2<\/a><\/p>\n","protected":false},"excerpt":{"rendered":"<p>F\u00fcr viele Fragen und Bereiche ist die Fakult\u00e4tsverwaltung erste Anlaufstelle der Fakult\u00e4t. Die Mitarbeiterinnen\/Mitarbeiter beraten und unterst\u00fctzen Professorinnen\/Professoren sowie wissenschaftliche Mitarbeiterinnen\/Mitarbeiter im Hinblick auf Personal-, Reise- und Haushaltsangelegenheiten, Beschaffungsvorg\u00e4nge, Gastvortr\u00e4ge, [&hellip;]<\/p>\n","protected":false},"author":23,"featured_media":0,"parent":0,"menu_order":0,"comment_status":"closed","ping_status":"closed","template":"","meta":{"footnotes":""},"categories":[41],"tags":[49,47],"class_list":["post-418","page","type-page","status-publish","hentry","category-fakultaet","tag-fakultaetsverwaltung","tag-verwaltung"],"_links":{"self":[{"href":"https:\/\/www.hsu-hh.de\/wiso\/wp-json\/wp\/v2\/pages\/418","targetHints":{"allow":["GET"]}}],"collection":[{"href":"https:\/\/www.hsu-hh.de\/wiso\/wp-json\/wp\/v2\/pages"}],"about":[{"href":"https:\/\/www.hsu-hh.de\/wiso\/wp-json\/wp\/v2\/types\/page"}],"author":[{"embeddable":true,"href":"https:\/\/www.hsu-hh.de\/wiso\/wp-json\/wp\/v2\/users\/23"}],"replies":[{"embeddable":true,"href":"https:\/\/www.hsu-hh.de\/wiso\/wp-json\/wp\/v2\/comments?post=418"}],"version-history":[{"count":214,"href":"https:\/\/www.hsu-hh.de\/wiso\/wp-json\/wp\/v2\/pages\/418\/revisions"}],"predecessor-version":[{"id":7327,"href":"https:\/\/www.hsu-hh.de\/wiso\/wp-json\/wp\/v2\/pages\/418\/revisions\/7327"}],"wp:attachment":[{"href":"https:\/\/www.hsu-hh.de\/wiso\/wp-json\/wp\/v2\/media?parent=418"}],"wp:term":[{"taxonomy":"category","embeddable":true,"href":"https:\/\/www.hsu-hh.de\/wiso\/wp-json\/wp\/v2\/categories?post=418"},{"taxonomy":"post_tag","embeddable":true,"href":"https:\/\/www.hsu-hh.de\/wiso\/wp-json\/wp\/v2\/tags?post=418"}],"curies":[{"name":"wp","href":"https:\/\/api.w.org\/{rel}","templated":true}]}}