{"id":394,"date":"2017-09-05T15:25:46","date_gmt":"2017-09-05T13:25:46","guid":{"rendered":"https:\/\/www.hsu-hh.de\/wweb\/?page_id=394"},"modified":"2026-03-10T09:01:09","modified_gmt":"2026-03-10T08:01:09","slug":"dekanat-verwaltung","status":"publish","type":"page","link":"https:\/\/www.hsu-hh.de\/wiso\/dekanat-verwaltung","title":{"rendered":"Dekanat und Studiendekanate"},"content":{"rendered":"\n<p>Die Dekanin\/ der Dekan vertritt die Fakult\u00e4t innerhalb der <abbr title=\"Helmut Schmidt Universit\u00e4t\">HSU<\/abbr>\/UniBw H und f\u00fchrt die laufenden Gesch\u00e4fte in eigener Zust\u00e4ndigkeit. Die Mitglieder des Dekanats unterst\u00fctzen sie\/ihn dabei.<\/p>\n\n\n\n<p>Dekanatsangelegenheiten: <a href=\"mailto:dekanat-wiso@hsu.hamburg\" rel='nofollow'>dekanat-wiso@hsu.hamburg<\/a> <\/p>\n\n\n\n<div class=\"wp-block-columns is-layout-flex wp-container-core-columns-is-layout-9d6595d7 wp-block-columns-is-layout-flex\">\n<div class=\"wp-block-column is-layout-flow wp-block-column-is-layout-flow\">\n<p class=\"has-large-font-size\"><strong>Mitglieder des Dekanats<\/strong><\/p>\n\n\n\n<h3 class=\"wp-block-heading\">Dekan<\/h3>\n\n\n\n<p><strong><abbr title=\"Universit\u00e4tsprofessor\">Univ.-Prof.<\/abbr> <abbr title=\"Doktor\">Dr.<\/abbr> Gary S. Schaal<\/strong><\/p>\n\n\n\n<p>E-Mail: <a href=\"mailto:dekanat-wiso@hsu.hamburg\" rel='nofollow'>dekanat-wiso@hsu.hamburg<\/a><br>Telefon: +49 40 6541-2776<\/p>\n\n\n\n<h3 class=\"wp-block-heading\">Prodekan<\/h3>\n\n\n\n<p><strong><abbr title=\"Universit\u00e4tsprofessor\">Univ.-Prof.<\/abbr> <abbr title=\"Doktor\">Dr.<\/abbr> Sven<\/strong> <strong>Knoth<\/strong><\/p>\n\n\n\n<p>E-Mail: <a href=\"mailto:knoth@hsu-hh.de\" rel='nofollow'>knoth@hsu-hh.de<\/a><br>Telefon: +49 40 6541-3400<\/p>\n\n\n\n<p><\/p>\n\n\n\n<h3 class=\"wp-block-heading\">Fakult\u00e4tsmanagerin<\/h3>\n\n\n\n<p><strong><abbr title=\"Doktor\">Dr.<\/abbr> Liane Vorwerk-Gundermann<\/strong><\/p>\n\n\n\n<p>E-Mail: <a href=\"mailto:vorwerk-gundermann@hsu-hh.de\" rel='nofollow'>vorwerk-gundermann@hsu-hh.de<\/a><br>Telefon: +49 40 6541-2818<\/p>\n\n\n\n<h3 class=\"wp-block-heading\">Studiengangs- und Praktikumskoordinatior<\/h3>\n\n\n\n<p><strong><abbr title=\"Doktor\">Dr.<\/abbr><\/strong> <strong>Lars-Dieter Leisner<\/strong><\/p>\n\n\n\n<p>E-Mail: <a href=\"leisnerl@hsu-hh.de\" target=\"_blank\" rel=\"noreferrer noopener\">leisnerl@hsu-hh.de <\/a><br>Telefon: +49 40 6541-3367<\/p>\n<\/div>\n\n\n\n<div class=\"wp-block-column is-layout-flow wp-block-column-is-layout-flow\">\n<p><\/p>\n\n\n\n<p><\/p>\n\n\n\n<p><\/p>\n\n\n\n<p><\/p>\n\n\n\n<p><\/p>\n\n\n\n<p><\/p>\n\n\n\n<p><\/p>\n\n\n\n<p><\/p>\n\n\n\n<p><\/p>\n\n\n\n<p><\/p>\n\n\n\n<p><\/p>\n\n\n\n<p><\/p>\n<\/div>\n<\/div>\n\n\n\n<h3 class=\"wp-block-heading\">B\u00fcro<\/h3>\n\n\n\n<p><strong>Katrin Peem\u00f6ller<\/strong><\/p>\n\n\n\n<p>E-Mail: <a href=\"mailto:pmoeller@hsu-hh.de\" rel='nofollow'>peemoe@hsu.hamburg<\/a><br>Telefon: +49 40 6541 2590<\/p>\n\n\n\n<hr class=\"wp-block-separator has-alpha-channel-opacity\" \/>\n\n\n\n<h2 class=\"wp-block-heading\"><strong>Studiendekanate<\/strong><\/h2>\n\n\n<p><span style=\"font-size: revert;color: initial\">Studiendekaninen und Studiendekane nehmen im Rahmen der Gesamtverantwortung der Dekanin\/ des Dekans die mit Lehre und Studium zusammenh\u00e4ngenden Aufgaben wahr.<\/span><\/p>\n<div>\n<p><strong>Betriebswirtschaftslehre:<\/strong> <abbr title=\"Universit\u00e4tsprofessor\">Univ.-Prof.<\/abbr> <abbr title=\"Doktor\">Dr.<\/abbr> Andreas Fink<br \/>E-Mail: <a href=\"mailto:andreas.fink@hsu-hamburg.de\" rel='nofollow'>andreas.fink@hsu-hamburg.de<\/a><br \/>Telefon: +49 40 6541-2857<\/p>\n<p><strong>Volkswirtschaftslehre<\/strong>: <abbr title=\"Universit\u00e4tsprofessor\">Univ.-Prof.<\/abbr> <abbr title=\"Doktor\">Dr.<\/abbr> Dierk Herzer<br \/>E-Mail: <a href=\"mailto:herzer@hsu-hh.de\" rel='nofollow'>herzer@hsu-hh.de<\/a><br \/>Telefon: +49 40 6541-2775<\/p>\n<p><strong>Politikwissenschaft:<\/strong> <abbr title=\"Universit\u00e4tsprofessor\">Univ.-Prof.<\/abbr> <abbr title=\"Doktor\">Dr.<\/abbr> Matthew D. Stephen<br \/>E-Mail: <a href=\"mailto:studiendekanatpol@hsu-hh.de\" rel='nofollow'>studiendekanatpol@hsu-hh.de<\/a><br \/>Telefon: +49 40 6541-3399<\/p>\n<p><strong>Rechtswissenschaft<\/strong>: <abbr title=\"Universit\u00e4tsprofessor\">Univ.-Prof.<\/abbr> <abbr title=\"Doktor\">Dr.<\/abbr> Armin von Weschpfennig\u00a0<br \/>E-Mail: <a href=\"mailto:vonweschpfennig@hsu-hh.de\" rel='nofollow'>vonweschpfennig@hsu-hh.de<\/a><br \/>Telefon: +49 40 6541-3949<\/p>\n<p><strong>Wirtschaftsingenieurwesen<\/strong>: <abbr title=\"Universit\u00e4tsprofessor\">Univ.-Prof.<\/abbr>\u00a0<abbr title=\"Doktor\">Dr.<\/abbr>&#8211;<abbr title=\"Ingenieur\">Ing.<\/abbr> Frank Kumlehn\u00a0(MB)<br \/>E-Mail: <a href=\"mailto:kumlehnf@hsu.hamburg\" rel='nofollow'>kumlehnf@hsu.hamburg<\/a><br \/>Telefon: +49 40 6541-4803<\/p>\n<p><strong>Digital Governance and Administration:<\/strong> <abbr title=\"Universit\u00e4tsprofessor\">Univ.-Prof.<\/abbr> <abbr title=\"Doktor\">Dr.<\/abbr>\u00a0Sylvia Veit<br \/>E-Mail: <a href=\"mailto:veit@hsu-hh.de\" rel='nofollow'>veit@hsu-hh.de<\/a><br \/>Telefon: +49 40 6541-4552<\/p>\n<p><strong>Logistik:<\/strong>\u00a0 <abbr title=\"Universit\u00e4tsprofessor\">Univ.-Prof.<\/abbr> <abbr title=\"Doktor\">Dr.<\/abbr> Maria Maleshkova (<abbr title=\"Elektrotechnik\">ET<\/abbr>)<br \/>E-Mail: <a href=\"mailto:maleshkm@hsu-hh.de\" rel='nofollow'>maleshkm@hsu-hh.de<\/a><br \/>Telefon: +49 40 6541-3563<\/p>\n<\/div>\n\n\n<div style=\"height:100px\" aria-hidden=\"true\" class=\"wp-block-spacer\"><\/div>\n\n\n\n<p><\/p>\n\n\n\n<p><\/p>\n\n\n\n<p><\/p>\n","protected":false},"excerpt":{"rendered":"<p>Die Dekanin\/ der Dekan vertritt die Fakult\u00e4t innerhalb der HSU\/UniBw H und f\u00fchrt die laufenden Gesch\u00e4fte in eigener Zust\u00e4ndigkeit. Die Mitglieder des Dekanats unterst\u00fctzen sie\/ihn dabei. Dekanatsangelegenheiten: dekanat-wiso@hsu.hamburg Mitglieder des [&hellip;]<\/p>\n","protected":false},"author":23,"featured_media":0,"parent":0,"menu_order":0,"comment_status":"closed","ping_status":"closed","template":"","meta":{"footnotes":""},"categories":[41],"tags":[45],"class_list":["post-394","page","type-page","status-publish","hentry","category-fakultaet","tag-dekanat"],"_links":{"self":[{"href":"https:\/\/www.hsu-hh.de\/wiso\/wp-json\/wp\/v2\/pages\/394","targetHints":{"allow":["GET"]}}],"collection":[{"href":"https:\/\/www.hsu-hh.de\/wiso\/wp-json\/wp\/v2\/pages"}],"about":[{"href":"https:\/\/www.hsu-hh.de\/wiso\/wp-json\/wp\/v2\/types\/page"}],"author":[{"embeddable":true,"href":"https:\/\/www.hsu-hh.de\/wiso\/wp-json\/wp\/v2\/users\/23"}],"replies":[{"embeddable":true,"href":"https:\/\/www.hsu-hh.de\/wiso\/wp-json\/wp\/v2\/comments?post=394"}],"version-history":[{"count":179,"href":"https:\/\/www.hsu-hh.de\/wiso\/wp-json\/wp\/v2\/pages\/394\/revisions"}],"predecessor-version":[{"id":7319,"href":"https:\/\/www.hsu-hh.de\/wiso\/wp-json\/wp\/v2\/pages\/394\/revisions\/7319"}],"wp:attachment":[{"href":"https:\/\/www.hsu-hh.de\/wiso\/wp-json\/wp\/v2\/media?parent=394"}],"wp:term":[{"taxonomy":"category","embeddable":true,"href":"https:\/\/www.hsu-hh.de\/wiso\/wp-json\/wp\/v2\/categories?post=394"},{"taxonomy":"post_tag","embeddable":true,"href":"https:\/\/www.hsu-hh.de\/wiso\/wp-json\/wp\/v2\/tags?post=394"}],"curies":[{"name":"wp","href":"https:\/\/api.w.org\/{rel}","templated":true}]}}