{"id":2935,"date":"2018-09-12T17:22:24","date_gmt":"2018-09-12T15:22:24","guid":{"rendered":"https:\/\/www.hsu-hh.de\/wiso\/?page_id=2935"},"modified":"2019-08-13T11:54:15","modified_gmt":"2019-08-13T09:54:15","slug":"praktika-individuelle-auslandsvorhaben-vernetzte-sicherheit","status":"publish","type":"page","link":"https:\/\/www.hsu-hh.de\/wiso\/praktika-individuelle-auslandsvorhaben-vernetzte-sicherheit","title":{"rendered":"Praktika: Individuelle Auslandsvorhaben &amp; Vernetzte Sicherheit"},"content":{"rendered":"<h3>Individuelle Praktika und Auslandsvorhaben (unter 3 Monaten)<\/h3>\n<p>Wie bei einem Praktikum im Inland suchen Sie sich auch den Praktikumsplatz oder die Institution f\u00fcr Ihre Rechercheaufenthalte im Ausland selbstst\u00e4ndig.<\/p>\n<h3><strong>Unterlagen und Formulare:<\/strong><\/h3>\n<p><a href=\"https:\/\/www.hsu-hh.de\/wiso\/wp-content\/uploads\/sites\/135\/2018\/10\/2018_Verfahren-bei-Auslandsstudienaufenthalten_HSA.pdf\" target=\"_blank\" rel=\"noopener noreferrer\">Verfahrensrichtline Auslandsaufenthalte<\/a><\/p>\n<p><a href=\"https:\/\/www.hsu-hh.de\/wiso\/wp-content\/uploads\/sites\/135\/2019\/01\/Information-f\u00fcr-Bewerbung-um-ein-Auslandspraktikum-an-der-Fakult\u00e4t-WiSo_Stand_09-01-2019.pdf\" target=\"_blank\" rel=\"noopener noreferrer\">Leitfaden zur Bewerbung f\u00fcr ein Auslandspraktikum an der Fakult\u00e4t <abbr title=\"Wirtschafts- und Sozialwissenschaften\">WiSo<\/abbr><\/a><\/p>\n<p><a href=\"https:\/\/web.hsu-hh.de\/intra\/fak\/geiso\/prak\/bewerbung-auslandspraktikum\" rel='nofollow'>Bewerbungsformular individuelle Vorhaben und &#8222;Vernetzte Sicherheit&#8220; (siehe <abbr title=\"Geistes- und Sozialwissenschaften\">GeiSo<\/abbr>)<\/a><\/p>\n<p><a href=\"https:\/\/www.hsu-hh.de\/wiso\/wp-content\/uploads\/sites\/135\/2018\/03\/Akademische-Stellungnahme-Professor_in.pdf\" target=\"_blank\" rel=\"noopener noreferrer\">Akademische Stellungnahme<\/a><\/p>\n<p>&nbsp;<\/p>\n<h3>Praktika &#8222;Vernetzte Sicherheit&#8220;<\/h3>\n<p>Besonders engagierten Studierenden wird jedes Jahr die M\u00f6glichkeit geboten, ein Praktikum in Institutionen der Vernetzten Sicherheit zu absolvieren. In folgenden Institutionen konnten in den letzten Jahren Praktikumspl\u00e4tze zur Verf\u00fcgungen gestellt werden:<\/p>\n<ul>\n<li>Wissenschaftliche Dienste des Deutschen Bundestages<\/li>\n<li>Bundesministerium f\u00fcr wirtschaftliche Zusammenarbeit und Entwicklung<\/li>\n<li>Bundesministerium der Verteidigung<\/li>\n<li>Goethe Institut M\u00fcnchen und London<\/li>\n<li>European Defence Agency (EDA), Br\u00fcssel<\/li>\n<li>Stab des Deutschen Milit\u00e4rischen Vertreters im Milit\u00e4rausschuss der NATO und bei der Europ\u00e4ischen Union, Br\u00fcssel<\/li>\n<li>NATO HQ Supreme Allied Command Transformation (SACT), Norfolk, Virginia<\/li>\n<li>NATO CIMIC Centre of Excellence \/ The Hague, NL<\/li>\n<li>Instituto de Historia y Cultura Militar del Ej\u00e9rcito de Tierra de Espana (IHCM), Madrid<\/li>\n<\/ul>\n<p>&nbsp;<\/p>\n<p>Das Programm steht Studierenden aller Fachrichtungen offen. Einzige Bedingung ist, dass das Praktikum als Pflicht- oder Wahlpflichtmodul im jeweiligen Studienfach anerkannt werden kann.<\/p>\n<p>Genaue Informationen sowie das Bewerbungsformular f\u00fcr\u00a0 ein Praktikum &#8222;Vernetzte Sicherheit&#8220; finden Sie im Intranet auf der Seite des <a href=\"https:\/\/web.hsu-hh.de\/intra\/fak\/geiso\/prak\/bewerbung-auslandspraktikum\" target=\"_blank\" rel=\"noopener noreferrer\">Praktikumsamtes <abbr title=\"Geistes- und Sozialwissenschaften\">GeiSo<\/abbr><\/a>.<\/p>\n","protected":false},"excerpt":{"rendered":"<p>Individuelle Praktika und Auslandsvorhaben (unter 3 Monaten) Wie bei einem Praktikum im Inland suchen Sie sich auch den Praktikumsplatz oder die Institution f\u00fcr Ihre Rechercheaufenthalte im Ausland selbstst\u00e4ndig. Unterlagen und [&hellip;]<\/p>\n","protected":false},"author":23,"featured_media":0,"parent":0,"menu_order":0,"comment_status":"closed","ping_status":"closed","template":"","meta":{"footnotes":""},"categories":[],"tags":[],"class_list":["post-2935","page","type-page","status-publish","hentry"],"_links":{"self":[{"href":"https:\/\/www.hsu-hh.de\/wiso\/wp-json\/wp\/v2\/pages\/2935","targetHints":{"allow":["GET"]}}],"collection":[{"href":"https:\/\/www.hsu-hh.de\/wiso\/wp-json\/wp\/v2\/pages"}],"about":[{"href":"https:\/\/www.hsu-hh.de\/wiso\/wp-json\/wp\/v2\/types\/page"}],"author":[{"embeddable":true,"href":"https:\/\/www.hsu-hh.de\/wiso\/wp-json\/wp\/v2\/users\/23"}],"replies":[{"embeddable":true,"href":"https:\/\/www.hsu-hh.de\/wiso\/wp-json\/wp\/v2\/comments?post=2935"}],"version-history":[{"count":22,"href":"https:\/\/www.hsu-hh.de\/wiso\/wp-json\/wp\/v2\/pages\/2935\/revisions"}],"predecessor-version":[{"id":2937,"href":"https:\/\/www.hsu-hh.de\/wiso\/wp-json\/wp\/v2\/pages\/2935\/revisions\/2937"}],"wp:attachment":[{"href":"https:\/\/www.hsu-hh.de\/wiso\/wp-json\/wp\/v2\/media?parent=2935"}],"wp:term":[{"taxonomy":"category","embeddable":true,"href":"https:\/\/www.hsu-hh.de\/wiso\/wp-json\/wp\/v2\/categories?post=2935"},{"taxonomy":"post_tag","embeddable":true,"href":"https:\/\/www.hsu-hh.de\/wiso\/wp-json\/wp\/v2\/tags?post=2935"}],"curies":[{"name":"wp","href":"https:\/\/api.w.org\/{rel}","templated":true}]}}