{"id":1881,"date":"2017-11-30T16:28:50","date_gmt":"2017-11-30T15:28:50","guid":{"rendered":"https:\/\/www.hsu-hh.de\/wiso\/?page_id=1881"},"modified":"2021-07-22T10:09:30","modified_gmt":"2021-07-22T08:09:30","slug":"wichtige-einrichtungen","status":"publish","type":"page","link":"https:\/\/www.hsu-hh.de\/wiso\/wichtige-einrichtungen","title":{"rendered":"Sonstige Einrichtungen"},"content":{"rendered":"<p><img loading=\"lazy\" decoding=\"async\" class=\"alignnone wp-image-2447 size-full\" src=\"https:\/\/www.hsu-hh.de\/wiso\/wp-content\/uploads\/sites\/135\/2018\/02\/Banner_Einrichtungen.jpg\" alt=\"Banner_Einrichtungen\" width=\"2868\" height=\"430\" srcset=\"https:\/\/www.hsu-hh.de\/wiso\/wp-content\/uploads\/sites\/135\/2018\/02\/Banner_Einrichtungen.jpg 2868w, https:\/\/www.hsu-hh.de\/wiso\/wp-content\/uploads\/sites\/135\/2018\/02\/Banner_Einrichtungen-300x45.jpg 300w, https:\/\/www.hsu-hh.de\/wiso\/wp-content\/uploads\/sites\/135\/2018\/02\/Banner_Einrichtungen-768x115.jpg 768w, https:\/\/www.hsu-hh.de\/wiso\/wp-content\/uploads\/sites\/135\/2018\/02\/Banner_Einrichtungen-1024x154.jpg 1024w\" sizes=\"auto, (max-width: 2868px) 100vw, 2868px\" \/><\/p>\n<p><a href=\"https:\/\/www.hsu-hh.de\/sprachen\/\">Sprachenzentrum<\/a><\/p>\n<p>Sprachen sind fester Bestandteil des Studiums an der Helmut-Schmidt-Universit\u00e4t\/ Universit\u00e4t der Bundeswehr Hamburg. Umfang und Anforderungen variieren je nach Studiengang. Das Sprachenzentrum der Universit\u00e4t bietet sowohl Studierenden als auch Mitarbeitern und Mitarbeiterinnen eine Vielzahl von Sprachen und Kursen in unterschiedlichen Niveaus. Das Angebot reicht von Englisch, Franz\u00f6sisch oder Spanisch \u00fcber Russisch, Chinesisch und Arabisch etc.. F\u00fcr gezielte Informationen wenden Sie sich an das Team des <a href=\"https:\/\/www.hsu-hh.de\/sprachen\/\">Sprachenzentrums<\/a>.<\/p>\n<p>&nbsp;<\/p>\n<p><a href=\"https:\/\/www.hsu-hh.de\/isa\/\">ISA-Zentrum<\/a><\/p>\n<p>Interdiszipli\u00e4re Studienanteile sind Pflichtbestandteil aller grundst\u00e4ndigen Studieng\u00e4nge. Sie vermitteln den Studierenden Kompetenzen und F\u00e4higkeiten au\u00dferhalb ihrer Fachstudieng\u00e4nge und erm\u00f6glichen ihnen einen &#8222;Blick \u00fcber den Tellerrand&#8220;. Informationen zu den vielf\u00e4ltigen Angeboten und zur Kursbelegung sowie zu Ansprechpartner und Sprechzeiten etc. finden Sie auf der Seite des <a href=\"https:\/\/www.hsu-hh.de\/isa\/\">ISA-Zentrums<\/a>.<\/p>\n<p>&nbsp;<\/p>\n<p><a href=\"http:\/\/www.hsu-sportzentrum.de\/\" rel=\"noopener\">Sportzentrum<\/a><\/p>\n<p>Sport wird an der Helmut-Schmidt-Universit\u00e4t\/ Universit\u00e4t der Bundeswehr Hamburg gro\u00df geschrieben. Kraftsport, Segeln, Handball, Golf, Tanzen oder Badminton sind nur eine kleine Auswahl aus dem Programm. Zahlreiche weitere Angebote sowie Informationen zu den Sportanlagen, Anmeldemodalit\u00e4ten und Kontaktpersonen finden Sie auf der Seite des <a href=\"http:\/\/www.hsu-sportzentrum.de\/\" rel='nofollow'>Sportzentrums<\/a>.<\/p>\n<p>&nbsp;<\/p>\n<p><a href=\"https:\/\/www.hsu-hh.de\/kel\/\">ILIAS (Koordinationsstelle E-Learning)<\/a><\/p>\n<p>Ziel der Lernplattform ILIAS ist es, Lehr- und Lernprozesse zu optimieren und kooperatives und interaktives Lernen zu erm\u00f6glichen. Die Koordinationsstelle bietet regelm\u00e4\u00dfig Schulungen an und ber\u00e4t die Angeh\u00f6rigen der Helmut-Schmidt-Universit\u00e4t\/ Universit\u00e4t der Bundeswehr Hamburg zu allen Fragen rund um das Tehma E-Lernen.<br \/>\nF\u00fcr weitere Informationen wenden Sie sich an das Team der <a href=\"https:\/\/www.hsu-hh.de\/kel\/\" target=\"_blank\" rel=\"noopener\">Koordinationsstelle<\/a>.<\/p>\n<p>&nbsp;<\/p>\n<p><a href=\"https:\/\/ub.hsu-hh.de\/\" rel='nofollow'>Bibliothek<\/a><\/p>\n<p>Die Bibliothek der Helmut-Schmidt-Universit\u00e4t\/ Universit\u00e4t der Bundeswehr Hamburg ist erstklassig ausgestattet. Sie bietet neben einem&nbsp;hervorragend Medienbestand ein breites Portfolio digitaler Ressourcen zu den verschiedenen Wissenschaftsdisziplinen der Universit\u00e4t. Informationen&nbsp; zur Ausleihe, Datenbanken und Katalogen etc. sowie zu Ansprechpartner und Sprechzeiten finden Sie auf der Seite der <a href=\"https:\/\/ub.hsu-hh.de\/\" target=\"_blank\" rel=\"noopener\">Bibliothek<\/a>.<\/p>\n<p>&nbsp;<\/p>\n<p><a href=\"https:\/\/www.hsu-hh.de\/auslandsstud\/\">Akademisches Auslandsamt<\/a><\/p>\n<p>Ein Auslandsaufenthalt ist nicht nur eine spannende Erfahrung, sondern erweitert auch den Horizont und tr\u00e4gt positiv zur eigenen Entwicklung bei. Das Akademische Auslandsamt betreut nicht nur die Gaststudenten unserer Universit\u00e4t, sondern koordieniert und pflegt auch die internationalen Beziehungen und ber\u00e4t die Studierenden der Helmut-Schmidt-Universit\u00e4t\/ Universit\u00e4t der Bundeswehr Hamburg in Bezug auf ihre Auslandsvorhaben und M\u00f6glichkeiten.<br \/>\nGenaue Informationen und Ansprechpartner finden Sie auf der Seite des <a href=\"https:\/\/www.hsu-hh.de\/auslandsstud\/\" target=\"_blank\" rel=\"noopener\">Auslandsamtes<\/a>.<\/p>\n","protected":false},"excerpt":{"rendered":"<p>Sprachenzentrum Sprachen sind fester Bestandteil des Studiums an der Helmut-Schmidt-Universit\u00e4t\/ Universit\u00e4t der Bundeswehr Hamburg. Umfang und Anforderungen variieren je nach Studiengang. Das Sprachenzentrum der Universit\u00e4t bietet sowohl Studierenden als auch [&hellip;]<\/p>\n","protected":false},"author":23,"featured_media":0,"parent":0,"menu_order":0,"comment_status":"closed","ping_status":"closed","template":"","meta":{"footnotes":""},"categories":[43],"tags":[],"class_list":["post-1881","page","type-page","status-publish","hentry","category-studium"],"_links":{"self":[{"href":"https:\/\/www.hsu-hh.de\/wiso\/wp-json\/wp\/v2\/pages\/1881","targetHints":{"allow":["GET"]}}],"collection":[{"href":"https:\/\/www.hsu-hh.de\/wiso\/wp-json\/wp\/v2\/pages"}],"about":[{"href":"https:\/\/www.hsu-hh.de\/wiso\/wp-json\/wp\/v2\/types\/page"}],"author":[{"embeddable":true,"href":"https:\/\/www.hsu-hh.de\/wiso\/wp-json\/wp\/v2\/users\/23"}],"replies":[{"embeddable":true,"href":"https:\/\/www.hsu-hh.de\/wiso\/wp-json\/wp\/v2\/comments?post=1881"}],"version-history":[{"count":44,"href":"https:\/\/www.hsu-hh.de\/wiso\/wp-json\/wp\/v2\/pages\/1881\/revisions"}],"predecessor-version":[{"id":4536,"href":"https:\/\/www.hsu-hh.de\/wiso\/wp-json\/wp\/v2\/pages\/1881\/revisions\/4536"}],"wp:attachment":[{"href":"https:\/\/www.hsu-hh.de\/wiso\/wp-json\/wp\/v2\/media?parent=1881"}],"wp:term":[{"taxonomy":"category","embeddable":true,"href":"https:\/\/www.hsu-hh.de\/wiso\/wp-json\/wp\/v2\/categories?post=1881"},{"taxonomy":"post_tag","embeddable":true,"href":"https:\/\/www.hsu-hh.de\/wiso\/wp-json\/wp\/v2\/tags?post=1881"}],"curies":[{"name":"wp","href":"https:\/\/api.w.org\/{rel}","templated":true}]}}