{"id":1453,"date":"2017-10-10T09:48:39","date_gmt":"2017-10-10T07:48:39","guid":{"rendered":"https:\/\/www.hsu-hh.de\/wiso\/?page_id=1453"},"modified":"2026-01-29T09:36:07","modified_gmt":"2026-01-29T08:36:07","slug":"studium","status":"publish","type":"page","link":"https:\/\/www.hsu-hh.de\/wiso\/studium","title":{"rendered":"Studium"},"content":{"rendered":"<p>Interesse an einem Studium an der Helmut-Schmidt-Universit\u00e4t \/Universit\u00e4t der Bundeswehr Hamburg und der Fakult\u00e4t f\u00fcr Wirtschafts- und Sozialwissenschaften oder Fragen zu den Themen &#8222;Praktikum&#8220; und &#8222;Pr\u00fcfungsangelegenheiten&#8220;?<\/p>\n<p>Hier erhalten Sie Informationen zu unseren Studieng\u00e4ngen sowie zu Fragen rund um das Pr\u00fcfungsamt (Ansprechpartner, \u00d6ffnungszeiten <abbr title=\"et cetera\">etc.<\/abbr>) und Pr\u00fcfungsangelegenheiten (Pr\u00fcfungsanmeldung <abbr title=\"et cetera\">etc.<\/abbr>). Sie finden Fristen, Voraussetzungen und Bewerbungsabl\u00e4ufe f\u00fcr ein Praktikum sowie die aktuellen Praktikumsangebote der Fakult\u00e4t.<\/p>\n<hr>\n<div class=\"content-block4\">\n<p style=\"text-align: center\"><img loading=\"lazy\" decoding=\"async\" class=\"alignnone size-medium wp-image-1384\" src=\"https:\/\/www.hsu-hh.de\/wiso\/wp-content\/uploads\/sites\/135\/2017\/10\/Buch-aufgeschlagen-300x178.jpg\" alt=\"Buch aufgeschlagen\" width=\"300\" height=\"178\" srcset=\"https:\/\/www.hsu-hh.de\/wiso\/wp-content\/uploads\/sites\/135\/2017\/10\/Buch-aufgeschlagen-300x178.jpg 300w, https:\/\/www.hsu-hh.de\/wiso\/wp-content\/uploads\/sites\/135\/2017\/10\/Buch-aufgeschlagen-768x456.jpg 768w, https:\/\/www.hsu-hh.de\/wiso\/wp-content\/uploads\/sites\/135\/2017\/10\/Buch-aufgeschlagen-1024x607.jpg 1024w, https:\/\/www.hsu-hh.de\/wiso\/wp-content\/uploads\/sites\/135\/2017\/10\/Buch-aufgeschlagen.jpg 2013w\" sizes=\"auto, (max-width: 300px) 100vw, 300px\" \/><\/p>\n<p style=\"text-align: center\"><a href=\"https:\/\/www.hsu-hh.de\/wiso\/studiengaenge-2\/\">Studieng\u00e4nge (B. Sc.\/ M. Sc.)<\/a><\/p>\n<p style=\"text-align: center\">Betriebswirtschaftslehre<br \/>\nVolkswirtschaftslehre<br \/>\nPolitikwissenschaft<br \/>\nWirtschaftsingenieurwesen<\/p>\n<\/div>\n<div class=\"content-block4\" style=\"text-align: center\">\n<p><img loading=\"lazy\" decoding=\"async\" class=\"alignnone size-medium wp-image-2076\" src=\"https:\/\/www.hsu-hh.de\/wiso\/wp-content\/uploads\/sites\/135\/2017\/12\/Pr\u00fcfungen-300x180.jpg\" alt=\"Pr\u00fcfungen\" width=\"300\" height=\"180\" srcset=\"https:\/\/www.hsu-hh.de\/wiso\/wp-content\/uploads\/sites\/135\/2017\/12\/Pr\u00fcfungen-300x180.jpg 300w, https:\/\/www.hsu-hh.de\/wiso\/wp-content\/uploads\/sites\/135\/2017\/12\/Pr\u00fcfungen-768x460.jpg 768w, https:\/\/www.hsu-hh.de\/wiso\/wp-content\/uploads\/sites\/135\/2017\/12\/Pr\u00fcfungen-1024x614.jpg 1024w, https:\/\/www.hsu-hh.de\/wiso\/wp-content\/uploads\/sites\/135\/2017\/12\/Pr\u00fcfungen.jpg 1243w\" sizes=\"auto, (max-width: 300px) 100vw, 300px\" \/><\/p>\n<p><a href=\"https:\/\/www.hsu-hh.de\/wiso\/pruefungsangelegenheiten\">Pr\u00fcfungsangelegenheiten<\/a><\/p>\n<p>Pr\u00fcfungsamt<br \/>\nAnsprechpartner<br \/>\n\u00d6ffnungszeiten<br \/>\nPr\u00fcfungsausschuss <abbr title=\"Wirtschafts- und Sozialwissenschaften\">WiSo<\/abbr><\/p>\n<\/div>\n<div class=\"content-block4\" style=\"text-align: center\">\n<p><img loading=\"lazy\" decoding=\"async\" class=\"alignnone wp-image-1386\" src=\"https:\/\/www.hsu-hh.de\/wiso\/wp-content\/uploads\/sites\/135\/2017\/10\/Tastatur3_klein-300x190.jpg\" alt=\"Tastatur\" width=\"244\" height=\"155\" srcset=\"https:\/\/www.hsu-hh.de\/wiso\/wp-content\/uploads\/sites\/135\/2017\/10\/Tastatur3_klein-300x190.jpg 300w, https:\/\/www.hsu-hh.de\/wiso\/wp-content\/uploads\/sites\/135\/2017\/10\/Tastatur3_klein-768x487.jpg 768w, https:\/\/www.hsu-hh.de\/wiso\/wp-content\/uploads\/sites\/135\/2017\/10\/Tastatur3_klein-1024x650.jpg 1024w, https:\/\/www.hsu-hh.de\/wiso\/wp-content\/uploads\/sites\/135\/2017\/10\/Tastatur3_klein.jpg 2016w\" sizes=\"auto, (max-width: 244px) 100vw, 244px\" \/><\/p>\n<p><a href=\"https:\/\/www.hsu-hh.de\/praktika\/\">Praktika<\/a><\/p>\n<p>Voraussetzungen<br \/>\nBewerbung<br \/>\nAnsprechpartner<br \/>\nAusschreibungen<\/p>\n<\/div>\n<div class=\"content-block4\">\n<p style=\"text-align: center\"><img loading=\"lazy\" decoding=\"async\" class=\"alignnone size-medium wp-image-2133\" src=\"https:\/\/www.hsu-hh.de\/wiso\/wp-content\/uploads\/sites\/135\/2017\/12\/Einrichtungen2-300x183.jpg\" alt=\"Einrichtungen\" width=\"300\" height=\"183\" srcset=\"https:\/\/www.hsu-hh.de\/wiso\/wp-content\/uploads\/sites\/135\/2017\/12\/Einrichtungen2-300x183.jpg 300w, https:\/\/www.hsu-hh.de\/wiso\/wp-content\/uploads\/sites\/135\/2017\/12\/Einrichtungen2-768x469.jpg 768w, https:\/\/www.hsu-hh.de\/wiso\/wp-content\/uploads\/sites\/135\/2017\/12\/Einrichtungen2-1024x625.jpg 1024w, https:\/\/www.hsu-hh.de\/wiso\/wp-content\/uploads\/sites\/135\/2017\/12\/Einrichtungen2.jpg 1258w\" sizes=\"auto, (max-width: 300px) 100vw, 300px\" \/><\/p>\n<p style=\"text-align: center\"><a href=\"https:\/\/www.hsu-hh.de\/wiso\/wichtige-einrichtungen\">Sonstige Einrichtungen<\/a><\/p>\n<p style=\"text-align: center\">Sprachenzentrum<br \/>\nISA-Zentrum<br \/>\nSportzentrum<br \/>\nBibliothek <abbr title=\"et cetera\">etc.<\/abbr><\/p>\n<\/div>\n<p>&nbsp;<\/p>\n<p>&nbsp;<\/p>\n","protected":false},"excerpt":{"rendered":"<p>Interesse an einem Studium an der Helmut-Schmidt-Universit\u00e4t \/Universit\u00e4t der Bundeswehr Hamburg und der Fakult\u00e4t f\u00fcr Wirtschafts- und Sozialwissenschaften oder Fragen zu den Themen &#8222;Praktikum&#8220; und &#8222;Pr\u00fcfungsangelegenheiten&#8220;? Hier erhalten Sie Informationen [&hellip;]<\/p>\n","protected":false},"author":23,"featured_media":0,"parent":0,"menu_order":0,"comment_status":"closed","ping_status":"closed","template":"","meta":{"footnotes":""},"categories":[41,35,43],"tags":[],"class_list":["post-1453","page","type-page","status-publish","hentry","category-fakultaet","category-studiengaenge","category-studium"],"_links":{"self":[{"href":"https:\/\/www.hsu-hh.de\/wiso\/wp-json\/wp\/v2\/pages\/1453","targetHints":{"allow":["GET"]}}],"collection":[{"href":"https:\/\/www.hsu-hh.de\/wiso\/wp-json\/wp\/v2\/pages"}],"about":[{"href":"https:\/\/www.hsu-hh.de\/wiso\/wp-json\/wp\/v2\/types\/page"}],"author":[{"embeddable":true,"href":"https:\/\/www.hsu-hh.de\/wiso\/wp-json\/wp\/v2\/users\/23"}],"replies":[{"embeddable":true,"href":"https:\/\/www.hsu-hh.de\/wiso\/wp-json\/wp\/v2\/comments?post=1453"}],"version-history":[{"count":61,"href":"https:\/\/www.hsu-hh.de\/wiso\/wp-json\/wp\/v2\/pages\/1453\/revisions"}],"predecessor-version":[{"id":7280,"href":"https:\/\/www.hsu-hh.de\/wiso\/wp-json\/wp\/v2\/pages\/1453\/revisions\/7280"}],"wp:attachment":[{"href":"https:\/\/www.hsu-hh.de\/wiso\/wp-json\/wp\/v2\/media?parent=1453"}],"wp:term":[{"taxonomy":"category","embeddable":true,"href":"https:\/\/www.hsu-hh.de\/wiso\/wp-json\/wp\/v2\/categories?post=1453"},{"taxonomy":"post_tag","embeddable":true,"href":"https:\/\/www.hsu-hh.de\/wiso\/wp-json\/wp\/v2\/tags?post=1453"}],"curies":[{"name":"wp","href":"https:\/\/api.w.org\/{rel}","templated":true}]}}