{"id":1302,"date":"2017-09-22T13:45:23","date_gmt":"2017-09-22T11:45:23","guid":{"rendered":"https:\/\/www.hsu-hh.de\/wweb\/?page_id=1302"},"modified":"2024-04-04T17:41:32","modified_gmt":"2024-04-04T15:41:32","slug":"forschung","status":"publish","type":"page","link":"https:\/\/www.hsu-hh.de\/wiso\/forschung","title":{"rendered":"Forschung"},"content":{"rendered":"<p>Die Fakult\u00e4t f\u00fcr Wirtschafts- und Sozialwissenschaften bietet ein breites Forschungsspektrum. Informieren Sie sich hier zu den Forschungsbereichen und Schwerpunkten sowie \u00fcber das laufende Doktorandenprogramm. Die Weiterbildungssstudieng\u00e4nge des Zentrums f\u00fcr Wissenschaftliche Weiterbildung (ZWW) sowie die aktuelle Promotionsordnung und Habilitationsordnung der Fakult\u00e4t, finden Sie ebenfalls auf dieser Seite.<\/p>\n<div class=\"content-block4\" style=\"text-align: center\">\n<p><img loading=\"lazy\" decoding=\"async\" class=\"alignnone  wp-image-2130\" src=\"https:\/\/www.hsu-hh.de\/wiso\/wp-content\/uploads\/sites\/135\/2017\/12\/B\u00fccherstapel3-1-300x184.jpg\" alt=\"B\u00fccherstapel\" width=\"247\" height=\"151\" srcset=\"https:\/\/www.hsu-hh.de\/wiso\/wp-content\/uploads\/sites\/135\/2017\/12\/B\u00fccherstapel3-1-300x184.jpg 300w, https:\/\/www.hsu-hh.de\/wiso\/wp-content\/uploads\/sites\/135\/2017\/12\/B\u00fccherstapel3-1-768x471.jpg 768w, https:\/\/www.hsu-hh.de\/wiso\/wp-content\/uploads\/sites\/135\/2017\/12\/B\u00fccherstapel3-1-1024x628.jpg 1024w\" sizes=\"auto, (max-width: 247px) 100vw, 247px\" \/><\/p>\n<p><a href=\"https:\/\/www.hsu-hh.de\/wiso\/forschungsbereiche\">Forschungsbereiche<\/a><\/p>\n<p>Forschungsverb\u00fcnde<br \/>\nForschungsgruppen<br \/>\nForschungscluster<br \/>\nKompetenzzentrum<\/p>\n<\/div>\n<div class=\"content-block4\" style=\"text-align: center\">\n<p><img loading=\"lazy\" decoding=\"async\" class=\"alignnone size-medium wp-image-1470\" src=\"https:\/\/www.hsu-hh.de\/wiso\/wp-content\/uploads\/sites\/135\/2017\/10\/Bibliothek_sw-300x179.jpg\" alt=\"Person in der Bibliothek\" width=\"300\" height=\"179\" srcset=\"https:\/\/www.hsu-hh.de\/wiso\/wp-content\/uploads\/sites\/135\/2017\/10\/Bibliothek_sw-300x179.jpg 300w, https:\/\/www.hsu-hh.de\/wiso\/wp-content\/uploads\/sites\/135\/2017\/10\/Bibliothek_sw-768x458.jpg 768w, https:\/\/www.hsu-hh.de\/wiso\/wp-content\/uploads\/sites\/135\/2017\/10\/Bibliothek_sw-1024x611.jpg 1024w\" sizes=\"auto, (max-width: 300px) 100vw, 300px\" \/><\/p>\n<p><a href=\"https:\/\/www.hsu-hh.de\/wiso\/weiterbildungsstudiengaenge\">Weiterbildungsstudieng\u00e4nge<\/a><\/p>\n<p>Milit\u00e4rische F\u00fchrung und Internationale Sicherheit<br \/>\nF\u00fchrung in der Medizin<br \/>\nCivil-Military Interaction<\/p>\n<\/div>\n<div class=\"content-block4\" style=\"text-align: center\">\n<p><img loading=\"lazy\" decoding=\"async\" class=\"alignnone wp-image-2118\" src=\"https:\/\/www.hsu-hh.de\/wiso\/wp-content\/uploads\/sites\/135\/2017\/12\/Unterricht_SW-300x183.jpg\" alt=\"Lehrveranstaltung\" width=\"248\" height=\"151\" srcset=\"https:\/\/www.hsu-hh.de\/wiso\/wp-content\/uploads\/sites\/135\/2017\/12\/Unterricht_SW-300x183.jpg 300w, https:\/\/www.hsu-hh.de\/wiso\/wp-content\/uploads\/sites\/135\/2017\/12\/Unterricht_SW-768x467.jpg 768w, https:\/\/www.hsu-hh.de\/wiso\/wp-content\/uploads\/sites\/135\/2017\/12\/Unterricht_SW-1024x623.jpg 1024w\" sizes=\"auto, (max-width: 248px) 100vw, 248px\" \/><\/p>\n<p><a href=\"https:\/\/www.hsu-hh.de\/wiso\/doktorandenprogramme\">Doktorandenkurse<\/a><\/p>\n<p>Angebote<br \/>\nTermine<br \/>\nAnsprechpartner<br \/>\nAnmeldung<\/p>\n<\/div>\n<div class=\"content-block4\">\n<p style=\"text-align: center\"><img loading=\"lazy\" decoding=\"async\" class=\"alignnone size-medium wp-image-2107\" src=\"https:\/\/www.hsu-hh.de\/wiso\/wp-content\/uploads\/sites\/135\/2017\/12\/Doctor-rerum-politicarum2-300x179.jpg\" alt=\"Doktortitel\" width=\"300\" height=\"179\" srcset=\"https:\/\/www.hsu-hh.de\/wiso\/wp-content\/uploads\/sites\/135\/2017\/12\/Doctor-rerum-politicarum2-300x179.jpg 300w, https:\/\/www.hsu-hh.de\/wiso\/wp-content\/uploads\/sites\/135\/2017\/12\/Doctor-rerum-politicarum2-768x457.jpg 768w, https:\/\/www.hsu-hh.de\/wiso\/wp-content\/uploads\/sites\/135\/2017\/12\/Doctor-rerum-politicarum2-1024x609.jpg 1024w, https:\/\/www.hsu-hh.de\/wiso\/wp-content\/uploads\/sites\/135\/2017\/12\/Doctor-rerum-politicarum2.jpg 1250w\" sizes=\"auto, (max-width: 300px) 100vw, 300px\" \/><\/p>\n<p style=\"text-align: center\"><a href=\"https:\/\/www.hsu-hh.de\/wiso\/promovieren-habilitieren\">Promovieren &amp; Habilitieren<\/a><\/p>\n<p style=\"text-align: center\">Promotionsausschuss<br \/>\nPromotionsordnung<br \/>\nHabilitationsordnung<br \/>\nAnsprechpartner<\/p>\n<\/div>\n","protected":false},"excerpt":{"rendered":"<p>Die Fakult\u00e4t f\u00fcr Wirtschafts- und Sozialwissenschaften bietet ein breites Forschungsspektrum. Informieren Sie sich hier zu den Forschungsbereichen und Schwerpunkten sowie \u00fcber das laufende Doktorandenprogramm. Die Weiterbildungssstudieng\u00e4nge des Zentrums f\u00fcr Wissenschaftliche [&hellip;]<\/p>\n","protected":false},"author":23,"featured_media":0,"parent":0,"menu_order":0,"comment_status":"closed","ping_status":"closed","template":"","meta":{"footnotes":""},"categories":[4,39,115],"tags":[],"class_list":["post-1302","page","type-page","status-publish","hentry","category-forschung","category-forschung-lehre","category-forschung-weiterbildung"],"_links":{"self":[{"href":"https:\/\/www.hsu-hh.de\/wiso\/wp-json\/wp\/v2\/pages\/1302","targetHints":{"allow":["GET"]}}],"collection":[{"href":"https:\/\/www.hsu-hh.de\/wiso\/wp-json\/wp\/v2\/pages"}],"about":[{"href":"https:\/\/www.hsu-hh.de\/wiso\/wp-json\/wp\/v2\/types\/page"}],"author":[{"embeddable":true,"href":"https:\/\/www.hsu-hh.de\/wiso\/wp-json\/wp\/v2\/users\/23"}],"replies":[{"embeddable":true,"href":"https:\/\/www.hsu-hh.de\/wiso\/wp-json\/wp\/v2\/comments?post=1302"}],"version-history":[{"count":78,"href":"https:\/\/www.hsu-hh.de\/wiso\/wp-json\/wp\/v2\/pages\/1302\/revisions"}],"predecessor-version":[{"id":5989,"href":"https:\/\/www.hsu-hh.de\/wiso\/wp-json\/wp\/v2\/pages\/1302\/revisions\/5989"}],"wp:attachment":[{"href":"https:\/\/www.hsu-hh.de\/wiso\/wp-json\/wp\/v2\/media?parent=1302"}],"wp:term":[{"taxonomy":"category","embeddable":true,"href":"https:\/\/www.hsu-hh.de\/wiso\/wp-json\/wp\/v2\/categories?post=1302"},{"taxonomy":"post_tag","embeddable":true,"href":"https:\/\/www.hsu-hh.de\/wiso\/wp-json\/wp\/v2\/tags?post=1302"}],"curies":[{"name":"wp","href":"https:\/\/api.w.org\/{rel}","templated":true}]}}