{"id":1249,"date":"2017-09-20T17:12:28","date_gmt":"2017-09-20T15:12:28","guid":{"rendered":"https:\/\/www.hsu-hh.de\/wweb\/?page_id=1249"},"modified":"2024-11-27T12:48:07","modified_gmt":"2024-11-27T11:48:07","slug":"ordnungen-und-gremien-2","status":"publish","type":"page","link":"https:\/\/www.hsu-hh.de\/wiso\/ordnungen-und-gremien-2","title":{"rendered":"Gremien und Ordnungen"},"content":{"rendered":"<div>\n<h2><img loading=\"lazy\" decoding=\"async\" class=\"alignnone wp-image-2407 size-full\" src=\"https:\/\/www.hsu-hh.de\/wiso\/wp-content\/uploads\/sites\/135\/2018\/02\/Gremien.jpg\" alt=\"Gremien\" width=\"2954\" height=\"454\" srcset=\"https:\/\/www.hsu-hh.de\/wiso\/wp-content\/uploads\/sites\/135\/2018\/02\/Gremien.jpg 2954w, https:\/\/www.hsu-hh.de\/wiso\/wp-content\/uploads\/sites\/135\/2018\/02\/Gremien-300x46.jpg 300w, https:\/\/www.hsu-hh.de\/wiso\/wp-content\/uploads\/sites\/135\/2018\/02\/Gremien-768x118.jpg 768w, https:\/\/www.hsu-hh.de\/wiso\/wp-content\/uploads\/sites\/135\/2018\/02\/Gremien-1024x157.jpg 1024w\" sizes=\"auto, (max-width: 2954px) 100vw, 2954px\" \/><\/h2>\n<h2>Gremien der Fakult\u00e4t<\/h2>\n<\/div>\n\n\n<p class=\"has-medium-font-size\"><strong>Fakult\u00e4tsrat<\/strong><\/p>\n\n\n\n<p>Der Fakult\u00e4tsrat entscheidet in allen grunds\u00e4tzlichen Angelegenheiten der Fakult\u00e4t, soweit die Rahmenbestimmungen und die Grundordnung der&nbsp;<abbr title=\"Helmut Schmidt Universit\u00e4t\">HSU<\/abbr>\/UniBw H nichts anderes bestimmen.<br>Eine \u00dcbersicht \u00fcber die Mitglieder, Protokolle und Einladungen des Fakult\u00e4tsrates sowie dessen Sitzungstermine, finden Sie bei&nbsp;<a href=\"https:\/\/ilias.hsu-hh.de\/goto.php?target=cat_510152&amp;client_id=unibw\" target=\"_blank\" rel=\"noreferrer noopener\">Ilias<\/a>&nbsp;(Anmeldung erforderlich).<\/p>\n\n\n\n<hr class=\"wp-block-separator has-alpha-channel-opacity\" \/>\n\n\n\n<p class=\"has-medium-font-size\"><strong>Pr\u00fcfungsausschuss<\/strong><\/p>\n\n\n\n<p>Der Pr\u00fcfungsausschuss ist zust\u00e4ndig f\u00fcr die Organisation der Pr\u00fcfungen und die Einhaltung der Bestimmungen der Studien- und Pr\u00fcfungsordnungen der Fakult\u00e4t&nbsp;<abbr title=\"Wirtschafts- und Sozialwissenschaften\">WiSo<\/abbr>.<br>Die Fakult\u00e4t f\u00fcr Wirtschafts- und Sozialwissenschaften hat einen gemeinsamen Pr\u00fcfungsausschuss f\u00fcr alle Studieng\u00e4nge (Betriebswirtschaftslehre, Volkswirtschaftslehre, Politikwissenschaft) der Fakult\u00e4t. Der Ausschuss setzt sich aus Professorinnen und Professoren aus jeden Fachbereich sowie vier Studierenden zusammen.<br>Alle relevanten Informationen zu Erreichbarkeit, Mitgliedern, Pr\u00fcfungen und Antr\u00e4gen&nbsp;<abbr title=\"et cetera\">etc.<\/abbr>&nbsp;finden Sie direkt auf der Seite des&nbsp;<a href=\"https:\/\/www.hsu-hh.de\/prfgawiso\/\" target=\"_blank\" rel=\"noreferrer noopener\">Pr\u00fcfungsausschusses&nbsp;<abbr title=\"Wirtschafts- und Sozialwissenschaften\">WiSo<\/abbr><\/a>.<\/p>\n\n\n\n<hr class=\"wp-block-separator has-alpha-channel-opacity\" \/>\n\n\n\n<p class=\"has-medium-font-size\"><strong>Widerspruchsaussch\u00fcsse<\/strong><\/p>\n\n\n\n<p>Liegen in Pr\u00fcfungsangelegenheiten Widerspr\u00fcche vor, denen nicht durch den Pr\u00fcfungsausschuss abgeholfen werden kann, werden die Widerspruchsaussch\u00fcsse aktiv. Es gibt einen Widerspruchsausschuss f\u00fcr jeden Studiengang der Fakult\u00e4t. Diese setzen sich stets aus einer Professorin\/ einem Professor und einem Studierenden aus dem Studiengang zusammen.<br>Eine \u00dcbersicht \u00fcber die Mitglieder der Widerspruchsaussch\u00fcsse, finden Sie bei&nbsp;<a href=\"https:\/\/ilias.hsu-hh.de\/goto.php?target=cat_510152&amp;client_id=unibw\" target=\"_blank\" rel=\"noreferrer noopener\">Ilias<\/a>&nbsp;(Anmeldung erforderlich).<\/p>\n\n\n\n<hr class=\"wp-block-separator has-alpha-channel-opacity\" \/>\n\n\n\n<p class=\"has-medium-font-size\"><strong>St\u00e4ndiger Promotionsausschuss<\/strong><\/p>\n\n\n\n<p>Der&nbsp;<a href=\"https:\/\/www.hsu-hh.de\/wiso\/staendiger-promotionsausschuss\">St\u00e4ndige Promotionsausschuss<\/a>&nbsp;entscheidet&nbsp;<abbr title=\"unter anderem\">u.a.<\/abbr>\u00fcber die Feststellung der Erf\u00fcllung der Zulassungsvoraussetzungen zur Promotion und die Annahme von Doktorandinnen\/Doktoranden.<\/p>\n\n\n\n<hr class=\"wp-block-separator has-alpha-channel-opacity\" \/>\n\n\n\n<p class=\"has-medium-font-size\"><strong>Ausschuss f\u00fcr Studienordnung und Studienfragen<\/strong><\/p>\n\n\n\n<p>Der Ausschuss f\u00fcr Studienordnung und Studienfragen befasst sich mit den Studieng\u00e4ngen der Fakult\u00e4t in Bezug auf Studieninhalte, Workload und Studien- und Pr\u00fcfungsordnungen&nbsp;<abbr title=\"et cetera\">etc.<\/abbr>&nbsp;Eine der Kernaufgaben des Ausschusses ist die Vorbereitung der (Re-) Akkreditierung der einzelnen Studieng\u00e4nge. Eine \u00dcbersicht \u00fcber die Mitglieder des Ausschusses f\u00fcr Studienordnung und Studienfragen, finden Sie bei&nbsp;<a href=\"https:\/\/ilias.hsu-hh.de\/goto.php?target=cat_510152&amp;client_id=unibw\" target=\"_blank\" rel=\"noreferrer noopener\">Ilias<\/a>&nbsp;(Anmeldung erforderlich).<\/p>\n\n\n\n<hr class=\"wp-block-separator has-alpha-channel-opacity\" \/>\n\n\n\n<p class=\"has-medium-font-size\"><strong>Gemeinsame Gremien \u201eWirtschaftsingenieurwesen\u201c<\/strong><\/p>\n\n\n\n<p><strong>Studienbereichsausschuss Wirtschaftsingenieurwesen (SBA <abbr title=\"Wirtschaftsingenieurwesen\">WI<\/abbr>):<\/strong> Der&nbsp;<a href=\"https:\/\/www.hsu-hh.de\/sbawi\/\">Studienbereichsausschuss Wirtschaftsingenieurwesen<\/a>&nbsp;setzt sich aus Vertretern der Fakult\u00e4ten f\u00fcr Elektrotechnik, Maschinenbau und Wirtschafts- und Sozialwissenschaften zusammen. Er ist zust\u00e4ndig f\u00fcr die Entwicklung, Planung und Sicherstellung des Lehrangebotes f\u00fcr den Studiengang Wirtschaftsingenieurwesen und besitzt Entscheidungsbefugnis bez\u00fcglich Studienordnung, Pr\u00fcfungsordnungen und sonstigen den Studiengang betreffenden Ordnungen.<\/p>\n\n\n\n<p><strong>Pr\u00fcfungsausschuss Wirtschaftsingenieurwesen: <\/strong>Der Pr\u00fcfungsausschuss Wirtschaftsingenieurwesen ist f\u00fcr die Einhaltung der Pr\u00fcfungsordnung verantwortlich. Er setzt sich aus setzt sich aus vier Professoren bzw.Professorinnen der Fakult\u00e4ten f\u00fcr Elektrotechnik, Maschinenbau und Wirtschafts- und Sozialwissenschaften und zwei Studierenden zusammen.<\/p>\n\n\n\n<hr class=\"wp-block-separator has-alpha-channel-opacity\" \/>\n\n\n\n<p class=\"has-medium-font-size\"><strong>Gremien &#8222;Weiterbildung&#8220;<\/strong><\/p>\n\n\n\n<p><strong>Koordinationsaussch\u00fcsse:<\/strong> Die Koordinationsaussch\u00fcsse (s.&nbsp;<a href=\"https:\/\/ilias.hsu-hh.de\/goto.php?target=cat_510152&amp;client_id=unibw\" target=\"_blank\" rel=\"noreferrer noopener\">Ilias<\/a>) sind zust\u00e4ndig f\u00fcr die Koordinierung und Weiterentwicklung ihres jeweiligen Studienganges und die Bestimmung der Zulassungstermine. Ver\u00e4ndern sich die Inhalte des Lehrangebots, pr\u00fcfen die Koordinationsaussch\u00fcsse die Anrechnungsf\u00e4higkeit der neuen Lehrinhalte im Sinne von \u00a7 40 Abs. 2 HmbHG und legen ihre Stellungnahme dem Fakult\u00e4tsrat vor.<\/p>\n\n\n\n<p><strong>Pr\u00fcfungsausschuss Weiterbildung:<\/strong> Der Pr\u00fcfungsausschuss Weiterbildung (s.&nbsp;<a href=\"https:\/\/ilias.hsu-hh.de\/goto.php?target=cat_510152&amp;client_id=unibw\" target=\"_blank\" rel=\"noreferrer noopener\">Ilias<\/a>) ist f\u00fcr die Einhaltung der Pr\u00fcfungsordnung der weiterbildenden Studieng\u00e4nge verantwortlich.<\/p>\n\n\n\n<p><strong>Widerspruchsaussch\u00fcsse Weiterbildung:<\/strong> Liegen in Pr\u00fcfungsangelegenheiten Widerspr\u00fcche vor, denen nicht durch den Pr\u00fcfungsausschuss abgeholfen werden kann, werden die Widerspruchsaussch\u00fcsse aktiv. Es gibt einen Widerspruchsausschuss f\u00fcr jeden Weiterbildungsstudiengang der Fakult\u00e4t. Diese setzen sich stets aus einer Professorin\/ einem Professor und einem Studierenden des jeweiligen Studiengangs zusammen. Hier finden Sie die Mitglieder der Widerspruchsaussch\u00fcsse (s.&nbsp;<a href=\"https:\/\/ilias.hsu-hh.de\/goto.php?target=cat_510152&amp;client_id=unibw\" target=\"_blank\" rel=\"noreferrer noopener\">Ilias<\/a>) der einzelnen Studieng\u00e4nge der Fakult\u00e4t&nbsp;<abbr title=\"Wirtschafts- und Sozialwissenschaften\">WiSo<\/abbr>.<\/p>\n\n\n\n<hr class=\"wp-block-separator has-alpha-channel-opacity\" \/>\n\n\n\n<p class=\"has-medium-font-size\"><strong>Fakult\u00e4tsbeauftrage &amp; Vertreter wissenschaftlicher Gesellschaften<\/strong><\/p>\n\n\n\n<p>Fakult\u00e4tsbeauftragte: Fakult\u00e4tsbeauftragte nehmen Entscheidungs-, Informations-, Beratungs- und Ausf\u00fchrungsaufgaben f\u00fcr spezielle Bereiche (Haushalt und Planung, Weiterbildung, Bibliotheksangelegenheiten, Doktorandenweiterbildung&nbsp;<abbr title=\"et cetera\">etc.<\/abbr>) wahr. Eine \u00dcbersicht \u00fcber die Fakult\u00e4tsbeauftragen (s.&nbsp;<a href=\"https:\/\/ilias.hsu-hh.de\/goto.php?target=cat_510152&amp;client_id=unibw\" target=\"_blank\" rel=\"noreferrer noopener\">Ilias)<\/a>&nbsp;<\/p>\n\n\n\n<hr class=\"wp-block-separator has-alpha-channel-opacity\" \/>\n\n\n\n<p class=\"has-medium-font-size\"><strong>Vertreter wissenschaftlicher Gesellschaften:<\/strong> Eine \u00dcbersicht der Vertreter Wissenschaftliche Gesellschaften s.&nbsp;<a href=\"https:\/\/ilias.hsu-hh.de\/goto.php?target=cat_510152&amp;client_id=unibw\" target=\"_blank\" rel=\"noreferrer noopener\">Ilias<\/a>.<\/p>\n\n\n\n<hr class=\"wp-block-separator has-alpha-channel-opacity\" \/>\n\n\n\n<p class=\"has-medium-font-size\"><strong>Rahmenbestimmungen, Ordnungen, Richtlinien:<\/strong> Alle aktuellen Ordnungen und Richtlinien finden Sie auf der Seite des&nbsp;<a href=\"https:\/\/www.hsu-hh.de\/asv\/\">Senatssekretariates<\/a>.<\/p>\n\n\n\n<p><\/p>\n","protected":false},"excerpt":{"rendered":"<p>Gremien der Fakult\u00e4t Fakult\u00e4tsrat Der Fakult\u00e4tsrat entscheidet in allen grunds\u00e4tzlichen Angelegenheiten der Fakult\u00e4t, soweit die Rahmenbestimmungen und die Grundordnung der&nbsp;HSU\/UniBw H nichts anderes bestimmen.Eine \u00dcbersicht \u00fcber die Mitglieder, Protokolle und [&hellip;]<\/p>\n","protected":false},"author":23,"featured_media":0,"parent":0,"menu_order":0,"comment_status":"closed","ping_status":"closed","template":"","meta":{"footnotes":""},"categories":[41],"tags":[],"class_list":["post-1249","page","type-page","status-publish","hentry","category-fakultaet"],"_links":{"self":[{"href":"https:\/\/www.hsu-hh.de\/wiso\/wp-json\/wp\/v2\/pages\/1249","targetHints":{"allow":["GET"]}}],"collection":[{"href":"https:\/\/www.hsu-hh.de\/wiso\/wp-json\/wp\/v2\/pages"}],"about":[{"href":"https:\/\/www.hsu-hh.de\/wiso\/wp-json\/wp\/v2\/types\/page"}],"author":[{"embeddable":true,"href":"https:\/\/www.hsu-hh.de\/wiso\/wp-json\/wp\/v2\/users\/23"}],"replies":[{"embeddable":true,"href":"https:\/\/www.hsu-hh.de\/wiso\/wp-json\/wp\/v2\/comments?post=1249"}],"version-history":[{"count":86,"href":"https:\/\/www.hsu-hh.de\/wiso\/wp-json\/wp\/v2\/pages\/1249\/revisions"}],"predecessor-version":[{"id":6692,"href":"https:\/\/www.hsu-hh.de\/wiso\/wp-json\/wp\/v2\/pages\/1249\/revisions\/6692"}],"wp:attachment":[{"href":"https:\/\/www.hsu-hh.de\/wiso\/wp-json\/wp\/v2\/media?parent=1249"}],"wp:term":[{"taxonomy":"category","embeddable":true,"href":"https:\/\/www.hsu-hh.de\/wiso\/wp-json\/wp\/v2\/categories?post=1249"},{"taxonomy":"post_tag","embeddable":true,"href":"https:\/\/www.hsu-hh.de\/wiso\/wp-json\/wp\/v2\/tags?post=1249"}],"curies":[{"name":"wp","href":"https:\/\/api.w.org\/{rel}","templated":true}]}}