{"id":73,"date":"2017-07-03T15:52:08","date_gmt":"2017-07-03T13:52:08","guid":{"rendered":"https:\/\/www.hsu-hh.de\/vorlage\/?page_id=73"},"modified":"2025-02-28T11:45:56","modified_gmt":"2025-02-28T10:45:56","slug":"startseite","status":"publish","type":"page","link":"https:\/\/www.hsu-hh.de\/werkstoffkunde\/","title":{"rendered":""},"content":{"rendered":"<h2 style=\"text-align: center\"><strong>Willkommen am Institut f\u00fcr Werkstofftechnik<\/strong><\/h2>\n<p style=\"text-align: center\">Als Teil der Fakult\u00e4t Maschinenbau forschen wir schwerpunktm\u00e4\u00dfig auf Themenbereichen der Oberfl\u00e4chentechnik und assoziierter Ph\u00e4nomene zu Phasenumwandlungen von metallischen Legierungen und der Bildung von Kompositen.<\/p>\n<p style=\"text-align: center\">Seit den sp\u00e4ten 1990er Jahren haben wir ma\u00dfgeblich zum Verst\u00e4ndnis und zur Prozessentwicklung des Kaltgasspritzens \/ kinetischen Spritzens beigetragen. Unsere internationale F\u00fchrungsrolle betrifft dabei sowohl Grundlagenforschung als auch Anwendungsentwicklungen sowie Entwicklungen zur Anlagentechnik &#8211; letztere h\u00e4ufig in Kooperation mit industriellen Partnern.<\/p>\n<p style=\"text-align: center\">Unsere Forschungsarbeiten kombinieren Simulationen der Str\u00f6mungsmechanik und Modellierungen der Verformung bei der Materialanbindung mit entsprechender experimenteller Verifikation der Ergebnisse. Damit besitzen wir die n\u00f6tige Expertise, um Beschichtungsparameter auf neue Materialentwicklungen abzustimmen, <abbr title=\"das hei\u00dft\">d.h.<\/abbr> neue Materialmodelle und Prozessbeschreibungen zu entwickeln.<\/p>\n\n\n<p><\/p>\n","protected":false},"excerpt":{"rendered":"<p>Willkommen am Institut f\u00fcr Werkstofftechnik Als Teil der Fakult\u00e4t Maschinenbau forschen wir schwerpunktm\u00e4\u00dfig auf Themenbereichen der Oberfl\u00e4chentechnik und assoziierter Ph\u00e4nomene zu Phasenumwandlungen von metallischen Legierungen und der Bildung von Kompositen. [&hellip;]<\/p>\n","protected":false},"author":1,"featured_media":1215,"parent":0,"menu_order":0,"comment_status":"closed","ping_status":"closed","template":"","meta":{"footnotes":""},"categories":[35],"tags":[],"class_list":["post-73","page","type-page","status-publish","has-post-thumbnail","hentry","category-startseite"],"_links":{"self":[{"href":"https:\/\/www.hsu-hh.de\/werkstoffkunde\/wp-json\/wp\/v2\/pages\/73","targetHints":{"allow":["GET"]}}],"collection":[{"href":"https:\/\/www.hsu-hh.de\/werkstoffkunde\/wp-json\/wp\/v2\/pages"}],"about":[{"href":"https:\/\/www.hsu-hh.de\/werkstoffkunde\/wp-json\/wp\/v2\/types\/page"}],"author":[{"embeddable":true,"href":"https:\/\/www.hsu-hh.de\/werkstoffkunde\/wp-json\/wp\/v2\/users\/1"}],"replies":[{"embeddable":true,"href":"https:\/\/www.hsu-hh.de\/werkstoffkunde\/wp-json\/wp\/v2\/comments?post=73"}],"version-history":[{"count":28,"href":"https:\/\/www.hsu-hh.de\/werkstoffkunde\/wp-json\/wp\/v2\/pages\/73\/revisions"}],"predecessor-version":[{"id":2360,"href":"https:\/\/www.hsu-hh.de\/werkstoffkunde\/wp-json\/wp\/v2\/pages\/73\/revisions\/2360"}],"wp:featuredmedia":[{"embeddable":true,"href":"https:\/\/www.hsu-hh.de\/werkstoffkunde\/wp-json\/wp\/v2\/media\/1215"}],"wp:attachment":[{"href":"https:\/\/www.hsu-hh.de\/werkstoffkunde\/wp-json\/wp\/v2\/media?parent=73"}],"wp:term":[{"taxonomy":"category","embeddable":true,"href":"https:\/\/www.hsu-hh.de\/werkstoffkunde\/wp-json\/wp\/v2\/categories?post=73"},{"taxonomy":"post_tag","embeddable":true,"href":"https:\/\/www.hsu-hh.de\/werkstoffkunde\/wp-json\/wp\/v2\/tags?post=73"}],"curies":[{"name":"wp","href":"https:\/\/api.w.org\/{rel}","templated":true}]}}