{"id":322,"date":"2017-11-01T10:43:46","date_gmt":"2017-11-01T09:43:46","guid":{"rendered":"https:\/\/www.hsu-hh.de\/werkstoffkunde\/?page_id=322"},"modified":"2018-11-27T13:27:01","modified_gmt":"2018-11-27T12:27:01","slug":"master","status":"publish","type":"page","link":"https:\/\/www.hsu-hh.de\/werkstoffkunde\/lehre\/master","title":{"rendered":"Master"},"content":{"rendered":"<h3>Oberfl\u00e4chentechnik I<\/h3>\n<table width=\"454\">\n<tbody>\n<tr>\n<td width=\"134\">Kursnummer:<\/td>\n<td width=\"320\">MB 09701<\/td>\n<\/tr>\n<tr>\n<td>Dozent:<\/td>\n<td><abbr title=\"Professor\">Prof.<\/abbr> <abbr title=\"Doktor\">Dr.<\/abbr>-Ing.Thomas Klassen<\/p>\n<p><abbr title=\"Doktor der Naturwissenschaften\">Dr. rer. nat.<\/abbr> Frank G\u00e4rtner<\/td>\n<\/tr>\n<tr>\n<td>Studiengang:<\/td>\n<td>Maschinenbau<\/td>\n<\/tr>\n<tr>\n<td>Trimester:<\/td>\n<td><abbr title=\"Wintertrimester\">WT<\/abbr><\/td>\n<\/tr>\n<tr>\n<td>Leistungspunkte:<\/td>\n<td>4<\/td>\n<\/tr>\n<tr>\n<td>Qualifikationsziele:<\/td>\n<td>Die Studenten erwerben grundlegende Kenntnisse in der Oberfl\u00e4chentechnik und zu verschiedenen Beschichtungsverfahren. Ziel ist die Qualifizierung der Studenten in Hinblick auf die Auswahl geeigneter Werkstoffe und Beschichtungsverfahren f\u00fcr die Optimierung der Oberfl\u00e4chenbeschaffenheit f\u00fcr ein bestimmtes Bauteil <abbr title=\"beziehungsweise\">bzw.<\/abbr> eine spezielle Funktion.<\/td>\n<\/tr>\n<tr>\n<td>Inhalte:<\/td>\n<td>Oberfl\u00e4chenbeschaffenheit: Bindungen, Morphologie, Strukturen, Defekte<br \/>\nOberfl\u00e4chenmodifizierung: Verformung, W\u00e4rmebehandlung, Aufschmelzen, Legieren<br \/>\nBeschichtung aus Schmelze: Schmelztauchen, Auftragsschwei\u00dfen, Thermisches Spritzen<br \/>\nBeschichtung aus der festen Phase: Pressschwei\u00dfen, Walz-,Explosivplattieren, kinet. Spritz.<br \/>\nElektrolytische Beschichtungsverfahren: elektrolytische, au\u00dfenstromlose, Konversion<br \/>\nBeschichtung aus Dampfphase: Physikalische (PVD), Chemische Dampfabscheidung (CVD)<br \/>\nSchichtbeispiele und Anwendungen: Korrosionsschutz\/Verschlei\u00dfschutz f\u00fcr die Fahrzeug-industrie, hochtemperaturfeste Beschichtungen f\u00fcr die Energietechnik<\/td>\n<\/tr>\n<tr>\n<td>Unterlagen:<\/td>\n<td>bitte ILIAS nutzen<\/td>\n<\/tr>\n<\/tbody>\n<\/table>\n<h3>Oberfl\u00e4chentechnik II<\/h3>\n<table width=\"454\">\n<tbody>\n<tr>\n<td width=\"134\">Kursnummer:<\/td>\n<td width=\"320\">MB 10701<\/td>\n<\/tr>\n<tr>\n<td>Dozent:<\/td>\n<td><abbr title=\"Professor\">Prof.<\/abbr> <abbr title=\"Doktor der Ingenieurwissenschaften\">Dr.-Ing.<\/abbr> Thomas Klassen<\/p>\n<p><abbr title=\"Doktor der Naturwissenschaften\">Dr. rer. nat.<\/abbr> Frank G\u00e4rtner<\/td>\n<\/tr>\n<tr>\n<td>Studiengang:<\/td>\n<td>Maschinenbau<\/td>\n<\/tr>\n<tr>\n<td>Trimester:<\/td>\n<td><abbr title=\"Herbsttrimester\">HT<\/abbr><\/td>\n<\/tr>\n<tr>\n<td>Leistungspunkte:<\/td>\n<td>4<\/td>\n<\/tr>\n<tr>\n<td>Qualifikationsziele:<\/td>\n<td>Die Studenten erwerben grundlegende Kenntnisse in der Analyse und Beurteilung von Werkstoffen und Beschichtungen <abbr title=\"beziehungsweise\">bzw.<\/abbr> Bauteiloberfl\u00e4chen. Sie sollen die Qualifikation erlangen, geeignete Charakterisierungsmethoden und Pr\u00fcfverfahren auszuw\u00e4hlen und die Ergebnisse zu analysieren. Sie erwerben die F\u00e4higkeit, Oberfl\u00e4chen und Schichten sowie Qualit\u00e4t hinsichtlich der Anwendungseigenschaften zu beurteilen.<\/td>\n<\/tr>\n<tr>\n<td>Inhalte:<\/td>\n<td>Korrosionsmechanismen und -analysen: Oberfl\u00e4chenreaktion, Elektrochemie, Passivierung<br \/>\nVerschlei\u00dfmechanismen und \u2013analysen: Reibung, adh\u00e4siver, abrasiver, erosiver Verschlei\u00df<br \/>\nMechanische Pr\u00fcfung von Schichten: Festigkeit, Haftfestigkeit, H\u00e4rte<br \/>\nGef\u00fcge- und Strukturanalyse: Mikroskopie (LM, REM, TEM, AFM), R\u00f6ntgenfeinstrukturanalyse<br \/>\nKriterien f\u00fcr optimale Werkstoffauswahl (nach Ashby)<br \/>\nNeue Werkstoffentwicklungen: nanostrukturierte und amorphe Werkstoffe und Oberfl\u00e4chen<\/td>\n<\/tr>\n<tr>\n<td>Unterlagen:<\/td>\n<td>bitte ILIAS nutzen<\/td>\n<\/tr>\n<\/tbody>\n<\/table>\n","protected":false},"excerpt":{"rendered":"<p>Oberfl\u00e4chentechnik I Kursnummer: MB 09701 Dozent: Prof. Dr.-Ing.Thomas Klassen Dr. rer. nat. Frank G\u00e4rtner Studiengang: Maschinenbau Trimester: WT Leistungspunkte: 4 Qualifikationsziele: Die Studenten erwerben grundlegende Kenntnisse in der Oberfl\u00e4chentechnik und [&hellip;]<\/p>\n","protected":false},"author":47,"featured_media":0,"parent":318,"menu_order":0,"comment_status":"closed","ping_status":"closed","template":"","meta":{"footnotes":""},"categories":[6],"tags":[],"class_list":["post-322","page","type-page","status-publish","hentry","category-lehre"],"_links":{"self":[{"href":"https:\/\/www.hsu-hh.de\/werkstoffkunde\/wp-json\/wp\/v2\/pages\/322","targetHints":{"allow":["GET"]}}],"collection":[{"href":"https:\/\/www.hsu-hh.de\/werkstoffkunde\/wp-json\/wp\/v2\/pages"}],"about":[{"href":"https:\/\/www.hsu-hh.de\/werkstoffkunde\/wp-json\/wp\/v2\/types\/page"}],"author":[{"embeddable":true,"href":"https:\/\/www.hsu-hh.de\/werkstoffkunde\/wp-json\/wp\/v2\/users\/47"}],"replies":[{"embeddable":true,"href":"https:\/\/www.hsu-hh.de\/werkstoffkunde\/wp-json\/wp\/v2\/comments?post=322"}],"version-history":[{"count":14,"href":"https:\/\/www.hsu-hh.de\/werkstoffkunde\/wp-json\/wp\/v2\/pages\/322\/revisions"}],"predecessor-version":[{"id":1077,"href":"https:\/\/www.hsu-hh.de\/werkstoffkunde\/wp-json\/wp\/v2\/pages\/322\/revisions\/1077"}],"up":[{"embeddable":true,"href":"https:\/\/www.hsu-hh.de\/werkstoffkunde\/wp-json\/wp\/v2\/pages\/318"}],"wp:attachment":[{"href":"https:\/\/www.hsu-hh.de\/werkstoffkunde\/wp-json\/wp\/v2\/media?parent=322"}],"wp:term":[{"taxonomy":"category","embeddable":true,"href":"https:\/\/www.hsu-hh.de\/werkstoffkunde\/wp-json\/wp\/v2\/categories?post=322"},{"taxonomy":"post_tag","embeddable":true,"href":"https:\/\/www.hsu-hh.de\/werkstoffkunde\/wp-json\/wp\/v2\/tags?post=322"}],"curies":[{"name":"wp","href":"https:\/\/api.w.org\/{rel}","templated":true}]}}