{"id":320,"date":"2017-11-01T10:43:30","date_gmt":"2017-11-01T09:43:30","guid":{"rendered":"https:\/\/www.hsu-hh.de\/werkstoffkunde\/?page_id=320"},"modified":"2018-11-27T13:37:20","modified_gmt":"2018-11-27T12:37:20","slug":"bachelor","status":"publish","type":"page","link":"https:\/\/www.hsu-hh.de\/werkstoffkunde\/lehre\/bachelor","title":{"rendered":"Bachelor"},"content":{"rendered":"<h3>Werkstofftechnik I, II<\/h3>\n<table width=\"454\">\n<tbody>\n<tr>\n<td width=\"134\">Kursnummer:<\/td>\n<td width=\"320\">MB 01701<\/td>\n<\/tr>\n<tr>\n<td>Dozent:<\/td>\n<td><abbr title=\"Professor\">Prof.<\/abbr> <abbr title=\"Doktor der Ingenieurwissenschaften\">Dr.-Ing.<\/abbr> T. Klassen<\/td>\n<\/tr>\n<tr>\n<td>Studiengang:<\/td>\n<td>Maschinenbau, Wirtschaftsingenieurwesen<\/td>\n<\/tr>\n<tr>\n<td>Trimester:<\/td>\n<td>Werkstofftechnik I <abbr title=\"Herbsttrimester\">HT<\/abbr><\/p>\n<p>Werkstofftechnik II <abbr title=\"Wintertrimester\">WT<\/abbr><\/td>\n<\/tr>\n<tr>\n<td>Leistungspunkte:<\/td>\n<td>6 ingesamt (Werkstofftechnik I (2), Wekstofftechnik II (3),\u00a0 \u00dcbungen Werkstofftechnik (1))<\/td>\n<\/tr>\n<tr>\n<td>Qualifikationsziele:<\/td>\n<td>Studierende dieses Moduls sollen in der Lage versetzt werden, das Verhalten von Werkstoffen einsch\u00e4tzen zu k\u00f6nnen sowie Eigenschaften gezielt durch Legierungselemente und\/oder Mikrostrukturmodifikation einzustellen. Dazu soll ein Verst\u00e4ndnis der grund-legenden Struktur\/Gef\u00fcge-Eigenschaftkorrelation vermittelt werden. Dar\u00fcber hinaus soll die F\u00e4higkeit entwickelt werden, geeignete Werkstoffe und Werkstoffkombinationen unter Ber\u00fccksichtigung des Eigenschaftsprofils, der Bauteilgeometrie und \u2013belastung, sowie des Fertigungsaufwands <abbr title=\"beziehungsweise\">bzw.<\/abbr> des Fertigungseinflusses gezielt f\u00fcr eine spezifische Anwendung auszuw\u00e4hlen.<\/td>\n<\/tr>\n<tr>\n<td>Inhalte:<\/td>\n<td>Aufbau von Werkstoffen, Bindungsverh\u00e4ltnisse, Gitterstrukturen, Gitterbaufehler, Mikro-struktur, Thermische Umwandlungsprozesse, Phasenumwandlungsprozesse, Phasendia-gramme, insbesondere Eisen-Kohlenstoff, Kennzeichnung von St\u00e4hlen, Leichtmetall-legierungen: Aluminium-, Magnesium-, und Titan-basierte Werkstoffe, Messing, Polymere, Keramiken, Herstellungs- und Formgebungsverfahren, grunds\u00e4tzliche H\u00e4rtungsmechanis-men, H\u00e4rtungsverfahren, Oberfl\u00e4chenveredelung, Korrosion, Verhalten und Versagen von Werkstoffen unter mechanischer Last und entsprechende Pr\u00fcfverfahren, Grundlagen und Probleme des Schwei\u00dfens und L\u00f6tens, R\u00f6ntgenfeinstrukturanalyse, zerst\u00f6rungsfreie Werk-stoffpr\u00fcfung, Mikroskopische Methoden (Licht- und Rasterelektronenmikroskopie)<\/td>\n<\/tr>\n<tr>\n<td>Unterlagen:<\/td>\n<td>bitte ILIAS nutzen<\/td>\n<\/tr>\n<\/tbody>\n<\/table>\n<h3>Naturwissenschaftlich-technisches Praktikum I<\/h3>\n<table width=\"454\">\n<tbody>\n<tr>\n<td width=\"134\">Kursnummer:<\/td>\n<td width=\"320\">MB 02901<\/td>\n<\/tr>\n<tr>\n<td>Dozent:<\/td>\n<td><abbr title=\"Professor\">Prof.<\/abbr> <abbr title=\"Doktor der Ingenieurwissenschaften\">Dr.-Ing.<\/abbr> T. Klassen<\/td>\n<\/tr>\n<tr>\n<td>Studiengang:<\/td>\n<td>Maschinenbau, Wirtschaftsingenieurwesen<\/td>\n<\/tr>\n<tr>\n<td>Trimester:<\/td>\n<td><abbr title=\"Wintertrimester\">WT<\/abbr>\/<abbr title=\"Fr\u00fchjahrstrimester\">FT<\/abbr><\/td>\n<\/tr>\n<tr>\n<td>Leistungspunkte:<\/td>\n<td>2<\/td>\n<\/tr>\n<tr>\n<td>Qualifikationsziele:<\/td>\n<td>Studierende dieses Moduls sollen Kernthemen verschiedener Vorlesungen in Form von Laborversuchen vertiefen und sich mit praxisrelevanten Methoden und Ger\u00e4ten vertraut machen. Sie sollen die Konzeption, Durchf\u00fchrung und Dokumentation von Experimenten kennen lernen und dadurch in die Lage versetzt werden, eigenst\u00e4ndig wissenschaftliche und technische Ger\u00e4te zu bedienen sowie Versuchsreihen zu planen und zu dokumentieren.<\/td>\n<\/tr>\n<tr>\n<td>Inhalte:<\/td>\n<td><strong>Werkstofftechnik:<\/strong> Aufbau von Werkstoffen und Gitterstrukturen mittels R\u00f6ntgenfeinstrukturanalyse, Korngr\u00f6\u00dfen und innere Spannungen, Ausbildung und Charakterisierung von Mikrostrukturen und Phasenumwandlungen, Phasendiagramme, insbesondere Eisen-Kohlenstoff, grunds\u00e4tzliche H\u00e4rtungsmechanismen, Korrosion, Verhalten und Versagen von Werkstoffen unter mechanischer Last und entsprechende Pr\u00fcfverfahren, zerst\u00f6rungsfreie Werkstoffpr\u00fcfung, Mikroskopische Methoden (Licht- und Rasterelektronenmikroskopie).<\/p>\n<p><strong>Mechanik:<\/strong> Kr\u00e4fteverteilung in Fachwerkstrukturen, Reibungseffekte, Elastizit\u00e4tslehre am Beispiel von Versuchen mit Werkstoffen unter Last (Zugversuche, orthotropes Werkstoffverhalten, Relaxation, Kriechen); Verifizierung von Modellen der Mechanik (Bernoulli-Hypothese unter Verwendung von Korrelations-Messsystem).<\/td>\n<\/tr>\n<tr>\n<td>Unterlagen:<\/td>\n<td>bitte ILIAS nutzen<\/td>\n<\/tr>\n<\/tbody>\n<\/table>\n<h3>MT (Defense Systems)<\/h3>\n<p>Modulbeschreibung folgt<\/p>\n","protected":false},"excerpt":{"rendered":"<p>Werkstofftechnik I, II Kursnummer: MB 01701 Dozent: Prof. Dr.-Ing. T. Klassen Studiengang: Maschinenbau, Wirtschaftsingenieurwesen Trimester: Werkstofftechnik I HT Werkstofftechnik II WT Leistungspunkte: 6 ingesamt (Werkstofftechnik I (2), Wekstofftechnik II (3),\u00a0 [&hellip;]<\/p>\n","protected":false},"author":47,"featured_media":0,"parent":318,"menu_order":0,"comment_status":"closed","ping_status":"closed","template":"","meta":{"footnotes":""},"categories":[6],"tags":[],"class_list":["post-320","page","type-page","status-publish","hentry","category-lehre"],"_links":{"self":[{"href":"https:\/\/www.hsu-hh.de\/werkstoffkunde\/wp-json\/wp\/v2\/pages\/320","targetHints":{"allow":["GET"]}}],"collection":[{"href":"https:\/\/www.hsu-hh.de\/werkstoffkunde\/wp-json\/wp\/v2\/pages"}],"about":[{"href":"https:\/\/www.hsu-hh.de\/werkstoffkunde\/wp-json\/wp\/v2\/types\/page"}],"author":[{"embeddable":true,"href":"https:\/\/www.hsu-hh.de\/werkstoffkunde\/wp-json\/wp\/v2\/users\/47"}],"replies":[{"embeddable":true,"href":"https:\/\/www.hsu-hh.de\/werkstoffkunde\/wp-json\/wp\/v2\/comments?post=320"}],"version-history":[{"count":11,"href":"https:\/\/www.hsu-hh.de\/werkstoffkunde\/wp-json\/wp\/v2\/pages\/320\/revisions"}],"predecessor-version":[{"id":1081,"href":"https:\/\/www.hsu-hh.de\/werkstoffkunde\/wp-json\/wp\/v2\/pages\/320\/revisions\/1081"}],"up":[{"embeddable":true,"href":"https:\/\/www.hsu-hh.de\/werkstoffkunde\/wp-json\/wp\/v2\/pages\/318"}],"wp:attachment":[{"href":"https:\/\/www.hsu-hh.de\/werkstoffkunde\/wp-json\/wp\/v2\/media?parent=320"}],"wp:term":[{"taxonomy":"category","embeddable":true,"href":"https:\/\/www.hsu-hh.de\/werkstoffkunde\/wp-json\/wp\/v2\/categories?post=320"},{"taxonomy":"post_tag","embeddable":true,"href":"https:\/\/www.hsu-hh.de\/werkstoffkunde\/wp-json\/wp\/v2\/tags?post=320"}],"curies":[{"name":"wp","href":"https:\/\/api.w.org\/{rel}","templated":true}]}}