{"id":310,"date":"2017-11-01T10:39:52","date_gmt":"2017-11-01T09:39:52","guid":{"rendered":"https:\/\/www.hsu-hh.de\/werkstoffkunde\/?page_id=310"},"modified":"2023-04-05T11:40:45","modified_gmt":"2023-04-05T09:40:45","slug":"projekte","status":"publish","type":"page","link":"https:\/\/www.hsu-hh.de\/werkstoffkunde\/forschung\/projekte","title":{"rendered":"Projekte"},"content":{"rendered":"<div class=\"clearfix\">\n<h3>aktuelle Projekte \/ Kooperationen<\/h3>\n<h3>DFG SAVE<\/h3>\n<p>Das <abbr title=\"Deutsche Forschungsgemeinschaft\">DFG<\/abbr>-Projekt &#8222;SAVE &#8211; Defect size and fracture strength in solid-state additive manufacturing&#8220; (Deu.: \u201eDefekt\u00adgr\u00f6\u00dfe und Bruchfestigkeit in festk\u00f6rperprozessbasierter, generativer Ferti\u00adgung&#8220;, widmet sich grundlagenwissenschaftlichen Fragestellungen zur Bruchmechanik kaltgasgespritzter Schichten und zielt darauf ab, Richtlinien f\u00fcr den Einsatz und die Sicherheit von additiv gefertigten Teilen zu erstellen. Die wesentlichen Inhalte des Forschungsthemas lassen sich wie folgt zusammenfassen:<\/p>\n<p>3-D Druck von Bauteilen gilt aus zukunftsweisende Technologie. Gegen\u00fcber soweit etablierten Verfahren, haben neue Techniken das Potential, um gr\u00f6\u00dfere Bauteile aus hochfesten Werkstoffen aufzubauen. Um solche neue Techniken wie <abbr title=\"zum Beispiel\">z.B.<\/abbr> das Kaltgasspritzen f\u00fcr die additive Fertigung zu qualifizieren sind nachhaltige Werkstoff- als Bauteilanalysen, als auch eine entsprechende Beschreibung in theoretischen Modellen erforderlich. In der Kooperation mit den Partnern an der Northwestern Polytechnical University, Xi\u2019an, China sollen erstmalig in Kombination mit experimentellen Ergebnissen bruchmechanische Modelle zur Beschreibung solch aufgebauter Teile entwickelt werden. Nur so lassen sich die geforderten Eigenschaften f\u00fcr einen m\u00f6glichen technischen Einsatz prognostizieren. Der Ansatz der soweit reinen Grundlagenforschung kann im Nachgang und Folgevorhaben die Grundlage f\u00fcr ein neues Prozessverst\u00e4ndnis und damit neue Anwendungen liefern.<\/p>\n<h3>Il Trovatore<\/h3>\n<p>Dieses internationale EU Projekt untersucht die M\u00f6glichkeiten Brennst\u00e4be von Kernkraftwerken sicherer zu machen, um so Vorf\u00e4lle wie in Fukushima, Japan 2011 zu verhindern. Daf\u00fcr werden in diesem Projekt unter anderem Oxidationsschichten von MAX Phasen untersucht, die hier an der <abbr title=\"Helmut Schmidt Universit\u00e4t\">HSU<\/abbr> mit Hilfe der Aerosol Deposition Methode und dem Kaltgasspritzen hergestellt werden. Weitere Informationen zu dem EU Projekt \u201eIL TROVATORE\u201c sind unter <a href=\"http:\/\/www.iltrovatore-h2020.eu\" rel='nofollow'>http:\/\/www.iltrovatore-h2020.eu<\/a> zufinden.<\/p>\n<\/div>\n<div class=\"clearfix\">\n<h3>Keramische Schichten f\u00fcr den Einsatz in photoelektrochemischen Zellen<\/h3>\n<p>In Kooperation mit dem Helmholtz-Zentrum Hereon werden an der <abbr title=\"Helmut Schmidt Universit\u00e4t\">HSU<\/abbr> d\u00fcnne keramische Schichten aus BiVO4, Fe2O3 und CuFeO2 f\u00fcr den Einsatz in photoelektrochemischen Zellen hergestellt. Diese werden genutzt um die Gewinnung von gr\u00fcnen Wasserstoff\u00a0 -direkt aus Wasser und Sonnenlicht- zu erforschen. Weitere Informationen finden Sie unter: <a href=\"https:\/\/www.hereon.de\/institutes\/photoelectrochemistry\/index.php.de\" rel='nofollow'>https:\/\/www.hhttps:\/\/www.hereon.de\/institutes\/photoelectrochemistry\/index.php.de<\/a>.<\/p>\n<\/div>\n<h3>abgeschlossene Projekte<\/h3>\n<div class=\"clearfix\">\n<ul>\n<li>Kaltgasspritzen industrieller Gleitschichten &#8211; <a href=\"https:\/\/www.produktion-dienstleistung-arbeit.de\/files\/ucm01_001508.pdf\" rel='nofollow'>&#8222;KaSpriGleit&#8220;<\/a> <\/li>\n<li><a href=\"http:\/\/www.cmt-net.org\/index.php?id=344\" rel='nofollow'>Besch\u00e4digungsresistente Oberfl\u00e4chenbeschichtungen maritimer Strukturen bei typischen Betriebs- und Umweltbelastungen am Beispiel Ruder<\/a><\/li>\n<li><a href=\"https:\/\/www.welt.de\/print\/die_welt\/hamburg\/article12319839\/Bald-wird-neuer-Druck-gemacht.html\" rel='nofollow'>Kaltgasgespritzte Schichten zum Lasergravieren f\u00fcr Tiefdruckwalzen<\/a><\/li>\n<li><a href=\"https:\/\/gepris.dfg.de\/gepris\/projekt\/157801175?context=projekt&amp;task=showDetail&amp;id=157801175&amp;\" rel='nofollow'>Kaltgasspritzen hochaktiver photokatalytischer Schichten<\/a><\/li>\n<li><a href=\"http:\/\/publica.fraunhofer.de\/dokumente\/N-298292.html\" rel='nofollow'>Innovative Aufbautechnologie f\u00fcr elektronische Hochleistungsmodule in Fahrzeugen durch thermisches und kinetisches Spritzen<\/a><\/li>\n<li><a href=\"https:\/\/gepris.dfg.de\/gepris\/projekt\/5196734\" rel='nofollow'>Entstehung und Funktion innerer Grenzfl\u00e4chen beim Kaltgasspritzen<\/a><\/li>\n<li><a href=\"https:\/\/www.fona.de\/de\/massnahmen\/foerdermassnahmen\/foerderinitiative-materialforschung-fuer-die-energiewende\/duasol.php\" rel='nofollow'>Duasol<\/a> &#8211; Entwickelunf einer photoelektrochemischen Tandemzelle mit kaltgasgespritzten Elektroden<\/li>\n<li><a href=\"https:\/\/www.fona.de\/de\/massnahmen\/foerdermassnahmen\/foerderinitiative-materialforschung-fuer-die-energiewende\/focush2.php\" rel='nofollow'>Focus H2<\/a> &#8211; Kaltgasspritzen f\u00fcr strukturierte gro\u00dffl\u00e4chige Photoelektroden<\/li>\n<li>Funktionale Beschichtung von Magnesiumwerkstoffen<\/li>\n<li>Herstellung und Eigenschaften nanokristalliner Verschlei\u00dfschutzschichten<\/li>\n<li>Entwicklung und Erprobung von neuen Pulvern f\u00fcr das thermische Spritzen &#8211; hergestellt durch mechanisches Legieren und durch Verd\u00fcsen mit der PIGA-Anlage<\/li>\n<li><a href=\"https:\/\/www.sciencedirect.com\/science\/article\/pii\/S1359645496001668\" rel='nofollow'>Analysis of Microstructure Development in Droplet Solidification<\/a><\/li>\n<\/ul>\n<\/div>\n","protected":false},"excerpt":{"rendered":"<p>aktuelle Projekte \/ Kooperationen DFG SAVE Das DFG-Projekt &#8222;SAVE &#8211; Defect size and fracture strength in solid-state additive manufacturing&#8220; (Deu.: \u201eDefekt\u00adgr\u00f6\u00dfe und Bruchfestigkeit in festk\u00f6rperprozessbasierter, generativer Ferti\u00adgung&#8220;, widmet sich grundlagenwissenschaftlichen [&hellip;]<\/p>\n","protected":false},"author":47,"featured_media":0,"parent":306,"menu_order":0,"comment_status":"closed","ping_status":"closed","template":"","meta":{"footnotes":""},"categories":[4],"tags":[],"class_list":["post-310","page","type-page","status-publish","hentry","category-forschung"],"_links":{"self":[{"href":"https:\/\/www.hsu-hh.de\/werkstoffkunde\/wp-json\/wp\/v2\/pages\/310","targetHints":{"allow":["GET"]}}],"collection":[{"href":"https:\/\/www.hsu-hh.de\/werkstoffkunde\/wp-json\/wp\/v2\/pages"}],"about":[{"href":"https:\/\/www.hsu-hh.de\/werkstoffkunde\/wp-json\/wp\/v2\/types\/page"}],"author":[{"embeddable":true,"href":"https:\/\/www.hsu-hh.de\/werkstoffkunde\/wp-json\/wp\/v2\/users\/47"}],"replies":[{"embeddable":true,"href":"https:\/\/www.hsu-hh.de\/werkstoffkunde\/wp-json\/wp\/v2\/comments?post=310"}],"version-history":[{"count":46,"href":"https:\/\/www.hsu-hh.de\/werkstoffkunde\/wp-json\/wp\/v2\/pages\/310\/revisions"}],"predecessor-version":[{"id":1788,"href":"https:\/\/www.hsu-hh.de\/werkstoffkunde\/wp-json\/wp\/v2\/pages\/310\/revisions\/1788"}],"up":[{"embeddable":true,"href":"https:\/\/www.hsu-hh.de\/werkstoffkunde\/wp-json\/wp\/v2\/pages\/306"}],"wp:attachment":[{"href":"https:\/\/www.hsu-hh.de\/werkstoffkunde\/wp-json\/wp\/v2\/media?parent=310"}],"wp:term":[{"taxonomy":"category","embeddable":true,"href":"https:\/\/www.hsu-hh.de\/werkstoffkunde\/wp-json\/wp\/v2\/categories?post=310"},{"taxonomy":"post_tag","embeddable":true,"href":"https:\/\/www.hsu-hh.de\/werkstoffkunde\/wp-json\/wp\/v2\/tags?post=310"}],"curies":[{"name":"wp","href":"https:\/\/api.w.org\/{rel}","templated":true}]}}