{"id":2021,"date":"2024-08-16T14:04:25","date_gmt":"2024-08-16T12:04:25","guid":{"rendered":"https:\/\/www.hsu-hh.de\/werkstoffkunde\/?page_id=2021"},"modified":"2025-07-09T09:47:17","modified_gmt":"2025-07-09T07:47:17","slug":"ausstattung-der-werkstofftechnik","status":"publish","type":"page","link":"https:\/\/www.hsu-hh.de\/werkstoffkunde\/ausstattung-der-werkstofftechnik","title":{"rendered":"Ausstattung"},"content":{"rendered":"\n<p><\/p>\n\n\n\n<div class=\"wp-block-columns is-layout-flex wp-container-core-columns-is-layout-9d6595d7 wp-block-columns-is-layout-flex\">\n<div class=\"wp-block-column is-layout-flow wp-block-column-is-layout-flow\">\n<p class=\"has-medium-font-size\"><em>Ger\u00e4t<\/em><\/p>\n<\/div>\n\n\n\n<div class=\"wp-block-column is-layout-flow wp-block-column-is-layout-flow\">\n<p class=\"has-medium-font-size\"><em>Ansprechpartner<\/em><\/p>\n<\/div>\n<\/div>\n\n\n\n<h2 class=\"wp-block-heading\">Beschichtungsanlagen<\/h2>\n\n\n\n<div class=\"wp-block-columns is-layout-flex wp-container-core-columns-is-layout-9d6595d7 wp-block-columns-is-layout-flex\">\n<div class=\"wp-block-column is-layout-flow wp-block-column-is-layout-flow\">\n<p class=\"has-medium-font-size\">Kaltgasanlage Impact Spray System 5\/11<\/p>\n<\/div>\n\n\n\n<div class=\"wp-block-column is-layout-flow wp-block-column-is-layout-flow\">\n<p class=\"has-medium-font-size\"><a href=\"https:\/\/www.hsu-hh.de\/werkstoffkunde\/wt-mitarbeitende\/dr-ing-alexander-list\" data-type=\"page\" data-id=\"382\">Alexander List<\/a><\/p>\n<\/div>\n<\/div>\n\n\n\n<div class=\"wp-block-columns is-layout-flex wp-container-core-columns-is-layout-9d6595d7 wp-block-columns-is-layout-flex\">\n<div class=\"wp-block-column is-layout-flow wp-block-column-is-layout-flow\">\n<p class=\"has-medium-font-size\">Kaltgasanlage K8000x<\/p>\n<\/div>\n\n\n\n<div class=\"wp-block-column is-layout-flow wp-block-column-is-layout-flow\">\n<p class=\"has-medium-font-size\"><a href=\"https:\/\/www.hsu-hh.de\/werkstoffkunde\/wt-mitarbeitende\/dr-ing-alexander-list\" data-type=\"page\" data-id=\"382\">Alexander List<\/a><\/p>\n<\/div>\n<\/div>\n\n\n\n<div class=\"wp-block-columns is-layout-flex wp-container-core-columns-is-layout-9d6595d7 wp-block-columns-is-layout-flex\">\n<div class=\"wp-block-column is-layout-flow wp-block-column-is-layout-flow\">\n<p class=\"has-medium-font-size\">Aerosolanlage HLR<\/p>\n<\/div>\n\n\n\n<div class=\"wp-block-column is-layout-flow wp-block-column-is-layout-flow\">\n<p class=\"has-medium-font-size\"><a href=\"https:\/\/www.hsu-hh.de\/werkstoffkunde\/wt-mitarbeitende\/m-eng-andreas-elsenberg\" data-type=\"page\" data-id=\"1137\">Andreas Elsenberg<\/a><\/p>\n<\/div>\n<\/div>\n\n\n\n<h2 class=\"wp-block-heading\">Struktur- und Gef\u00fcgeanalyse<\/h2>\n\n\n\n<div class=\"wp-block-columns is-layout-flex wp-container-core-columns-is-layout-9d6595d7 wp-block-columns-is-layout-flex\">\n<div class=\"wp-block-column is-layout-flow wp-block-column-is-layout-flow\">\n<p class=\"has-medium-font-size\">Metallographie<\/p>\n<\/div>\n\n\n\n<div class=\"wp-block-column is-layout-flow wp-block-column-is-layout-flow\">\n<p class=\"has-medium-font-size\"><a href=\"https:\/\/www.hsu-hh.de\/werkstoffkunde\/wt-mitarbeitende\/bastian-oswald\" data-type=\"page\" data-id=\"1547\">Bastian Oswald<\/a><\/p>\n<\/div>\n<\/div>\n\n\n\n<div class=\"wp-block-columns is-layout-flex wp-container-core-columns-is-layout-9d6595d7 wp-block-columns-is-layout-flex\">\n<div class=\"wp-block-column is-layout-flow wp-block-column-is-layout-flow\">\n<p class=\"has-medium-font-size\">Lichtmikroskopie<\/p>\n<\/div>\n\n\n\n<div class=\"wp-block-column is-layout-flow wp-block-column-is-layout-flow\">\n<p class=\"has-medium-font-size\"><a href=\"https:\/\/www.hsu-hh.de\/werkstoffkunde\/wt-mitarbeitende\/bastian-oswald\" data-type=\"page\" data-id=\"1547\">Bastian Oswald<\/a><\/p>\n<\/div>\n<\/div>\n\n\n\n<div class=\"wp-block-columns is-layout-flex wp-container-core-columns-is-layout-9d6595d7 wp-block-columns-is-layout-flex\">\n<div class=\"wp-block-column is-layout-flow wp-block-column-is-layout-flow\">\n<p class=\"has-medium-font-size\">Laser Mikroskope Keyence<\/p>\n<\/div>\n\n\n\n<div class=\"wp-block-column is-layout-flow wp-block-column-is-layout-flow\">\n<p class=\"has-medium-font-size\"><a href=\"https:\/\/www.hsu-hh.de\/werkstoffkunde\/wt-mitarbeitende\/marion-kollmeier\" data-type=\"page\" data-id=\"493\">Marion Kollmeier<\/a><\/p>\n<\/div>\n<\/div>\n\n\n\n<div class=\"wp-block-columns is-layout-flex wp-container-core-columns-is-layout-9d6595d7 wp-block-columns-is-layout-flex\">\n<div class=\"wp-block-column is-layout-flow wp-block-column-is-layout-flow\">\n<p class=\"has-medium-font-size\">Rasterelektronenmikroskop Quanta 650<\/p>\n<\/div>\n\n\n\n<div class=\"wp-block-column is-layout-flow wp-block-column-is-layout-flow\">\n<p class=\"has-medium-font-size\"><a href=\"https:\/\/www.hsu-hh.de\/werkstoffkunde\/wt-mitarbeitende\/dr-ing-emma-d-morales-garza\" data-type=\"page\" data-id=\"2041\">Emma Morales<\/a><\/p>\n<\/div>\n<\/div>\n\n\n\n<div class=\"wp-block-columns is-layout-flex wp-container-core-columns-is-layout-9d6595d7 wp-block-columns-is-layout-flex\">\n<div class=\"wp-block-column is-layout-flow wp-block-column-is-layout-flow\">\n<p class=\"has-medium-font-size\">Rasterelektronmikroskop Helios G4 UC + EBSD<\/p>\n<\/div>\n\n\n\n<div class=\"wp-block-column is-layout-flow wp-block-column-is-layout-flow\">\n<p class=\"has-medium-font-size\"><a href=\"https:\/\/www.hsu-hh.de\/werkstoffkunde\/wt-mitarbeitende\/camilla-schulze\" data-type=\"page\" data-id=\"408\">Camilla Schulze<\/a><\/p>\n<\/div>\n<\/div>\n\n\n\n<div class=\"wp-block-columns is-layout-flex wp-container-core-columns-is-layout-9d6595d7 wp-block-columns-is-layout-flex\">\n<div class=\"wp-block-column is-layout-flow wp-block-column-is-layout-flow\">\n<p class=\"has-medium-font-size\">R\u00f6ntgendiffraktometer Bruker D8 Discover<\/p>\n<\/div>\n\n\n\n<div class=\"wp-block-column is-layout-flow wp-block-column-is-layout-flow\">\n<p class=\"has-medium-font-size\"><a href=\"https:\/\/www.hsu-hh.de\/werkstoffkunde\/wt-mitarbeitende\/dr-ing-emma-d-morales-garza\" data-type=\"page\" data-id=\"2041\">Emma Morales<\/a><\/p>\n<\/div>\n<\/div>\n\n\n\n<div class=\"wp-block-columns is-layout-flex wp-container-core-columns-is-layout-9d6595d7 wp-block-columns-is-layout-flex\">\n<div class=\"wp-block-column is-layout-flow wp-block-column-is-layout-flow\">\n<p class=\"has-medium-font-size\">R\u00f6ntgenfluoreszenz -Analysator Niton XL3t900<\/p>\n<\/div>\n\n\n\n<div class=\"wp-block-column is-layout-flow wp-block-column-is-layout-flow\">\n<p class=\"has-medium-font-size\"><a href=\"https:\/\/www.hsu-hh.de\/werkstoffkunde\/wt-mitarbeitende\/dr-ing-emma-d-morales-garza\" data-type=\"page\" data-id=\"2041\">Emma Morales<\/a><\/p>\n<\/div>\n<\/div>\n\n\n\n<div class=\"wp-block-columns is-layout-flex wp-container-core-columns-is-layout-9d6595d7 wp-block-columns-is-layout-flex\">\n<div class=\"wp-block-column is-layout-flow wp-block-column-is-layout-flow\">\n<p class=\"has-medium-font-size\">Partikelmessger\u00e4t Retsch Camsizer X2<\/p>\n<\/div>\n\n\n\n<div class=\"wp-block-column is-layout-flow wp-block-column-is-layout-flow\">\n<p class=\"has-medium-font-size\"><a href=\"https:\/\/www.hsu-hh.de\/werkstoffkunde\/wt-mitarbeitende\/marion-kollmeier\" data-type=\"page\" data-id=\"493\">Marion Kollmeier<\/a><\/p>\n<\/div>\n<\/div>\n\n\n\n<div class=\"wp-block-columns is-layout-flex wp-container-core-columns-is-layout-9d6595d7 wp-block-columns-is-layout-flex\">\n<div class=\"wp-block-column is-layout-flow wp-block-column-is-layout-flow\">\n<p class=\"has-medium-font-size\">Partikelmessger\u00e4t Microtrac Sync<\/p>\n<\/div>\n\n\n\n<div class=\"wp-block-column is-layout-flow wp-block-column-is-layout-flow\">\n<p class=\"has-medium-font-size\"><a href=\"https:\/\/www.hsu-hh.de\/werkstoffkunde\/wt-mitarbeitende\/camilla-schulze\" data-type=\"page\" data-id=\"408\">Camilla Schulze<\/a><\/p>\n<\/div>\n<\/div>\n\n\n\n<h2 class=\"wp-block-heading\">Mechanisch-technische Pr\u00fcfverfahren<\/h2>\n\n\n\n<div class=\"wp-block-columns is-layout-flex wp-container-core-columns-is-layout-9d6595d7 wp-block-columns-is-layout-flex\">\n<div class=\"wp-block-column is-layout-flow wp-block-column-is-layout-flow\">\n<p class=\"has-medium-font-size\">H\u00e4rte- und Mikroh\u00e4rtepr\u00fcfung Zwick ZHU 0.2<\/p>\n<\/div>\n\n\n\n<div class=\"wp-block-column is-layout-flow wp-block-column-is-layout-flow\">\n<p class=\"has-medium-font-size\"><a href=\"https:\/\/www.hsu-hh.de\/werkstoffkunde\/wt-mitarbeitende\/marion-kollmeier\" data-type=\"page\" data-id=\"493\">Marion Kollmeier<\/a><\/p>\n<\/div>\n<\/div>\n\n\n\n<div class=\"wp-block-columns is-layout-flex wp-container-core-columns-is-layout-9d6595d7 wp-block-columns-is-layout-flex\">\n<div class=\"wp-block-column is-layout-flow wp-block-column-is-layout-flow\">\n<p class=\"has-medium-font-size\">Partikelverformung Zwick ZHU 0.2<\/p>\n<\/div>\n\n\n\n<div class=\"wp-block-column is-layout-flow wp-block-column-is-layout-flow\">\n<p class=\"has-medium-font-size\"><a href=\"https:\/\/www.hsu-hh.de\/werkstoffkunde\/wt-mitarbeitende\/marion-kollmeier\" data-type=\"page\" data-id=\"493\">Marion Kollmeier<\/a><\/p>\n<\/div>\n<\/div>\n\n\n\n<div class=\"wp-block-columns is-layout-flex wp-container-core-columns-is-layout-9d6595d7 wp-block-columns-is-layout-flex\">\n<div class=\"wp-block-column is-layout-flow wp-block-column-is-layout-flow\">\n<p class=\"has-medium-font-size\">Ultra Nanoh\u00e4rtetester Anton Paar<\/p>\n<\/div>\n\n\n\n<div class=\"wp-block-column is-layout-flow wp-block-column-is-layout-flow\">\n<p class=\"has-medium-font-size\"><a href=\"https:\/\/www.hsu-hh.de\/werkstoffkunde\/wt-mitarbeitende\/dipl-ing-matthias-schulze\" data-type=\"page\" data-id=\"411\">Matthias Schulze<\/a><\/p>\n<\/div>\n<\/div>\n\n\n\n<div class=\"wp-block-columns is-layout-flex wp-container-core-columns-is-layout-9d6595d7 wp-block-columns-is-layout-flex\">\n<div class=\"wp-block-column is-layout-flow wp-block-column-is-layout-flow\">\n<p class=\"has-medium-font-size\">Zugmaschine Zwick \/ Roell Z100<\/p>\n<\/div>\n\n\n\n<div class=\"wp-block-column is-layout-flow wp-block-column-is-layout-flow\">\n<p class=\"has-medium-font-size\"><a href=\"https:\/\/www.hsu-hh.de\/werkstoffkunde\/wt-mitarbeitende\/marion-kollmeier\" data-type=\"page\" data-id=\"493\">Marion Kollmeier<\/a><\/p>\n<\/div>\n<\/div>\n\n\n\n<div class=\"wp-block-columns is-layout-flex wp-container-core-columns-is-layout-9d6595d7 wp-block-columns-is-layout-flex\">\n<div class=\"wp-block-column is-layout-flow wp-block-column-is-layout-flow\">\n<p class=\"has-medium-font-size\">Kerbschlagbiegeversuch<\/p>\n<\/div>\n\n\n\n<div class=\"wp-block-column is-layout-flow wp-block-column-is-layout-flow\">\n<p class=\"has-medium-font-size\"><a href=\"https:\/\/www.hsu-hh.de\/werkstoffkunde\/wt-mitarbeitende\/dipl-ing-matthias-schulze\" data-type=\"page\" data-id=\"411\">Matthias Schulze<\/a><\/p>\n<\/div>\n<\/div>\n\n\n\n<div class=\"wp-block-columns is-layout-flex wp-container-core-columns-is-layout-9d6595d7 wp-block-columns-is-layout-flex\">\n<div class=\"wp-block-column is-layout-flow wp-block-column-is-layout-flow\">\n<p class=\"has-medium-font-size\">Rauheitsmessger\u00e4t Taylor Hobson<\/p>\n<\/div>\n\n\n\n<div class=\"wp-block-column is-layout-flow wp-block-column-is-layout-flow\">\n<p class=\"has-medium-font-size\"><a href=\"https:\/\/www.hsu-hh.de\/werkstoffkunde\/wt-mitarbeitende\/dipl-ing-matthias-schulze\" data-type=\"page\" data-id=\"411\">Matthias Schulze<\/a><\/p>\n<\/div>\n<\/div>\n\n\n\n<div class=\"wp-block-columns is-layout-flex wp-container-core-columns-is-layout-9d6595d7 wp-block-columns-is-layout-flex\">\n<div class=\"wp-block-column is-layout-flow wp-block-column-is-layout-flow\">\n<p class=\"has-medium-font-size\">Kavitationspr\u00fcfung<\/p>\n<\/div>\n\n\n\n<div class=\"wp-block-column is-layout-flow wp-block-column-is-layout-flow\">\n<p class=\"has-medium-font-size\"><a href=\"https:\/\/www.hsu-hh.de\/werkstoffkunde\/wt-mitarbeitende\/dr-ing-emma-d-morales-garza\" data-type=\"page\" data-id=\"2041\">Emma Morales<\/a><\/p>\n<\/div>\n<\/div>\n\n\n\n<div class=\"wp-block-columns is-layout-flex wp-container-core-columns-is-layout-9d6595d7 wp-block-columns-is-layout-flex\">\n<div class=\"wp-block-column is-layout-flow wp-block-column-is-layout-flow\">\n<p class=\"has-medium-font-size\">Tribometer<\/p>\n<\/div>\n\n\n\n<div class=\"wp-block-column is-layout-flow wp-block-column-is-layout-flow\">\n<p class=\"has-medium-font-size\"><a href=\"https:\/\/www.hsu-hh.de\/werkstoffkunde\/wt-mitarbeitende\/dipl-ing-matthias-schulze\" data-type=\"page\" data-id=\"411\">Matthias Schulze<\/a><\/p>\n<\/div>\n<\/div>\n\n\n\n<h2 class=\"wp-block-heading\">Werkstofflabor<\/h2>\n\n\n\n<div class=\"wp-block-columns is-layout-flex wp-container-core-columns-is-layout-9d6595d7 wp-block-columns-is-layout-flex\">\n<div class=\"wp-block-column is-layout-flow wp-block-column-is-layout-flow\">\n<p class=\"has-medium-font-size\">Analysatoren f\u00fcr N2\/O2\/H2 Bruker G8 Galileo<\/p>\n<\/div>\n\n\n\n<div class=\"wp-block-column is-layout-flow wp-block-column-is-layout-flow\">\n<p class=\"has-medium-font-size\"><a href=\"https:\/\/www.hsu-hh.de\/werkstoffkunde\/wt-mitarbeitende\/dipl-ing-matthias-schulze\" data-type=\"page\" data-id=\"411\">Matthias Schulze<\/a><\/p>\n<\/div>\n<\/div>\n\n\n\n<div class=\"wp-block-columns is-layout-flex wp-container-core-columns-is-layout-9d6595d7 wp-block-columns-is-layout-flex\">\n<div class=\"wp-block-column is-layout-flow wp-block-column-is-layout-flow\">\n<p class=\"has-medium-font-size\">Gl\u00fch\u00f6fen bis 1350 \u00b0C (Atm.)<\/p>\n<\/div>\n\n\n\n<div class=\"wp-block-column is-layout-flow wp-block-column-is-layout-flow\">\n<p class=\"has-medium-font-size\"><a href=\"https:\/\/www.hsu-hh.de\/werkstoffkunde\/wt-mitarbeitende\/dipl-ing-matthias-schulze\" data-type=\"page\" data-id=\"411\">Matthias Schulze<\/a><\/p>\n<\/div>\n<\/div>\n\n\n\n<div class=\"wp-block-columns is-layout-flex wp-container-core-columns-is-layout-9d6595d7 wp-block-columns-is-layout-flex\">\n<div class=\"wp-block-column is-layout-flow wp-block-column-is-layout-flow\">\n<p class=\"has-medium-font-size\">Hoch-Vakuumofen (bis 1100 \u00b0C)<\/p>\n<\/div>\n\n\n\n<div class=\"wp-block-column is-layout-flow wp-block-column-is-layout-flow\">\n<p class=\"has-medium-font-size\"><a href=\"https:\/\/www.hsu-hh.de\/werkstoffkunde\/wt-mitarbeitende\/dr-ing-emma-d-morales-garza\" data-type=\"page\" data-id=\"2041\">Emma Morales<\/a><\/p>\n<\/div>\n<\/div>\n\n\n\n<div class=\"wp-block-columns is-layout-flex wp-container-core-columns-is-layout-9d6595d7 wp-block-columns-is-layout-flex\">\n<div class=\"wp-block-column is-layout-flow wp-block-column-is-layout-flow\">\n<p class=\"has-medium-font-size\">Werkstatt<\/p>\n<\/div>\n\n\n\n<div class=\"wp-block-column is-layout-flow wp-block-column-is-layout-flow\">\n<p class=\"has-medium-font-size\"><a href=\"https:\/\/www.hsu-hh.de\/werkstoffkunde\/wt-mitarbeitende\/matthias-hartmann\" data-type=\"page\" data-id=\"1119\">Matthias Hartmann<\/a><\/p>\n<\/div>\n<\/div>\n\n\n\n<div class=\"wp-block-columns is-layout-flex wp-container-core-columns-is-layout-9d6595d7 wp-block-columns-is-layout-flex\">\n<div class=\"wp-block-column is-layout-flow wp-block-column-is-layout-flow\">\n<p class=\"has-medium-font-size\">Pulverlager und Gaslager<\/p>\n<\/div>\n\n\n\n<div class=\"wp-block-column is-layout-flow wp-block-column-is-layout-flow\">\n<p class=\"has-medium-font-size\"><a href=\"https:\/\/www.hsu-hh.de\/werkstoffkunde\/wt-mitarbeitende\/matthias-hartmann\" data-type=\"page\" data-id=\"1119\">Matthias Hartmann<\/a><\/p>\n<\/div>\n<\/div>\n\n\n\n<div class=\"wp-block-columns is-layout-flex wp-container-core-columns-is-layout-9d6595d7 wp-block-columns-is-layout-flex\">\n<div class=\"wp-block-column is-layout-flow wp-block-column-is-layout-flow\"><\/div>\n\n\n\n<div class=\"wp-block-column is-layout-flow wp-block-column-is-layout-flow\"><\/div>\n<\/div>\n\n\n\n<div class=\"wp-block-columns is-layout-flex wp-container-core-columns-is-layout-9d6595d7 wp-block-columns-is-layout-flex\">\n<div class=\"wp-block-column is-layout-flow wp-block-column-is-layout-flow\"><\/div>\n\n\n\n<div class=\"wp-block-column is-layout-flow wp-block-column-is-layout-flow\"><\/div>\n<\/div>\n\n\n\n<p><\/p>\n","protected":false},"excerpt":{"rendered":"<p>Ger\u00e4t Ansprechpartner Beschichtungsanlagen Kaltgasanlage Impact Spray System 5\/11 Alexander List Kaltgasanlage K8000x Alexander List Aerosolanlage HLR Andreas Elsenberg Struktur- und Gef\u00fcgeanalyse Metallographie Bastian Oswald Lichtmikroskopie Bastian Oswald Laser Mikroskope Keyence [&hellip;]<\/p>\n","protected":false},"author":3317,"featured_media":0,"parent":0,"menu_order":0,"comment_status":"closed","ping_status":"closed","template":"","meta":{"footnotes":""},"categories":[4],"tags":[],"class_list":["post-2021","page","type-page","status-publish","hentry","category-forschung"],"_links":{"self":[{"href":"https:\/\/www.hsu-hh.de\/werkstoffkunde\/wp-json\/wp\/v2\/pages\/2021","targetHints":{"allow":["GET"]}}],"collection":[{"href":"https:\/\/www.hsu-hh.de\/werkstoffkunde\/wp-json\/wp\/v2\/pages"}],"about":[{"href":"https:\/\/www.hsu-hh.de\/werkstoffkunde\/wp-json\/wp\/v2\/types\/page"}],"author":[{"embeddable":true,"href":"https:\/\/www.hsu-hh.de\/werkstoffkunde\/wp-json\/wp\/v2\/users\/3317"}],"replies":[{"embeddable":true,"href":"https:\/\/www.hsu-hh.de\/werkstoffkunde\/wp-json\/wp\/v2\/comments?post=2021"}],"version-history":[{"count":24,"href":"https:\/\/www.hsu-hh.de\/werkstoffkunde\/wp-json\/wp\/v2\/pages\/2021\/revisions"}],"predecessor-version":[{"id":2374,"href":"https:\/\/www.hsu-hh.de\/werkstoffkunde\/wp-json\/wp\/v2\/pages\/2021\/revisions\/2374"}],"wp:attachment":[{"href":"https:\/\/www.hsu-hh.de\/werkstoffkunde\/wp-json\/wp\/v2\/media?parent=2021"}],"wp:term":[{"taxonomy":"category","embeddable":true,"href":"https:\/\/www.hsu-hh.de\/werkstoffkunde\/wp-json\/wp\/v2\/categories?post=2021"},{"taxonomy":"post_tag","embeddable":true,"href":"https:\/\/www.hsu-hh.de\/werkstoffkunde\/wp-json\/wp\/v2\/tags?post=2021"}],"curies":[{"name":"wp","href":"https:\/\/api.w.org\/{rel}","templated":true}]}}