{"id":905,"date":"2019-11-26T16:23:39","date_gmt":"2019-11-26T15:23:39","guid":{"rendered":"https:\/\/www.hsu-hh.de\/wb\/?page_id=905"},"modified":"2024-11-22T15:19:00","modified_gmt":"2024-11-22T14:19:00","slug":"eb2021","status":"publish","type":"page","link":"https:\/\/www.hsu-hh.de\/wb\/eb2021","title":{"rendered":"Erwachsenenbildung in internationalen Perspektiven: Grenzen und Chancen"},"content":{"rendered":"\n<h2 class=\"wp-block-heading\">Digitale Jahrestagung der DGfE-Sektion Erwachsenenbildung 2021<\/h2>\n\n\n\n<h3 class=\"wp-block-heading\">15. &#8211; 17. September 2021, Helmut-Schmidt-Universit\u00e4t\/Universit\u00e4t der Bundeswehr Hamburg<\/h3>\n\n\n\n<p>Die Professur f\u00fcr Weiterbildung und lebenslanges Lernen und die Professur f\u00fcr Erwachsenenbildung der Helmut-Schmidt-Universit\u00e4t\/Universit\u00e4t der Bundeswehr Hamburg richteten gemeinsam mit dem Sektionsvorstand&nbsp; die Jahrestagung 2021 aufgrund der pandemiebedingen Ungewissheiten noch volldigital aus. Auf dieser Seite sind wesentliche Materialien dokumentiert.<\/p>\n\n\n\n<p>Lokales Organisationskomitee: <abbr title=\"Professor\">Prof.<\/abbr>\u2019in <abbr title=\"Doktor\">Dr.<\/abbr>&#8218;in Sabine Schmidt-Lauff &amp; Jessica Kleinschmidt<\/p>\n\n\n\n<h2 class=\"wp-block-heading\">Virtueller Rundgang durch die <abbr title=\"Helmut Schmidt Universit\u00e4t\">HSU<\/abbr>\/UniBW H<\/h2>\n\n\n\n<figure class=\"wp-block-video\"><video height=\"1080\" style=\"aspect-ratio: 1920 \/ 1080;\" width=\"1920\" controls src=\"https:\/\/www.hsu-hh.de\/wb\/wp-content\/uploads\/sites\/647\/2021\/08\/Video-Fertig-mit-Uebergaengen-und-Ton.mp4\"><\/video><\/figure>\n\n\n\n<p><\/p>\n\n\n\n<h2 class=\"wp-block-heading\">Tagungsprogamm<\/h2>\n\n\n\n<div class=\"wp-block-columns is-layout-flex wp-container-core-columns-is-layout-9d6595d7 wp-block-columns-is-layout-flex\">\n<div class=\"wp-block-column is-layout-flow wp-block-column-is-layout-flow\">\n<p><strong>Mittwoch: 15. September 2021<\/strong><\/p>\n\n\n\n<p><a href=\"https:\/\/padlet.com\/LLLHSU\/4dqoo6jwednwylm1\" data-type=\"URL\" data-id=\"https:\/\/padlet.com\/LLLHSU\/4dqoo6jwednwylm1\" target=\"_blank\" rel=\"noreferrer noopener\">Link zum Tagungsprogramm<\/a><\/p>\n<\/div>\n\n\n\n<div class=\"wp-block-column is-layout-flow wp-block-column-is-layout-flow\">\n<p><strong>Donnerstag: 16. September 2021<\/strong><\/p>\n\n\n\n<p><a href=\"https:\/\/padlet.com\/LLLHSU\/5fekarps1z9steq6\" target=\"_blank\" rel=\"noreferrer noopener\">Link zum Tagungsprogramm<\/a><\/p>\n<\/div>\n\n\n\n<div class=\"wp-block-column is-layout-flow wp-block-column-is-layout-flow\">\n<p><strong>Freitag: 17. September 2021<\/strong><br><br><a href=\"https:\/\/padlet.com\/LLLHSU\/da4benis830vnmk0\" data-type=\"URL\" data-id=\"https:\/\/padlet.com\/LLLHSU\/da4benis830vnmk0\" target=\"_blank\" rel=\"noreferrer noopener\">Link zum Tagungsprogramm<\/a><\/p>\n<\/div>\n<\/div>\n\n\n\n<p><\/p>\n\n\n\n<h3 class=\"wp-block-heading\">Keynote I: Internationale Perspektiven in der Erwachsenenbildung: Zwischen Marginalit\u00e4t und Exzellenz? (Prof\u00b4in Regina Egetenmeyer, Julius-Maximilians-Universit\u00e4t W\u00fcrzburg)<\/h3>\n\n\n\n<p>Die Aufzeichnung des Vortrages finden Sie unter folgendem Link: <a href=\"https:\/\/video.uni-wuerzburg.de\/iframe\/?securecode=ad09bcdd099fa65d70253150\" target=\"_blank\" rel=\"noreferrer noopener\">Link zur Aufnahme<\/a><\/p>\n\n\n\n<h3 class=\"wp-block-heading\">Keynote II (englisch): Whither an International Adult Education: A Canadian Wonders (<strong><abbr title=\"Professor\">Prof.<\/abbr>\u00b4in Leona English, Department of Adult Education, St. Francis Xavier University in Antigonish, Nova Scotia, Canada)<\/strong><\/h3>\n\n\n\n<p>Die Aufzeichnung des Vortrages finden Sie unter folgendem Link: <a href=\"https:\/\/lecture2go.uni-hamburg.de\/l2go\/-\/get\/v\/l3Wd7X2r5Dlnzw5hcQUhFQxx\" data-type=\"URL\" data-id=\"https:\/\/lecture2go.uni-hamburg.de\/l2go\/-\/get\/v\/l3Wd7X2r5Dlnzw5hcQUhFQxx\" target=\"_blank\" rel=\"noreferrer noopener\">Link zur Aufnahme <\/a><\/p>\n\n\n\n<h3 class=\"wp-block-heading\">Posterpr\u00e4sentation<\/h3>\n\n\n\n<p><a href=\"https:\/\/de.padlet.com\/LLLHSU\/ev48z8oeylfh7abv\" data-type=\"URL\" data-id=\"https:\/\/de.padlet.com\/LLLHSU\/ev48z8oeylfh7abv\" target=\"_blank\" rel=\"noreferrer noopener\">Link zum Padlet <\/a><\/p>\n\n\n\n<h3 class=\"wp-block-heading\">Digitale B\u00fcchertische<\/h3>\n\n\n\n<p><a href=\"https:\/\/www.wbv.de\/de\/erwachsenenbildung\/digitaler-buechertisch.html\" data-type=\"URL\" data-id=\"https:\/\/www.wbv.de\/de\/erwachsenenbildung\/digitaler-buechertisch.html\" target=\"_blank\" rel=\"noreferrer noopener\">wbv Media<\/a><br><a href=\"https:\/\/padlet.com\/LLLHSU\/s3ucmgc86htbb8oh\" data-type=\"URL\" data-id=\"https:\/\/padlet.com\/LLLHSU\/s3ucmgc86htbb8oh\" target=\"_blank\" rel=\"noreferrer noopener\">Verlag Barbara Budrich<\/a><br><a href=\"https:\/\/padlet.com\/LLLHSU\/8fauia2k8r88dp9e\" data-type=\"URL\" data-id=\"https:\/\/padlet.com\/LLLHSU\/8fauia2k8r88dp9e\" target=\"_blank\" rel=\"noreferrer noopener\">Waxmann Verlag<\/a><br><a href=\"https:\/\/padlet.com\/LLLHSU\/unvosstqreznwve5\" data-type=\"URL\" data-id=\"https:\/\/padlet.com\/LLLHSU\/unvosstqreznwve5\" rel='nofollow'>t<\/a><a href=\"https:\/\/padlet.com\/LLLHSU\/unvosstqreznwve5\" data-type=\"URL\" data-id=\"https:\/\/padlet.com\/LLLHSU\/unvosstqreznwve5\" target=\"_blank\" rel=\"noreferrer noopener\">ranscript<\/a><\/p>\n\n\n\n<h2 class=\"wp-block-heading\">Weiteres<\/h2>\n\n\n\n<p>Teilnahmebeitr\u00e4ge beliefen sich auf:<\/p>\n\n\n\n<ul class=\"wp-block-list\">\n<li>Mitglied DGfE: 12\u20ac<\/li>\n\n\n\n<li>Doktorand*in, assoziiert: 10\u20ac<\/li>\n\n\n\n<li>Gast: 14\u20ac<\/li>\n\n\n\n<li>Studierende: kostenfrei<\/li>\n<\/ul>\n\n\n\n<h2 class=\"wp-block-heading\">Downloads<\/h2>\n\n\n\n<div class=\"wp-block-hsu-downloadblock\"><div class=\"thumbnail-area\"><img decoding=\"async\" src=\"\/wp-content\/themes\/hsu\/img\/dummy\/downloads_dummy.png\" alt=\"Download Symbol-Icon\" \/><\/div><div class=\"text-area\">Poster Sektionstagung 2021: Save the date<\/div><div class=\"download-area\"><a class=\"download-link\" href=\"https:\/\/www.hsu-hh.de\/wb\/wp-content\/uploads\/sites\/647\/2021\/02\/Poster_DGfE-Sektionstagung_A3__W-210226.pdf\"><span class=\"download-name\">pdf laden<\/span><span class=\"download-icon\"><img decoding=\"async\" class=\"download-icon\" alt=\"download icon\" src=\"\/wp-content\/themes\/hsu\/img\/icons\/download_icon.png\" \/><\/span><span class=\"download-size\">81 kB<\/span><\/a><\/div><\/div>\n\n\n\n<div class=\"wp-block-hsu-downloadblock\"><div class=\"thumbnail-area\"><img decoding=\"async\" src=\"\/wp-content\/themes\/hsu\/img\/dummy\/downloads_dummy.png\" alt=\"Download Symbol-Icon\" \/><\/div><div class=\"text-area\">ReCall for Paper 2021<\/div><div class=\"download-area\"><a class=\"download-link\" href=\"https:\/\/www.hsu-hh.de\/wb\/wp-content\/uploads\/sites\/647\/2021\/02\/ReCall-for-Paper_2021.pdf\"><span class=\"download-name\">pdf laden<\/span><span class=\"download-icon\"><img decoding=\"async\" class=\"download-icon\" alt=\"download icon\" src=\"\/wp-content\/themes\/hsu\/img\/icons\/download_icon.png\" \/><\/span><span class=\"download-size\">900 kB<\/span><\/a><\/div><\/div>\n\n\n\n<div class=\"wp-block-hsu-downloadblock\"><div class=\"thumbnail-area\"><img decoding=\"async\" src=\"\/wp-content\/themes\/hsu\/img\/dummy\/downloads_dummy.png\" alt=\"Download Symbol-Icon\" \/><\/div><div class=\"text-area\">Call for Posters 2021<\/div><div class=\"download-area\"><a class=\"download-link\" href=\"https:\/\/www.hsu-hh.de\/wb\/wp-content\/uploads\/sites\/647\/2021\/06\/Call-for-Poster_SektionstagungEB_digital-2021-2.pdf\"><span class=\"download-name\">pdf laden<\/span><span class=\"download-icon\"><img decoding=\"async\" class=\"download-icon\" alt=\"download icon\" src=\"\/wp-content\/themes\/hsu\/img\/icons\/download_icon.png\" \/><\/span><span class=\"download-size\">197 kB<\/span><\/a><\/div><\/div>\n\n\n\n<div class=\"wp-block-hsu-downloadblock\"><div class=\"thumbnail-area\"><img decoding=\"async\" src=\"\/wp-content\/themes\/hsu\/img\/dummy\/downloads_dummy.png\" alt=\"Download Symbol-Icon\" \/><\/div><div class=\"text-area\">Urspr\u00fcnglicher Call for Paper 2020<\/div><div class=\"download-area\"><a class=\"download-link\" href=\"https:\/\/www.hsu-hh.de\/wb\/wp-content\/uploads\/sites\/647\/2020\/01\/Call-for-Paper_SektionstagungEB-1.pdf\"><span class=\"download-name\">pdf laden<\/span><span class=\"download-icon\"><img decoding=\"async\" class=\"download-icon\" alt=\"download icon\" src=\"\/wp-content\/themes\/hsu\/img\/icons\/download_icon.png\" \/><\/span><span class=\"download-size\">230 kB<\/span><\/a><\/div><\/div>\n","protected":false},"excerpt":{"rendered":"<p>Digitale Jahrestagung der DGfE-Sektion Erwachsenenbildung 2021 15. &#8211; 17. September 2021, Helmut-Schmidt-Universit\u00e4t\/Universit\u00e4t der Bundeswehr Hamburg Die Professur f\u00fcr Weiterbildung und lebenslanges Lernen und die Professur f\u00fcr Erwachsenenbildung der Helmut-Schmidt-Universit\u00e4t\/Universit\u00e4t der [&hellip;]<\/p>\n","protected":false},"author":28,"featured_media":0,"parent":0,"menu_order":0,"comment_status":"closed","ping_status":"closed","template":"","meta":{"footnotes":""},"categories":[4],"tags":[],"class_list":["post-905","page","type-page","status-publish","hentry","category-forschung"],"_links":{"self":[{"href":"https:\/\/www.hsu-hh.de\/wb\/wp-json\/wp\/v2\/pages\/905","targetHints":{"allow":["GET"]}}],"collection":[{"href":"https:\/\/www.hsu-hh.de\/wb\/wp-json\/wp\/v2\/pages"}],"about":[{"href":"https:\/\/www.hsu-hh.de\/wb\/wp-json\/wp\/v2\/types\/page"}],"author":[{"embeddable":true,"href":"https:\/\/www.hsu-hh.de\/wb\/wp-json\/wp\/v2\/users\/28"}],"replies":[{"embeddable":true,"href":"https:\/\/www.hsu-hh.de\/wb\/wp-json\/wp\/v2\/comments?post=905"}],"version-history":[{"count":132,"href":"https:\/\/www.hsu-hh.de\/wb\/wp-json\/wp\/v2\/pages\/905\/revisions"}],"predecessor-version":[{"id":4039,"href":"https:\/\/www.hsu-hh.de\/wb\/wp-json\/wp\/v2\/pages\/905\/revisions\/4039"}],"wp:attachment":[{"href":"https:\/\/www.hsu-hh.de\/wb\/wp-json\/wp\/v2\/media?parent=905"}],"wp:term":[{"taxonomy":"category","embeddable":true,"href":"https:\/\/www.hsu-hh.de\/wb\/wp-json\/wp\/v2\/categories?post=905"},{"taxonomy":"post_tag","embeddable":true,"href":"https:\/\/www.hsu-hh.de\/wb\/wp-json\/wp\/v2\/tags?post=905"}],"curies":[{"name":"wp","href":"https:\/\/api.w.org\/{rel}","templated":true}]}}