{"id":673,"date":"2018-12-03T12:46:23","date_gmt":"2018-12-03T11:46:23","guid":{"rendered":"https:\/\/www.hsu-hh.de\/wb\/?page_id=673"},"modified":"2024-11-22T17:08:51","modified_gmt":"2024-11-22T16:08:51","slug":"intall","status":"publish","type":"page","link":"https:\/\/www.hsu-hh.de\/wb\/intall","title":{"rendered":"INTALL@home"},"content":{"rendered":"\n<p><em>(For an english version of this page, click &#8218;English&#8216; on the top right)<\/em><\/p>\n\n\n\n<figure class=\"wp-block-image size-large\"><img loading=\"lazy\" decoding=\"async\" width=\"1024\" height=\"450\" src=\"https:\/\/www.hsu-hh.de\/wb\/wp-content\/uploads\/sites\/647\/2018\/12\/group_picture-1024x450.jpg\" data-credit=\"COMPALL\" alt=\"WS18 Group Picture\" class=\"wp-image-683\" srcset=\"https:\/\/www.hsu-hh.de\/wb\/wp-content\/uploads\/sites\/647\/2018\/12\/group_picture-1024x450.jpg 1024w, https:\/\/www.hsu-hh.de\/wb\/wp-content\/uploads\/sites\/647\/2018\/12\/group_picture-300x132.jpg 300w, https:\/\/www.hsu-hh.de\/wb\/wp-content\/uploads\/sites\/647\/2018\/12\/group_picture-768x337.jpg 768w\" sizes=\"auto, (max-width: 1024px) 100vw, 1024px\" \/><figcaption class=\"wp-element-caption\">Winter School W\u00fcrzburg<\/figcaption><\/figure>\n\n\n<p><em>\u00a0<\/em><\/p>\n<p>Im September 2018 startete das Verbundprojekt <strong>International and Comparative Studies for Students and Practitioners in Adult Education and Lifelong Learning (INTALL)<\/strong> unter Beteiligung der Professur f\u00fcr Weiterbildung und lebenslanges Lernen. Koordiniert wird die ERASMUS+ Strategic Partnership an der Julius-Maximilians-Universit\u00e4t in W\u00fcrzburg.<\/p>\n<p>Das Verbundprojekt INTALL setzt die erfolgreiche Arbeit des Vorg\u00e4ngerprojekts COMPALL fort und bereichert das bestehende Gemeinsame Studienmodul um weitere Themenschwerpunkte. Als wichtigste Neuerung wird das Modul f\u00fcr Praktikerinnen und Praktiker der Erwachsenenbildung ge\u00f6ffnet sowie f\u00fcr Nicht-mobile Studierende ein Format als frei verf\u00fcgbare Lernressource (Open Educational Resource) unter dem Titel &#8222;INTALL@home&#8220; adaptiert. Letzteres verantworten an der Helmut-Schmidt-Universit\u00e4t <a href=\"https:\/\/www.hsu-hh.de\/wb\/schmidt-lauff\"><abbr title=\"Professor\">Prof.<\/abbr> <abbr title=\"Doktor\">Dr.<\/abbr> Sabine Schmidt-Lauff<\/a> und <a href=\"https:\/\/www.hsu-hh.de\/wb\/schiller\">Jan Schiller<\/a> federf\u00fchrend.<\/p>\n<p><strong>Projektpartner sind:<\/strong><\/p>\n<p>Dublin City University, Ireland<br \/><abbr title=\"Professor\">Prof.<\/abbr> Maria Slowey<\/p>\n<p>DVV International-Verband e.V., Deutschland<br \/>Thomas Lichtenberg<\/p>\n<p>European Association for the Education of Adults, Belgien<br \/>Gina Ebner<\/p>\n<p>Helmut-Schmidt Universit\u00e4t \/ Universit\u00e4t der Bundeswehr Hamburg<br \/><abbr title=\"Professor\">Prof.<\/abbr> <abbr title=\"Doktor\">Dr.<\/abbr> Sabine Schmidt-Lauff; Jan Schiller<\/p>\n<p>Julius-Maximilians-Universit\u00e4t W\u00fcrzburg, (Projektkoordination)<br \/><abbr title=\"Professor\">Prof.<\/abbr> <abbr title=\"Doktor\">Dr.<\/abbr> Regina Egetenmeyer<\/p>\n<p>P\u00e9csi Tudom\u00e1nyegyetem, Ungarn<br \/><abbr title=\"Professor\">Prof.<\/abbr> <abbr title=\"Doktor\">Dr.<\/abbr> Bal\u00e1zs N\u00e9meth<\/p>\n<p>Universit\u00e0 degli Studi di Firenze, Italien<br \/><abbr title=\"Professor\">Prof.<\/abbr> <abbr title=\"Doktor\">Dr.<\/abbr> Vanna Boffo<\/p>\n<p>Universidade de Lisboa, Portugal<br \/><abbr title=\"Professor\">Prof.<\/abbr> <abbr title=\"Doktor\">Dr.<\/abbr> Paula Guimar\u00e3es<\/p>\n<p>Universit\u00e1 di Padova, Italien<br \/><abbr title=\"Professor\">Prof.<\/abbr> Monica Fedeli<\/p>\n<p>Univerza v Ljubljana, Slowenien<br \/><abbr title=\"Professor\">Prof.<\/abbr> Borut Miculec<\/p>\n<h2>Ergebnisse des INTALL@home Online-Workshop am 16.09.2020<\/h2>\n<h3>Online-Workshop 16.09.2020 via Zoom<\/h3>\n<p><strong>8:30\u00a0 \u00a0 \u00a0Zoom workshop room opens \u2013 option for an informal get-together<\/strong><\/p>\n<p><strong>9:00\u00a0 \u00a0 \u00a0Opening and welcome address<\/strong><\/p>\n<p><em><abbr title=\"Professor\">Prof.<\/abbr> <abbr title=\"Doktor\">Dr.<\/abbr> Sabine Schmidt-Lauff (Professorship for Continuing Education and Lifelong Learning; <\/em><em>Helmut-Schmidt-Universit\u00e4t\/Uni BW Hamburg, Germany)<\/em><\/p>\n<p><strong>9:15 \u00a0\u00a0\u00a0 Introduction to the INTALL strategic partnership<\/strong><br \/><em><abbr title=\"Professor\">Prof.<\/abbr> <abbr title=\"Doktor\">Dr.<\/abbr> Regina Egetenmeyer (Professorship for Adult Education \/ Continuing Education; <\/em><br \/><em>Julius-Maximilians-Universit\u00e4t W\u00fcrzburg, Germany)<\/em><\/p>\n<p><strong>9:30\u00a0\u00a0\u00a0\u00a0\u00a0 INTALL@home as digital learning environment for international comparative studies<\/strong><\/p>\n<p><em><abbr title=\"Professor\">Prof.<\/abbr> <abbr title=\"Doktor\">Dr.<\/abbr> Sabine Schmidt-Lauff<\/em><\/p>\n<p><strong>9:45 \u00a0\u00a0\u00a0 Roundtable \u2018Beyond the use of digital as \u2018new normal\u2019 in Adult Learning and<\/strong><br \/><strong>Education: challenges and limitations\u2019 with international experts<\/strong><\/p>\n<p><em><abbr title=\"Professor\">Prof.<\/abbr> <abbr title=\"Doktor\">Dr.<\/abbr> Katarina Popovi\u0107 (Associate Professor, General Secretary of ICAE; University of Belgrade, Serbia)<\/em><\/p>\n<p><em><abbr title=\"Professor\">Prof.<\/abbr> <abbr title=\"Doktor\">Dr.<\/abbr> Emmanuel Jean-Francois (Associate Professor and Coordinator Comparative and International Educational Leadership (CIEL); Ohio University, USA)<\/em><\/p>\n<p><em><abbr title=\"Doktor\">Dr.<\/abbr> Gerhard Bisovsky (General Secretary Verband \u00d6sterreichischer Volkshochschulen, Austria)<\/em><\/p>\n<p><em><abbr title=\"Professor\">Prof.<\/abbr> <abbr title=\"Doktor\">Dr.<\/abbr> <abbr title=\"Doktor\">Dr<\/abbr>. hc. <abbr title=\"multiplex\">mult.<\/abbr> Heribert Hinzen (former Director of dvv international, Germany)<\/em><\/p>\n<p><em>Moderation: <abbr title=\"Professor\">Prof.<\/abbr> <abbr title=\"Doktor\">Dr.<\/abbr> Sabine Schmidt-Lauff<\/em><\/p>\n<p><strong>10:45<\/strong> \u00a0\u00a0 <em>Break<\/em><\/p>\n<p><strong>11:15 \u00a0\u00a0 Introducing the instructional design for INTALL@home<\/strong><\/p>\n<p><em>Jan Schiller (PhD student, Helmut-Schmidt-Universit\u00e4t Hamburg\/Uni BW H, Germany)<\/em><\/p>\n<p><strong>11:30 \u00a0\u00a0 Let\u2019s try INTALL@home: moderated lab panel &#8211; Introduced and moderated by developing partners:<\/strong><\/p>\n<p>Group 1: The Sustainable Development Goals (SDGs) and implications for the work of adult educators<\/p>\n<p><em><abbr title=\"Professor\">Prof.<\/abbr> <abbr title=\"Doktor\">Dr.<\/abbr> Balazs Nemeth, (Associate Professor, Vice Head of Institute for Human Development and Cultural Studies; P\u00e9cs University, Hungary)<\/em><\/p>\n<p><em><abbr title=\"Professor\">Prof.<\/abbr> <abbr title=\"Doktor\">Dr.<\/abbr> Paula Guimaraes (Assistant Professor, Institute of Education; Lisbon University, Portugal)<\/em><\/p>\n<p>Group 2: Adult educators: professionalisation, professional roles, identities, and communities<\/p>\n<p><em><abbr title=\"Professor\">Prof.<\/abbr> <abbr title=\"Doktor\">Dr.<\/abbr> Borut Mikulec, PhD (Assistant Professor; Ljubljana University, Slovenia)<\/em><\/p>\n<p><em><abbr title=\"Doktor\">Dr.<\/abbr> Concetta Tino (PostDoc Department of Filisophy, Sociology, Pedagogy, and Applied Psychology; Padova University, Italy)<\/em><\/p>\n<p>Group 3: The employability process and transition to the labour market for the adult educator<\/p>\n<p><em><abbr title=\"Professor\">Prof.<\/abbr> <abbr title=\"Doktor\">Dr.<\/abbr> Vanna Boffo (Professor, President of Adult and Continuing Education; Florence University, Italy)<\/em><br \/><em><abbr title=\"Doktor\">Dr.<\/abbr> Nicoletta Tomei (Teacher; Florence University, Italy)<\/em><br \/><em>Letizia Gamberi (Junior Researcher; Florence University, Italy)<\/em><\/p>\n<p><strong>13:00 \u00a0\u00a0 Wrap-up session on lab panel results: conclusions and outlook<\/strong><\/p>\n<p><em>Moderators (Lab Panel) and plenary<\/em><\/p>\n<p><em>Moderation: <abbr title=\"Professor\">Prof.<\/abbr> <abbr title=\"Doktor\">Dr.<\/abbr> Sabine Schmidt-Lauff<\/em><\/p>\n<p><strong>13:30\u00a0 \u00a0 \u00a0<\/strong><em>End of Workshop<\/em><\/p>\n<p><em>\u00a0<\/em><\/p>\n<p>Download this program as PDF:<\/p>\n<div class=\"col-xs-12 downloads-item\">\n<div class=\"row border-line\">\n<div class=\"thumbnail-area\"><img decoding=\"async\" class=\"download-image\" src=\"\/wp-content\/themes\/hsu\/img\/dummy\/downloads_dummy.png\" alt=\"\" \/><\/div>\n<div class=\"text-area\"><span class=\"download-text\">INTALL@home workshop program<\/span><\/div>\n<div class=\"download-area\"><a class=\"download-link\" href=\"https:\/\/www.hsu-hh.de\/wb\/wp-content\/uploads\/sites\/647\/2020\/08\/INTALL@home-workshop-program.pdf\"><span class=\"download-name\">pdf laden<\/span><span class=\"donwload-icon\"><img decoding=\"async\" class=\"download-icon\" src=\"\/wp-content\/themes\/hsu\/img\/icons\/download_icon.png\" alt=\"download icon\" \/><\/span><span class=\"download-size\">597 KB<\/span><\/a><\/div>\n<\/div>\n<\/div>\n<p><blockquote class=\"wp-embedded-content\" data-secret=\"k8Ha4qdaCl\"><a href=\"https:\/\/www.hsu-hh.de\/wb\/intallhome-workshop-and-round-table\">Intall@home Online-Workshop und Round Table<\/a><\/blockquote><iframe loading=\"lazy\" class=\"wp-embedded-content\" sandbox=\"allow-scripts\" security=\"restricted\" style=\"position: absolute; clip: rect(1px, 1px, 1px, 1px);\" title=\"&#8222;Intall@home Online-Workshop und Round Table&#8220; &#8212; Professur f\u00fcr Weiterbildung und lebenslanges Lernen\" src=\"https:\/\/www.hsu-hh.de\/wb\/intallhome-workshop-and-round-table\/embed#?secret=yDCCLLYQot#?secret=k8Ha4qdaCl\" data-secret=\"k8Ha4qdaCl\" width=\"500\" height=\"282\" frameborder=\"0\" marginwidth=\"0\" marginheight=\"0\" scrolling=\"no\"><\/iframe><\/p>\n<p>\u00a0<\/p>\n<p>Weitere Informationen zum Projekt auf der offiziellen Projektseite der Universit\u00e4t W\u00fcrzburg (englisch): <a href=\"https:\/\/www.hw.uni-wuerzburg.de\/intall\/startseite\/\" rel='nofollow'>INTALL-Homepage<\/a><\/p>\n<p>Die Ergebnisse der Projektevaluationen k\u00f6nnen hier heruntergeladen werden: <a href=\"https:\/\/www.hw.uni-wuerzburg.de\/intall\/results\/evaluation-results\/\" rel='nofollow'>Evaluationsergebnisse<\/a><\/p>\n<figure id=\"attachment_665\" aria-describedby=\"caption-attachment-665\" style=\"width: 2812px\" class=\"wp-caption alignnone\"><img loading=\"lazy\" decoding=\"async\" class=\"size-full wp-image-665\" src=\"https:\/\/www.hsu-hh.de\/wb\/wp-content\/uploads\/sites\/647\/2018\/11\/Logo_Intall.jpg\" alt=\"Logo des Projekts INTALL\" width=\"2812\" height=\"1524\" data-credit=\"INTALL \" srcset=\"https:\/\/www.hsu-hh.de\/wb\/wp-content\/uploads\/sites\/647\/2018\/11\/Logo_Intall.jpg 2812w, https:\/\/www.hsu-hh.de\/wb\/wp-content\/uploads\/sites\/647\/2018\/11\/Logo_Intall-300x163.jpg 300w, https:\/\/www.hsu-hh.de\/wb\/wp-content\/uploads\/sites\/647\/2018\/11\/Logo_Intall-768x416.jpg 768w, https:\/\/www.hsu-hh.de\/wb\/wp-content\/uploads\/sites\/647\/2018\/11\/Logo_Intall-1024x555.jpg 1024w\" sizes=\"auto, (max-width: 2812px) 100vw, 2812px\" \/><figcaption id=\"caption-attachment-665\" class=\"wp-caption-text\">Logo INTALL<\/figcaption><\/figure>\n<p>Erasmus+ Info:<\/p>\n<p>This project is funded with support from the European Commission (project number: 2018-1-DE01-KA203-004272). This communication reflects the views only of the author, and the Commission cannot be held responsible for any use which may be made of the information contained therein.<\/p>\n\n\n<p><\/p>\n","protected":false},"excerpt":{"rendered":"<p>(For an english version of this page, click &#8218;English&#8216; on the top right) \u00a0 Im September 2018 startete das Verbundprojekt International and Comparative Studies for Students and Practitioners in Adult [&hellip;]<\/p>\n","protected":false},"author":28,"featured_media":0,"parent":0,"menu_order":0,"comment_status":"closed","ping_status":"closed","template":"","meta":{"footnotes":""},"categories":[4,364],"tags":[131,368,375],"class_list":["post-673","page","type-page","status-publish","hentry","category-forschung","category-intall","tag-forschung","tag-intall","tag-projekte"],"_links":{"self":[{"href":"https:\/\/www.hsu-hh.de\/wb\/wp-json\/wp\/v2\/pages\/673","targetHints":{"allow":["GET"]}}],"collection":[{"href":"https:\/\/www.hsu-hh.de\/wb\/wp-json\/wp\/v2\/pages"}],"about":[{"href":"https:\/\/www.hsu-hh.de\/wb\/wp-json\/wp\/v2\/types\/page"}],"author":[{"embeddable":true,"href":"https:\/\/www.hsu-hh.de\/wb\/wp-json\/wp\/v2\/users\/28"}],"replies":[{"embeddable":true,"href":"https:\/\/www.hsu-hh.de\/wb\/wp-json\/wp\/v2\/comments?post=673"}],"version-history":[{"count":33,"href":"https:\/\/www.hsu-hh.de\/wb\/wp-json\/wp\/v2\/pages\/673\/revisions"}],"predecessor-version":[{"id":4048,"href":"https:\/\/www.hsu-hh.de\/wb\/wp-json\/wp\/v2\/pages\/673\/revisions\/4048"}],"wp:attachment":[{"href":"https:\/\/www.hsu-hh.de\/wb\/wp-json\/wp\/v2\/media?parent=673"}],"wp:term":[{"taxonomy":"category","embeddable":true,"href":"https:\/\/www.hsu-hh.de\/wb\/wp-json\/wp\/v2\/categories?post=673"},{"taxonomy":"post_tag","embeddable":true,"href":"https:\/\/www.hsu-hh.de\/wb\/wp-json\/wp\/v2\/tags?post=673"}],"curies":[{"name":"wp","href":"https:\/\/api.w.org\/{rel}","templated":true}]}}