{"id":4662,"date":"2025-10-14T17:16:31","date_gmt":"2025-10-14T15:16:31","guid":{"rendered":"https:\/\/www.hsu-hh.de\/wb\/?page_id=4662"},"modified":"2025-10-17T16:05:20","modified_gmt":"2025-10-17T14:05:20","slug":"symposium-auf-der-11th-esrea-triennal-conference-an-der-charles-university-prag","status":"publish","type":"page","link":"https:\/\/www.hsu-hh.de\/wb\/symposium-auf-der-11th-esrea-triennal-conference-an-der-charles-university-prag","title":{"rendered":"Symposium auf der 11th ESREA triennal conference an der Charles University Prag"},"content":{"rendered":"\n<div class=\"wp-block-columns is-layout-flex wp-container-core-columns-is-layout-9d6595d7 wp-block-columns-is-layout-flex\">\n<div class=\"wp-block-column is-layout-flow wp-block-column-is-layout-flow\" style=\"flex-basis:66.66%\">\n<p>Von dem 24.-27. September 2025 fand die 11. Konferenz der European Society for Research on the Education of Adults (ESREA) an der Charles University in Prag statt. Die Professur f\u00fcr Weiterbildung und lebenslanges Lernen war dort mit Beitr\u00e4gen in einem Symposium als Teil des <a href=\"https:\/\/esrea.org\/networks\/spaces-times-and-the-rhythms-of-the-education-of-adults-and-its-movements-s-t-r-e-a-m\/.\" rel='nofollow'>ESREA-STREAM Network<\/a> vertreten. Sabine Schmidt-Lauff hat &#8211; als Gr\u00fcndungsmitglied des STREAM Networks (siehe etwa <a href=\"https:\/\/www.hsu-hh.de\/wb\/s-t-r-e-a-m-netzwerk\">hier<\/a>) &#8211; das Symposium mit dem Titel &#8222;<strong>SpaceTime Accents&#8220; \u2013 Complex Times and Challenging Spaces: Reflections on Dialogical Shifts in Critical Service Learning Approaches, Continuing Education Guidance, and Hybrid Learning Spaces<\/strong>&#8220; geleitet.<\/p>\n<\/div>\n\n\n\n<div class=\"wp-block-column is-layout-flow wp-block-column-is-layout-flow\" style=\"flex-basis:33.33%\">\n<figure class=\"wp-block-image size-full\"><img loading=\"lazy\" decoding=\"async\" width=\"1024\" height=\"626\" src=\"https:\/\/www.hsu-hh.de\/wb\/wp-content\/uploads\/sites\/647\/2025\/10\/Image-27.jpg\" data-credit=\"Marie Rathmann\" alt=\"Charles University Campus, Prag\" class=\"wp-image-4673\" srcset=\"https:\/\/www.hsu-hh.de\/wb\/wp-content\/uploads\/sites\/647\/2025\/10\/Image-27.jpg 1024w, https:\/\/www.hsu-hh.de\/wb\/wp-content\/uploads\/sites\/647\/2025\/10\/Image-27-300x183.jpg 300w, https:\/\/www.hsu-hh.de\/wb\/wp-content\/uploads\/sites\/647\/2025\/10\/Image-27-768x470.jpg 768w\" sizes=\"auto, (max-width: 1024px) 100vw, 1024px\" \/><\/figure>\n<\/div>\n<\/div>\n\n\n\n<div class=\"wp-block-columns is-layout-flex wp-container-core-columns-is-layout-9d6595d7 wp-block-columns-is-layout-flex\">\n<div class=\"wp-block-column is-layout-flow wp-block-column-is-layout-flow\" style=\"flex-basis:33.33%\">\n<figure class=\"wp-block-image size-full\"><img loading=\"lazy\" decoding=\"async\" width=\"838\" height=\"449\" src=\"https:\/\/www.hsu-hh.de\/wb\/wp-content\/uploads\/sites\/647\/2025\/10\/Image-26.jpg\" data-credit=\"Julia Saam\" alt=\"ESREA Symposium\" class=\"wp-image-4672\" srcset=\"https:\/\/www.hsu-hh.de\/wb\/wp-content\/uploads\/sites\/647\/2025\/10\/Image-26.jpg 838w, https:\/\/www.hsu-hh.de\/wb\/wp-content\/uploads\/sites\/647\/2025\/10\/Image-26-300x161.jpg 300w, https:\/\/www.hsu-hh.de\/wb\/wp-content\/uploads\/sites\/647\/2025\/10\/Image-26-768x411.jpg 768w\" sizes=\"auto, (max-width: 838px) 100vw, 838px\" \/><\/figure>\n<\/div>\n\n\n\n<div class=\"wp-block-column is-layout-flow wp-block-column-is-layout-flow\" style=\"flex-basis:66.66%\">\n<p>Das Symposium vereint die Schnittstelle von Erwachsenenbildung und Lernen im Kontext dialogischer Ver\u00e4nderungen in einer mediatisierten, globalen Gesellschaft. Dabei stehen zwei zentrale Ph\u00e4nomene im Fokus: Zum einem Globalisierung mit ihren eigenen je spezifischen interkulturellen Einfl\u00fcssen sowie zum anderen die Mediatisierung mit Blick auf die fortschreitende Digitalisierung im Kontext von informellen, non-formalen wie auch formalen Lern- und Bildungsprozesse. Ebensolche Ver\u00e4nderungen k\u00f6nnen zu komplexen Transformationen f\u00fchren, die Macht, Solidarit\u00e4t, Gemeinschaft, Identit\u00e4t und Virtualit\u00e4t betreffen und diese in ihrer gesellschaftlichen wie auch individuellen Bedeutsamkeit tangieren.<\/p>\n<\/div>\n<\/div>\n\n\n\n<p><br>Die Beitr\u00e4ge des Symposiums untersuchen entlang der Dimensionen von Zeit und Raum \u2013 sowie ihrer wechselseitigen Verwobenheit \u2013 die komplexen Verh\u00e4ltnisse zwischen Globalisierung und Mediatisierung im Kontext lern- und bildungstheoretischer Fragestellungen in internationaler Perspektive. Zeit, Raum und Rhythmus werden dabei als fundamentale dialogische Dimensionen menschlicher Bildungsprozesse verstanden, die nicht nur ein breites Spektrum an Potenzialen f\u00fcr gegenw\u00e4rtige Lern- und Bildungsforschung er\u00f6ffnen, sondern zugleich auch die Grenzen und Spannungsfelder dieser Forschungsbereiche sichtbar machen.<\/p>\n\n\n\n<hr class=\"wp-block-separator has-alpha-channel-opacity\" \/>\n\n\n\n<p class=\"has-text-align-center\">Das Symposium sowie die immanenten Beitr\u00e4ge sind wie folgt: <\/p>\n\n\n\n<p>&#8222;<strong>SpaceTime Accents&#8220; \u2013 Complex Times and Challenging Spaces: Reflections on Dialogical Shifts in Critical Service Learning Approaches, Continuing Education Guidance, and Hybrid Learning Spaces<\/strong>&#8220; <br><em><strong>Sabine Schmidt-Lauff <\/strong><\/em>(<abbr title=\"Helmut Schmidt Universit\u00e4t\">HSU<\/abbr>\/UniBw H)<br>This symposium explores the intersection of adult education and learning in the context of dialogical shifts within our mediatized, global communicative society (cf. Gro\u00dfklaus, 1997; Lundby, 2014). Contemporary diagnoses of the current era underscore two particularly significant phenomena for adult education: a) <em>globalization<\/em>, characterized by intercultural and international influences (e.g. UIL, 2024), and b) <em>mediatisation<\/em>, evidenced by the digitalization of education (cf. J\u00fctte &amp; Wildemeersch, 2017; Robak et al., 2022). Both phenomena have led to transformative yet complex changes, encompassing issues of power, solidarity, community, identity, virtuality, <abbr title=\"et cetera\">etc.<\/abbr>. These transformations are central to understanding the nature of dialogue in its relational sense (Sim\u00e3o, 2023). The symposium aims to address the bridging elements of the currently significant phenomena for adult education, globalization and mediatisation by focusing on temporal and spatial analyses (e.g., topological dynamics, Decuypere et al., 2022; chronotope power, Ritella et al., 2017).<br>Time, space, and rhythm are essential aspects and determinants in human processes and movements (cf. STREAM Network<a href=\"#_ftn1\" id=\"_ftnref1\" rel='nofollow'>[1]<\/a>, ESREA, 2022), deeply embedded within the cultural norms of interaction, practices, and dialogue in education. These dimensions also shape &#8222;Educational Research and the Questions of Time&#8220; (Cole et al., 2024). The rhetoric surrounding digital learning often emphasizes its potential to enhance the learning experience by offering learners the flexibility to engage at their convenience. However, this flexibility also presents challenges related to maintaining a sense of community and dialogue, which is critical for connection, understanding, interrelation, and commitment among learners and educators.<br>Key questions to be addressed in this symposium include: How are dialogues multilayered and influenced by intercultural temporal dynamics (e.g., accents; Levine, 2006) and the pervasive digitalization of education (Stalder, 2021)? How can different cultural conceptions of time, the rhythm (Alhadeff-Jones, 2023) or chronotope framework deepen our understanding of the dialogical impacts (Sim\u00e3o, 2023) on adult education?Time and space emerge as pivotal lenses for interpreting how dialogue in and through learning and education is shaped by intercultural and digital influences. Contributions will examine these dynamics through various perspectives: B. Bulugu&#8217;s work on intercultural dimensions, M. Rathmann\u2019s insights on digital education guidance, and Chr. H\u00fcmmer and L. Breitschwerdt\u2019s analysis of hybrid learning environments.<\/p>\n\n\n\n<div style=\"height:41px\" aria-hidden=\"true\" class=\"wp-block-spacer\"><\/div>\n\n\n<p>Each contribution was examined by <strong>Michel Alhadeff-Jones<\/strong> (Sunkhronos Institute, University of Fribourg (CH), Teachers College, Columbia University (USA)) from a critical perspective, placed within a broad context, and situated in relation to the theme of the symposium.<\/p>\n\n\n<div style=\"height:36px\" aria-hidden=\"true\" class=\"wp-block-spacer\"><\/div>\n\n\n\n<div class=\"wp-block-columns is-layout-flex wp-container-core-columns-is-layout-9d6595d7 wp-block-columns-is-layout-flex\">\n<div class=\"wp-block-column is-layout-flow wp-block-column-is-layout-flow\">\n<p><strong>Time and learning among adult learners: a perspective from the context of Africa<br \/><\/strong><em><strong>Joseph Badokufa Bulugu<\/strong><\/em> (St. Augustine University Mwanza;Tanzania \/\/ University of Duisburg Essen; Germany)<\/p>\n<p>The African perspective on time and temporality, for adult learning process, is substantive in connection with events (Mbiti, 1969) as it intertwines the present, past, and future through reflection on experiences to transform previous knowledge. Similarly, the Western conception asserts that time \u201cis a relational concept that depends on a frame of references such as situation and historical context, personal experience and behaviour, social and cultural practices, norms and other similar factors\u201d (Schmidt-Lauff, 2023). The guiding questions, 1. what is the time in relation to adult learning? 2. how does this conception contribute to adult learning process? helped to scrutinize the learning process of students in the St. Augustine University of Tanzania Service-Learning program (SAUT S-LP) through an interpretive analysis (Rowlands, 2005).\u00a0 SAUT S-LP is a replica of service-learning, a teaching and learning strategy that integrates community service with academic study, reflection, and analysis to enrich the learning experience, teach civic responsibility and strengthen communities (National Commission on Service-learning, 2002). Through interpretive approach I contextualized Mbiti\u2019s concept of time to identify and analyse students\u2019 service-learning processes: identify and engage in community services, take notes of experiences, and carry-out critical reflections to develop new perspectives.\u00a0\u00a0 The approach facilitates adult education and learning process (Mitchel, 2008).\u00a0 Similarly, SAUT S-LP witness that \u201cservice-learning offers a concrete example from the field of higher education and its embeddedness in the glo-cal community as well as its facilitation of adult learners\u201d (Schreiber-Barsch et al., 2023, 92). Therefore, use of time though organized events and reflection leads to learning.<\/p>\n<\/div>\n\n\n\n<div class=\"wp-block-column is-layout-flow wp-block-column-is-layout-flow\">\n<p><strong>Exploring the Temporal and Spatial Dimensions of Digital Continuing Education Guidance through the Lenses of Life-Developing Bildung<br \/><\/strong><em><strong>Marie Rathmann <\/strong><\/em>(<abbr title=\"Helmut Schmidt Universit\u00e4t\">HSU<\/abbr>\/UniBw H; Germany)<\/p>\n<p>Digital continuing education guidance, as a specific form of dialogical guidance practice, aims to address biographical challenges and subjectively significant problems through reciprocal learning processes (Kinshuk, 2016; Schmidt-Lauff &amp; Rathmann, 2024). In doing so, such dialogical practices contribute to life-developing education in terms of Bildung (Faulstich, 2003; Lerch &amp; Weitzel, 2023) by targeting specific groups within digital environments (K\u00e4pplinger, 2020). Through media-mediated formats such as chat and telephone guidance, forums, or information platforms, advice seekers engage in \u2018access-expanding\u2019 (Robak, 2022) dialogues with both themselves and advisors in a relational manner. This potential is made possible by low-threshold, flexible, and on-demand access at any time and location, facilitated by a single click or easy termination of use (\u2018easy in-easy out\u2019; Engel, 2019). As such, both spatiality and temporality are valuable resources for digital guidance.<\/p>\n<p>This presentation will discuss findings from a past digital continuing education platform, which was operated by Germany&#8217;s Federal Office for Education and Research. From a document-analytical perspective on digital documents (Wein, 2020), this digital guidance platform was analyzed in relation to life-developing Bildung. Specifically, I will examine the results of temporal and spatial dimensions of digital continuing education guidance through the lens of life-developing Bildung. Furthermore, I will interpret these findings within the dialogical relationship between advice seekers and digital mediatization. The outcomes demonstrate and offer an outlook on how digital guidance addresses individuals&#8216; biographical development and diverse lifeworlds, fostering self-reflexivity and offering new perspectives on one&#8217;s relationship with oneself and society through dialogical guidance practices (Koller, 2017).<\/p>\n<\/div>\n\n\n\n<div class=\"wp-block-column is-layout-flow wp-block-column-is-layout-flow\">\n<p><strong>Time phenomena in synchronous hybrid learning spaces<\/strong><br \/><strong>Design implications for higher and adult education<br \/><\/strong><em><strong>Christina H\u00fcmmer &amp; Lisa Breitschwerdt <\/strong><\/em>(Julius Maximilian University W\u00fcrzburg; Germany)<\/p>\n<p>The thoughtful integration of digital technologies in the design of educational formats is becoming increasingly important in international adult education (UIL, 2022). Hybrid learning spaces as one format, in which learners participate in educational offers online and on-site synchronously, have so far been discussed primarily in the context of spatial approaches (B\u00fclow, 2022; Grabensteiner, 2024; H\u00fcmmer et al. submitted). However, there appear to be specific specialities in synchronous hybrid learning spaces in connection with the subjective perception of time of online and on-site participants and the collective time practices of learners and lecturers that have yet to be researched (Schmidt-Lauff et al., submitted; Schwarz et al., 2020). Accordingly, the presentation addresses the questions of how time is perceived in synchronous hybrid learning spaces by learners and the lecturer and how collective time practices are negotiated in dialogue between the lecturer and the learners. Using an explorative praxeologically oriented approach (Bohnsack, 2018), perceptions of time and collective time practices are explored in the course of a secondary analysis (Hughes &amp; Tarrant, 2020) of interview data with learners and lecturers in different (international) synchronous hybrid learning spaces in higher education from the German research project DigiTaKS* collected between 2023 and 2024. The analysis can provide orientation not only for higher education, but also for adult education, in which synchronous hybrid learning spaces are gaining importance (N\u00f8rg\u00e5rd, 2021; Echarti et al., 2023), as to how these can be designed and conducted successfully from a temporal point of view.<\/p>\n<\/div>\n<\/div>\n\n\n\n<p><br>Weitere Informationen zu der 11t ESREA triennal conference: <a href=\"https:\/\/esrea2025.ff.cuni.cz\/\" rel='nofollow'>https:\/\/esrea2025.ff.cuni.cz\/<\/a><\/p>\n\n\n\n<p><\/p>\n","protected":false},"excerpt":{"rendered":"<p>Von dem 24.-27. September 2025 fand die 11. Konferenz der European Society for Research on the Education of Adults (ESREA) an der Charles University in Prag statt. Die Professur f\u00fcr [&hellip;]<\/p>\n","protected":false},"author":3033,"featured_media":4673,"parent":0,"menu_order":0,"comment_status":"closed","ping_status":"closed","template":"","meta":{"footnotes":""},"categories":[4,29],"tags":[],"class_list":["post-4662","page","type-page","status-publish","has-post-thumbnail","hentry","category-forschung","category-nachrichtenslider"],"_links":{"self":[{"href":"https:\/\/www.hsu-hh.de\/wb\/wp-json\/wp\/v2\/pages\/4662","targetHints":{"allow":["GET"]}}],"collection":[{"href":"https:\/\/www.hsu-hh.de\/wb\/wp-json\/wp\/v2\/pages"}],"about":[{"href":"https:\/\/www.hsu-hh.de\/wb\/wp-json\/wp\/v2\/types\/page"}],"author":[{"embeddable":true,"href":"https:\/\/www.hsu-hh.de\/wb\/wp-json\/wp\/v2\/users\/3033"}],"replies":[{"embeddable":true,"href":"https:\/\/www.hsu-hh.de\/wb\/wp-json\/wp\/v2\/comments?post=4662"}],"version-history":[{"count":5,"href":"https:\/\/www.hsu-hh.de\/wb\/wp-json\/wp\/v2\/pages\/4662\/revisions"}],"predecessor-version":[{"id":4684,"href":"https:\/\/www.hsu-hh.de\/wb\/wp-json\/wp\/v2\/pages\/4662\/revisions\/4684"}],"wp:featuredmedia":[{"embeddable":true,"href":"https:\/\/www.hsu-hh.de\/wb\/wp-json\/wp\/v2\/media\/4673"}],"wp:attachment":[{"href":"https:\/\/www.hsu-hh.de\/wb\/wp-json\/wp\/v2\/media?parent=4662"}],"wp:term":[{"taxonomy":"category","embeddable":true,"href":"https:\/\/www.hsu-hh.de\/wb\/wp-json\/wp\/v2\/categories?post=4662"},{"taxonomy":"post_tag","embeddable":true,"href":"https:\/\/www.hsu-hh.de\/wb\/wp-json\/wp\/v2\/tags?post=4662"}],"curies":[{"name":"wp","href":"https:\/\/api.w.org\/{rel}","templated":true}]}}