{"id":4316,"date":"2025-02-21T15:35:09","date_gmt":"2025-02-21T14:35:09","guid":{"rendered":"https:\/\/www.hsu-hh.de\/wb\/?page_id=4316"},"modified":"2025-08-29T11:33:01","modified_gmt":"2025-08-29T09:33:01","slug":"negt","status":"publish","type":"page","link":"https:\/\/www.hsu-hh.de\/wb\/negt","title":{"rendered":"Leonore Negt, M.A."},"content":{"rendered":"\n<div class=\"wp-block-columns is-layout-flex wp-container-core-columns-is-layout-9d6595d7 wp-block-columns-is-layout-flex\">\n<div class=\"wp-block-column is-layout-flow wp-block-column-is-layout-flow\">\n<figure class=\"wp-block-image size-large is-resized\"><img loading=\"lazy\" decoding=\"async\" width=\"765\" height=\"1024\" src=\"https:\/\/www.hsu-hh.de\/wb\/wp-content\/uploads\/sites\/647\/2025\/02\/e2ef94fd-fcda-469a-b699-905658ffe4b7-765x1024.jpg\" data-credit=\"Leonore Negt\" alt=\"\" class=\"wp-image-4317\" style=\"width:264px;height:auto\" srcset=\"https:\/\/www.hsu-hh.de\/wb\/wp-content\/uploads\/sites\/647\/2025\/02\/e2ef94fd-fcda-469a-b699-905658ffe4b7-765x1024.jpg 765w, https:\/\/www.hsu-hh.de\/wb\/wp-content\/uploads\/sites\/647\/2025\/02\/e2ef94fd-fcda-469a-b699-905658ffe4b7-224x300.jpg 224w, https:\/\/www.hsu-hh.de\/wb\/wp-content\/uploads\/sites\/647\/2025\/02\/e2ef94fd-fcda-469a-b699-905658ffe4b7-768x1028.jpg 768w, https:\/\/www.hsu-hh.de\/wb\/wp-content\/uploads\/sites\/647\/2025\/02\/e2ef94fd-fcda-469a-b699-905658ffe4b7.jpg 1080w\" sizes=\"auto, (max-width: 765px) 100vw, 765px\" \/><\/figure>\n<\/div>\n\n\n\n<div class=\"wp-block-column is-layout-flow wp-block-column-is-layout-flow\">\n<p><strong>Kontakt<\/strong><\/p>\n\n\n\n<div style=\"height:30px\" aria-hidden=\"true\" class=\"wp-block-spacer\"><\/div>\n\n\n\n<p><strong>Email:<\/strong> negt@hsu-hh.de<\/p>\n\n\n\n<p><strong>Telefon:<\/strong> 040 6541-2505<\/p>\n\n\n\n<p><strong>Raum:<\/strong> H1 &#8211; 2513<\/p>\n<\/div>\n\n\n\n<div class=\"wp-block-column is-layout-flow wp-block-column-is-layout-flow\">\n<p><strong>Postanschrift<\/strong><\/p>\n\n\n\n<p>Helmut-Schmidt-Universit\u00e4t<br>Weiterbildung und lebenslanges Lernen<br>Postfach 70 08 22<br>22008 Hamburg<\/p>\n\n\n\n<p><strong>Besucher:innenanschrift<\/strong><\/p>\n\n\n\n<p>Helmut-Schmidt-Universit\u00e4t<br>Geb\u00e4ude H01 &#8211; Raum 2513<br>Holstenhofweg 85<br>22043 Hamburg<\/p>\n<\/div>\n<\/div>\n\n\n\n<p><\/p>\n\n\n\n<p><\/p>\n\n\n\n<h2 class=\"wp-block-heading\">Sprechzeiten<\/h2>\n\n\n\n<p>Individuell nach Absprache per E-Mail an negt@hsu-hh.de. <\/p>\n\n\n\n<h2 class=\"wp-block-heading\">Forschungsschwerpunkte<\/h2>\n\n\n\n<p>Leonore Negt ist seit Februar 2025 wissenschaftliche Mitarbeiterin an der Professur f\u00fcr Weiterbildung und lebenslanges Lernen. Sie arbeitet in dem von&nbsp;<a href=\"https:\/\/dtecbw.de\/home\" target=\"_blank\" rel=\"noreferrer noopener\"><strong>dtec.bw<\/strong><\/a>&nbsp;gef\u00f6rderten Forschungs- und Entwicklungsprojekt&nbsp;<a href=\"https:\/\/www.hsu-hh.de\/wb\/digitaks\" target=\"_blank\" rel=\"noreferrer noopener\"><strong>DigiTaKS* \u2013 Digitale Schl\u00fcsselkompetenzen f\u00fcr Studium und Beruf<\/strong><\/a>.&nbsp;<br><\/p>\n\n\n\n<p><\/p>\n","protected":false},"excerpt":{"rendered":"<p>Kontakt Email: negt@hsu-hh.de Telefon: 040 6541-2505 Raum: H1 &#8211; 2513 Postanschrift Helmut-Schmidt-Universit\u00e4tWeiterbildung und lebenslanges LernenPostfach 70 08 2222008 Hamburg Besucher:innenanschrift Helmut-Schmidt-Universit\u00e4tGeb\u00e4ude H01 &#8211; Raum 2513Holstenhofweg 8522043 Hamburg Sprechzeiten Individuell nach [&hellip;]<\/p>\n","protected":false},"author":28,"featured_media":0,"parent":0,"menu_order":0,"comment_status":"closed","ping_status":"closed","template":"","meta":{"footnotes":""},"categories":[4],"tags":[],"class_list":["post-4316","page","type-page","status-publish","hentry","category-forschung"],"_links":{"self":[{"href":"https:\/\/www.hsu-hh.de\/wb\/wp-json\/wp\/v2\/pages\/4316","targetHints":{"allow":["GET"]}}],"collection":[{"href":"https:\/\/www.hsu-hh.de\/wb\/wp-json\/wp\/v2\/pages"}],"about":[{"href":"https:\/\/www.hsu-hh.de\/wb\/wp-json\/wp\/v2\/types\/page"}],"author":[{"embeddable":true,"href":"https:\/\/www.hsu-hh.de\/wb\/wp-json\/wp\/v2\/users\/28"}],"replies":[{"embeddable":true,"href":"https:\/\/www.hsu-hh.de\/wb\/wp-json\/wp\/v2\/comments?post=4316"}],"version-history":[{"count":7,"href":"https:\/\/www.hsu-hh.de\/wb\/wp-json\/wp\/v2\/pages\/4316\/revisions"}],"predecessor-version":[{"id":4587,"href":"https:\/\/www.hsu-hh.de\/wb\/wp-json\/wp\/v2\/pages\/4316\/revisions\/4587"}],"wp:attachment":[{"href":"https:\/\/www.hsu-hh.de\/wb\/wp-json\/wp\/v2\/media?parent=4316"}],"wp:term":[{"taxonomy":"category","embeddable":true,"href":"https:\/\/www.hsu-hh.de\/wb\/wp-json\/wp\/v2\/categories?post=4316"},{"taxonomy":"post_tag","embeddable":true,"href":"https:\/\/www.hsu-hh.de\/wb\/wp-json\/wp\/v2\/tags?post=4316"}],"curies":[{"name":"wp","href":"https:\/\/api.w.org\/{rel}","templated":true}]}}