{"id":4134,"date":"2025-01-21T14:41:48","date_gmt":"2025-01-21T13:41:48","guid":{"rendered":"https:\/\/www.hsu-hh.de\/wb\/?page_id=4134"},"modified":"2025-01-22T16:11:57","modified_gmt":"2025-01-22T15:11:57","slug":"projektinformationen2","status":"publish","type":"page","link":"https:\/\/www.hsu-hh.de\/wb\/digitaks\/projektinformationen2","title":{"rendered":"DigiTaKS*: Informationen zur zweiten Projektphase 2025-2026"},"content":{"rendered":"\n<h2 class=\"wp-block-heading\">Projektziele<\/h2>\n\n\n\n<p>Ausgehend von den bisherigen Ergebnissen in DigiTaKS* und dem Stand der Forschung zielt die zweite Projektphase auf drei zentral weiterf\u00fchrende Forschungs- und Entwicklungsfelder in vier Arbeitspaketen:<\/p>\n\n\n\n<ul class=\"wp-block-list\">\n<li>AP1 &#8211; Ausbau ComDigiS* zur Entwicklung transformativer digitaler Kompetenzen Studierender unter besonderer Ber\u00fccksichtigung generativer KI f\u00fcr Studium und Beruf. Ziel ist die Entwicklung eines Erweiterungsmoduls zum eLearning-Baukasten <a href=\"https:\/\/www.hsu-hh.de\/wb\/comdigis\" data-type=\"page\" data-id=\"4121\">ComDigiS*<\/a> (Lead: <abbr title=\"Helmut Schmidt Universit\u00e4t\">HSU<\/abbr>\/UniBw H). <\/li>\n\n\n\n<li>AP2 &#8211; Digital-didaktische Konzeptuierung synchron-hybrider Lern- und Arbeitsr\u00e4ume f\u00fcr einen effizienten Umgang mit Internationalisierung sowie zunehmender Diversit\u00e4t von Studierenden und in der Erwachsenen- und Weiterbildung. Ziel ist die Entwicklung eines Mehrebenenmodells und zielgruppenspezifischer Kurztrainings (Lead: JMU W\u00fcrzburg)<\/li>\n\n\n\n<li>AP3 &#8211; Digitale Schl\u00fcsselkompetenzen: Diversit\u00e4t und Partizipation als Ressource in Krisenerfahrungen, Aufbau protektiver Ressourcen bei Studierenden zu Cybersecurity und Digitale Sicherheit. Ziel ist die Entwicklung eines Modells zu Verlaufsmustern, Bedingungsfaktoren und Resilienzfaktoren sowie barrierearme OER-Materialien (Lead: Universit\u00e4t Duisburg-Essen). <\/li>\n\n\n\n<li>AP4BW &#8211; DigiTaKS*-Use Cases und ComDigiS* f\u00fcr Bundeswehrbedarfe. Ziel ist die Identifikation bundeswehrspezifischer Anwendungsfelder und -bedarfe grundlegender digital-transformativer Kompetenzen zur Integration in <a href=\"https:\/\/www.hsu-hh.de\/wb\/comdigis\" data-type=\"page\" data-id=\"4121\">ComDigiS*<\/a> und damit eine Erweiterung der bisherigen (zivilen) Use-Cases in DigiTaKS* auf milit\u00e4rische Bereiche (Lead: <abbr title=\"Helmut Schmidt Universit\u00e4t\">HSU<\/abbr>\/UniBw H)<\/li>\n<\/ul>\n\n\n\n<hr class=\"wp-block-separator has-alpha-channel-opacity\" \/>\n\n\n\n<div style=\"height:20px\" aria-hidden=\"true\" class=\"wp-block-spacer\"><\/div>\n\n\n\n<figure class=\"wp-block-image size-full\"><img loading=\"lazy\" decoding=\"async\" width=\"4059\" height=\"2018\" src=\"https:\/\/www.hsu-hh.de\/wb\/wp-content\/uploads\/sites\/647\/2025\/01\/TimeLine-Digitaks-1.png\" data-credit=\"Jan Schiller\/HSU\" alt=\"Grafische Darstellung der Timeline des Projekts\" class=\"wp-image-4163\" srcset=\"https:\/\/www.hsu-hh.de\/wb\/wp-content\/uploads\/sites\/647\/2025\/01\/TimeLine-Digitaks-1.png 4059w, https:\/\/www.hsu-hh.de\/wb\/wp-content\/uploads\/sites\/647\/2025\/01\/TimeLine-Digitaks-1-300x149.png 300w, https:\/\/www.hsu-hh.de\/wb\/wp-content\/uploads\/sites\/647\/2025\/01\/TimeLine-Digitaks-1-1024x509.png 1024w, https:\/\/www.hsu-hh.de\/wb\/wp-content\/uploads\/sites\/647\/2025\/01\/TimeLine-Digitaks-1-768x382.png 768w, https:\/\/www.hsu-hh.de\/wb\/wp-content\/uploads\/sites\/647\/2025\/01\/TimeLine-Digitaks-1-1536x764.png 1536w, https:\/\/www.hsu-hh.de\/wb\/wp-content\/uploads\/sites\/647\/2025\/01\/TimeLine-Digitaks-1-2048x1018.png 2048w, https:\/\/www.hsu-hh.de\/wb\/wp-content\/uploads\/sites\/647\/2025\/01\/TimeLine-Digitaks-1-400x200.png 400w, https:\/\/www.hsu-hh.de\/wb\/wp-content\/uploads\/sites\/647\/2025\/01\/TimeLine-Digitaks-1-1100x547.png 1100w\" sizes=\"auto, (max-width: 4059px) 100vw, 4059px\" \/><\/figure>\n","protected":false},"excerpt":{"rendered":"<p>Projektziele Ausgehend von den bisherigen Ergebnissen in DigiTaKS* und dem Stand der Forschung zielt die zweite Projektphase auf drei zentral weiterf\u00fchrende Forschungs- und Entwicklungsfelder in vier Arbeitspaketen:<\/p>\n","protected":false},"author":28,"featured_media":0,"parent":1249,"menu_order":1,"comment_status":"closed","ping_status":"closed","template":"","meta":{"footnotes":""},"categories":[543,728,4],"tags":[],"class_list":["post-4134","page","type-page","status-publish","hentry","category-digitaks","category-digitaks-forschung","category-forschung"],"_links":{"self":[{"href":"https:\/\/www.hsu-hh.de\/wb\/wp-json\/wp\/v2\/pages\/4134","targetHints":{"allow":["GET"]}}],"collection":[{"href":"https:\/\/www.hsu-hh.de\/wb\/wp-json\/wp\/v2\/pages"}],"about":[{"href":"https:\/\/www.hsu-hh.de\/wb\/wp-json\/wp\/v2\/types\/page"}],"author":[{"embeddable":true,"href":"https:\/\/www.hsu-hh.de\/wb\/wp-json\/wp\/v2\/users\/28"}],"replies":[{"embeddable":true,"href":"https:\/\/www.hsu-hh.de\/wb\/wp-json\/wp\/v2\/comments?post=4134"}],"version-history":[{"count":7,"href":"https:\/\/www.hsu-hh.de\/wb\/wp-json\/wp\/v2\/pages\/4134\/revisions"}],"predecessor-version":[{"id":4165,"href":"https:\/\/www.hsu-hh.de\/wb\/wp-json\/wp\/v2\/pages\/4134\/revisions\/4165"}],"up":[{"embeddable":true,"href":"https:\/\/www.hsu-hh.de\/wb\/wp-json\/wp\/v2\/pages\/1249"}],"wp:attachment":[{"href":"https:\/\/www.hsu-hh.de\/wb\/wp-json\/wp\/v2\/media?parent=4134"}],"wp:term":[{"taxonomy":"category","embeddable":true,"href":"https:\/\/www.hsu-hh.de\/wb\/wp-json\/wp\/v2\/categories?post=4134"},{"taxonomy":"post_tag","embeddable":true,"href":"https:\/\/www.hsu-hh.de\/wb\/wp-json\/wp\/v2\/tags?post=4134"}],"curies":[{"name":"wp","href":"https:\/\/api.w.org\/{rel}","templated":true}]}}