{"id":3616,"date":"2024-04-08T13:26:33","date_gmt":"2024-04-08T11:26:33","guid":{"rendered":"https:\/\/www.hsu-hh.de\/wb\/?page_id=3616"},"modified":"2025-07-22T11:07:14","modified_gmt":"2025-07-22T09:07:14","slug":"ai-survey","status":"publish","type":"page","link":"https:\/\/www.hsu-hh.de\/wb\/ai-survey","title":{"rendered":"AI in higher education, training and adult education \u2013 an international survey &#8211; KI in der allgemeinen, beruflichen,  und hochschulisischen Erwachsenen- und Weiterbildung"},"content":{"rendered":"\n<figure class=\"wp-block-image size-large\"><a href=\"https:\/\/www.die-bonn.de\/institut\/wir-ueber-uns\/presse\/neuigkeiten\/KI-Studie\" rel='nofollow'><img loading=\"lazy\" decoding=\"async\" width=\"1024\" height=\"256\" src=\"https:\/\/www.hsu-hh.de\/wb\/wp-content\/uploads\/sites\/647\/2024\/06\/Banner-KI-Studie-1024x256.png\" data-credit=\"Deutsches Institut f\u00fcr Erwachsenenbildung (DIE)\" alt=\"Banner KI-Studie\" class=\"wp-image-3819\" srcset=\"https:\/\/www.hsu-hh.de\/wb\/wp-content\/uploads\/sites\/647\/2024\/06\/Banner-KI-Studie-1024x256.png 1024w, https:\/\/www.hsu-hh.de\/wb\/wp-content\/uploads\/sites\/647\/2024\/06\/Banner-KI-Studie-300x75.png 300w, https:\/\/www.hsu-hh.de\/wb\/wp-content\/uploads\/sites\/647\/2024\/06\/Banner-KI-Studie-768x192.png 768w, https:\/\/www.hsu-hh.de\/wb\/wp-content\/uploads\/sites\/647\/2024\/06\/Banner-KI-Studie-1100x275.png 1100w, https:\/\/www.hsu-hh.de\/wb\/wp-content\/uploads\/sites\/647\/2024\/06\/Banner-KI-Studie.png 1200w\" sizes=\"auto, (max-width: 1024px) 100vw, 1024px\" \/><\/a><\/figure>\n\n\n\n<p><strong>Forschungskooperation der <abbr title=\"Helmut Schmidt Universit\u00e4t\">HSU<\/abbr>\/UniBW H (Professur f\u00fcr Weiterbildung und lebenslanges Lernen) mit dem Institute for Adult Learning, Singapore<\/strong><\/p>\n\n\n\n<p>Wie technologische Innovationen unsere Bildungswelt global ver\u00e4ndern, wird in dem <em>International survey on artifical intelligence in higher education, training und adult learning<\/em> unter Leitung des Insitute for Adult Learning der Singapore University of Social Sciences (<a href=\"https:\/\/www.ial.edu.sg\/\" target=\"_blank\" rel=\"noreferrer noopener\">SUSS\/IAL<\/a>) untersucht. Ziel dabei ist, insbesondere die Integration von (generativer) <em>artificial intelligence<\/em> (AI) als Wegbereiter f\u00fcr zukunftsorientierte Lernlandschaften, in Praktiken und der Wahrnehmungen von Akteur*innen im Kontext von Hochschulbildung, Weiterbildung und Erwachsenenbildung weltweit zu analysieren.<\/p>\n\n\n\n<p>Die Befragung richtete sich an alle, die im Bereich der Weiterbildung t\u00e4tig sind, entsprechende Serviceleistungen erbringen oder dazu forschen. <\/p>\n\n\n\n<p>Initiiert wurde das globale Forschungsprojekt mit derzeit \u00fcber 23 beteiligten L\u00e4ndern durch das Research Network 3 des <em><a href=\"https:\/\/asemlllhub.org\" target=\"_blank\" rel=\"noreferrer noopener\">ASEM Education and Research Hub for Lifelong Learning<\/a> .<\/em> <abbr title=\"Professor\">Prof.<\/abbr>&#8218;in <abbr title=\"Doktor\">Dr.<\/abbr>&#8218;in Schmidt-Lauff ist seit 2022 Mitglied in ASEM und gemeinsam mit dem Deutschen Institut f\u00fcr Erwachsenenbildung \u2013 Leibniz-Zentrum f\u00fcr Lebenslanges Lernen (<a href=\"https:\/\/www.die-bonn.de\/\" target=\"_blank\" rel=\"noreferrer noopener\">DIE<\/a>) ist die durch sie vertretene <abbr title=\"Helmut Schmidt Universit\u00e4t\">HSU<\/abbr>\/UniBW H f\u00fcr die deutschlandweite Datenerhebung, Datenauswertung und Dissemination der Ergebnisse verantwortlich. F\u00fcr den weiteren DACH-Raum sind die Weiterbildungsakademie \u00d6sterreich (<a href=\"https:\/\/wba.or.at\/de\/\" target=\"_blank\" rel=\"noreferrer noopener\">wba<\/a>) sowie der Schweizerische Verband f\u00fcr Weiterbildung (<a href=\"https:\/\/alice.ch\/de\/\" target=\"_blank\" rel=\"noreferrer noopener\">SVEB<\/a>) beteiligt. <\/p>\n\n\n\n<p>Stets aktuelle und weiterf\u00fchrende Informationen finden sich auf der <a href=\"https:\/\/www.die-bonn.de\/institut\/wir-ueber-uns\/presse\/neuigkeiten\/KI-Studie\" rel='nofollow'>Projektwebseite des DIE<\/a>.<\/p>\n\n\n\n<p>UPDATE: Ergebnisse der Studie wurden von Anne Strauch &amp; Susanne Lattke in Ausgabe 1-2025 der Zeitschrift weiter bilden unter dem Titel <em><a href=\"https:\/\/www.wbv.de\/shop\/Kuenstliche-Intelligenz-in-der-Erwachsenen-und-Weiterbildung-WBDIE2501W006\" target=\"_blank\" rel=\"noreferrer noopener\">K\u00fcnstliche Intelligenz in der Erwachsenen- und Weiterbildung<\/a>. Nutzungsweisen, Chancen, Herausforderungen und Perspektiven<\/em> ver\u00f6ffentlicht. <\/p>\n\n\n\n<p><\/p>\n","protected":false},"excerpt":{"rendered":"<p>Forschungskooperation der HSU\/UniBW H (Professur f\u00fcr Weiterbildung und lebenslanges Lernen) mit dem Institute for Adult Learning, Singapore Wie technologische Innovationen unsere Bildungswelt global ver\u00e4ndern, wird in dem International survey on [&hellip;]<\/p>\n","protected":false},"author":28,"featured_media":0,"parent":0,"menu_order":0,"comment_status":"closed","ping_status":"closed","template":"","meta":{"footnotes":""},"categories":[4,791],"tags":[],"class_list":["post-3616","page","type-page","status-publish","hentry","category-forschung","category-internationales"],"_links":{"self":[{"href":"https:\/\/www.hsu-hh.de\/wb\/wp-json\/wp\/v2\/pages\/3616","targetHints":{"allow":["GET"]}}],"collection":[{"href":"https:\/\/www.hsu-hh.de\/wb\/wp-json\/wp\/v2\/pages"}],"about":[{"href":"https:\/\/www.hsu-hh.de\/wb\/wp-json\/wp\/v2\/types\/page"}],"author":[{"embeddable":true,"href":"https:\/\/www.hsu-hh.de\/wb\/wp-json\/wp\/v2\/users\/28"}],"replies":[{"embeddable":true,"href":"https:\/\/www.hsu-hh.de\/wb\/wp-json\/wp\/v2\/comments?post=3616"}],"version-history":[{"count":9,"href":"https:\/\/www.hsu-hh.de\/wb\/wp-json\/wp\/v2\/pages\/3616\/revisions"}],"predecessor-version":[{"id":4524,"href":"https:\/\/www.hsu-hh.de\/wb\/wp-json\/wp\/v2\/pages\/3616\/revisions\/4524"}],"wp:attachment":[{"href":"https:\/\/www.hsu-hh.de\/wb\/wp-json\/wp\/v2\/media?parent=3616"}],"wp:term":[{"taxonomy":"category","embeddable":true,"href":"https:\/\/www.hsu-hh.de\/wb\/wp-json\/wp\/v2\/categories?post=3616"},{"taxonomy":"post_tag","embeddable":true,"href":"https:\/\/www.hsu-hh.de\/wb\/wp-json\/wp\/v2\/tags?post=3616"}],"curies":[{"name":"wp","href":"https:\/\/api.w.org\/{rel}","templated":true}]}}