{"id":353,"date":"2018-02-02T09:27:17","date_gmt":"2018-02-02T08:27:17","guid":{"rendered":"https:\/\/www.hsu-hh.de\/wb\/?page_id=353"},"modified":"2021-01-29T14:47:03","modified_gmt":"2021-01-29T13:47:03","slug":"compall","status":"publish","type":"page","link":"https:\/\/www.hsu-hh.de\/wb\/compall","title":{"rendered":"Compall-Projekt (abgeschlossen)"},"content":{"rendered":"<div><div>\n<h2>Comparative Studies in Adult Education and Lifelong Learning &#8211; COMPALL<\/h2>\n<p><\/p>\n<p><img loading=\"lazy\" decoding=\"async\" class=\"size-slider-image wp-image-357\" src=\"https:\/\/www.hsu-hh.de\/wb\/wp-content\/uploads\/sites\/647\/2017\/12\/IMG_0410-1800x600.jpg\" alt=\"Students of the Winter School\" width=\"1800\" height=\"600\"><\/p>\n<p>Die ERASMUS+ Strategische Partnerschaft COMPALL entwickelt von 2015 &#8211; 2018 ein gemeinsames internationales Modul &#8222;Comparative Studies in Adult Education and Lifelong Learning&#8220;, welches in Studieng\u00e4ngen mit Bezug zur Erwachsen-\/Weiterbildung und Lebenslangem Lernen angeboten wird.<\/p>\n<p>Das gemeinsame Modul besteht aus einer online-unterst\u00fctzten Vorbereitungsphase, einer zweiw\u00f6chigen Intensivphase auf dem Campus W\u00fcrzburg der Julius-Maximilians-Universit\u00e4t und einer Publikationsm\u00f6glichkeit f\u00fcr Doktorandinnen und Doktoranden. Dar\u00fcber hinaus entwickelt COMPALL ein online-Netzwerk f\u00fcr Graduierte und Forschende der Erwachsenen- und Weiterbildung.<\/p>\n<p><\/p>\n<h3>Projektpartner<\/h3>\n<p>Julius-Maximilians-Universit\u00e4t W\u00fcrzburg, (Projektkoordination)<br><abbr title=\"Professor\">Prof.<\/abbr> <abbr title=\"Doktor\">Dr<\/abbr>. Regina Egetenmeyer<\/p>\n<p>University of Aarhus, D\u00e4nemark<br><abbr title=\"Professor\">Prof.<\/abbr> Soeren Ehlers<\/p>\n<p>Universit\u00e0 degli Studi di Firenze, Italien<br><abbr title=\"Professor\">Prof.<\/abbr> <abbr title=\"Doktor\">Dr<\/abbr>. Vanna Boffo<\/p>\n<p>Helmut-Schmidt Universit\u00e4t \/ Universit\u00e4t der Bundeswehr Hamburg<br><abbr title=\"Professor\">Prof.<\/abbr> <abbr title=\"Doktor\">Dr<\/abbr>. Sabine Schmidt-Lauff<\/p>\n<p>Universidade de Lisboa, Portugal<br><abbr title=\"Professor\">Prof.<\/abbr> <abbr title=\"Doktor\">Dr<\/abbr>. Paula Guimar\u00e3es<\/p>\n<p>Universit\u00e1 di Padova, Italien<br><abbr title=\"Professor\">Prof.<\/abbr> Monica Fedeli<\/p>\n<p>P\u00e9csi Tudom\u00e1nyegyetem, Ungarn<br><abbr title=\"Professor\">Prof.<\/abbr> <abbr title=\"Doktor\">Dr<\/abbr>. Bal\u00e1zs N\u00e9meth<\/p>\n<p><\/p>\n<p>Das COMPALL -Projekt wird von der Universit\u00e4t W\u00fcrzburg koordiniert und von der Europ\u00e4ischen Kommission (Projektnummer 2015-1-DE01-KA203-002203) finanziert.<\/p>\n<p><\/p>\n<p><img loading=\"lazy\" decoding=\"async\" class=\"size-slider-image wp-image-359\" src=\"https:\/\/www.hsu-hh.de\/wb\/wp-content\/uploads\/sites\/647\/2017\/12\/IMG_2213-1800x600.jpg\" alt=\"Students of the Winter School\" width=\"1800\" height=\"600\"><\/p>\n<\/div><\/div>\n\n\n<p><\/p>\n","protected":false},"excerpt":{"rendered":"<p>Comparative Studies in Adult Education and Lifelong Learning &#8211; COMPALL Die ERASMUS+ Strategische Partnerschaft COMPALL entwickelt von 2015 &#8211; 2018 ein gemeinsames internationales Modul &#8222;Comparative Studies in Adult Education and [&hellip;]<\/p>\n","protected":false},"author":28,"featured_media":0,"parent":0,"menu_order":0,"comment_status":"closed","ping_status":"closed","template":"","meta":{"footnotes":""},"categories":[4],"tags":[],"class_list":["post-353","page","type-page","status-publish","hentry","category-forschung"],"_links":{"self":[{"href":"https:\/\/www.hsu-hh.de\/wb\/wp-json\/wp\/v2\/pages\/353","targetHints":{"allow":["GET"]}}],"collection":[{"href":"https:\/\/www.hsu-hh.de\/wb\/wp-json\/wp\/v2\/pages"}],"about":[{"href":"https:\/\/www.hsu-hh.de\/wb\/wp-json\/wp\/v2\/types\/page"}],"author":[{"embeddable":true,"href":"https:\/\/www.hsu-hh.de\/wb\/wp-json\/wp\/v2\/users\/28"}],"replies":[{"embeddable":true,"href":"https:\/\/www.hsu-hh.de\/wb\/wp-json\/wp\/v2\/comments?post=353"}],"version-history":[{"count":15,"href":"https:\/\/www.hsu-hh.de\/wb\/wp-json\/wp\/v2\/pages\/353\/revisions"}],"predecessor-version":[{"id":4776,"href":"https:\/\/www.hsu-hh.de\/wb\/wp-json\/wp\/v2\/pages\/353\/revisions\/4776"}],"wp:attachment":[{"href":"https:\/\/www.hsu-hh.de\/wb\/wp-json\/wp\/v2\/media?parent=353"}],"wp:term":[{"taxonomy":"category","embeddable":true,"href":"https:\/\/www.hsu-hh.de\/wb\/wp-json\/wp\/v2\/categories?post=353"},{"taxonomy":"post_tag","embeddable":true,"href":"https:\/\/www.hsu-hh.de\/wb\/wp-json\/wp\/v2\/tags?post=353"}],"curies":[{"name":"wp","href":"https:\/\/api.w.org\/{rel}","templated":true}]}}