{"id":3257,"date":"2023-06-20T11:11:59","date_gmt":"2023-06-20T09:11:59","guid":{"rendered":"https:\/\/www.hsu-hh.de\/wb\/?page_id=3257"},"modified":"2025-07-02T12:41:11","modified_gmt":"2025-07-02T10:41:11","slug":"kolling","status":"publish","type":"page","link":"https:\/\/www.hsu-hh.de\/wb\/kolling","title":{"rendered":"Alexander Kolling M.A."},"content":{"rendered":"\n<p><\/p>\n\n\n\n<div class=\"wp-block-columns is-layout-flex wp-container-core-columns-is-layout-9d6595d7 wp-block-columns-is-layout-flex\">\n<div class=\"wp-block-column is-layout-flow wp-block-column-is-layout-flow\">\n<figure class=\"wp-block-image size-full\"><img loading=\"lazy\" decoding=\"async\" width=\"640\" height=\"640\" src=\"https:\/\/www.hsu-hh.de\/wb\/wp-content\/uploads\/sites\/647\/2023\/06\/kolling-alexander_portrait.jpg\" data-credit=\"Kolling, Alexander\" alt=\"\" class=\"wp-image-3261\" srcset=\"https:\/\/www.hsu-hh.de\/wb\/wp-content\/uploads\/sites\/647\/2023\/06\/kolling-alexander_portrait.jpg 640w, https:\/\/www.hsu-hh.de\/wb\/wp-content\/uploads\/sites\/647\/2023\/06\/kolling-alexander_portrait-300x300.jpg 300w, https:\/\/www.hsu-hh.de\/wb\/wp-content\/uploads\/sites\/647\/2023\/06\/kolling-alexander_portrait-150x150.jpg 150w, https:\/\/www.hsu-hh.de\/wb\/wp-content\/uploads\/sites\/647\/2023\/06\/kolling-alexander_portrait-100x100.jpg 100w\" sizes=\"auto, (max-width: 640px) 100vw, 640px\" \/><figcaption class=\"wp-element-caption\">Alexander Kolling (M.A.)<\/figcaption><\/figure>\n<\/div>\n\n\n\n<div class=\"wp-block-column is-layout-flow wp-block-column-is-layout-flow\">\n<p><strong>Kontakt<\/strong><\/p>\n\n\n\n<p><\/p>\n\n\n\n<p>Email: <a href=\"mailto:alexander.kolling@hsu-hh.de\" target=\"_blank\" rel=\"noreferrer noopener\">alexander.kolling@hsu-hh.de<\/a><\/p>\n\n\n\n<p>Telefon: 040 6541 &#8211; 3009<\/p>\n\n\n\n<p>Raum: H01 &#8211; 2308<\/p>\n<\/div>\n\n\n\n<div class=\"wp-block-column is-layout-flow wp-block-column-is-layout-flow\">\n<p><strong>Postanschrift<\/strong><\/p>\n\n\n\n<p>Helmut-Schmidt-Universit\u00e4t<br>Weiterbildung und Lebenslanges Lernen<br>Postfach 70 08 22<br>22008 Hamburg<\/p>\n\n\n\n<p><strong>Besucher*innenanschrift<\/strong><\/p>\n\n\n\n<p>Helmut-Schmidt-Universit\u00e4t<br>Geb\u00e4ude H1 &#8211; Raum 2308<br>Holstenhofweg 85<br>22043 Hamburg<\/p>\n<\/div>\n<\/div>\n\n\n\n<p><\/p>\n\n\n\n<h2 class=\"wp-block-heading\">Sprechzeiten<\/h2>\n\n\n\n<p>Nach vorheriger Abspracher per Mail unter <a href=\"mailto:alexander.kolling@hsu-hh.de\" target=\"_blank\" rel=\"noreferrer noopener\">alexander.kolling@hsu-hh.de<\/a>.<\/p>\n\n\n\n<p><\/p>\n\n\n\n<h2 class=\"wp-block-heading\">Forschungsschwerpunkte<\/h2>\n\n\n\n<p>Alexander Kolling ist seit Mai 2023 als wissenschaftlicher Mitarbeiter an der Professur f\u00fcr <em><a href=\"https:\/\/www.hsu-hh.de\/wb\/\" data-type=\"URL\" data-id=\"https:\/\/www.hsu-hh.de\/wb\/\">Weiterbildung und lebenslanges Lernen<\/a><\/em>, sowie an der Professur f\u00fcr <em><a href=\"https:\/\/www.hsu-hh.de\/hpc\/\" data-type=\"URL\" data-id=\"https:\/\/www.hsu-hh.de\/hpc\/\">High Performance Computing<\/a><\/em> (HPC) besch\u00e4ftigt. Derzeit ist er f\u00fcr den Aufbau der digitalen Kompetenzplattform &#8211; <a href=\"https:\/\/portal.hpc.hsu-hh.de\/\" rel='nofollow'><em>HPC Portal<\/em><\/a> &#8211; des <strong>dtec.bw <\/strong>gef\u00f6rderten Projektes <a href=\"https:\/\/www.hsu-hh.de\/wb\/hpc-bw\"><em>hpc.bw<\/em><\/a>, sowie die Erstellung des Contents der Plattform zust\u00e4ndig.<\/p>\n\n\n\n<p><\/p>\n\n\n\n<h2 class=\"wp-block-heading\">Promotion<\/h2>\n\n\n\n<p><strong>Grenzg\u00e4nge zwischen Erwachsenenbildung und Computational Science: <em>eine Erkundung transdisziplin\u00e4rer Arrangements in Wissenschaft und Praxis<\/em><\/strong><\/p>\n\n\n\n<p>Mit dem Promotionsvorhaben sollen die wissenschaftlichen Disziplinen Erwachsenenbildung und Computational Science aus einem wissenschaftstheoretischen Ansatz heraus betrachtet und die wesentlichen Merkmale herausgestellt werden. Im Anschluss daran erm\u00f6glicht eine transdisziplin\u00e4re Perspektive das Herausarbeiten m\u00f6glicher Potenziale und Herausforderungen transdisziplin\u00e4rer Arrangements in Wissenschaft und Praxis.<br><br>M\u00f6gliche zu erforschende Perspektiven, die sich aus der vorangegangenen Analyse ergeben k\u00f6nnten, beziehen sich auf die Analyse von personellen Grenzg\u00e4nger*innen beider Disziplinen, die in transdisziplin\u00e4ren Arrangements t\u00e4tig sind und dessen praktische T\u00e4tigkeiten, ebenso wie biographischer Werdeg\u00e4nge, zum Gegenstand weiterer Analysen werden k\u00f6nnen. Dar\u00fcber hinaus k\u00f6nnen auch die \u00fcbergeordneten Anl\u00e4sse solcher Arrangements, wie <abbr title=\"zum Beispiel\">z.B.<\/abbr> akademische Forschungsprojekte und dessen institutionalisierten Rahmungen Ansto\u00df zu weiterf\u00fchrenden Beobachtungen bieten.<br><br>Ziel des Promotionsvorhaben ist es, ein tieferes Verst\u00e4ndnis f\u00fcr die Komplexit\u00e4t und Dynamik der Forschungsfelder zu erlangen. Die erwarteten Erkenntnisse sollen dazu beitragen, die Grundlage zur F\u00f6rderung von innovativen Ans\u00e4tzen transdisziplin\u00e4rer Arrangements in Bildung und Wissenschaft herauszuarbeiten.<\/p>\n\n\n\n<p><\/p>\n\n\n\n<h2 class=\"wp-block-heading\"><strong>Publikationen<\/strong><\/h2>\n\n\n\n<div class=\"wp-block-columns is-layout-flex wp-container-core-columns-is-layout-9d6595d7 wp-block-columns-is-layout-flex\">\n<div class=\"wp-block-column is-vertically-aligned-center is-layout-flow wp-block-column-is-layout-flow\">\n<div class=\"wp-block-hsu-publicationblock\"><div class=\"img-area download-image\"><img decoding=\"async\" src=\"\/wp-content\/themes\/hsu\/img\/dummy\/downloads_dummy.png\" alt=\"Publikation Symbol-Icon\" \/><\/div><div class=\"content-area\">Kolling, A.; Rathmann, M.; Schmidt-Lauff, S. (2025): High performance computing meets adult education. Posterver\u00f6ffentlichung. DOI: <a href=\"https:\/\/doi.org\/10.24405\/20175\" rel='nofollow'>https:\/\/doi.org\/10.24405\/20175<\/a>. <\/div><\/div>\n\n\n\n<div class=\"wp-block-hsu-publicationblock\"><div class=\"img-area download-image\"><img decoding=\"async\" src=\"\/wp-content\/themes\/hsu\/img\/dummy\/downloads_dummy.png\" alt=\"Publikation Symbol-Icon\" \/><\/div><div class=\"content-area\">Bause, M.; Bechelaoui, I.; Bruchh\u00e4user, M. P.; Das Sharma, A.; Duffek, J. A.; Fink, A.; Jarmatz, P.; Kolling, A.; Leinen, W. G.; Margenberg, N.; Neumann, P.; Preu\u00df, H.; Rathmann, M.; Viot., L. F. (2025): hpc.bw (dtec.bw) &#8211; Competence platform for software efficiency and supercomputing. Posterver\u00f6ffentlichung. DOI: <a href=\"https:\/\/doi.org\/10.24405\/20153\" rel='nofollow'>https:\/\/doi.org\/10.24405\/20153<\/a>. <\/div><\/div>\n\n\n\n<div class=\"wp-block-hsu-publicationblock\"><div class=\"img-area download-image\"><img decoding=\"async\" src=\"\/wp-content\/themes\/hsu\/img\/dummy\/downloads_dummy.png\" alt=\"Publikation Symbol-Icon\" \/><\/div><div class=\"content-area\">Rathmann, M.; Kolling, A.; Schmidt-Lauff, S. (2024): Kompetenzaneignung f\u00fcr High Performance Computing (HPC): Maschinenbau meets Geistes- und Sozialwissenschaft?! In: Ebner von Eschenbach, M. K\u00e4pplinger, B.; Kondratjuk, M.; Kraus, K.; Rohs, M.; Schmidt-Hertha, B.; Rott, K. J.; Thalhammer, V. (<abbr title=\"Herausgeber\">Hrsg.<\/abbr>) (2024): Erwachsenenbildung und Nachhaltigkeit. Sondierungen und Forschung zwischen Anspruch und Wirklichkeit. Schriftenreihe der Sektion Erwachsenenbildung der Deutschen Gesellschaft f\u00fcr Erziehungswissenschaft, Barbara Budrich, S. 285. DOI: <a href=\"https:\/\/doi.org\/10.3224\/84742765\" rel='nofollow'>https:\/\/doi.org\/10.3224\/84742765<\/a><\/div><\/div>\n\n\n\n<div class=\"wp-block-hsu-publicationblock\"><div class=\"img-area download-image\"><img decoding=\"async\" src=\"\/wp-content\/themes\/hsu\/img\/dummy\/downloads_dummy.png\" alt=\"Publikation Symbol-Icon\" \/><\/div><div class=\"content-area\">Duffek, J. A.; Bechelaoui, I.; Leinen, W. G.; Preu\u00df, H.; Schlumbohn, S.; Schumann, Y.; Dethof, F.; Ke\u00dfler, S.; Rathmann, M.; Kleinschmidt, J.; Kolling, A.; Schmidt-Lauff, S.; Fink, A.; Stiemer, M.; Mayr, M.; Neumann, P. (2024): hpc.bw: an evaluation of short-term performance engineering projects. In: Schulz, M.; Fay, A.; Niggemann, O.; Matiaske, W.; Schulz, D.; Kreutzmann, K. F. (2024): dtec.bw-Beitr\u00e4ge der Helmut-Schmidt-Universit\u00e4t \/ Universit\u00e4t der Bundeswehr Hamburg. Forschungsaktivit\u00e4ten im Zentrum f\u00fcr Digitalisierungs- und Technologieforschung der Bundeswehr dtec.bw: Band 2 &#8211; 2024, S. 223-228. DOI: <a href=\"https:\/\/doi.org\/10.24405\/16802\" rel='nofollow'>https:\/\/doi.org\/10.24405\/16802<\/a><\/div><\/div>\n\n\n\n<div class=\"wp-block-hsu-publicationblock\"><div class=\"img-area download-image\"><img decoding=\"async\" src=\"\/wp-content\/themes\/hsu\/img\/dummy\/downloads_dummy.png\" alt=\"Publikation Symbol-Icon\" \/><\/div><div class=\"content-area\">Rathmann, M.; Kolling, A.; Schmidt-Lauff, S. (2023): Kompetenzaneignung f\u00fcr High Performance Computing (HPC): Maschinenbau meets Geistes- und Sozialwissenschaft?! Posterver\u00f6ffentlichung. URL: <a href=\"https:\/\/www.hsu-hh.de\/hpccp\/wp-content\/uploads\/sites\/877\/2023\/09\/Poster_DGfE_2023_hpc.bw_HSU-HH.pdf\">https:\/\/www.hsu-hh.de\/hpccp\/wp-content\/uploads\/sites\/877\/2023\/09\/Poster_DGfE_2023_hpc.bw_<abbr title=\"Helmut Schmidt Universit\u00e4t\">HSU<\/abbr>&#8211;<abbr title=\"Hamburg\">HH<\/abbr>.pdf<\/a><\/div><\/div>\n<\/div>\n<\/div>\n\n\n\n<p><\/p>\n","protected":false},"excerpt":{"rendered":"<p>Kontakt Email: alexander.kolling@hsu-hh.de Telefon: 040 6541 &#8211; 3009 Raum: H01 &#8211; 2308 Postanschrift Helmut-Schmidt-Universit\u00e4tWeiterbildung und Lebenslanges LernenPostfach 70 08 2222008 Hamburg Besucher*innenanschrift Helmut-Schmidt-Universit\u00e4tGeb\u00e4ude H1 &#8211; Raum 2308Holstenhofweg 8522043 Hamburg Sprechzeiten [&hellip;]<\/p>\n","protected":false},"author":3651,"featured_media":0,"parent":0,"menu_order":0,"comment_status":"closed","ping_status":"closed","template":"","meta":{"footnotes":""},"categories":[200,8],"tags":[],"class_list":["post-3257","page","type-page","status-publish","hentry","category-professur-de","category-team"],"_links":{"self":[{"href":"https:\/\/www.hsu-hh.de\/wb\/wp-json\/wp\/v2\/pages\/3257","targetHints":{"allow":["GET"]}}],"collection":[{"href":"https:\/\/www.hsu-hh.de\/wb\/wp-json\/wp\/v2\/pages"}],"about":[{"href":"https:\/\/www.hsu-hh.de\/wb\/wp-json\/wp\/v2\/types\/page"}],"author":[{"embeddable":true,"href":"https:\/\/www.hsu-hh.de\/wb\/wp-json\/wp\/v2\/users\/3651"}],"replies":[{"embeddable":true,"href":"https:\/\/www.hsu-hh.de\/wb\/wp-json\/wp\/v2\/comments?post=3257"}],"version-history":[{"count":13,"href":"https:\/\/www.hsu-hh.de\/wb\/wp-json\/wp\/v2\/pages\/3257\/revisions"}],"predecessor-version":[{"id":4517,"href":"https:\/\/www.hsu-hh.de\/wb\/wp-json\/wp\/v2\/pages\/3257\/revisions\/4517"}],"wp:attachment":[{"href":"https:\/\/www.hsu-hh.de\/wb\/wp-json\/wp\/v2\/media?parent=3257"}],"wp:term":[{"taxonomy":"category","embeddable":true,"href":"https:\/\/www.hsu-hh.de\/wb\/wp-json\/wp\/v2\/categories?post=3257"},{"taxonomy":"post_tag","embeddable":true,"href":"https:\/\/www.hsu-hh.de\/wb\/wp-json\/wp\/v2\/tags?post=3257"}],"curies":[{"name":"wp","href":"https:\/\/api.w.org\/{rel}","templated":true}]}}