{"id":3179,"date":"2023-03-01T13:30:27","date_gmt":"2023-03-01T12:30:27","guid":{"rendered":"https:\/\/www.hsu-hh.de\/wb\/?page_id=3179"},"modified":"2024-05-14T09:48:10","modified_gmt":"2024-05-14T07:48:10","slug":"s-t-r-e-a-m-netzwerk","status":"publish","type":"page","link":"https:\/\/www.hsu-hh.de\/wb\/s-t-r-e-a-m-netzwerk","title":{"rendered":"S.T.R.E.A.M.-Netzwerk in der ESREA"},"content":{"rendered":"\n<h2 class=\"wp-block-heading\">Research Symposium Series 2024<\/h2>\n\n\n\n<p>Nach der erfolgreichen Serie von Online-Symposien 2023 findet auch 2024 eine Research Symposium Series statt, die diesmal unter dem Titel &#8222;<strong>Spaces and Times of Transitions &#8211; Recalibrating the Multiple Scales of Change in Adult Education<\/strong>&#8220; auf Transitionen fokussiert: <a href=\"https:\/\/www.sunkhronos.org\/stream2024\" target=\"_blank\" rel=\"noreferrer noopener\">Programm der RSS 2024<\/a> <\/p>\n\n\n\n<p>Seit Januar 2024 gab es \u00fcber 150 Anmeldungen f\u00fcr die Research Symposium Series. Neun Vortragende aus Deutschland, Irland, S\u00fcdafrika, der Schweiz und Gro\u00dfbritannien haben \u00fcber die Verbindung von Transitionen zu Begriffen wie <em>liminality<\/em>, <em>life course<\/em>, <em>transgression<\/em>, <em>professional development<\/em>, <em>virtualization<\/em> und <em>hybridity<\/em> referiert. <\/p>\n\n\n\n<p>Die Aufzeichnungen der Vortr\u00e4ge k\u00f6nnen auf dem YouTube-Kanal des STREAM-Netzwerks nachgesehen werden: <a href=\"https:\/\/www.youtube.com\/@ESREASTREAMNetwork\" rel='nofollow'>https:\/\/www.youtube.com\/@ESREASTREAMNetwork<\/a><\/p>\n\n\n\n<h2 class=\"wp-block-heading\">Gr\u00fcndung des Netzwerks im Januar 2023<\/h2>\n\n\n\n<p>Innerhalb der European Society for Research on the Education of Adults (ESREA) hat sich im Januar 2023 das Netzwerk <em><strong>Spaces, Times, and the Rhythms of the Education of Adults and its Movements<\/strong><\/em> (S.T.R.E.A.M.) gegr\u00fcndet. Das Pr\u00e4sidium der ESREA best\u00e4tigte die Gr\u00fcndung des Netzwerks bei seinem Zusammentreffen am 30. und 31. Januar 2023 in Verona, Italien. <\/p>\n\n\n\n<p>Die Gr\u00fcndungsmitglieder des Netzwerks sind: <\/p>\n\n\n\n<ul class=\"wp-block-list\">\n<li><abbr title=\"Doktor\">Dr.<\/abbr> Michel Alhadeff-Jones<br><em>Sunkhronos Institute, University of Fribourg (CH), Teachers College, Columbia University<\/em> <em>(USA)<\/em><\/li>\n\n\n\n<li><abbr title=\"Doktor\">Dr.<\/abbr> Fadia Dakka<br><em>Birmingham City University (UK)<\/em><\/li>\n\n\n\n<li><abbr title=\"Professor\">Prof.<\/abbr> <abbr title=\"Doktor\">Dr.<\/abbr> Sabine Schmidt-Lauff<br><em>Helmut-Schmidt-Universit\u00e4t \/ University of the Federal Armed Forces (D)<\/em><br>Email:&nbsp;<a class=\"\" href=\"mailto:schmidt-lauff@hsu-hh.de\" rel='nofollow'>schmidt-lauff@hsu-hh.de<\/a><\/li>\n<\/ul>\n","protected":false},"excerpt":{"rendered":"<p>Research Symposium Series 2024 Nach der erfolgreichen Serie von Online-Symposien 2023 findet auch 2024 eine Research Symposium Series statt, die diesmal unter dem Titel &#8222;Spaces and Times of Transitions &#8211; [&hellip;]<\/p>\n","protected":false},"author":28,"featured_media":0,"parent":0,"menu_order":0,"comment_status":"closed","ping_status":"closed","template":"","meta":{"footnotes":""},"categories":[4],"tags":[],"class_list":["post-3179","page","type-page","status-publish","hentry","category-forschung"],"_links":{"self":[{"href":"https:\/\/www.hsu-hh.de\/wb\/wp-json\/wp\/v2\/pages\/3179","targetHints":{"allow":["GET"]}}],"collection":[{"href":"https:\/\/www.hsu-hh.de\/wb\/wp-json\/wp\/v2\/pages"}],"about":[{"href":"https:\/\/www.hsu-hh.de\/wb\/wp-json\/wp\/v2\/types\/page"}],"author":[{"embeddable":true,"href":"https:\/\/www.hsu-hh.de\/wb\/wp-json\/wp\/v2\/users\/28"}],"replies":[{"embeddable":true,"href":"https:\/\/www.hsu-hh.de\/wb\/wp-json\/wp\/v2\/comments?post=3179"}],"version-history":[{"count":7,"href":"https:\/\/www.hsu-hh.de\/wb\/wp-json\/wp\/v2\/pages\/3179\/revisions"}],"predecessor-version":[{"id":3703,"href":"https:\/\/www.hsu-hh.de\/wb\/wp-json\/wp\/v2\/pages\/3179\/revisions\/3703"}],"wp:attachment":[{"href":"https:\/\/www.hsu-hh.de\/wb\/wp-json\/wp\/v2\/media?parent=3179"}],"wp:term":[{"taxonomy":"category","embeddable":true,"href":"https:\/\/www.hsu-hh.de\/wb\/wp-json\/wp\/v2\/categories?post=3179"},{"taxonomy":"post_tag","embeddable":true,"href":"https:\/\/www.hsu-hh.de\/wb\/wp-json\/wp\/v2\/tags?post=3179"}],"curies":[{"name":"wp","href":"https:\/\/api.w.org\/{rel}","templated":true}]}}