{"id":3171,"date":"2023-03-01T13:26:00","date_gmt":"2023-03-01T12:26:00","guid":{"rendered":"https:\/\/www.hsu-hh.de\/wb\/?page_id=3171"},"modified":"2024-04-08T13:21:31","modified_gmt":"2024-04-08T11:21:31","slug":"international-adult-and-continuing-education-hall-of-fame","status":"publish","type":"page","link":"https:\/\/www.hsu-hh.de\/wb\/international-adult-and-continuing-education-hall-of-fame","title":{"rendered":"International Adult and Continuing Education Hall of Fame"},"content":{"rendered":"\n<h2 class=\"wp-block-heading\">Treffen von Hall of Fame-Mitgliedern anl\u00e4sslich des Jubil\u00e4ums zur 10. Adult Education Academy in W\u00fcrzburg<\/h2>\n\n\n\n<p>Am 14.02.2023 kamen anl\u00e4sslich des 10. Jubil\u00e4ums der Adult Education Academy &#8222;International and Comparative Studies in Adult Education and Lifelong Learning&#8220; an der JMU W\u00fcrzburg zusammen. Zahlreiche Mitglieder der Hall of Fame waren in der Vergangenheit als Lehrende an der Academy beteiligt, darunter Arne Carlsen, Gina Ebner, Regina Egetenmeyer, Heribert Hinzen, Lic\u00ednio Lima, Bal\u00e1zs N\u00e9meth, Mike Osborne, Seamus O`Tauma, Katarina Popovic, Jost Reischmann, Sabine Schmidt-Lauff, Maria Slowey, Alan Tuckett und Raul Valdes-Cotera.<\/p>\n\n\n\n<p>Weitere Informationen und Bilder finden sich im Newsletter der Hall of Fame M\u00e4rz\/2023, den Sie hier herunterladen k\u00f6nnen:<\/p>\n\n\n\n<div class=\"wp-block-hsu-downloadblock\"><div class=\"thumbnail-area\"><img decoding=\"async\" src=\"\/wp-content\/themes\/hsu\/img\/dummy\/downloads_dummy.png\" alt=\"Download Symbol-Icon\" \/><\/div><div class=\"text-area\">Hall of Fame Newsletter M\u00e4rz 2023<\/div><div class=\"download-area\"><a class=\"download-link\" href=\"https:\/\/www.hsu-hh.de\/wb\/wp-content\/uploads\/sites\/647\/2023\/03\/HOFE_Newsletter-March-2023-final4.pdf\"><span class=\"download-name\">pdf laden<\/span><span class=\"download-icon\"><img decoding=\"async\" class=\"download-icon\" alt=\"download icon\" src=\"\/wp-content\/themes\/hsu\/img\/icons\/download_icon.png\" \/><\/span><span class=\"download-size\">344 kB<\/span><\/a><\/div><\/div>\n\n\n\n<p><\/p>\n\n\n\n<h2 class=\"wp-block-heading\">Aufnahme von <abbr title=\"Professor\">Prof.<\/abbr> <abbr title=\"Doktor\">Dr.<\/abbr> Sabine Schmidt-Lauff in die Hall of Fame<\/h2>\n\n\n\n<p>Im September 2022 wurde <abbr title=\"Professor\">Prof.<\/abbr> <abbr title=\"Doktor\">Dr.<\/abbr> Sabine Schmidt-Lauff in die International Adult and Continuing Education Hall of Fame aufgenommen Die Einf\u00fchrungsfeierlichkeiten fanden in Cork\/Irland statt.<\/p>\n\n\n\n<figure class=\"wp-block-image size-large\"><img loading=\"lazy\" decoding=\"async\" width=\"1024\" height=\"768\" src=\"https:\/\/www.hsu-hh.de\/wb\/wp-content\/uploads\/sites\/647\/2022\/11\/InducteesGruppe-1536x1152-1-1024x768.jpg\" data-credit=\"Ev\u00e1 Farkas\" alt=\"International Adult and Continuing Education Hall of Fame\" class=\"wp-image-2797\" srcset=\"https:\/\/www.hsu-hh.de\/wb\/wp-content\/uploads\/sites\/647\/2022\/11\/InducteesGruppe-1536x1152-1-1024x768.jpg 1024w, https:\/\/www.hsu-hh.de\/wb\/wp-content\/uploads\/sites\/647\/2022\/11\/InducteesGruppe-1536x1152-1-300x225.jpg 300w, https:\/\/www.hsu-hh.de\/wb\/wp-content\/uploads\/sites\/647\/2022\/11\/InducteesGruppe-1536x1152-1-768x576.jpg 768w, https:\/\/www.hsu-hh.de\/wb\/wp-content\/uploads\/sites\/647\/2022\/11\/InducteesGruppe-1536x1152-1-1100x825.jpg 1100w, https:\/\/www.hsu-hh.de\/wb\/wp-content\/uploads\/sites\/647\/2022\/11\/InducteesGruppe-1536x1152-1.jpg 1536w\" sizes=\"auto, (max-width: 1024px) 100vw, 1024px\" \/><\/figure>\n\n\n\n<p>Die International Adult and Continuing Education Hall of Fame ehrt f\u00fchrende Pers\u00f6nlichkeiten im Bereich der Weiterbildung und der  Erwachsenenbildung und dient als Inspirationsquelle f\u00fcr die n\u00e4chste Generation von Weiterbildnerinnen und Weiterbildnern. Diese Pers\u00f6nlichkeiten spiegeln die gro\u00dfe Vielfalt der Erwachsenen- und Weiterbildungspraxis und -wissenschaft als globale und internationale Gemeinschaft, die die IACE Hall of Fame ausmacht. Mittlerweile sind 250 Pers\u00f6nlichkeiten aus 27 Nationen in der Hall of Fame aufgenommen.&nbsp;<a rel=\"noreferrer noopener\" href=\"https:\/\/halloffame.outreach.ou.edu\/\" target=\"_blank\">Link zur Hall of Fame<\/a><\/p>\n","protected":false},"excerpt":{"rendered":"<p>Treffen von Hall of Fame-Mitgliedern anl\u00e4sslich des Jubil\u00e4ums zur 10. Adult Education Academy in W\u00fcrzburg Am 14.02.2023 kamen anl\u00e4sslich des 10. Jubil\u00e4ums der Adult Education Academy &#8222;International and Comparative Studies [&hellip;]<\/p>\n","protected":false},"author":28,"featured_media":0,"parent":0,"menu_order":0,"comment_status":"closed","ping_status":"closed","template":"","meta":{"footnotes":""},"categories":[791],"tags":[],"class_list":["post-3171","page","type-page","status-publish","hentry","category-internationales"],"_links":{"self":[{"href":"https:\/\/www.hsu-hh.de\/wb\/wp-json\/wp\/v2\/pages\/3171","targetHints":{"allow":["GET"]}}],"collection":[{"href":"https:\/\/www.hsu-hh.de\/wb\/wp-json\/wp\/v2\/pages"}],"about":[{"href":"https:\/\/www.hsu-hh.de\/wb\/wp-json\/wp\/v2\/types\/page"}],"author":[{"embeddable":true,"href":"https:\/\/www.hsu-hh.de\/wb\/wp-json\/wp\/v2\/users\/28"}],"replies":[{"embeddable":true,"href":"https:\/\/www.hsu-hh.de\/wb\/wp-json\/wp\/v2\/comments?post=3171"}],"version-history":[{"count":4,"href":"https:\/\/www.hsu-hh.de\/wb\/wp-json\/wp\/v2\/pages\/3171\/revisions"}],"predecessor-version":[{"id":3178,"href":"https:\/\/www.hsu-hh.de\/wb\/wp-json\/wp\/v2\/pages\/3171\/revisions\/3178"}],"wp:attachment":[{"href":"https:\/\/www.hsu-hh.de\/wb\/wp-json\/wp\/v2\/media?parent=3171"}],"wp:term":[{"taxonomy":"category","embeddable":true,"href":"https:\/\/www.hsu-hh.de\/wb\/wp-json\/wp\/v2\/categories?post=3171"},{"taxonomy":"post_tag","embeddable":true,"href":"https:\/\/www.hsu-hh.de\/wb\/wp-json\/wp\/v2\/tags?post=3171"}],"curies":[{"name":"wp","href":"https:\/\/api.w.org\/{rel}","templated":true}]}}