{"id":3161,"date":"2023-03-01T13:13:44","date_gmt":"2023-03-01T12:13:44","guid":{"rendered":"https:\/\/www.hsu-hh.de\/wb\/?page_id=3161"},"modified":"2024-04-10T13:37:53","modified_gmt":"2024-04-10T11:37:53","slug":"internationales","status":"publish","type":"page","link":"https:\/\/www.hsu-hh.de\/wb\/internationales","title":{"rendered":"Internationales"},"content":{"rendered":"\n<h2 class=\"wp-block-heading\">Aktuelle Forschungsbeitr\u00e4ge und Kooperationen<\/h2>\n\n\n<div id=\"category_content_6xU1hxfx\" class=\"hsu_category archive-page\"><article  id=\"post-4543\" class=\"category-list-item post-4543 post type-post status-publish format-standard hentry \"><a href=\"https:\/\/www.hsu-hh.de\/wb\/digitaks-beitrag-auf-der-7-pathes-conference-in-dublin\" title=\"DigiTaKS* Beitrag auf der 7. PaTHES Conference in Dublin\" >\t<div class=\"article-listitem-datetime\">\t\t<time class=\"updated\" datetime=\"2025-07-25 14:28:29\"><\/time>\t\t<span class=\"article-month\">\t\t\t<time class=\"entry-date published\" datetime=\"2025-07-25 14:28:18\">Jul<\/time>\t\t<\/span>\t\t<span class=\"article-day\">\t\t\t<time class=\"entry-date published\" datetime=\"2025-07-25 14:28:18\">25<\/time>\t\t<\/span>\t\t<span class=\"article-datetime\">\t\t\t<time class=\"entry-date published\" datetime=\"2025-07-25 14:28:18\">2025<\/time>\t\t<\/span>\t<\/div><div class=\"hsu_category_article-content-wrap\"><div class=\"hsu_category_article-content-wrap-inner\"><div>\t<header class=\"entry-header\">\t\t<h3 class=\"entry-title\">DigiTaKS* Beitrag auf der 7. PaTHES Conference in Dublin\t\t<\/h3>\t<\/header><div class=\"entry-content-excerpt\">Auf der diesj\u00e4hrigen 7th Annual Philosophy and Theory of Higher Education Conference in Dublin vom 10.-12. Juni 2025 pr\u00e4sentierten Jan Schiller und Marie Rathmann Ergebnisse aus dem Projekt DigiTaKS*. Der Beitrag unter dem Titel &#8222;Transformative digital competences: Reclaiming creativity for critical thinking&#8220; ist in wesentlichen Teilen verschriftlicht \u00fcber OpenHSU unter der DOI 10.24405\/20211 abrufbar.<\/div> <\/div><\/div><\/div><\/a><\/article><article  id=\"post-3704\" class=\"category-list-item post-3704 post type-post status-publish format-standard hentry \"><a href=\"https:\/\/www.hsu-hh.de\/wb\/stream-online-research-symposium-update\" title=\"STREAM Online Research Symposium Update\" >\t<div class=\"article-listitem-datetime\">\t\t<time class=\"updated\" datetime=\"2024-05-14 10:18:02\"><\/time>\t\t<span class=\"article-month\">\t\t\t<time class=\"entry-date published\" datetime=\"2024-05-14 10:18:01\">Mai<\/time>\t\t<\/span>\t\t<span class=\"article-day\">\t\t\t<time class=\"entry-date published\" datetime=\"2024-05-14 10:18:01\">14<\/time>\t\t<\/span>\t\t<span class=\"article-datetime\">\t\t\t<time class=\"entry-date published\" datetime=\"2024-05-14 10:18:01\">2024<\/time>\t\t<\/span>\t<\/div><div class=\"hsu_category_article-content-wrap\"><div class=\"hsu_category_article-content-wrap-inner\"><div>\t<header class=\"entry-header\">\t\t<h3 class=\"entry-title\">STREAM Online Research Symposium Update\t\t<\/h3>\t<\/header><div class=\"entry-content-excerpt\">Since January 2024, 150 people registered to the online Research Symposium Series titled &#8222;Spaces and Times of Transitions &#8211; Recalibrating the Multiple Scales of Change in Adult Education&#8220; organized by the ESREA STREAM Network (Spaces, Times and the Rhythms of the Education of Adults and its Movements) with the support of the Sunkhronos Institute.&nbsp; Since&#8230;<\/div> <\/div><\/div><\/div><\/a><\/article><article  id=\"post-3657\" class=\"category-list-item post-3657 post type-post status-publish format-standard hentry \"><a href=\"https:\/\/www.hsu-hh.de\/wb\/summerschool-2023-service-learning-and-community-building-german-tanzanian-encounters\" title=\"Summerschool Mwanza 2023 - Service learning and community building: German-Tanzanian encounters\" >\t<div class=\"article-listitem-datetime\">\t\t<time class=\"updated\" datetime=\"2024-04-10 14:18:46\"><\/time>\t\t<span class=\"article-month\">\t\t\t<time class=\"entry-date published\" datetime=\"2024-04-10 13:40:26\">Apr<\/time>\t\t<\/span>\t\t<span class=\"article-day\">\t\t\t<time class=\"entry-date published\" datetime=\"2024-04-10 13:40:26\">10<\/time>\t\t<\/span>\t\t<span class=\"article-datetime\">\t\t\t<time class=\"entry-date published\" datetime=\"2024-04-10 13:40:26\">2024<\/time>\t\t<\/span>\t<\/div><div class=\"hsu_category_article-content-wrap\"><div class=\"hsu_category_article-content-wrap-inner\"><div>\t<header class=\"entry-header\">\t\t<h3 class=\"entry-title\">Summerschool Mwanza 2023 &#8211; Service learning and community building: German-Tanzanian encounters\t\t<\/h3>\t<\/header><div class=\"entry-content-excerpt\">Bereits im August 2023 konnte \u00fcber eingeworbene\u00a0DAAD-Mittel in Zusammenarbeit mit dem Institut f\u00fcr Bildungswissenschaften der Universit\u00e4t Duisburg Essen (Lead) eine einw\u00f6chige Sommerschule zu \u201eService learning and community building: German-Tanzanian encounters\u201c an der St. Augustine University of Tanzania (SAUT) in Mwanza durchgef\u00fchrt werden, an der mit Prof. Dr. Sabine Schmidt-Lauff auch die Helmut-Schmidt-Universit\u00e4t vertreten war. Pressemitteilung&#8230;<\/div> <\/div><\/div><\/div><\/a><\/article><\/div><div class=\"clearfix\"><\/div><div class=\"col-xs-12 col-md-3 col-md-push-4\"><span class=\"link no-arrow\"><button class=\"gcategorymore hsu_btn\" id=\"6xU1hxfx\"  data-catID=\"791\" data-postsPerPage=\"3\" data-order=\"DESC\" data-paged=\"2\" data-more_posts=\"1\" data-postexcerpt=\"1\" data-postmeta=\"1\" data-posttitle=\"1\" data-currentPostId=\"3161\" data-uid=\"6xU1hxfx\" data-ajax=\"true\" >Mehr Beitr\u00e4ge<\/button><\/span><\/div><div class=\"clearfix\"><\/div>\n\n\n<h2 class=\"wp-block-heading\">Netzwerke und Mitgliedschaften<\/h2>\n\n\n\n<p>An der Professur f\u00fcr Weiterbildung und lebenslanges Lernen laufen zahlreiche internationale Aktivit\u00e4ten. Dazu z\u00e4hlen: <\/p>\n\n\n\n<div class=\"wp-block-columns is-layout-flex wp-container-core-columns-is-layout-9d6595d7 wp-block-columns-is-layout-flex\">\n<div class=\"wp-block-column is-layout-flow wp-block-column-is-layout-flow\">\n<p><a href=\"https:\/\/www.hsu-hh.de\/wb\/s-t-r-e-a-m-netzwerk\" data-type=\"page\" data-id=\"3179\">S.T.R.E.A.M.-Netzwerk in der European Society for Research on the Education of Adults<\/a><\/p>\n<\/div>\n\n\n\n<div class=\"wp-block-column is-layout-flow wp-block-column-is-layout-flow\">\n<p><a href=\"https:\/\/www.hsu-hh.de\/wb\/asem-lifelong-learning-hub\" data-type=\"page\" data-id=\"3200\">Arbeit im ASEM Education and Research Hub for Lifelong Learning (ASEM LLL Hub), Research Network 5<\/a><\/p>\n<\/div>\n\n\n\n<div class=\"wp-block-column is-layout-flow wp-block-column-is-layout-flow\">\n<p><a href=\"https:\/\/www.hsu-hh.de\/wb\/international-adult-and-continuing-education-hall-of-fame\" data-type=\"page\" data-id=\"3171\">Mitgliedschaft in der International Adult and Continuing Education Hall of Fame<\/a><\/p>\n<\/div>\n<\/div>\n\n\n\n<p><\/p>\n","protected":false},"excerpt":{"rendered":"<p>Aktuelle Forschungsbeitr\u00e4ge und Kooperationen Netzwerke und Mitgliedschaften An der Professur f\u00fcr Weiterbildung und lebenslanges Lernen laufen zahlreiche internationale Aktivit\u00e4ten. Dazu z\u00e4hlen: S.T.R.E.A.M.-Netzwerk in der European Society for Research on the [&hellip;]<\/p>\n","protected":false},"author":28,"featured_media":0,"parent":0,"menu_order":0,"comment_status":"closed","ping_status":"closed","template":"","meta":{"footnotes":""},"categories":[4],"tags":[],"class_list":["post-3161","page","type-page","status-publish","hentry","category-forschung"],"_links":{"self":[{"href":"https:\/\/www.hsu-hh.de\/wb\/wp-json\/wp\/v2\/pages\/3161","targetHints":{"allow":["GET"]}}],"collection":[{"href":"https:\/\/www.hsu-hh.de\/wb\/wp-json\/wp\/v2\/pages"}],"about":[{"href":"https:\/\/www.hsu-hh.de\/wb\/wp-json\/wp\/v2\/types\/page"}],"author":[{"embeddable":true,"href":"https:\/\/www.hsu-hh.de\/wb\/wp-json\/wp\/v2\/users\/28"}],"replies":[{"embeddable":true,"href":"https:\/\/www.hsu-hh.de\/wb\/wp-json\/wp\/v2\/comments?post=3161"}],"version-history":[{"count":19,"href":"https:\/\/www.hsu-hh.de\/wb\/wp-json\/wp\/v2\/pages\/3161\/revisions"}],"predecessor-version":[{"id":3656,"href":"https:\/\/www.hsu-hh.de\/wb\/wp-json\/wp\/v2\/pages\/3161\/revisions\/3656"}],"wp:attachment":[{"href":"https:\/\/www.hsu-hh.de\/wb\/wp-json\/wp\/v2\/media?parent=3161"}],"wp:term":[{"taxonomy":"category","embeddable":true,"href":"https:\/\/www.hsu-hh.de\/wb\/wp-json\/wp\/v2\/categories?post=3161"},{"taxonomy":"post_tag","embeddable":true,"href":"https:\/\/www.hsu-hh.de\/wb\/wp-json\/wp\/v2\/tags?post=3161"}],"curies":[{"name":"wp","href":"https:\/\/api.w.org\/{rel}","templated":true}]}}