{"id":3015,"date":"2023-01-27T14:12:23","date_gmt":"2023-01-27T13:12:23","guid":{"rendered":"https:\/\/www.hsu-hh.de\/wb\/?page_id=3015"},"modified":"2023-02-07T16:09:59","modified_gmt":"2023-02-07T15:09:59","slug":"publications","status":"publish","type":"page","link":"https:\/\/www.hsu-hh.de\/wb\/en\/digitaks-2\/publications","title":{"rendered":"Conference papers and presentations"},"content":{"rendered":"\n<p><strong>2023<\/strong><\/p>\n\n\n\n<ul class=\"wp-block-list\">\n<li>Schreiber-Barsch, S. &amp; Lowitzki, I. (2023). Lernort Hochschule: Akademische Professionalisierung von Studierenden f\u00fcr digitale Schl\u00fcsselkompetenzen unter Bedingungen der COVID-19-Pandemie. Tagung der Arbeitsgruppe Erwachsenenbildung und Raum, 10-11. M\u00e4rz 2023, Gie\u00dfen. <\/li>\n<\/ul>\n\n\n\n<p><strong>2022 <\/strong><\/p>\n\n\n\n<ul class=\"wp-block-list\">\n<li>Schmidt-Lauff, S., Rosemann, T. und Rathmann, M. (2022): Erfahrungen und Erkenntnisse zur hybriden Lehre. Impulse aus dem DigiTaKS*-Projekt. Gastvortrag im Rahmen der Arbeitsgemeinschaft Digitale R\u00e4ume an der Helmut Schmidt Universit\u00e4t \/ Universit\u00e4t der Bundeswehr Hamburg. 17.11.2022, Hamburg.<\/li>\n\n\n\n<li>Rathmann, M., Rosemann, T., Schiller, J. Schmidt-Lauff, S., Schwarz, J., Miller, M., Klingner, St., Schasse de Araujo, B., Schubert, J., Breitschwerdt, L., Egetenmeyer, R., H\u00fcmmer, Chr., Curdt, W., Lowitzki, I., Schreiber-Barsch, S. (2022): <em>Erwerb transformativer digitaler Kompetenzen \u2013 Eine L\u00e4ngsschnittstudie<\/em>. Jahrestagung der Sektion Erwachsenenbildung der DGfE, 14.-16.9. 2022, Flensburg.<\/li>\n\n\n\n<li>Rosemann, T.; Rathmann, M. (2022). Unterricht in der Digitalisierung zwischen analog und digital. Fachgespr\u00e4ch \u201eDigitalisierung im Musikunterricht\u201c, Berlin.<\/li>\n\n\n\n<li>Rathmann, M., Rosemann, Th., Schiller, J. (2022). Digitale Arbeits- und Studienpraktiken \u2013 R\u00e4umliche und bildungsbezogene Ent- und Begrenzungen digitalen Studierens. DGfE-Kongress \u201eENT|GRENZ|UNGEN\u201c, 13.-16.03.2022, Bremen.<\/li>\n\n\n\n<li>Schiller, J. (2022). Access and transitions in lifelong learning and transformative digital competences. ASEM global lifelong learning week, 26.09.2022, Cork\/IRL <\/li>\n<\/ul>\n\n\n\n<p><\/p>\n\n\n\n<p><\/p>\n\n\n\n<p><strong>2021<\/strong><\/p>\n\n\n\n<ul class=\"wp-block-list\">\n<li>Schwarz, J., Rathmann, M., Rosemann, T., &amp; Schiller, J. (2021). Educated for the Digital Transformation?! Students\u2019 Acquisition of Competences for Digital Learning and Teaching during and past pandemic times. Florenz.<\/li>\n\n\n\n<li>Rathmann, M. (2021). Entgrenzungen digitaler Lern- und Arbeitspraktiken. Erste Ergebnisse der L\u00e4ngsschnittuntersuchung des Projektes DigiTaKS*. DocColloq, Trier.<\/li>\n<\/ul>\n","protected":false},"excerpt":{"rendered":"<p>2023 2022 2021<\/p>\n","protected":false},"author":3034,"featured_media":0,"parent":1977,"menu_order":0,"comment_status":"closed","ping_status":"closed","template":"","meta":{"footnotes":""},"categories":[7],"tags":[],"class_list":["post-3015","page","type-page","status-publish","hentry","category-research"],"_links":{"self":[{"href":"https:\/\/www.hsu-hh.de\/wb\/wp-json\/wp\/v2\/pages\/3015","targetHints":{"allow":["GET"]}}],"collection":[{"href":"https:\/\/www.hsu-hh.de\/wb\/wp-json\/wp\/v2\/pages"}],"about":[{"href":"https:\/\/www.hsu-hh.de\/wb\/wp-json\/wp\/v2\/types\/page"}],"author":[{"embeddable":true,"href":"https:\/\/www.hsu-hh.de\/wb\/wp-json\/wp\/v2\/users\/3034"}],"replies":[{"embeddable":true,"href":"https:\/\/www.hsu-hh.de\/wb\/wp-json\/wp\/v2\/comments?post=3015"}],"version-history":[{"count":9,"href":"https:\/\/www.hsu-hh.de\/wb\/wp-json\/wp\/v2\/pages\/3015\/revisions"}],"predecessor-version":[{"id":3114,"href":"https:\/\/www.hsu-hh.de\/wb\/wp-json\/wp\/v2\/pages\/3015\/revisions\/3114"}],"up":[{"embeddable":true,"href":"https:\/\/www.hsu-hh.de\/wb\/wp-json\/wp\/v2\/pages\/1977"}],"wp:attachment":[{"href":"https:\/\/www.hsu-hh.de\/wb\/wp-json\/wp\/v2\/media?parent=3015"}],"wp:term":[{"taxonomy":"category","embeddable":true,"href":"https:\/\/www.hsu-hh.de\/wb\/wp-json\/wp\/v2\/categories?post=3015"},{"taxonomy":"post_tag","embeddable":true,"href":"https:\/\/www.hsu-hh.de\/wb\/wp-json\/wp\/v2\/tags?post=3015"}],"curies":[{"name":"wp","href":"https:\/\/api.w.org\/{rel}","templated":true}]}}