{"id":2649,"date":"2022-07-04T09:11:14","date_gmt":"2022-07-04T07:11:14","guid":{"rendered":"https:\/\/www.hsu-hh.de\/wb\/?page_id=2649"},"modified":"2025-01-21T11:39:55","modified_gmt":"2025-01-21T10:39:55","slug":"tagungen-vortraege-und-poster","status":"publish","type":"page","link":"https:\/\/www.hsu-hh.de\/wb\/digitaks\/tagungen-vortraege-und-poster","title":{"rendered":"Tagungsbeitr\u00e4ge und Vortr\u00e4ge"},"content":{"rendered":"\n<h2 class=\"wp-block-heading\">2025<\/h2>\n\n\n\n<ul class=\"wp-block-list\">\n<li>Rathmann, S., Schiller, J. &amp; Fehrenbacher, J. (2025). Competences for a sustainable future: An international perspective. Symposium auf der hybriden Tagung <a href=\"https:\/\/sites.google.com\/view\/lifelonglearningconference\/home\" rel='nofollow'>Lifelong Learning for a Sustainable Future<\/a>, 6.-8. Januar 2025 am Adi Shankara Institute of Engineering and Technology, Kerala, India<\/li>\n<\/ul>\n\n\n\n<h2 class=\"wp-block-heading\">2024<\/h2>\n\n\n\n<ul class=\"wp-block-list\">\n<li>Schmidt-Lauff, S. (2024). Herausforderungen der Digitalen Welt &#8211; Transformation von Strukturen und Praktiken im Hochschulsystem. Arbeitsgruppe (Chair) auf dem DGfE-Kongress 2024 in Halle vom 10. bis zum 13. M\u00e4rz. <\/li>\n\n\n\n<li>Rosemann, T., Rathmann, M. &amp; Schiller, J. (2024). Herausforderungen als Lernanlass der Entwicklung (transformativer) digitaler Kompetenzen Studierender. DGFE-Kongress 2024 in Halle vom 10. bis zum 13. M\u00e4rz. <\/li>\n\n\n\n<li>Breitschwerdt, L., H\u00fcmmer, C. &amp; Egetenmeyer, R. (2024) Perspektiven Studierender auf die Teilnahme an synchron-hybirden Settings. DGFE-Kongress 2024 in Halle vom 10. bis zum 13. M\u00e4rz. <\/li>\n\n\n\n<li>Schreiber-Barsch, S., Lowitzki, I. &amp; Curdt, W. (2024). Lernort Hochschule &#8211; Zu Gelingensbedingungen der akademischen Professionalit\u00e4t f\u00fcr eine inklusive Medienbildung. DGFE-Kongress 2024 in Halle vom 10. bis zum 13. M\u00e4rz. <\/li>\n\n\n\n<li>Rosemann, T. (2024). Digital Learning and Usage Practices of Students in Higher Education in Germany &#8211; Results of a diary study. International Conference of Researching Working and Learning, Juni 2024, Link\u00f6ping, Sweden. <\/li>\n<\/ul>\n\n\n\n<h2 class=\"wp-block-heading\">2023<\/h2>\n\n\n\n<ul class=\"wp-block-list\">\n<li>Schmidt-Lauff, S., Schiller, J., Schasse de Araujo, B. &amp; Negt, L. (2023). K\u00fcnstliche Intelligenz im Kontext von Lehren und Lernen an Hochschulen. 2-t\u00e4giger Workshop zum Tag der Lehre der Hochschule der Polizei Brandenburg, 29.-30.11.2023, Oranienburg.<\/li>\n\n\n\n<li>Schreiber-Barsch, S. &amp; Lowitzki, I. (2023). Lernort Hochschule: Akademische Professionalisierung von Studierenden f\u00fcr digitale Schl\u00fcsselkompetenzen unter Bedingungen der COVID-19-Pandemie. Tagung der Arbeitsgruppe Erwachsenenbildung und Raum, 10-11. M\u00e4rz 2023, Gie\u00dfen. <\/li>\n\n\n\n<li>Rosemann, T. &amp; Schumann, Y. (2023). Digital Competences and Digital Learning Behavior in Higher Education &#8211; Generation of Individualized Feedback in a Longitudinal Study. Vortrag in der Seminarreihe &#8222;Computation &amp; Data&#8220; <\/li>\n<\/ul>\n\n\n\n<h2 class=\"wp-block-heading\">2022<\/h2>\n\n\n\n<ul class=\"wp-block-list\">\n<li>Schmidt-Lauff, S., Rosemann, T. und Rathmann, M. (2022): Erfahrungen und Erkenntnisse zur hybriden Lehre. Impulse aus dem DigiTaKS*-Projekt. Gastvortrag im Rahmen der Arbeitsgemeinschaft Digitale R\u00e4ume an der Helmut Schmidt Universit\u00e4t \/ Universit\u00e4t der Bundeswehr Hamburg. 17.11.2022, Hamburg. <\/li>\n\n\n\n<li>Rathmann, M., Rosemann, T., Schiller, J. Schmidt-Lauff, S., Schwarz, J., Miller, M., Klingner, St., Schasse de Araujo, B., Schubert, J., Breitschwerdt, L., Egetenmeyer, R., H\u00fcmmer, Chr., Curdt, W., Lowitzki, I., Schreiber-Barsch, S. (2022): Erwerb transformativer digitaler Kompetenzen &#8211; Eine L\u00e4ngsschnittstudie. Jahrestagung der Sektion Erwachsenenbildung der DGfE, 14.-16.9. 2022, Flensburg.<\/li>\n\n\n\n<li>Rosemann, T.; Rathmann, M. (2022). Unterricht in der Digitalisierung zwischen analog und digital. Fachgespr\u00e4ch &#8222;Digitalisierung im Musikunterricht&#8220;, Berlin.<\/li>\n\n\n\n<li>Rathmann, M., Rosemann, Th., Schiller, J. (2022). Digitale Arbeits- und Studienpraktiken \u2013 R\u00e4umliche und bildungsbezogene Ent- und Begrenzungen digitalen Studierens. DGfE-Kongress &#8222;ENT|GRENZ|UNGEN&#8220;, 13.-16.03.2022, Bremen. <\/li>\n\n\n\n<li>Schiller, J. (2022). Access and transitions in lifelong learning and transformative digital competences. ASEM global lifelong learning week, 26.09.2022, Cork\/IRL<\/li>\n<\/ul>\n\n\n\n<p><\/p>\n\n\n\n<h2 class=\"wp-block-heading\">2021<\/h2>\n\n\n\n<ul class=\"wp-block-list\">\n<li>Schwarz, J., Rathmann, M., Rosemann, T., &amp; Schiller, J. (2021). Educated for the Digital Transformation?! Students\u2019 Acquisition of Competences for Digital Learning and Teaching during and past pandemic times. Florenz.<\/li>\n\n\n\n<li>Rathmann, M. (2021). Entgrenzungen digitaler Lern- und Arbeitspraktiken. Erste Ergebnisse der L\u00e4ngsschnittuntersuchung des Projektes DigiTaKS*. DocColloq, Trier.<\/li>\n<\/ul>\n","protected":false},"excerpt":{"rendered":"<p>2025 2024 2023 2022 2021<\/p>\n","protected":false},"author":2801,"featured_media":0,"parent":1249,"menu_order":0,"comment_status":"closed","ping_status":"closed","template":"","meta":{"footnotes":""},"categories":[728,4],"tags":[],"class_list":["post-2649","page","type-page","status-publish","hentry","category-digitaks-forschung","category-forschung"],"_links":{"self":[{"href":"https:\/\/www.hsu-hh.de\/wb\/wp-json\/wp\/v2\/pages\/2649","targetHints":{"allow":["GET"]}}],"collection":[{"href":"https:\/\/www.hsu-hh.de\/wb\/wp-json\/wp\/v2\/pages"}],"about":[{"href":"https:\/\/www.hsu-hh.de\/wb\/wp-json\/wp\/v2\/types\/page"}],"author":[{"embeddable":true,"href":"https:\/\/www.hsu-hh.de\/wb\/wp-json\/wp\/v2\/users\/2801"}],"replies":[{"embeddable":true,"href":"https:\/\/www.hsu-hh.de\/wb\/wp-json\/wp\/v2\/comments?post=2649"}],"version-history":[{"count":20,"href":"https:\/\/www.hsu-hh.de\/wb\/wp-json\/wp\/v2\/pages\/2649\/revisions"}],"predecessor-version":[{"id":4120,"href":"https:\/\/www.hsu-hh.de\/wb\/wp-json\/wp\/v2\/pages\/2649\/revisions\/4120"}],"up":[{"embeddable":true,"href":"https:\/\/www.hsu-hh.de\/wb\/wp-json\/wp\/v2\/pages\/1249"}],"wp:attachment":[{"href":"https:\/\/www.hsu-hh.de\/wb\/wp-json\/wp\/v2\/media?parent=2649"}],"wp:term":[{"taxonomy":"category","embeddable":true,"href":"https:\/\/www.hsu-hh.de\/wb\/wp-json\/wp\/v2\/categories?post=2649"},{"taxonomy":"post_tag","embeddable":true,"href":"https:\/\/www.hsu-hh.de\/wb\/wp-json\/wp\/v2\/tags?post=2649"}],"curies":[{"name":"wp","href":"https:\/\/api.w.org\/{rel}","templated":true}]}}