{"id":2492,"date":"2022-03-16T08:22:07","date_gmt":"2022-03-16T07:22:07","guid":{"rendered":"https:\/\/www.hsu-hh.de\/wb\/?page_id=2492"},"modified":"2025-01-21T13:10:18","modified_gmt":"2025-01-21T12:10:18","slug":"projektinformationen","status":"publish","type":"page","link":"https:\/\/www.hsu-hh.de\/wb\/digitaks\/projektinformationen","title":{"rendered":"DigiTaKS*: Informationen zur ersten Projektphase 2021-2024"},"content":{"rendered":"\n<p>Hier finden Sie <a href=\"https:\/\/www.hsu-hh.de\/wb\/digitaks\/ergebnisse\" data-type=\"page\" data-id=\"2446\" target=\"_blank\" rel=\"noreferrer noopener\">Ergebnisse<\/a> sowie <a href=\"https:\/\/www.hsu-hh.de\/wb\/digitaks\/tagungen-vortraege-und-poster\" data-type=\"page\" data-id=\"2649\" target=\"_blank\" rel=\"noreferrer noopener\">Tagungsbeitr\u00e4ge und Vortr\u00e4ge<\/a>. <\/p>\n\n\n\n<h2 class=\"wp-block-heading\">Projektbeschreibung <\/h2>\n\n\n\n<p>Um in internationalen Transformationsprozessen leistungsstark zu bleiben, muss die Entwicklung digitaler Schl\u00fcsselkompetenzen f\u00fcr Beruf und Gesellschaft zur Querschnittsaufgabe des gesamten Bildungssystems werden. Ziel ist die <strong>nachhaltige Stimulierung digitaler Innovationskraft<\/strong>, die auf Hochschulebene \u00fcber \u00bbDigiTaKS*\u00ab Studierende \u2013 auch jenseits technikaffiner Studieng\u00e4nge \u2013 als <strong>zuk\u00fcnftige Fach- und F\u00fchrungskr\u00e4fte <abbr title=\"beziehungsweise\">bzw.<\/abbr> \u00bbdigital change agents\u00ab<\/strong> adressiert und dazu bef\u00e4higt, Multiplikatorenrollen in der Anwendung und im Ausbau digitaler Technologien wahrzunehmen.<\/p>\n\n\n\n<p>Zur Implementation h\u00f6herwertiger (reflexiv-transformativer) digitaler Kompetenzniveaus im Hochschulstudium werden dazu im Rahmen des Projektes die folgenden <a href=\"https:\/\/www.hsu-hh.de\/wb\/digitaks\/ergebnisse\" data-type=\"page\" data-id=\"2446\">Produkte und Ergebnisse<\/a> entwickelt:<\/p>\n\n\n\n<ol class=\"wp-block-list\">\n<li>Ein <strong>Digitales Basispaket bestehend aus Hard- und Softwaresuite<\/strong>,<\/li>\n\n\n\n<li><strong>Instrumentarien zur digitalen Kompetenzdiagnose<\/strong> (Selftest) und -entwicklung (Training) <a href=\"https:\/\/www.hsu-hh.de\/wb\/comdigis\" data-type=\"page\" data-id=\"4121\" target=\"_blank\" rel=\"noreferrer noopener\">(ComDigiS*)<\/a> sowie<\/li>\n\n\n\n<li>barrierefreie <strong>Open Educational Ressources (OER)<\/strong>.<\/li>\n<\/ol>\n\n\n\n<p>Im Zuge der <strong>Forschungskooperation mit zwei weiteren Universit\u00e4ten<\/strong> (Universit\u00e4t Duisburg-Essen und Julius-Maximilians-Universit\u00e4t W\u00fcrzburg) und <strong>zivilgesellschaftlichen Organisationen<\/strong> werden bildungs\u2011, sozial- und medienwissenschaftliche Forschungsstr\u00e4nge zur Digitalisierung interdisziplin\u00e4r vernetzt. Durch sein multimethodisches Forschungsdesign erm\u00f6glicht das Projekt die <strong><a href=\"https:\/\/www.hsu-hh.de\/wb\/digitaks\/ergebnisse\" data-type=\"page\" data-id=\"2446\">Bereitstellung empirisch fundierter Informationen<\/a><\/strong> \u00fcber den faktischen Stand der digital literacy der gegenw\u00e4rtigen Studierendengeneration ebenso wie zu den umsetzungspraktischen <strong>Herausforderungen und H\u00fcrden von Digitalisierung<\/strong> in der Hochschulbildung.<\/p>\n\n\n\n<p>Damit verbinden sich in \u00bbDigiTaKS*\u00ab technische Ausstattung mit<strong> individueller Diagnose und Qualifizierung<\/strong> auf Basis begleitender <strong>l\u00e4ngsschnittlicher, multimethodischer Wirkungsforschung<\/strong>. Die im Projekt entwickelten OER-Produkte stehen im Anschluss anderen Hochschulen, aber auch im Sinne einer breiten Digitalisierungsoffensive und des Dual-Use weiteren Bildungssegmenten der Aus- und Weiterbildung zu Verf\u00fcgung.<\/p>\n\n\n\n<p>Weitere Kooperationen im Rahmen des DigiTaKS*-Projektes: <\/p>\n\n\n\n<ul class=\"wp-block-list\">\n<li>Es erfolgt eine <strong>Kooperation mit dem Forschungsprojekt hpc.bw<\/strong> &#8211; <a href=\"https:\/\/www.hsu-hh.de\/wb\/hpc-bw\">Competence Platform for Software Efficiency and Supercomputing<\/a>. Ziel der projekt\u00fcbergreifenden Zusammenarbeit ist die Umsetzung einer individualisierten und automatisierten Ergebnisr\u00fcckmeldung an die Studierenden auf der Grundlage l\u00e4ngsschnittlich gewonnener Daten des Forschungs- und Entwicklungsprojektes \u00bbDigiTaKS*\u00ab. <\/li>\n<\/ul>\n\n\n\n<ul class=\"wp-block-list\">\n<li>Im Rahmen der <strong>Arbeitsgemeinschaft Digitale R\u00e4ume <\/strong>an der Helmut Schmidt Universit\u00e4t \/ Universit\u00e4t der Bundeswehr Hamburg erfolgt ein interdisziplin\u00e4rer Austausch, in dem Erfahrungen und Impulse aus dem \u00bbDigiTaKS*\u00ab-Projekt iterativ eingebracht werden. <\/li>\n<\/ul>\n\n\n\n<h2 class=\"wp-block-heading\">Projektstruktur <\/h2>\n\n\n\n<div class=\"wp-block-columns is-layout-flex wp-container-core-columns-is-layout-9d6595d7 wp-block-columns-is-layout-flex\">\n<div class=\"wp-block-column is-layout-flow wp-block-column-is-layout-flow\">\n<p><strong>Projektleitung<\/strong><\/p>\n\n\n\n<p><abbr title=\"Professor\">Prof.<\/abbr> <abbr title=\"Doktor\">Dr.<\/abbr> Sabine Schmidt-Lauff (Projektleitung)<\/p>\n\n\n\n<p><abbr title=\"Doktor\">Dr.<\/abbr> J\u00f6rg Schwarz (Mitantragstellung DigiTaKS* 2021-2024; Projektkoordination 01\/2021 &#8211; 05\/2024)<\/p>\n<\/div>\n\n\n\n<div class=\"wp-block-column is-layout-flow wp-block-column-is-layout-flow\">\n<p>Teilprojekt 1: <strong>Digitales Arbeiten und Lernen im Studienalltag<\/strong><\/p>\n\n\n\n<p><abbr title=\"Doktor\">Dr.<\/abbr> Jan Schiller<\/p>\n\n\n\n<p>Marie Rathmann, M.A.<\/p>\n\n\n\n<p><abbr title=\"Doktor\">Dr.<\/abbr> Therese Rosemann<\/p>\n\n\n\n<p>Hannah Hassinger, M.A. (ab 2024) <\/p>\n<\/div>\n\n\n\n<div class=\"wp-block-column is-layout-flow wp-block-column-is-layout-flow\">\n<p>Teilprojekt 2: <strong><strong>Entwicklung des digitalen Basispakets \u201cOpen Work &amp; Study\u201d<\/strong><\/strong><\/p>\n\n\n\n<p><abbr title=\"Doktor\">Dr.<\/abbr> Manuel Thiel <\/p>\n<\/div>\n<\/div>\n\n\n\n<div class=\"wp-block-columns is-layout-flex wp-container-core-columns-is-layout-9d6595d7 wp-block-columns-is-layout-flex\">\n<div class=\"wp-block-column is-layout-flow wp-block-column-is-layout-flow\">\n<p>Teilprojekt 3: <strong>Entwicklung eines Tools zur Diagnose und Weiterentwicklung digitaler Kompetenzen<\/strong><\/p>\n\n\n\n<p>Bettina Schasse de Araujo<br>Jan Schubert <br>Leonore Negt<br>(WeTeK Berlin gGmbH)<\/p>\n\n\n\n<p>Mihail Miller<br>(InfAI e.v.)<\/p>\n\n\n\n<p>Norman Radtke<br>(InfAI e.v.)<\/p>\n<\/div>\n\n\n\n<div class=\"wp-block-column is-layout-flow wp-block-column-is-layout-flow\">\n<p>Teilprojekt 4: <strong>Gestaltung kollaborativer digitaler Lernsettings<\/strong><\/p>\n\n\n\n<p><abbr title=\"Professor\">Prof.<\/abbr> <abbr title=\"Doktor\">Dr.<\/abbr> Regina Egetenmeyer<br>(Julius-Maximilians-Universit\u00e4t W\u00fcrzburg)<\/p>\n\n\n\n<p><abbr title=\"Doktor\">Dr.<\/abbr> Lisa Breitschwerdt<br>(Julius-Maximilians-Universit\u00e4t W\u00fcrzburg)<\/p>\n\n\n\n<p>Christina H\u00fcmmer, M.A.<br>(Julius-Maximilians-Universit\u00e4t W\u00fcrzburg)<\/p>\n<\/div>\n\n\n\n<div class=\"wp-block-column is-layout-flow wp-block-column-is-layout-flow\">\n<p>Teilprojekt 5: <strong>Diversit\u00e4t und Partizipation im digitalen Lernen<\/strong><\/p>\n\n\n\n<p class=\"has-normal-font-size\"><abbr title=\"Professor\">Prof.<\/abbr> <abbr title=\"Doktor\">Dr.<\/abbr> Silke Schreiber-Barsch<br>(Universit\u00e4t Duisburg-Essen)<\/p>\n\n\n\n<p>Linda Siebert, M.A.<br>(Universit\u00e4t Duisburg-Essen)<\/p>\n\n\n\n<p>Song\u00fcl Cora, M.A.<br>(Universit\u00e4t Duisburg-Essen)<\/p>\n<\/div>\n<\/div>\n\n\n\n<h2 class=\"wp-block-heading has-medium-font-size\">Poster zum Gesamtprojekt (Stand: 2023)<br><\/h2>\n\n\n\n<div class=\"wp-block-media-text alignwide is-stacked-on-mobile\"><figure class=\"wp-block-media-text__media\"><img loading=\"lazy\" decoding=\"async\" width=\"723\" height=\"1024\" src=\"https:\/\/www.hsu-hh.de\/wb\/wp-content\/uploads\/sites\/647\/2023\/01\/Poster-Gesamtprojekt-2022-723x1024.jpeg\" data-credit=\"Jan Schiller \/ Digitaks\" alt=\"DigiTaKS*-Gesamtprojekt 2022\" class=\"wp-image-2985 size-full\" srcset=\"https:\/\/www.hsu-hh.de\/wb\/wp-content\/uploads\/sites\/647\/2023\/01\/Poster-Gesamtprojekt-2022-723x1024.jpeg 723w, https:\/\/www.hsu-hh.de\/wb\/wp-content\/uploads\/sites\/647\/2023\/01\/Poster-Gesamtprojekt-2022-212x300.jpeg 212w, https:\/\/www.hsu-hh.de\/wb\/wp-content\/uploads\/sites\/647\/2023\/01\/Poster-Gesamtprojekt-2022-768x1087.jpeg 768w, https:\/\/www.hsu-hh.de\/wb\/wp-content\/uploads\/sites\/647\/2023\/01\/Poster-Gesamtprojekt-2022-1085x1536.jpeg 1085w, https:\/\/www.hsu-hh.de\/wb\/wp-content\/uploads\/sites\/647\/2023\/01\/Poster-Gesamtprojekt-2022-1446x2048.jpeg 1446w, https:\/\/www.hsu-hh.de\/wb\/wp-content\/uploads\/sites\/647\/2023\/01\/Poster-Gesamtprojekt-2022-1100x1557.jpeg 1100w, https:\/\/www.hsu-hh.de\/wb\/wp-content\/uploads\/sites\/647\/2023\/01\/Poster-Gesamtprojekt-2022-scaled.jpeg 1808w\" sizes=\"auto, (max-width: 723px) 100vw, 723px\" \/><\/figure><div class=\"wp-block-media-text__content\">\n<p>Das Poster wurde im Rahmen des Open Campus 2022 und 2023 an der Helmut-Schmidt-Universit\u00e4t\/UniBW H vorgestellt.<\/p>\n\n\n\n<p>Download des Posters als hochaufl\u00f6sendes PDF:<\/p>\n\n\n\n<div class=\"wp-block-hsu-downloadblock\"><div class=\"thumbnail-area\"><img decoding=\"async\" src=\"\/wp-content\/themes\/hsu\/img\/dummy\/downloads_dummy.png\" data-credit=\"Jan Schiller \/ Digitaks\" alt=\"Download Symbol-Icon\" \/><\/div><div class=\"text-area\">Poster DigiTaKS* Gesamtprojekt<\/div><div class=\"download-area\"><a class=\"download-link\" href=\"https:\/\/www.hsu-hh.de\/wb\/wp-content\/uploads\/sites\/647\/2023\/11\/V1.23-Poster-Digitaks-Gesamtprojekt-2023.pdf\"><span class=\"download-name\">pdf laden<\/span><span class=\"download-icon\"><img decoding=\"async\" class=\"download-icon\" data-credit=\"Jan Schiller \/ Digitaks\" alt=\"download icon\" src=\"\/wp-content\/themes\/hsu\/img\/icons\/download_icon.png\" \/><\/span><span class=\"download-size\">1 MB<\/span><\/a><\/div><\/div>\n<\/div><\/div>\n\n\n\n<p><\/p>\n\n\n\n<h2 class=\"wp-block-heading has-medium-font-size\">Flyer zum Gesamtprojekt (Stand: 2023)<\/h2>\n\n\n\n<p>Der Flyer kann auf Anfrage an digitaks [at] hsu-hh.de in gedruckter Form angefordert werden. <\/p>\n\n\n\n<div class=\"wp-block-hsu-downloadblock\"><div class=\"thumbnail-area\"><img decoding=\"async\" src=\"\/wp-content\/themes\/hsu\/img\/dummy\/downloads_dummy.png\" alt=\"Download Symbol-Icon\" \/><\/div><div class=\"text-area\">Faltblatt zum Projekt DigiTaKS*<\/div><div class=\"download-area\"><a class=\"download-link\" href=\"https:\/\/www.hsu-hh.de\/wb\/wp-content\/uploads\/sites\/647\/2023\/06\/V1.83-Flyer-Digitaks-Gesamtprojekt.pdf\"><span class=\"download-name\">pdf laden<\/span><span class=\"download-icon\"><img decoding=\"async\" class=\"download-icon\" alt=\"download icon\" src=\"\/wp-content\/themes\/hsu\/img\/icons\/download_icon.png\" \/><\/span><span class=\"download-size\">2 MB<\/span><\/a><\/div><\/div>\n","protected":false},"excerpt":{"rendered":"<p>Hier finden Sie Ergebnisse sowie Tagungsbeitr\u00e4ge und Vortr\u00e4ge. Projektbeschreibung Um in internationalen Transformationsprozessen leistungsstark zu bleiben, muss die Entwicklung digitaler Schl\u00fcsselkompetenzen f\u00fcr Beruf und Gesellschaft zur Querschnittsaufgabe des gesamten Bildungssystems [&hellip;]<\/p>\n","protected":false},"author":2801,"featured_media":0,"parent":1249,"menu_order":0,"comment_status":"closed","ping_status":"closed","template":"","meta":{"footnotes":""},"categories":[728,4],"tags":[],"class_list":["post-2492","page","type-page","status-publish","hentry","category-digitaks-forschung","category-forschung"],"_links":{"self":[{"href":"https:\/\/www.hsu-hh.de\/wb\/wp-json\/wp\/v2\/pages\/2492","targetHints":{"allow":["GET"]}}],"collection":[{"href":"https:\/\/www.hsu-hh.de\/wb\/wp-json\/wp\/v2\/pages"}],"about":[{"href":"https:\/\/www.hsu-hh.de\/wb\/wp-json\/wp\/v2\/types\/page"}],"author":[{"embeddable":true,"href":"https:\/\/www.hsu-hh.de\/wb\/wp-json\/wp\/v2\/users\/2801"}],"replies":[{"embeddable":true,"href":"https:\/\/www.hsu-hh.de\/wb\/wp-json\/wp\/v2\/comments?post=2492"}],"version-history":[{"count":19,"href":"https:\/\/www.hsu-hh.de\/wb\/wp-json\/wp\/v2\/pages\/2492\/revisions"}],"predecessor-version":[{"id":4133,"href":"https:\/\/www.hsu-hh.de\/wb\/wp-json\/wp\/v2\/pages\/2492\/revisions\/4133"}],"up":[{"embeddable":true,"href":"https:\/\/www.hsu-hh.de\/wb\/wp-json\/wp\/v2\/pages\/1249"}],"wp:attachment":[{"href":"https:\/\/www.hsu-hh.de\/wb\/wp-json\/wp\/v2\/media?parent=2492"}],"wp:term":[{"taxonomy":"category","embeddable":true,"href":"https:\/\/www.hsu-hh.de\/wb\/wp-json\/wp\/v2\/categories?post=2492"},{"taxonomy":"post_tag","embeddable":true,"href":"https:\/\/www.hsu-hh.de\/wb\/wp-json\/wp\/v2\/tags?post=2492"}],"curies":[{"name":"wp","href":"https:\/\/api.w.org\/{rel}","templated":true}]}}