{"id":2241,"date":"2022-02-23T08:45:00","date_gmt":"2022-02-23T07:45:00","guid":{"rendered":"https:\/\/www.hsu-hh.de\/wb\/?page_id=2241"},"modified":"2023-07-06T19:03:14","modified_gmt":"2023-07-06T17:03:14","slug":"forschung_syko","status":"publish","type":"page","link":"https:\/\/www.hsu-hh.de\/wb\/projekte-beendet\/forschung_syko","title":{"rendered":"SyKo"},"content":{"rendered":"\n<h1 class=\"has-text-align-center wp-block-heading\">SyKo<\/h1>\n\n\n\n<h1 class=\"has-text-align-center wp-block-heading\">Systemstruktur- und Korrespondenzanalyse des Portals und Wissensmanagementsystems des <abbr title=\"Bundesministerium f\u00fcr Bildung und Forschung\">BMBF<\/abbr>-Weiterbildungsratgebers<\/h1>\n\n\n\n<h2 class=\"has-text-align-center wp-block-heading\">Zur Weiterentwicklung des <em>Infotelefon Weiterbildungsberatung<\/em> <br>zu einem <abbr title=\"Bundesministerium f\u00fcr Bildung und Forschung\">BMBF<\/abbr>-Service &#8222;Beratung f\u00fcr lebensbegleitendes Lernen&#8220; <\/h2>\n\n\n<h2 style=\"text-align: center\"><strong>www.der-weiterbildungsratgeber.de<\/strong><\/h2>\n\n\n<div style=\"height:10px\" aria-hidden=\"true\" class=\"wp-block-spacer\"><\/div>\n\n\n\n<h3 class=\"has-text-align-center wp-block-heading\"> <strong>Laufzeit 01\/2022 \u2013 04\/2023<\/strong> <\/h3>\n\n\n\n<div style=\"height:60px\" aria-hidden=\"true\" class=\"wp-block-spacer\"><\/div>\n\n\n\n<div class=\"wp-block-columns is-layout-flex wp-container-core-columns-is-layout-9d6595d7 wp-block-columns-is-layout-flex\">\n<div class=\"wp-block-column is-layout-flow wp-block-column-is-layout-flow\">\n<figure class=\"wp-block-image size-large is-resized\"><img loading=\"lazy\" decoding=\"async\" src=\"https:\/\/www.hsu-hh.de\/wb\/wp-content\/uploads\/sites\/647\/2022\/02\/SyKo-Logo-RGB-1024x622.jpg\" data-credit=\"Andrea Jacob - HSU\" alt=\"SyKo-Logo\" class=\"wp-image-2320\" width=\"415\" height=\"252\" \/><\/figure>\n<\/div>\n\n\n\n<div class=\"wp-block-column is-layout-flow wp-block-column-is-layout-flow\"><\/div>\n\n\n\n<div class=\"wp-block-column is-layout-flow wp-block-column-is-layout-flow\">\n<figure class=\"wp-block-image size-full is-resized\"><img loading=\"lazy\" decoding=\"async\" src=\"https:\/\/www.hsu-hh.de\/wb\/wp-content\/uploads\/sites\/647\/2022\/01\/BMBF_gefoerdert_vom_deutsch1.jpg\" data-credit=\"BMBF\" alt=\"BMBF-Logo\" class=\"wp-image-2262\" width=\"298\" height=\"211\" srcset=\"https:\/\/www.hsu-hh.de\/wb\/wp-content\/uploads\/sites\/647\/2022\/01\/BMBF_gefoerdert_vom_deutsch1.jpg 881w, https:\/\/www.hsu-hh.de\/wb\/wp-content\/uploads\/sites\/647\/2022\/01\/BMBF_gefoerdert_vom_deutsch1-300x213.jpg 300w, https:\/\/www.hsu-hh.de\/wb\/wp-content\/uploads\/sites\/647\/2022\/01\/BMBF_gefoerdert_vom_deutsch1-768x545.jpg 768w\" sizes=\"auto, (max-width: 298px) 100vw, 298px\" \/><\/figure>\n<\/div>\n<\/div>\n\n\n\n<div style=\"height:28px\" aria-hidden=\"true\" class=\"wp-block-spacer\"><\/div>\n\n\n\n<p class=\"has-text-align-right has-normal-font-size\"><em><strong>\u201eRecognizing the complexity and multi-dimensional nature of the challenges faced by humanity <br>calls for the restoration of a holistic vision of learning throughout life.\u201c<\/strong><br><\/em>(Embracing a culture of lifelong learning\u2019, UIL 2020: 5)<\/p>\n\n\n\n<div style=\"height:46px\" aria-hidden=\"true\" class=\"wp-block-spacer\"><\/div>\n\n\n\n<p>Im Zuge einer sich stetig ausdifferenzierenden und komplexer werdenden Gesellschaft und Radikalit\u00e4t individueller wie gesellschaftlicher Umbruchsituationen, braucht es eine lebenslange Lernf\u00e4higkeit, um mit den stetigen Herausforderungen reflexiv wie konstruktiv gestaltend umgehen zu k\u00f6nnen und zu wollen. Wird das Konzept des biographischen und lebenslangen Lernens ernst genommen, er\u00f6ffnen sich Chancen auf Bildung als transformatorische Prozesse. Diese k\u00f6nnen zur Bew\u00e4ltigung ebendieser gesellschaftlichen und individuellen Herausforderungen ebenso beitragen, wie zur Ausweitung und Entfaltung individueller M\u00f6glichkeiten der Selbstbestimmung. Um diese Lernanl\u00e4sse und Bildungswirkungen zu begleiten und zu unterst\u00fctzen, stehen informierende und beratende Strukturen wie das <strong><em>Portal <\/em><a rel=\"noreferrer noopener\" href=\"https:\/\/www.der-weiterbildungsratgeber.de\/weiterbildungsratgeber\/de\/home\/home_node.html\" data-type=\"URL\" data-id=\"https:\/\/www.der-weiterbildungsratgeber.de\/weiterbildungsratgeber\/de\/home\/home_node.html\" target=\"_blank\">www.der-weiterbildungsratgeber.de<\/a> <\/strong>zu Verf\u00fcgung.<\/p>\n\n\n\n<p>Hier setzt das <strong>Forschungsrojekt <em>SyKo<\/em> <\/strong>an: Das <strong><em>Portal <\/em><a rel=\"noreferrer noopener\" href=\"https:\/\/www.der-weiterbildungsratgeber.de\/weiterbildungsratgeber\/de\/home\/home_node.html\" data-type=\"URL\" data-id=\"https:\/\/www.der-weiterbildungsratgeber.de\/weiterbildungsratgeber\/de\/home\/home_node.html\" target=\"_blank\">www.der-weiterbildungsratgeber.de<\/a> <\/strong>kann als Lernort fungieren, der sowohl anhand von b\u00fcrgernahen, adaptiven und agilen als auch mithilfe von lebensweltlichen und subjektorientierten (digitalen) Weiterbildungsangeboten und \u2013informationen lebensbegleitende Lernanl\u00e4sse initiiert und Bildungswirkungen konkretisiert. Um solch einen Wandel zu erzielen, bedarf es einer strukturellen inhaltlichen und technischen Erweiterung des bestehenden Portals und des (internen) Wissensmanagementsystems, aus dem das Portal seine Informationen f\u00fcr die Nutzer:innen speist. F\u00fcr die Weiterentwicklung dieser beiden Systeme werden in einem Projektverbund gemeinsam mit der Universit\u00e4t Mainz, Universit\u00e4t Koblenz-Landau, Universit\u00e4t Gie\u00dfen an der <abbr title=\"Helmut Schmidt Universit\u00e4t\">HSU<\/abbr> die Lern- und Kompetenzfelder inhaltlich erweitert und Leerstellen identifiziert. Ferner werden die Benutzeroberfl\u00e4chen und technischen Tools f\u00fcr die Nutzer:innen und Berater:innen weiter ausdifferenziert und modernisiert. Das Projekt zielt darauf ab, das Portal und seine Wissensbausteine als Bildungsort transformativen lebensbegleitenden Lernens zu\u00a0etablieren und barrierefreie Zug\u00e4nge f\u00fcr die B\u00fcrger:innen zu Angeboten der Weiterbildung zu er\u00f6ffnen.<\/p>\n\n\n\n<p>Das <strong>Projekt <em>SyKo<\/em> <\/strong>wird von Masterstudierenden der Bildungs- und Erziehungswissenschaft (<abbr title=\"Jahrgang\">Jg.<\/abbr> 2019) an der <abbr title=\"Helmut Schmidt Universit\u00e4t\">HSU<\/abbr> in einem drei-trimestrigen Lehrforschungsprojekt \u00fcber 12 Monate begleitet. Die Studierenden forschen und arbeiten in f\u00fcnf Fokusgruppen zu ausgew\u00e4hlten Inhalten an dem <a rel=\"noreferrer noopener\" href=\"https:\/\/www.der-weiterbildungsratgeber.de\/weiterbildungsratgeber\/de\/home\/home_node.html\" target=\"_blank\">Weiterbildungsratgebers des <abbr title=\"Bundesministerium f\u00fcr Bildung und Forschung\">BMBF<\/abbr><\/a>:<\/p>\n\n\n\n<ul class=\"wp-block-list\">\n<li>Tiefenanalyse des <em><a href=\"https:\/\/www.der-weiterbildungsratgeber.de\/weiterbildungsratgeber\/de\/home\/home_node.html\" rel='nofollow'>Portals www.der-weiterbildungsratgeber.de<\/a><\/em> bezogen auf Visualisierung, Darstellung und \u00c4sthetisierung der inhaltlichen Themenfelder<\/li>\n\n\n\n<li>semiotische und dokumentenalaytisch ausgerichtete (Online)Textanalyse des <em><em><a href=\"https:\/\/www.der-weiterbildungsratgeber.de\/weiterbildungsratgeber\/de\/home\/home_node.html\" rel='nofollow'>Portals www.der-weiterbildungsratgeber.de<\/a><\/em><\/em><\/li>\n\n\n\n<li>Analyse der technischen Aufbereitung des <em><a href=\"https:\/\/www.der-weiterbildungsratgeber.de\/weiterbildungsratgeber\/de\/home\/home_node.html\" rel='nofollow'>Portals www.der-weiterbildungsratgeber.de<\/a><\/em> und vertiefende (Selbst)Nutzungsanalyse<\/li>\n\n\n\n<li>(Re)Konstruktion der Wissenseinheiten (WMS)<\/li>\n\n\n\n<li>(Re)Konstruktion biographie- und lebensweltbezogener Beratungsanl\u00e4sse<\/li>\n<\/ul>\n\n\n\n<p>Sie haben Fragen zu dem Projekt? Schreiben Sie uns gerne <a href=\"mailto:syko@hsu-hh.de\" rel='nofollow'>s<\/a><a rel=\"noreferrer noopener\" href=\"mailto:syko@hsu-hh.de\" target=\"_blank\">yko@hsu-hh.de<\/a><\/p>\n\n\n\n<h2 class=\"wp-block-heading\">News<\/h2>\n\n\n\n<div class=\"wp-block-columns is-layout-flex wp-container-core-columns-is-layout-9d6595d7 wp-block-columns-is-layout-flex\">\n<div class=\"wp-block-column is-layout-flow wp-block-column-is-layout-flow\">\n<p><strong>Workshop: (Online-)Weiterbildungsberatung im Kontext Lebenslangen Lernens \u2013 Quo vadis?<\/strong><\/p>\n\n\n\n<p>Zum Beitrag gelangen Sie <a href=\"https:\/\/www.hsu-hh.de\/wb\/syko-workshop\">hier<\/a>.<\/p>\n<\/div>\n\n\n\n<div class=\"wp-block-column is-layout-flow wp-block-column-is-layout-flow\">\n<p><strong>Pr\u00e4sentation: SyKo auf dem Tag der Erwachsenenbildung an der Universit\u00e4t Mainz<\/strong><\/p>\n\n\n\n<p>Zum Beitrag gelangen Sie <a href=\"https:\/\/www.hsu-hh.de\/wb\/syko_tag-eb\">hier<\/a>.<\/p>\n<\/div>\n<\/div>\n\n\n\n<h2 class=\"has-text-align-left wp-block-heading\"><strong>Projektteam<\/strong><\/h2>\n\n\n\n<div class=\"wp-block-columns is-layout-flex wp-container-core-columns-is-layout-9d6595d7 wp-block-columns-is-layout-flex\">\n<div class=\"wp-block-column is-layout-flow wp-block-column-is-layout-flow\">\n<figure class=\"wp-block-image size-full is-resized\"><img loading=\"lazy\" decoding=\"async\" src=\"https:\/\/www.hsu-hh.de\/wb\/wp-content\/uploads\/sites\/647\/2021\/10\/Businessfoto-14_web.jpg\" data-credit=\"Sabine Schmidt-Lauff\" alt=\"Foto von Prof. Dr. S. Schmidt-Lauff\" class=\"wp-image-2160\" width=\"340\" height=\"255\" srcset=\"https:\/\/www.hsu-hh.de\/wb\/wp-content\/uploads\/sites\/647\/2021\/10\/Businessfoto-14_web.jpg 800w, https:\/\/www.hsu-hh.de\/wb\/wp-content\/uploads\/sites\/647\/2021\/10\/Businessfoto-14_web-300x225.jpg 300w, https:\/\/www.hsu-hh.de\/wb\/wp-content\/uploads\/sites\/647\/2021\/10\/Businessfoto-14_web-768x576.jpg 768w\" sizes=\"auto, (max-width: 340px) 100vw, 340px\" \/><\/figure>\n\n\n\n<p><strong>Sabine Schmidt-Lauff<\/strong><\/p>\n<\/div>\n\n\n\n<div class=\"wp-block-column is-layout-flow wp-block-column-is-layout-flow\">\n<figure class=\"wp-block-image size-full is-resized\"><img loading=\"lazy\" decoding=\"async\" src=\"https:\/\/www.hsu-hh.de\/wb\/wp-content\/uploads\/sites\/647\/2021\/05\/Foto_Rathmann.jpg\" data-credit=\"Marie Rathmann\" alt=\"Marie Rathmann\" class=\"wp-image-1660\" width=\"236\" height=\"236\" srcset=\"https:\/\/www.hsu-hh.de\/wb\/wp-content\/uploads\/sites\/647\/2021\/05\/Foto_Rathmann.jpg 878w, https:\/\/www.hsu-hh.de\/wb\/wp-content\/uploads\/sites\/647\/2021\/05\/Foto_Rathmann-300x300.jpg 300w, https:\/\/www.hsu-hh.de\/wb\/wp-content\/uploads\/sites\/647\/2021\/05\/Foto_Rathmann-150x150.jpg 150w, https:\/\/www.hsu-hh.de\/wb\/wp-content\/uploads\/sites\/647\/2021\/05\/Foto_Rathmann-768x768.jpg 768w, https:\/\/www.hsu-hh.de\/wb\/wp-content\/uploads\/sites\/647\/2021\/05\/Foto_Rathmann-100x100.jpg 100w\" sizes=\"auto, (max-width: 236px) 100vw, 236px\" \/><\/figure>\n\n\n\n<p><strong>Marie Rathmann<\/strong><\/p>\n\n\n\n<p><\/p>\n<\/div>\n<\/div>\n\n\n\n<p><\/p>\n","protected":false},"excerpt":{"rendered":"<p>SyKo Systemstruktur- und Korrespondenzanalyse des Portals und Wissensmanagementsystems des BMBF-Weiterbildungsratgebers Zur Weiterentwicklung des Infotelefon Weiterbildungsberatung zu einem BMBF-Service &#8222;Beratung f\u00fcr lebensbegleitendes Lernen&#8220; www.der-weiterbildungsratgeber.de Laufzeit 01\/2022 \u2013 04\/2023 \u201eRecognizing the complexity [&hellip;]<\/p>\n","protected":false},"author":3033,"featured_media":0,"parent":1329,"menu_order":0,"comment_status":"closed","ping_status":"closed","template":"","meta":{"footnotes":""},"categories":[4,200],"tags":[719,725],"class_list":["post-2241","page","type-page","status-publish","hentry","category-forschung","category-professur-de","tag-bmbf","tag-syko"],"_links":{"self":[{"href":"https:\/\/www.hsu-hh.de\/wb\/wp-json\/wp\/v2\/pages\/2241","targetHints":{"allow":["GET"]}}],"collection":[{"href":"https:\/\/www.hsu-hh.de\/wb\/wp-json\/wp\/v2\/pages"}],"about":[{"href":"https:\/\/www.hsu-hh.de\/wb\/wp-json\/wp\/v2\/types\/page"}],"author":[{"embeddable":true,"href":"https:\/\/www.hsu-hh.de\/wb\/wp-json\/wp\/v2\/users\/3033"}],"replies":[{"embeddable":true,"href":"https:\/\/www.hsu-hh.de\/wb\/wp-json\/wp\/v2\/comments?post=2241"}],"version-history":[{"count":68,"href":"https:\/\/www.hsu-hh.de\/wb\/wp-json\/wp\/v2\/pages\/2241\/revisions"}],"predecessor-version":[{"id":3391,"href":"https:\/\/www.hsu-hh.de\/wb\/wp-json\/wp\/v2\/pages\/2241\/revisions\/3391"}],"up":[{"embeddable":true,"href":"https:\/\/www.hsu-hh.de\/wb\/wp-json\/wp\/v2\/pages\/1329"}],"wp:attachment":[{"href":"https:\/\/www.hsu-hh.de\/wb\/wp-json\/wp\/v2\/media?parent=2241"}],"wp:term":[{"taxonomy":"category","embeddable":true,"href":"https:\/\/www.hsu-hh.de\/wb\/wp-json\/wp\/v2\/categories?post=2241"},{"taxonomy":"post_tag","embeddable":true,"href":"https:\/\/www.hsu-hh.de\/wb\/wp-json\/wp\/v2\/tags?post=2241"}],"curies":[{"name":"wp","href":"https:\/\/api.w.org\/{rel}","templated":true}]}}