{"id":2016,"date":"2021-09-07T19:17:39","date_gmt":"2021-09-07T17:17:39","guid":{"rendered":"https:\/\/www.hsu-hh.de\/wb\/?page_id=2016"},"modified":"2024-05-23T10:04:39","modified_gmt":"2024-05-23T08:04:39","slug":"zulie","status":"publish","type":"page","link":"https:\/\/www.hsu-hh.de\/wb\/zulie","title":{"rendered":"DFG-Projekt &#8222;Zeit und Lernen im Erwachsenenalter&#8220;"},"content":{"rendered":"\n<figure class=\"wp-block-image size-large\"><img loading=\"lazy\" decoding=\"async\" width=\"1024\" height=\"767\" src=\"https:\/\/www.hsu-hh.de\/wb\/wp-content\/uploads\/sites\/647\/2021\/09\/hp-banner-1024x767.png\" data-credit=\"Foto: Dariusz Sankowski; Bearbeitung: J\u00f6rg Schwarz\" alt=\"Banner\" class=\"wp-image-2017\" srcset=\"https:\/\/www.hsu-hh.de\/wb\/wp-content\/uploads\/sites\/647\/2021\/09\/hp-banner-1024x767.png 1024w, https:\/\/www.hsu-hh.de\/wb\/wp-content\/uploads\/sites\/647\/2021\/09\/hp-banner-300x225.png 300w, https:\/\/www.hsu-hh.de\/wb\/wp-content\/uploads\/sites\/647\/2021\/09\/hp-banner-768x576.png 768w, https:\/\/www.hsu-hh.de\/wb\/wp-content\/uploads\/sites\/647\/2021\/09\/hp-banner-1536x1151.png 1536w, https:\/\/www.hsu-hh.de\/wb\/wp-content\/uploads\/sites\/647\/2021\/09\/hp-banner-1100x824.png 1100w, https:\/\/www.hsu-hh.de\/wb\/wp-content\/uploads\/sites\/647\/2021\/09\/hp-banner.png 1920w\" sizes=\"auto, (max-width: 1024px) 100vw, 1024px\" \/><\/figure>\n\n\n\n<div class=\"wp-block-columns is-layout-flex wp-container-core-columns-is-layout-9d6595d7 wp-block-columns-is-layout-flex\">\n<div class=\"wp-block-column is-layout-flow wp-block-column-is-layout-flow\">\n<h2 class=\"wp-block-heading\">\u00dcber das Projekt<\/h2>\n\n\n\n<p>Unser aktuelles Forschungsprojekt &#8222;Zeit und Lernen im Erwachsenenalter. Zur Rekonstruktion von Zeitlichkeiten und Zeitmodalit\u00e4ten in differenten Lernsettings der Weiterbildung&#8220; m\u00f6chte mehr dar\u00fcber erfahren, wie und mit welchen Wirkungen Lernzeit im Erwachsenenalter praktisch realisiert und individuell erfahren wird und welche unterschiedlichen Zeitqualit\u00e4ten sich vor diesem Hintergrund im Lernen und durch das Lernen er\u00f6ffnen.<\/p>\n\n\n\n<p>Das Projekt l\u00e4uft von 3\/21 &#8211; 5\/24 und wird gef\u00f6rdert durch die Deutsche Forschungsgemeinschaft (<a href=\"http:\/\/www.dfg.de\/\" target=\"_blank\" rel=\"noreferrer noopener\">DFG<\/a>)<\/p>\n\n\n\n<p><a href=\"https:\/\/www.hsu-hh.de\/wb\/zulie\/zulie-projektinformationen\" data-type=\"page\" data-id=\"1254\">Zur Projektbeschreibung<\/a><\/p>\n<\/div>\n\n\n\n<div class=\"wp-block-column is-layout-flow wp-block-column-is-layout-flow\">\n<h2 class=\"wp-block-heading\">Mitmachen<\/h2>\n\n\n\n<p>Sie besuchen aktuell einen Kurs im Bereich der kulturellen, beruflichen oder politischen Erwachsenenbildung oder planen das f\u00fcr die n\u00e4chste Zeit und k\u00f6nnten sich vorstellen mit uns \u00fcber Ihre ganz pers\u00f6nlichen Lernzeiten ins Gespr\u00e4ch zu kommen? <\/p>\n\n\n\n<p>Sie sind als Erwachsenenbildner:in <abbr title=\"beziehungsweise\">bzw.<\/abbr> an einer Einrichtung der Erwachsenenbildung \/ Weiterbildung t\u00e4tig und m\u00f6chten uns ihre Perspektive auf das Verh\u00e4ltnis von Zeit und Lernen im Erwachsenenalter vermitteln?<\/p>\n\n\n\n<p>Wir w\u00fcrden uns sehr freuen, mit Ihnen in Kontakt zu kommen &#8211; melden Sie sich einfach ganz formlos unter <a href=\"mailto:zeitundlernen@hsu-hh.de\" rel='nofollow'>zeitundlernen@hsu-hh.de<\/a><\/p>\n<\/div>\n\n\n\n<div class=\"wp-block-column is-layout-flow wp-block-column-is-layout-flow\">\n<h2 class=\"wp-block-heading\">Projektergebnisse<\/h2>\n\n\n\n<p>Die Ergebnisse des Forschungsvorhabens tragen nicht nur zur Grundlagenforschung im Bereich Zeit und Lernen bei (die jenseits der Erwachsenenbildung auch Anregungen f\u00fcr die Bildungs- und Erziehungswissenschaft insgesamt bietet), sie k\u00f6nnen zudem an der Kl\u00e4rung des Ph\u00e4nomens der (Nicht-)Teilnahme an Weiterbildung jenseits soziographischer und -\u00f6konomischer Merkmale mitwirken.<\/p>\n\n\n\n<p><a href=\"http:\/\/www.hsu-hh.de\/wb\/zulie\/publikationen\">Publikationen und Vortr\u00e4ge aus dem Kontext des Forschungsprojekts<\/a><\/p>\n<\/div>\n<\/div>\n\n\n\n<h2 class=\"wp-block-heading\">Neuigkeiten aus dem Projekt<\/h2>\n\n\n<div id=\"category_content_S698vqto\" class=\"hsu_category archive-page\"><article  id=\"post-4534\" class=\"category-list-item post-4534 post type-post status-publish format-standard hentry \"><a href=\"https:\/\/www.hsu-hh.de\/wb\/neu-erschienen\" title=\"Neu erschienen: Sammelband zum 29. DGfE-Kongress in Halle mit einem beitrag von J\u00f6rg Schwarz, Michel Alhadeff-Jones, Hannah Hassinger, Maja Maksimovi\u0107, Sabine Schmidt-Lauff &amp; Franziska Wy\u00dfuwa\" >\t<div class=\"article-listitem-datetime\">\t\t<time class=\"updated\" datetime=\"2025-07-22 16:17:28\"><\/time>\t\t<span class=\"article-month\">\t\t\t<time class=\"entry-date published\" datetime=\"2025-07-22 16:05:31\">Jul<\/time>\t\t<\/span>\t\t<span class=\"article-day\">\t\t\t<time class=\"entry-date published\" datetime=\"2025-07-22 16:05:31\">22<\/time>\t\t<\/span>\t\t<span class=\"article-datetime\">\t\t\t<time class=\"entry-date published\" datetime=\"2025-07-22 16:05:31\">2025<\/time>\t\t<\/span>\t<\/div><div class=\"hsu_category_article-content-wrap\"><div class=\"hsu_category_article-content-wrap-inner\"><div>\t<header class=\"entry-header\">\t\t<h3 class=\"entry-title\">Neu erschienen: Sammelband zum 29. DGfE-Kongress in Halle mit einem beitrag von J\u00f6rg Schwarz, Michel Alhadeff-Jones, Hannah Hassinger, Maja Maksimovi\u0107, Sabine Schmidt-Lauff &amp; Franziska Wy\u00dfuwa\t\t<\/h3>\t<\/header><div class=\"entry-content-excerpt\">Im neu erschienenen Sammelband Krisen und Transformationen &#8211; Anschl\u00fcsse an den 29. Kongress der Deutschen Gesellschaft f\u00fcr Erziehungswissenschaft analysieren die Autor*innen in ihrem Beitrag das Verh\u00e4ltnis von Krise und Transformation in ihrer Relation zu Prozessualit\u00e4t und Rhythmizit\u00e4t aus vier sich erg\u00e4nzenden Perspektiven. Ausgangspunkt ist eine theoretische Betrachtung, die Krisen und Prozesse als rhythmische Ph\u00e4nomene versteht&#8230;<\/div> <\/div><\/div><\/div><\/a><\/article><article  id=\"post-3598\" class=\"category-list-item post-3598 post type-post status-publish format-standard hentry \"><a href=\"https:\/\/www.hsu-hh.de\/wb\/symposium-processuality-and-rhythmicity-of-crises-and-transformation-auf-dem-29-dgfe-kongress-in-halle\" title=\"Symposium \"Processuality and Rhythmicity of Crises and Transformation\" auf dem 29. DGfE-Kongress in Halle\" >\t<div class=\"article-listitem-datetime\">\t\t<time class=\"updated\" datetime=\"2024-03-25 10:40:11\"><\/time>\t\t<span class=\"article-month\">\t\t\t<time class=\"entry-date published\" datetime=\"2024-03-25 10:40:10\">M\u00e4r<\/time>\t\t<\/span>\t\t<span class=\"article-day\">\t\t\t<time class=\"entry-date published\" datetime=\"2024-03-25 10:40:10\">25<\/time>\t\t<\/span>\t\t<span class=\"article-datetime\">\t\t\t<time class=\"entry-date published\" datetime=\"2024-03-25 10:40:10\">2024<\/time>\t\t<\/span>\t<\/div><div class=\"hsu_category_article-content-wrap\"><div class=\"hsu_category_article-content-wrap-inner\"><div>\t<header class=\"entry-header\">\t\t<h3 class=\"entry-title\">Symposium &#8222;Processuality and Rhythmicity of Crises and Transformation&#8220; auf dem 29. DGfE-Kongress in Halle\t\t<\/h3>\t<\/header><div class=\"entry-content-excerpt\">Das Symposium n\u00e4hert sich unter Leitung von J\u00f6rg Schwarz (HSU Hamburg) dem Tagungsthema Krise und Transformation systematisch aus einer zeitlichen Perspektive und bringt theoretische und empirische Beitr\u00e4ge zusammen, um Prozessualit\u00e4t und Rhythmizit\u00e4t als Kernaspekte einer relationalen Analyse von Krise und Transformation zu diskutieren, die insbesondere im Hinblick auf ihre p\u00e4dagogische Relevanz fruchtbar sind. Michel Alhadeff-Jones&#8230;<\/div> <\/div><\/div><\/div><\/a><\/article><article  id=\"post-3505\" class=\"category-list-item post-3505 post type-post status-publish format-standard hentry \"><a href=\"https:\/\/www.hsu-hh.de\/wb\/3-platz-beim-wbv-posterpreis-der-sektion-erwachsenenbildung-der-dgfe\" title=\"3.Platz beim wbv Posterpreis der Sektion Erwachsenenbildung der DGfE\" >\t<div class=\"article-listitem-datetime\">\t\t<time class=\"updated\" datetime=\"2024-01-22 09:02:36\"><\/time>\t\t<span class=\"article-month\">\t\t\t<time class=\"entry-date published\" datetime=\"2023-09-22 09:01:00\">Sep<\/time>\t\t<\/span>\t\t<span class=\"article-day\">\t\t\t<time class=\"entry-date published\" datetime=\"2023-09-22 09:01:00\">22<\/time>\t\t<\/span>\t\t<span class=\"article-datetime\">\t\t\t<time class=\"entry-date published\" datetime=\"2023-09-22 09:01:00\">2023<\/time>\t\t<\/span>\t<\/div><div class=\"hsu_category_article-content-wrap\"><div class=\"hsu_category_article-content-wrap-inner\"><div>\t<header class=\"entry-header\">\t\t<h3 class=\"entry-title\">3.Platz beim wbv Posterpreis der Sektion Erwachsenenbildung der DGfE\t\t<\/h3>\t<\/header><div class=\"entry-content-excerpt\">Unser DFG-Projekt &#8222;Zeit und Lernen im Erwachsenenalter&#8220; hat bei der diesj\u00e4hrigen Jahrestagung der Sektion Erwachsenenbildung den dritten Platz im Posterwettbewerb belgegt mit dem Beitrag &#8222;\u201eZeit und Lernen im Erwachsenenalter. Zur Rekonstruktion von Zeitlichkeiten und Zeitmodalit\u00e4ten in differenten Lernsettings der Weiterbildung&#8220;, wor\u00fcber wir uns sehr gefreut haben! Der Posterpreis wird j\u00e4hrlich gemeinsam von der Sektion Erwachsenenbildung&#8230;<\/div> <\/div><\/div><\/div><\/a><\/article><\/div><div class=\"clearfix\"><\/div><div class=\"col-xs-12 col-md-3 col-md-push-4\"><span class=\"link no-arrow\"><button class=\"gcategorymore hsu_btn\" id=\"S698vqto\"  data-catID=\"539\" data-postsPerPage=\"3\" data-order=\"DESC\" data-paged=\"2\" data-more_posts=\"1\" data-postexcerpt=\"1\" data-postmeta=\"1\" data-posttitle=\"1\" data-currentPostId=\"2016\" data-uid=\"S698vqto\" data-ajax=\"true\" >Mehr Beitr\u00e4ge<\/button><\/span><\/div><div class=\"clearfix\"><\/div>\n\n\n<h2 class=\"wp-block-heading\">Unser Projektteam<\/h2>\n\n\n\n<p>Sie erreichen das Projektteam unter <strong><a href=\"mailto:zeitundlernen@hsu-hh.de\" rel='nofollow'>zeitundlernen@hsu-hh.de<\/a>. <\/strong>N\u00e4here Informationen zu den Mitgliedern unseres Projektteams erhalten Sie, wenn Sie die Bilder anklicken.<\/p>\n\n\n\n<div class=\"wp-block-columns is-layout-flex wp-container-core-columns-is-layout-9d6595d7 wp-block-columns-is-layout-flex\">\n<div class=\"wp-block-column is-layout-flow wp-block-column-is-layout-flow\">\n<h3 class=\"wp-block-heading\">Hannah Hassinger<\/h3>\n\n\n\n<figure class=\"wp-block-image size-large is-resized is-style-default\"><a href=\"https:\/\/www.hsu-hh.de\/wb\/hassinger\"><img loading=\"lazy\" decoding=\"async\" width=\"738\" height=\"1024\" src=\"https:\/\/www.hsu-hh.de\/wb\/wp-content\/uploads\/sites\/647\/2018\/08\/Hannah-e1535627991181-738x1024.jpg\" data-credit=\"Hannah Hassinger\" alt=\"Hannah Hassinger, M.A.\" class=\"wp-image-610\" style=\"width:240px\" \/><\/a><figcaption class=\"wp-element-caption\"><a href=\"https:\/\/www.hsu-hh.de\/wb\/hassinger\" data-type=\"page\" data-id=\"1437\">Hannah Hassinger, M.A.<\/a><\/figcaption><\/figure>\n<\/div>\n\n\n\n<div class=\"wp-block-column is-layout-flow wp-block-column-is-layout-flow\">\n<h3 class=\"wp-block-heading\">J\u00f6rg Schwarz<\/h3>\n\n\n\n<figure class=\"wp-block-image size-large is-style-default\"><a href=\"https:\/\/www.hsu-hh.de\/wb\/schwarz\"><img loading=\"lazy\" decoding=\"async\" width=\"240\" height=\"320\" src=\"https:\/\/www.hsu-hh.de\/wb\/wp-content\/uploads\/sites\/647\/2017\/08\/Schwarz_klein.jpg\" data-credit=\"J\u00f6rg Schwarz\" alt=\"Doktor Joerg Schwarz\" class=\"wp-image-209\" srcset=\"https:\/\/www.hsu-hh.de\/wb\/wp-content\/uploads\/sites\/647\/2017\/08\/Schwarz_klein.jpg 240w, https:\/\/www.hsu-hh.de\/wb\/wp-content\/uploads\/sites\/647\/2017\/08\/Schwarz_klein-225x300.jpg 225w\" sizes=\"auto, (max-width: 240px) 100vw, 240px\" \/><\/a><figcaption class=\"wp-element-caption\"><a href=\"https:\/\/www.hsu-hh.de\/wb\/schwarz\" data-type=\"page\" data-id=\"1416\"><abbr title=\"Doktor\">Dr.<\/abbr> J\u00f6rg Schwarz<\/a><\/figcaption><\/figure>\n\n\n\n<p><\/p>\n<\/div>\n\n\n\n<div class=\"wp-block-column is-layout-flow wp-block-column-is-layout-flow\">\n<h3 class=\"wp-block-heading\">Sabine Schmidt-Lauff<\/h3>\n\n\n\n<figure class=\"wp-block-image size-full is-style-default\"><a href=\"https:\/\/www.hsu-hh.de\/wb\/schmidt-lauff\"><img loading=\"lazy\" decoding=\"async\" width=\"800\" height=\"600\" src=\"https:\/\/www.hsu-hh.de\/wb\/wp-content\/uploads\/sites\/647\/2021\/10\/Businessfoto-14_web.jpg\" data-credit=\"Sabine Schmidt-Lauff\" alt=\"Foto von Prof. Dr. S. Schmidt-Lauff\" class=\"wp-image-2160\" srcset=\"https:\/\/www.hsu-hh.de\/wb\/wp-content\/uploads\/sites\/647\/2021\/10\/Businessfoto-14_web.jpg 800w, https:\/\/www.hsu-hh.de\/wb\/wp-content\/uploads\/sites\/647\/2021\/10\/Businessfoto-14_web-300x225.jpg 300w, https:\/\/www.hsu-hh.de\/wb\/wp-content\/uploads\/sites\/647\/2021\/10\/Businessfoto-14_web-768x576.jpg 768w\" sizes=\"auto, (max-width: 800px) 100vw, 800px\" \/><\/a><figcaption class=\"wp-element-caption\"><a href=\"https:\/\/www.hsu-hh.de\/wb\/schmidt-lauff\" data-type=\"page\" data-id=\"1397\"><abbr title=\"Professor\">Prof.<\/abbr> <abbr title=\"Doktor\">Dr.<\/abbr> Sabine Schmidt-Lauff<\/a><\/figcaption><\/figure>\n<\/div>\n<\/div>\n","protected":false},"excerpt":{"rendered":"<p>\u00dcber das Projekt Unser aktuelles Forschungsprojekt &#8222;Zeit und Lernen im Erwachsenenalter. Zur Rekonstruktion von Zeitlichkeiten und Zeitmodalit\u00e4ten in differenten Lernsettings der Weiterbildung&#8220; m\u00f6chte mehr dar\u00fcber erfahren, wie und mit welchen [&hellip;]<\/p>\n","protected":false},"author":2801,"featured_media":0,"parent":0,"menu_order":0,"comment_status":"closed","ping_status":"closed","template":"","meta":{"footnotes":""},"categories":[4,539],"tags":[379,1510,1512,1514,1504,1516,1518,1520,1522,1524,1526,1528,1530,1532,1508],"class_list":["post-2016","page","type-page","status-publish","hentry","category-forschung","category-zeit-und-lernen","tag-bildungsurlaub","tag-deutsche-forschungsgemeinschaft-de","tag-empirisch-de","tag-erwachsene-de","tag-erwachsenenbildung-de","tag-erziehungswissenschaft-de","tag-ethnographie-de","tag-forschungsprojekt-de","tag-kurs-de","tag-kursforschung-de","tag-lernen-de","tag-lernzeit-de","tag-temporalitaet-de","tag-weiterbildung-de","tag-zeit-de"],"_links":{"self":[{"href":"https:\/\/www.hsu-hh.de\/wb\/wp-json\/wp\/v2\/pages\/2016","targetHints":{"allow":["GET"]}}],"collection":[{"href":"https:\/\/www.hsu-hh.de\/wb\/wp-json\/wp\/v2\/pages"}],"about":[{"href":"https:\/\/www.hsu-hh.de\/wb\/wp-json\/wp\/v2\/types\/page"}],"author":[{"embeddable":true,"href":"https:\/\/www.hsu-hh.de\/wb\/wp-json\/wp\/v2\/users\/2801"}],"replies":[{"embeddable":true,"href":"https:\/\/www.hsu-hh.de\/wb\/wp-json\/wp\/v2\/comments?post=2016"}],"version-history":[{"count":22,"href":"https:\/\/www.hsu-hh.de\/wb\/wp-json\/wp\/v2\/pages\/2016\/revisions"}],"predecessor-version":[{"id":4528,"href":"https:\/\/www.hsu-hh.de\/wb\/wp-json\/wp\/v2\/pages\/2016\/revisions\/4528"}],"wp:attachment":[{"href":"https:\/\/www.hsu-hh.de\/wb\/wp-json\/wp\/v2\/media?parent=2016"}],"wp:term":[{"taxonomy":"category","embeddable":true,"href":"https:\/\/www.hsu-hh.de\/wb\/wp-json\/wp\/v2\/categories?post=2016"},{"taxonomy":"post_tag","embeddable":true,"href":"https:\/\/www.hsu-hh.de\/wb\/wp-json\/wp\/v2\/tags?post=2016"}],"curies":[{"name":"wp","href":"https:\/\/api.w.org\/{rel}","templated":true}]}}