{"id":1775,"date":"2021-08-26T17:05:49","date_gmt":"2021-08-26T15:05:49","guid":{"rendered":"https:\/\/www.hsu-hh.de\/wb\/?page_id=1775"},"modified":"2022-01-21T10:42:54","modified_gmt":"2022-01-21T09:42:54","slug":"tagungszugang","status":"publish","type":"page","link":"https:\/\/www.hsu-hh.de\/wb\/tagungszugang","title":{"rendered":"Jahrestagung der DGfE-Sektion Erwachsenenbildung 2021"},"content":{"rendered":"\n<p>Nutzen Sie <strong>#SekEB2021<\/strong> um sich auf Twitter zu vernetzen!<\/p>\n\n\n\n<div style=\"height:50px\" aria-hidden=\"true\" class=\"wp-block-spacer\"><\/div>\n\n\n\n<div class=\"wp-block-media-text alignwide is-stacked-on-mobile\"><figure class=\"wp-block-media-text__media\"><video controls src=\"https:\/\/www.hsu-hh.de\/wb\/wp-content\/uploads\/sites\/647\/2021\/08\/Video-Fertig-mit-Uebergaengen-und-Ton.mp4\"><\/video><\/figure><div class=\"wp-block-media-text__content\">\n<p class=\"has-large-font-size\">Herzlich Willkommen!<\/p>\n\n\n\n<p>Kommen Sie mit uns auf einen virtuellen Rundgang aus Studierendensicht der Offizier*innen an der Helmut-Schmidt-Universit\u00e4t\/Universit\u00e4t der Bundeswehr Hamburg!<\/p>\n\n\n\n<p><br>Am Mittwoch und Donnerstag haben Sie im Anschluss an die Keynots die M\u00f6glichkeit, sich mit den Studierenden der Helmut-Schmidt-Universit\u00e4t in einem Gespr\u00e4ch auszutauschen.<\/p>\n\n\n\n<p><\/p>\n<\/div><\/div>\n\n\n\n<hr class=\"wp-block-separator is-style-wide\" \/>\n\n\n\n<h1 class=\"wp-block-heading\">Wir freuen uns auf Ihr Feedback! <\/h1>\n\n\n\n<p>L<a href=\"https:\/\/padlet.com\/LLLHSU\/pmu6u6lg8xgxfveb\" data-type=\"URL\" data-id=\"https:\/\/padlet.com\/LLLHSU\/pmu6u6lg8xgxfveb\" target=\"_blank\" rel=\"noreferrer noopener\">ink zur Feedback-M\u00f6glichkeit<\/a><\/p>\n\n\n\n<h1 class=\"wp-block-heading\">Tagungsprogramm<\/h1>\n\n\n\n<div class=\"wp-block-columns is-layout-flex wp-container-core-columns-is-layout-9d6595d7 wp-block-columns-is-layout-flex\">\n<div class=\"wp-block-column is-layout-flow wp-block-column-is-layout-flow\">\n<p>Das Tagungsprogramm der jeweiligen Tage finden Sie untenstehend verlinkt. Weiterhin finden Sie dort auch die Zugangsdaten zu den einzelnen Zoom-R\u00e4umen der Programmpunkte.<br><br>Beim \u00d6ffnen der Internetseite wird das Passwort der Tagung abgefragt. Das Passwort finden Sie in den Emails zur Tagung und auf dem Flyer in Ihrem Tagungspaket.<\/p>\n<\/div>\n<\/div>\n\n\n\n<div class=\"wp-block-columns is-layout-flex wp-container-core-columns-is-layout-9d6595d7 wp-block-columns-is-layout-flex\">\n<div class=\"wp-block-column is-layout-flow wp-block-column-is-layout-flow\" style=\"flex-basis:100%\">\n<div class=\"wp-block-columns is-layout-flex wp-container-core-columns-is-layout-9d6595d7 wp-block-columns-is-layout-flex\">\n<div class=\"wp-block-column is-layout-flow wp-block-column-is-layout-flow\">\n<p><strong>Mittwoch: 15. September 2021<\/strong><\/p>\n\n\n\n<p><a rel=\"noreferrer noopener\" href=\"https:\/\/padlet.com\/LLLHSU\/4dqoo6jwednwylm1\" data-type=\"URL\" data-id=\"https:\/\/padlet.com\/LLLHSU\/4dqoo6jwednwylm1\" target=\"_blank\">Link zum Tagungspro<\/a><a href=\"https:\/\/padlet.com\/LLLHSU\/4dqoo6jwednwylm1\" data-type=\"URL\" data-id=\"https:\/\/padlet.com\/LLLHSU\/4dqoo6jwednwylm1\" target=\"_blank\" rel=\"noreferrer noopener\">gramm<\/a><br><\/p>\n<\/div>\n\n\n\n<div class=\"wp-block-column is-layout-flow wp-block-column-is-layout-flow\">\n<p><strong>Donnerstag: 16. September 2021<\/strong><br><br><a href=\"https:\/\/padlet.com\/LLLHSU\/5fekarps1z9steq6\" data-type=\"URL\" data-id=\"https:\/\/padlet.com\/LLLHSU\/5fekarps1z9steq6\" target=\"_blank\" rel=\"noreferrer noopener\">Link zum Tagungsprogramm<\/a><\/p>\n<\/div>\n\n\n\n<div class=\"wp-block-column is-layout-flow wp-block-column-is-layout-flow\">\n<p><strong>Freitag: 17. September 2021<\/strong><br><br><a href=\"https:\/\/padlet.com\/LLLHSU\/da4benis830vnmk0\" data-type=\"URL\" data-id=\"https:\/\/padlet.com\/LLLHSU\/da4benis830vnmk0\" target=\"_blank\" rel=\"noreferrer noopener\">Link zum Tagungsprogramm<\/a><\/p>\n<\/div>\n<\/div>\n\n\n\n<p><strong>Hier k\u00f6nnen Sie die Aufzeichnung der Keynote I von <abbr title=\"Professor\">Prof.<\/abbr>\u00b4in Regina Egetenmeyer abrufen: <\/strong><a href=\"https:\/\/video.uni-wuerzburg.de\/iframe\/?securecode=ad09bcdd099fa65d70253150\" data-type=\"URL\" target=\"_blank\" rel=\"noreferrer noopener\">Link zur Aufnahme<\/a><\/p>\n\n\n\n<p> <strong>Hier k\u00f6nnen Sie die Aufzeichnung der Keynote II von <abbr title=\"Professor\">Prof.<\/abbr>\u00b4in Leona English abrufen: <\/strong><a href=\"https:\/\/lecture2go.uni-hamburg.de\/l2go\/-\/get\/v\/l3Wd7X2r5Dlnzw5hcQUhFQxx\" data-type=\"URL\" data-id=\"https:\/\/lecture2go.uni-hamburg.de\/l2go\/-\/get\/v\/l3Wd7X2r5Dlnzw5hcQUhFQxx\" target=\"_blank\" rel=\"noreferrer noopener\">Link zur Aufnahme <\/a><\/p>\n\n\n\n<p>Das Passwort finden Sie in den Emails zur Tagung und auf dem Flyer in Ihrem Tagungspaket. <\/p>\n<\/div>\n<\/div>\n\n\n\n<hr class=\"wp-block-separator is-style-wide\" \/>\n\n\n\n<h1 class=\"wp-block-heading\">Barcamp<\/h1>\n\n\n\n<div class=\"wp-block-columns is-layout-flex wp-container-core-columns-is-layout-9d6595d7 wp-block-columns-is-layout-flex\">\n<div class=\"wp-block-column is-layout-flow wp-block-column-is-layout-flow\" style=\"flex-basis:66.66%\">\n<p>Das Barcamp ist ein Programmpunkt ohne feststehende Agenda, der von den Diskussionen und Interaktionen der Teilnehmenden untereinander lebt. <br>Alle sind zum offenen Austausch zu Themen der Erwachsenenbildung eingeladen.<br><br>Moderation: <abbr title=\"Professor\">Prof.<\/abbr> Bernd K\u00e4pplinger und <abbr title=\"Professor\">Prof.<\/abbr>`in Gabriele Molzberger<\/p>\n\n\n\n<p>F\u00fcr Anregungen zum Barcamp und Ideen kann gerne bereits vorab Kontakt mit den beiden Moderierenden aufgenommen werden:<br><br>bernd.Kaepplinger@erziehung.uni-giessen.de <br>molzberger@uni-wuppertal.de<br><br>Das Barcamp findet am Freitag (17. September) von 11.30 Uhr bis 12.30 Uhr statt.<br>Den Link zum Zoom-Raum finden Sie im Tagungsprogramm.<\/p>\n<\/div>\n\n\n\n<div class=\"wp-block-column is-layout-flow wp-block-column-is-layout-flow\" style=\"flex-basis:33.33%\">\n<figure class=\"wp-block-image size-large is-style-default\"><img loading=\"lazy\" decoding=\"async\" width=\"1024\" height=\"683\" src=\"https:\/\/www.hsu-hh.de\/wb\/wp-content\/uploads\/sites\/647\/2021\/09\/Barcamp-1024x683.jpg\" data-credit=\"pixabay.com\" alt=\"Barcamp\" class=\"wp-image-1966\" srcset=\"https:\/\/www.hsu-hh.de\/wb\/wp-content\/uploads\/sites\/647\/2021\/09\/Barcamp-1024x683.jpg 1024w, https:\/\/www.hsu-hh.de\/wb\/wp-content\/uploads\/sites\/647\/2021\/09\/Barcamp-300x200.jpg 300w, https:\/\/www.hsu-hh.de\/wb\/wp-content\/uploads\/sites\/647\/2021\/09\/Barcamp-768x512.jpg 768w, https:\/\/www.hsu-hh.de\/wb\/wp-content\/uploads\/sites\/647\/2021\/09\/Barcamp-1536x1024.jpg 1536w, https:\/\/www.hsu-hh.de\/wb\/wp-content\/uploads\/sites\/647\/2021\/09\/Barcamp-1100x733.jpg 1100w, https:\/\/www.hsu-hh.de\/wb\/wp-content\/uploads\/sites\/647\/2021\/09\/Barcamp.jpg 1920w\" sizes=\"auto, (max-width: 1024px) 100vw, 1024px\" \/><\/figure>\n<\/div>\n<\/div>\n\n\n\n<hr class=\"wp-block-separator is-style-wide\" \/>\n\n\n\n<h1 class=\"wp-block-heading\">Posterpr\u00e4sentationen<\/h1>\n\n\n\n<div class=\"wp-block-columns is-layout-flex wp-container-core-columns-is-layout-9d6595d7 wp-block-columns-is-layout-flex\">\n<div class=\"wp-block-column is-layout-flow wp-block-column-is-layout-flow\" style=\"flex-basis:33.33%\">\n<figure class=\"wp-block-image size-large is-style-default\"><img loading=\"lazy\" decoding=\"async\" width=\"1024\" height=\"686\" src=\"https:\/\/www.hsu-hh.de\/wb\/wp-content\/uploads\/sites\/647\/2021\/08\/Padlet-Posterpraesi-1024x686.png\" data-credit=\"LOK HSU\" alt=\"Padlet\" class=\"wp-image-1917\" srcset=\"https:\/\/www.hsu-hh.de\/wb\/wp-content\/uploads\/sites\/647\/2021\/08\/Padlet-Posterpraesi-1024x686.png 1024w, https:\/\/www.hsu-hh.de\/wb\/wp-content\/uploads\/sites\/647\/2021\/08\/Padlet-Posterpraesi-300x201.png 300w, https:\/\/www.hsu-hh.de\/wb\/wp-content\/uploads\/sites\/647\/2021\/08\/Padlet-Posterpraesi-768x515.png 768w, https:\/\/www.hsu-hh.de\/wb\/wp-content\/uploads\/sites\/647\/2021\/08\/Padlet-Posterpraesi-1536x1029.png 1536w, https:\/\/www.hsu-hh.de\/wb\/wp-content\/uploads\/sites\/647\/2021\/08\/Padlet-Posterpraesi-1100x737.png 1100w, https:\/\/www.hsu-hh.de\/wb\/wp-content\/uploads\/sites\/647\/2021\/08\/Padlet-Posterpraesi.png 1746w\" sizes=\"auto, (max-width: 1024px) 100vw, 1024px\" \/><\/figure>\n<\/div>\n\n\n\n<div class=\"wp-block-column is-layout-flow wp-block-column-is-layout-flow\" style=\"flex-basis:66.66%\">\n<p>Wir laden Sie herzlich ein, einen ersten Blick auf die diesj\u00e4hrigen Poster zu werfen.<br>Die Pr\u00e4sentierenden freuen sich auf Ihre Anregungen, Kommentare sowie Fragen. <br>Nutzen Sie hierf\u00fcr die &#8222;Kommentar hinzuf\u00fcgen&#8220; Funktion unter den einzelenen Beitr\u00e4gen.<br><br><a rel=\"noreferrer noopener\" href=\"https:\/\/de.padlet.com\/LLLHSU\/ev48z8oeylfh7abv\" data-type=\"URL\" data-id=\"https:\/\/de.padlet.com\/LLLHSU\/ev48z8oeylfh7abv\" target=\"_blank\">Link zum Padlet <\/a><\/p>\n\n\n\n<p>Die Pr\u00e4sentationen finden am Donnerstag (16. September)<br>von 11.00 Uhr bis 13.00 Uhr statt. Die Links zu den Zoom-R\u00e4umen finden Sie im Tagungsprogramm.<\/p>\n<\/div>\n<\/div>\n\n\n\n<hr class=\"wp-block-separator is-style-wide\" \/>\n\n\n\n<h1 class=\"wp-block-heading\">Digitale B\u00fcchertische<\/h1>\n\n\n\n<div class=\"wp-block-columns is-layout-flex wp-container-core-columns-is-layout-9d6595d7 wp-block-columns-is-layout-flex\">\n<div class=\"wp-block-column is-layout-flow wp-block-column-is-layout-flow\" style=\"flex-basis:100%\">\n<div class=\"wp-block-columns is-layout-flex wp-container-core-columns-is-layout-9d6595d7 wp-block-columns-is-layout-flex\">\n<div class=\"wp-block-column is-layout-flow wp-block-column-is-layout-flow\" style=\"flex-basis:66.66%\">\n<p>Entdecken Sie interessante Fachliteratur sowie neue Ver\u00f6ffentlichungen auf <br>unseren digitalen B\u00fcchertischen.<br><br><a rel=\"noreferrer noopener\" href=\"https:\/\/www.wbv.de\/de\/erwachsenenbildung\/digitaler-buechertisch.html\" data-type=\"URL\" data-id=\"https:\/\/www.wbv.de\/de\/erwachsenenbildung\/digitaler-buechertisch.html\" target=\"_blank\">wbv Media<\/a><br><a rel=\"noreferrer noopener\" href=\"https:\/\/padlet.com\/LLLHSU\/s3ucmgc86htbb8oh\" data-type=\"URL\" data-id=\"https:\/\/padlet.com\/LLLHSU\/s3ucmgc86htbb8oh\" target=\"_blank\">Verlag Barbara Budrich<\/a><br><a href=\"https:\/\/padlet.com\/LLLHSU\/8fauia2k8r88dp9e\" data-type=\"URL\" data-id=\"https:\/\/padlet.com\/LLLHSU\/8fauia2k8r88dp9e\" target=\"_blank\" rel=\"noreferrer noopener\">Waxmann Verlag<\/a><br><a href=\"https:\/\/padlet.com\/LLLHSU\/unvosstqreznwve5\" data-type=\"URL\" data-id=\"https:\/\/padlet.com\/LLLHSU\/unvosstqreznwve5\" rel='nofollow'>t<\/a><a rel=\"noreferrer noopener\" href=\"https:\/\/padlet.com\/LLLHSU\/unvosstqreznwve5\" data-type=\"URL\" data-id=\"https:\/\/padlet.com\/LLLHSU\/unvosstqreznwve5\" target=\"_blank\">ranscript<\/a><br><br>Der wbv Media l\u00e4dt am Donnerstag (16. September) von 13.00 Uhr bis 14.00 Uhr zum pers\u00f6nlichen Gespr\u00e4ch ein.<\/p>\n<\/div>\n\n\n\n<div class=\"wp-block-column is-layout-flow wp-block-column-is-layout-flow\" style=\"flex-basis:33.33%\">\n<figure class=\"wp-block-image size-large is-style-default\"><img loading=\"lazy\" decoding=\"async\" width=\"1024\" height=\"681\" src=\"https:\/\/www.hsu-hh.de\/wb\/wp-content\/uploads\/sites\/647\/2021\/08\/Books-1024x681.jpg\" data-credit=\"Pixabay.com\" alt=\"B\u00fccher\" class=\"wp-image-1921\" srcset=\"https:\/\/www.hsu-hh.de\/wb\/wp-content\/uploads\/sites\/647\/2021\/08\/Books-1024x681.jpg 1024w, https:\/\/www.hsu-hh.de\/wb\/wp-content\/uploads\/sites\/647\/2021\/08\/Books-300x199.jpg 300w, https:\/\/www.hsu-hh.de\/wb\/wp-content\/uploads\/sites\/647\/2021\/08\/Books-768x510.jpg 768w, https:\/\/www.hsu-hh.de\/wb\/wp-content\/uploads\/sites\/647\/2021\/08\/Books-1536x1021.jpg 1536w, https:\/\/www.hsu-hh.de\/wb\/wp-content\/uploads\/sites\/647\/2021\/08\/Books-1100x731.jpg 1100w, https:\/\/www.hsu-hh.de\/wb\/wp-content\/uploads\/sites\/647\/2021\/08\/Books.jpg 1920w\" sizes=\"auto, (max-width: 1024px) 100vw, 1024px\" \/><\/figure>\n<\/div>\n<\/div>\n<\/div>\n<\/div>\n\n\n\n<hr class=\"wp-block-separator is-style-wide\" \/>\n\n\n\n<h1 class=\"wp-block-heading\">Gesellschaftsabende &#8222;Ein St\u00fcck Hamburg erleben&#8220;<\/h1>\n\n\n\n<div class=\"wp-block-columns is-layout-flex wp-container-core-columns-is-layout-9d6595d7 wp-block-columns-is-layout-flex\">\n<div class=\"wp-block-column is-layout-flow wp-block-column-is-layout-flow\" style=\"flex-basis:33.33%\">\n<figure class=\"wp-block-image size-large is-resized is-style-default\"><img loading=\"lazy\" decoding=\"async\" src=\"https:\/\/www.hsu-hh.de\/wb\/wp-content\/uploads\/sites\/647\/2021\/09\/Hamburg-1024x683.jpg\" data-credit=\"pixabay.com\" alt=\"Hamburg\" class=\"wp-image-1972\" width=\"371\" height=\"248\" srcset=\"https:\/\/www.hsu-hh.de\/wb\/wp-content\/uploads\/sites\/647\/2021\/09\/Hamburg-1024x683.jpg 1024w, https:\/\/www.hsu-hh.de\/wb\/wp-content\/uploads\/sites\/647\/2021\/09\/Hamburg-300x200.jpg 300w, https:\/\/www.hsu-hh.de\/wb\/wp-content\/uploads\/sites\/647\/2021\/09\/Hamburg-768x512.jpg 768w, https:\/\/www.hsu-hh.de\/wb\/wp-content\/uploads\/sites\/647\/2021\/09\/Hamburg-1536x1024.jpg 1536w, https:\/\/www.hsu-hh.de\/wb\/wp-content\/uploads\/sites\/647\/2021\/09\/Hamburg-1100x733.jpg 1100w, https:\/\/www.hsu-hh.de\/wb\/wp-content\/uploads\/sites\/647\/2021\/09\/Hamburg.jpg 1920w\" sizes=\"auto, (max-width: 371px) 100vw, 371px\" \/><\/figure>\n\n\n\n<p><\/p>\n<\/div>\n\n\n\n<div class=\"wp-block-column is-layout-flow wp-block-column-is-layout-flow\" style=\"flex-basis:66.66%\">\n<p>Unter dem Motto <strong>\u201eEin St\u00fcck Hamburg erleben\u201c<\/strong> k\u00f6nnen Sie am Mittwoch (15.09.2021) oder Donnerstag (16.09.2021) den Tag mit einem kostenlosen kulturellen Angebot ausklingen lassen. <br><br>Den Zugang zu den bei der Anmeldung gebuchten Aktivit\u00e4ten finden Sie <br>unter folgendem Link:<\/p>\n\n\n\n<p><a href=\"https:\/\/padlet.com\/LLLHSU\/rfiv39t5o13jtlqr\" data-type=\"URL\" data-id=\"https:\/\/padlet.com\/LLLHSU\/rfiv39t5o13jtlqr\" target=\"_blank\" rel=\"noreferrer noopener\">Link zu den Gesellschaftsabenden<\/a><br><\/p>\n\n\n\n<p><br>F\u00fcr Spontane bietet sich die M\u00f6glichkeit, an folgenden Aktivit\u00e4ten ohne Anmeldung teilzunehmen:<\/p>\n\n\n\n<p><strong>Digitale Live-F\u00fchrung: The Language of Fashion <\/strong><br>Museums f\u00fcr Kunst und Gewerbe Hamburg&nbsp;<br>Mittwoch, 15.09.2021: 19:00 &#8211; 20:00<br><br><strong>Digitale F\u00fchrung: The big questions are always the same. topic &#8222;Home&#8220; <\/strong><br>Hamburger Kunsthalle<br>Donnerstag, 16.09.2021: 18:30 &#8211; 19:30<br><br>Der Zugang erfolgt ebenfalls \u00fcber den Link.<\/p>\n<\/div>\n<\/div>\n\n\n\n<hr class=\"wp-block-separator is-style-wide\" \/>\n\n\n\n<h1 class=\"wp-block-heading\">Virtuelles Caf\u00e9<\/h1>\n\n\n\n<div class=\"wp-block-columns is-layout-flex wp-container-core-columns-is-layout-9d6595d7 wp-block-columns-is-layout-flex\">\n<div class=\"wp-block-column is-layout-flow wp-block-column-is-layout-flow\" style=\"flex-basis:66.66%\">\n<p>Genie\u00dfen Sie die Tee- und Kaffeepausen gemeinsam mit anderen Tagungsteilnehmenden <br>in unserem virtuellen Caf\u00e9. Hier bietet sich die M\u00f6glichkeit zum inforellen Austausch und Netzwerken. <br><br><a rel=\"noreferrer noopener\" href=\"https:\/\/www.kumospace.com\/virtuellescafe\" data-type=\"URL\" data-id=\"https:\/\/www.kumospace.com\/virtuellescafe\" target=\"_blank\">Link zum virtuellen Caf\u00e9<\/a><br><br>Klicken Sie den Link an und nutzen Sie den &#8222;Continue without an account&#8220; Button, um ohne Anmeldung dem virtuellen Caf\u00e9 beizutreten. Geben Sie Ihren Namen ein und bet\u00e4tigen Sie den &#8222;Join&#8220; Button. <\/p>\n<\/div>\n\n\n\n<div class=\"wp-block-column is-layout-flow wp-block-column-is-layout-flow\" style=\"flex-basis:33.33%\">\n<figure class=\"wp-block-image size-large is-style-default\"><img loading=\"lazy\" decoding=\"async\" width=\"1024\" height=\"683\" src=\"https:\/\/www.hsu-hh.de\/wb\/wp-content\/uploads\/sites\/647\/2021\/08\/Kaffe2-1-1024x683.jpg\" data-credit=\"Pixabay.com\" alt=\"Kaffe\" class=\"wp-image-1929\" srcset=\"https:\/\/www.hsu-hh.de\/wb\/wp-content\/uploads\/sites\/647\/2021\/08\/Kaffe2-1-1024x683.jpg 1024w, https:\/\/www.hsu-hh.de\/wb\/wp-content\/uploads\/sites\/647\/2021\/08\/Kaffe2-1-300x200.jpg 300w, https:\/\/www.hsu-hh.de\/wb\/wp-content\/uploads\/sites\/647\/2021\/08\/Kaffe2-1-768x512.jpg 768w, https:\/\/www.hsu-hh.de\/wb\/wp-content\/uploads\/sites\/647\/2021\/08\/Kaffe2-1-1536x1024.jpg 1536w, https:\/\/www.hsu-hh.de\/wb\/wp-content\/uploads\/sites\/647\/2021\/08\/Kaffe2-1-1100x733.jpg 1100w, https:\/\/www.hsu-hh.de\/wb\/wp-content\/uploads\/sites\/647\/2021\/08\/Kaffe2-1.jpg 1920w\" sizes=\"auto, (max-width: 1024px) 100vw, 1024px\" \/><\/figure>\n<\/div>\n<\/div>\n\n\n\n<hr class=\"wp-block-separator is-style-wide\" \/>\n\n\n\n<h1 class=\"wp-block-heading\">Kontakt<\/h1>\n\n\n\n<div class=\"wp-block-columns is-layout-flex wp-container-core-columns-is-layout-9d6595d7 wp-block-columns-is-layout-flex\">\n<div class=\"wp-block-column is-layout-flow wp-block-column-is-layout-flow\" style=\"flex-basis:33.33%\">\n<figure class=\"wp-block-image size-medium is-style-default\"><img loading=\"lazy\" decoding=\"async\" width=\"219\" height=\"300\" src=\"https:\/\/www.hsu-hh.de\/wb\/wp-content\/uploads\/sites\/647\/2018\/12\/2018-12-12_01-219x300.jpg\" data-credit=\"Jessica Kleinschmidt\" alt=\"Jessica Kleinschmidt, M.A.\" class=\"wp-image-687\" srcset=\"https:\/\/www.hsu-hh.de\/wb\/wp-content\/uploads\/sites\/647\/2018\/12\/2018-12-12_01-219x300.jpg 219w, https:\/\/www.hsu-hh.de\/wb\/wp-content\/uploads\/sites\/647\/2018\/12\/2018-12-12_01-768x1054.jpg 768w, https:\/\/www.hsu-hh.de\/wb\/wp-content\/uploads\/sites\/647\/2018\/12\/2018-12-12_01-746x1024.jpg 746w, https:\/\/www.hsu-hh.de\/wb\/wp-content\/uploads\/sites\/647\/2018\/12\/2018-12-12_01.jpg 1550w\" sizes=\"auto, (max-width: 219px) 100vw, 219px\" \/><\/figure>\n<\/div>\n\n\n\n<div class=\"wp-block-column is-layout-flow wp-block-column-is-layout-flow\" style=\"flex-basis:66.66%\">\n<p>Ihre Ansprechpartnerinnen w\u00e4hrend der Tagung:<br><br><strong>Jessica Kleinschmidt<\/strong><br>(technische und organisatorische Anfragen)<br><br>Telefon: 03421\/9189672 (w\u00e4hrend der Tagung)<br>E-Mail: eb2021@hsu-hh.de<br><br><\/p>\n<\/div>\n<\/div>\n\n\n\n<div class=\"wp-block-columns is-layout-flex wp-container-core-columns-is-layout-9d6595d7 wp-block-columns-is-layout-flex\">\n<div class=\"wp-block-column is-layout-flow wp-block-column-is-layout-flow\" style=\"flex-basis:33.33%\">\n<div class=\"wp-block-media-text alignwide is-stacked-on-mobile\" style=\"grid-template-columns:58% auto\"><figure class=\"wp-block-media-text__media\"><img loading=\"lazy\" decoding=\"async\" width=\"600\" height=\"800\" src=\"https:\/\/www.hsu-hh.de\/wb\/wp-content\/uploads\/sites\/647\/2021\/09\/Businessfoto-12_web_Sabine.jpg\" data-credit=\"Prof. Sabine Schmidt-Lauff\" alt=\"Prof. Schmidt-Lauff\" class=\"wp-image-2001 size-medium\" srcset=\"https:\/\/www.hsu-hh.de\/wb\/wp-content\/uploads\/sites\/647\/2021\/09\/Businessfoto-12_web_Sabine.jpg 600w, https:\/\/www.hsu-hh.de\/wb\/wp-content\/uploads\/sites\/647\/2021\/09\/Businessfoto-12_web_Sabine-225x300.jpg 225w\" sizes=\"auto, (max-width: 600px) 100vw, 600px\" \/><\/figure><div class=\"wp-block-media-text__content\">\n<p class=\"has-large-font-size\"><\/p>\n<\/div><\/div>\n<\/div>\n\n\n\n<div class=\"wp-block-column is-layout-flow wp-block-column-is-layout-flow\" style=\"flex-basis:66.66%\">\n<p><strong><abbr title=\"Professor\">Prof.<\/abbr> Sabine Schmidt-Lauff<\/strong><br>(inhaltliche Anfragen)<\/p>\n\n\n\n<p>Telefon: +49 173 8763646 (w\u00e4hrend der Tagung)<br>E-Mail: schmidt-lauff@hsu-hh.de<\/p>\n<\/div>\n<\/div>\n\n\n\n<hr class=\"wp-block-separator is-style-wide\" \/>\n\n\n\n<p>Ein herzliches Dankesch\u00f6n f\u00fcr die hervorragende Expertise bei der Anfertigung der nachhaltigen Tagungsflyer geht an das Team der <a href=\"https:\/\/www.bubi-breuer.de\/\" data-type=\"URL\" data-id=\"https:\/\/www.bubi-breuer.de\/\" target=\"_blank\" rel=\"noreferrer noopener\">Buchbinderei Breuer<\/a>.<\/p>\n\n\n\n<p><\/p>\n","protected":false},"excerpt":{"rendered":"<p>Nutzen Sie #SekEB2021 um sich auf Twitter zu vernetzen! Herzlich Willkommen! Kommen Sie mit uns auf einen virtuellen Rundgang aus Studierendensicht der Offizier*innen an der Helmut-Schmidt-Universit\u00e4t\/Universit\u00e4t der Bundeswehr Hamburg! Am [&hellip;]<\/p>\n","protected":false},"author":28,"featured_media":0,"parent":0,"menu_order":0,"comment_status":"closed","ping_status":"closed","template":"","meta":{"footnotes":""},"categories":[4],"tags":[],"class_list":["post-1775","page","type-page","status-publish","hentry","category-forschung"],"_links":{"self":[{"href":"https:\/\/www.hsu-hh.de\/wb\/wp-json\/wp\/v2\/pages\/1775","targetHints":{"allow":["GET"]}}],"collection":[{"href":"https:\/\/www.hsu-hh.de\/wb\/wp-json\/wp\/v2\/pages"}],"about":[{"href":"https:\/\/www.hsu-hh.de\/wb\/wp-json\/wp\/v2\/types\/page"}],"author":[{"embeddable":true,"href":"https:\/\/www.hsu-hh.de\/wb\/wp-json\/wp\/v2\/users\/28"}],"replies":[{"embeddable":true,"href":"https:\/\/www.hsu-hh.de\/wb\/wp-json\/wp\/v2\/comments?post=1775"}],"version-history":[{"count":36,"href":"https:\/\/www.hsu-hh.de\/wb\/wp-json\/wp\/v2\/pages\/1775\/revisions"}],"predecessor-version":[{"id":2272,"href":"https:\/\/www.hsu-hh.de\/wb\/wp-json\/wp\/v2\/pages\/1775\/revisions\/2272"}],"wp:attachment":[{"href":"https:\/\/www.hsu-hh.de\/wb\/wp-json\/wp\/v2\/media?parent=1775"}],"wp:term":[{"taxonomy":"category","embeddable":true,"href":"https:\/\/www.hsu-hh.de\/wb\/wp-json\/wp\/v2\/categories?post=1775"},{"taxonomy":"post_tag","embeddable":true,"href":"https:\/\/www.hsu-hh.de\/wb\/wp-json\/wp\/v2\/tags?post=1775"}],"curies":[{"name":"wp","href":"https:\/\/api.w.org\/{rel}","templated":true}]}}