{"id":1658,"date":"2021-05-11T14:21:09","date_gmt":"2021-05-11T12:21:09","guid":{"rendered":"https:\/\/www.hsu-hh.de\/wb\/?page_id=1658"},"modified":"2026-02-17T14:16:11","modified_gmt":"2026-02-17T13:16:11","slug":"rathmann","status":"publish","type":"page","link":"https:\/\/www.hsu-hh.de\/wb\/rathmann","title":{"rendered":"Marie Rathmann, M.A."},"content":{"rendered":"\n<div class=\"wp-block-columns is-layout-flex wp-container-core-columns-is-layout-9d6595d7 wp-block-columns-is-layout-flex\">\n<div class=\"wp-block-column is-layout-flow wp-block-column-is-layout-flow\">\n<figure class=\"wp-block-image size-large\"><img loading=\"lazy\" decoding=\"async\" width=\"1024\" height=\"719\" src=\"https:\/\/www.hsu-hh.de\/wb\/wp-content\/uploads\/sites\/647\/2023\/06\/IMG_4577-1-1024x719.jpg\" data-credit=\"\" alt=\"\" class=\"wp-image-3247\" srcset=\"https:\/\/www.hsu-hh.de\/wb\/wp-content\/uploads\/sites\/647\/2023\/06\/IMG_4577-1-1024x719.jpg 1024w, https:\/\/www.hsu-hh.de\/wb\/wp-content\/uploads\/sites\/647\/2023\/06\/IMG_4577-1-300x211.jpg 300w, https:\/\/www.hsu-hh.de\/wb\/wp-content\/uploads\/sites\/647\/2023\/06\/IMG_4577-1-768x539.jpg 768w, https:\/\/www.hsu-hh.de\/wb\/wp-content\/uploads\/sites\/647\/2023\/06\/IMG_4577-1-1100x772.jpg 1100w, https:\/\/www.hsu-hh.de\/wb\/wp-content\/uploads\/sites\/647\/2023\/06\/IMG_4577-1.jpg 1434w\" sizes=\"auto, (max-width: 1024px) 100vw, 1024px\" \/><figcaption class=\"wp-element-caption\">Foto von Marie Rathmann<\/figcaption><\/figure>\n<\/div>\n\n\n\n<div class=\"wp-block-column is-layout-flow wp-block-column-is-layout-flow\">\n<p><strong>Kontakt<\/strong><\/p>\n\n\n\n<p>Email: <a href=\"mailto:marie.rathmann@hsu-hh.de\" rel='nofollow'>marie.rathmann@hsu-hh.de<\/a><\/p>\n\n\n\n<p>Telefon: 040 6541 4286 <\/p>\n\n\n\n<p>Raum: W\/50, 115 (HB)<\/p>\n<\/div>\n\n\n\n<div class=\"wp-block-column is-layout-flow wp-block-column-is-layout-flow\">\n<p><strong>Postanschrift<\/strong><\/p>\n\n\n\n<p>Helmut-Schmidt-Universit\u00e4t<br>Weiterbildung und lebenslanges Lernen<br>Postfach 70 08 22<br>22008 Hamburg<\/p>\n\n\n\n<p><strong>Besucheranschrift<\/strong><\/p>\n\n\n\n<p>Helmut-Schmidt-Universit\u00e4t<br>Hanseatenbereich (HB)<br>Stoltenstra\u00dfe 13, <br>Geb\u00e4ude W\/50, Raum 115<br>22043 Hamburg<\/p>\n<\/div>\n<\/div>\n\n\n\n<h2 class=\"wp-block-heading\">Sprechzeiten<\/h2>\n\n\n\n<p>Nach individueller Absprache per E-Mail an <a href=\"mailto:marie.rathmann@hsu-hh.de\" rel='nofollow'>marie.rathmann@hsu-hh.de<\/a><\/p>\n\n\n\n<h2 class=\"wp-block-heading\">Forschungsschwerpunkte<\/h2>\n\n\n\n<p>Marie Rathmann ist wissenschaftliche Mitarbeiterin an der Professur f\u00fcr Weiterbildung und lebenslanges Lernen. Sie arbeitet in dem von <a href=\"https:\/\/dtecbw.de\/home\" data-type=\"URL\" data-id=\"https:\/\/dtecbw.de\/home\" target=\"_blank\" rel=\"noreferrer noopener\">dtec.bw<\/a> gef\u00f6rderten Forschungs- und Entwicklungsprojekt <a href=\"https:\/\/www.hsu-hh.de\/wb\/digitaks\" data-type=\"URL\" data-id=\"https:\/\/www.hsu-hh.de\/wb\/digitaks\" target=\"_blank\" rel=\"noreferrer noopener\">DigiTaKS* \u2013 Digitale Schl\u00fcsselkompetenzen f\u00fcr Studium und Beruf<\/a>. Ferner ist sie Mitarbeiterin in dem <a href=\"https:\/\/dtecbw.de\/home\" data-type=\"URL\" data-id=\"https:\/\/dtecbw.de\/home\" target=\"_blank\" rel=\"noreferrer noopener\">dtec.b<\/a><a href=\"https:\/\/dtecbw.de\/home\" data-type=\"URL\" data-id=\"https:\/\/dtecbw.de\/home\" rel='nofollow'>w<\/a> gef\u00f6rderten Forschungsprojekt <a href=\"https:\/\/www.hsu-hh.de\/hpccp\/\">hpc.bw \u2013 Competence Platform for Software Efficiency and Supercomputing<\/a> an der Professur f\u00fcr High Performance Computing.<\/p>\n\n\n\n<h2 class=\"wp-block-heading\">Promotionsvorhaben<\/h2>\n\n\n\n<p>Arbeitstitel der Promotion: Zur Konstitution von Handlungsf\u00e4higkeit in der Digitalit\u00e4t im alltagspraktischen Handeln. Eine erwachsenenbildungstheoretische Perspektive<\/p>\n\n\n\n<h2 class=\"wp-block-heading\">Weiteres<\/h2>\n\n\n\n<p>Herausgeberin der Rezensionszeitschrift <a href=\"https:\/\/ewrevue.de\/\" data-type=\"link\" data-id=\"https:\/\/ewrevue.de\/\" rel='nofollow'>Erziehungswissenschaftliches Revue<\/a> im Ressort Erwachsenenbildung.<\/p>\n\n\n\n<p>Marie Rathmann erh\u00e4lt den 1. Platz f\u00fcr ihr Promotionsvorhaben. Ausgezeichnet wurde sie vom Vorstand der Deutschen Gesellschaft f\u00fcr Erziehungswissenschaft (DGfE) im Rahmen der DGfE-Summer School f\u00fcr Qualifikationsarbeiten. Mit diesem Preis w\u00fcrdigt die DGfE Promotions- und Qualifikationsprojekte aus der Erziehungswissenschaft und Bildungsforschung, die bereits eine herausragende Qualit\u00e4t zeigen oder eine solche erwarten lassen.<\/p>\n\n\n\n<h2 class=\"wp-block-heading\">Ver\u00f6ffentlichungen<\/h2>\n\n\n\n<p>Rosemann, T., Rathmann, M., Schiller, J. &amp; Schmidt-Lauff, S. (i.E.). Trust in Artificial Intelligence. Challenges of Educational Equity and Ethics in Students\u2019 Practices in German Higher Education. In E. Jean-Francois &amp; van Wyk, M. (<abbr title=\"Herausgeber\">Hrsg.<\/abbr>): Artificial Intelligence for Educational Inclusion and Equity: International Studies and Critiques.<\/p>\n\n\n\n<p>Schiller, J. &amp; Rathmann, M. (2025). Transformative Digital Competences: Reclaiming Creativity for Critical Thinking. openHSU. DOI:&nbsp;<br><a href=\"http:\/\/dx.doi.org\/10.24405\/20211\" target=\"_blank\" rel=\"noreferrer noopener\">10.24405\/20211<\/a><\/p>\n\n\n\n<p>Rathmann, M. (2025). Zeit und Raum im Kontext der Digitalit\u00e4t. Erwachsenenbildungstheoretische Gedankeng\u00e4nge (Unterkapitel von: Gedankensplitter zu temporalen, digitalen, virtuellen und hybriden Ph\u00e4nomenen von Lehren und Lernen). In S. Schmidt-Lauff (<abbr title=\"Herausgeber\">Hrsg.<\/abbr>), Transformative digitale Kompetenzen. Entwicklungen f\u00fcr Hochschule, Studium und Gesellschaft. (S. 350\u2013354). wbv. <a href=\"https:\/\/doi.org\/10.3278\/I78625W013\" rel='nofollow'>https:\/\/doi.org\/10.3278\/I78625W013<\/a><\/p>\n\n\n\n<p>Rathmann, M. (2025). Medienaneignung im alltagspraktischen Handeln Studierender. Ein Mehrebenenmodell. In S. Schmidt-Lauff (<abbr title=\"Herausgeber\">Hrsg.<\/abbr>), Transformative digitale Kompetenzen. Entwicklungen f\u00fcr Hochschule, Studium und Gesellschaft (S. 99\u2013126). wbv. <a href=\"https:\/\/doi.org\/10.3278\/I78625W006\" rel='nofollow'>https:\/\/doi.org\/10.3278\/I78625W006<\/a><\/p>\n\n\n\n<p>Schwarz, J., Rundel, S. &amp; Rathmann, M. (2025). &#8222;Oder hab ich vielleicht sogar noch zu wenig gearbeitet?&#8220;. Zeitliche Rahmenbedingungen, alltagspraktische Zeitgestaltung und Zeitwahrnehmung von Wissenschaftler:innen in Qualifizierungsphasen der Erwachsenenbildung. In M. Ebner von Eschenbach, &amp; Kondratjuk, M. (<abbr title=\"Herausgeber\">Hrsg.<\/abbr>): Akademische Zuk\u00fcnfte der Erwachsenenbildung. Einsichten zu den Arbeits-, Forschungs- und Qualifikationsbedingungen von Wissenschaftler:innen in Qualifizierungsphasen der Erwachsenenbildung. Verlag Barbara Budrich, S. 27 &#8211; 46. DOI 10.3224\/84743083<\/p>\n\n\n\n<p>Schmidt-Lauff, S. &amp; Rathmann, M. (2024). Weiterbildungsberatung im Online-Format \u2013 Zur Analyse digitaler Dokumente. In: Zeitschrift f\u00fcr Weiterbildungsforschung (47): 81\u201397. <a href=\"https:\/\/doi.org\/10.1007\/s40955-024-00279-9\" target=\"_blank\" rel=\"noreferrer noopener\">https:\/\/doi.org\/10.1007\/s40955-024-00279-9<\/a> <span><a href=\"\" rel='nofollow'><img decoding=\"async\" title=\"Titel anhand dieser DOI in Citavi-Projekt \u00fcbernehmen\" class=\"citavipicker\" style=\"border: 0px none!important;width: 16px!important;height: 16px!important;margin-left:1px !important;margin-right:1px !important\" src=\"image\/png;base64,iVBORw0KGgoAAAANSUhEUgAAABAAAAAQCAYAAAAf8\/9hAAAAGXRFWHRTb2Z0d2FyZQBBZG9iZSBJbWFnZVJlYWR5ccllPAAAARpJREFUeNpiZEAD1zX4E4BUPBA7oEkdAOKFmjc+LkAWZETSqACk1gOxAb\/lLwZegz8MTJz\/wXL\/vjMyfL7AwvDxOBuIewGIA4EGPYAbANV8nkP2r4Bk\/HcGdpm\/DNjAzyfMDM8XcjL8eMz8Acg1BBnCBJVbD9IsV\/QVp2YQAMmB1IDUQl3LwAT1swHIZpiT8QGQGpBakB6QXpAL4kF+xmczNpeA9ID0ggxwAAUYqQCqx4EJ5ixSAUwP2ABmLtINgBsEIn6\/ZSJZIyhtwAw4AEokpAKongMgAxaCUhgokRALQGqhqXIhEzRtXwClMJizCDkdpBakB6QX5vlAUPJ81MeN1yUgOZAaaFIOJCozgWIIFMh4MxMl2RkgwACxPIMc1tjE2wAAAABJRU5ErkJggg==\"><\/a><\/span><\/p>\n\n\n\n<p>K\u00e4pplinger, B., Reuter, M., Dietz, C., Schmidt-Lauff, S., Rathmann, M., P\u00e4tzold, H., Dohmen, J., Lerch, S., Weitzel, H. &amp; Ellwart, K. (2023). Positionspapier: Anforderungen an eine zeitgem\u00e4\u00dfe und professionelle Bildungsberatung. Hessische Bl\u00e4tter f\u00fcr Volksbildung (3), S. 91\u201393. <a href=\"https:\/\/dx.doi.org\/10.3278\/HBV2303W\" rel='nofollow'><\/a><a href=\"https:\/\/doi.org\/10.3278\/HBV2303W009\" target=\"_blank\" rel=\"noreferrer noopener\">DOI: 10.3278\/HBV2303W009<\/a><\/p>\n\n\n\n<p>Rathmann, M., Guimar\u00e3es, P., &amp; Ko\u0161merl, T. (2023). Digital transformation and adult learning and education policies: The cases of Germany and Portugal. In: L. Breitschwerdt, J. Schwarz, &amp; S. Schmidt-Lauff, S. (Eds.),&nbsp;Comparative Research in Adult Education \u2013 Global Perspectives. Bielefeld: wbv. <a href=\"10.3278\/9783763971336\" target=\"_blank\" rel=\"noreferrer noopener\">DOI: 10.3278\/9783763971336 <\/a><a href=\"\" rel='nofollow'><img decoding=\"async\" title=\"Titel anhand dieser DOI in Citavi-Projekt \u00fcbernehmen\" class=\"citavipicker\" style=\"border: 0px none!important;width: 16px!important;height: 16px!important;margin-left:1px !important;margin-right:1px !important\" src=\"image\/svg+xml;base64,PD94bWwgdmVyc2lvbj0iMS4wIiBlbmNvZGluZz0idXRmLTgiPz48IURPQ1RZUEUgc3ZnIFBVQkxJQyAiLS8vVzNDLy9EVEQgU1ZHIDEuMS8vRU4iICJodHRwOi8vd3d3LnczLm9yZy9HcmFwaGljcy9TVkcvMS4xL0RURC9zdmcxMS5kdGQiPjxzdmcgdmVyc2lvbj0iMS4xIiBpZD0iRWJlbmVfMSIgeG1sbnM9Imh0dHA6Ly93d3cudzMub3JnLzIwMDAvc3ZnIiB4bWxuczp4bGluaz0iaHR0cDovL3d3dy53My5vcmcvMTk5OS94bGluayIgeD0iMHB4IiB5PSIwcHgiIHdpZHRoPSIxNnB4IiBoZWlnaHQ9IjE2cHgiIHZpZXdCb3g9IjAgMCAxNiAxNiIgZW5hYmxlLWJhY2tncm91bmQ9Im5ldyAwIDAgMTYgMTYiIHhtbDpzcGFjZT0icHJlc2VydmUiPjxnPjxnPjxwYXRoIGZpbGw9IiNGRkZGRkYiIGQ9Ik04LjAwMSwxNS41QzMuODY0LDE1LjUsMC41LDEyLjEzNiwwLjUsOGMwLTQuMTM1LDMuMzY1LTcuNSw3LjUwMS03LjVTMTUuNSwzLjg2NCwxNS41LDhTMTIuMTM3LDE1LjUsOC4wMDEsMTUuNXoiLz48cGF0aCBmaWxsPSIjRDUyQjFFIiBkPSJNOC4wMDEsMUMxMS44NiwxLDE1LDQuMTQxLDE1LDhzLTMuMTM5LDctNi45OTksN0M0LjE0LDE1LDEsMTEuODU5LDEsOFM0LjE0LDEsOC4wMDEsMSBNOC4wMDEsMEMzLjU4MiwwLDAsMy41ODIsMCw4czMuNTgyLDgsOC4wMDEsOEMxMi40MTgsMTYsMTYsMTIuNDE4LDE2LDhTMTIuNDE4LDAsOC4wMDEsMEw4LjAwMSwweiIvPjwvZz48cGF0aCBmaWxsPSIjRDUyQjFFIiBkPSJNNi43NDUsMTIuNTg5Yy0wLjIyNywwLjEyMi0wLjQ5NywwLjI0Ny0wLjY4NCwwLjI0N2MtMC4zMTgsMC0wLjUwMS0wLjE2NC0wLjUwMS0wLjQ1MmMwLTAuMjA3LDAuMTQtMC4zNzUsMC41OTUtMC42MjJjMS41NDktMC45MDQsMi41OTQtMi4yNzIsMi41OTQtMy43MjFjMC0wLjgyNS0wLjIyNy0xLjExOS0wLjY4MS0xLjExOWMtMC4xMzUsMC0wLjMyLDAuMjE5LTAuNjM2LDAuMjE5SDcuMTU3QzYuMTAyLDcuMTQzLDUuMzMzLDYuMjY0LDUuMzMzLDUuMjNjMC0xLjE1MiwwLjk1OC0yLjAwNiwyLjI4LTIuMDA2YzEuNzc3LDAsMy4wNTMsMS4zNzMsMy4wNTMsMy40M0MxMC42NjYsOS4yMTUsOS4yMDMsMTEuMjcsNi43NDUsMTIuNTg5Ii8+PC9nPjwvc3ZnPg\"><\/a><a href=\"\" rel='nofollow'><\/a><\/p>\n\n\n\n<p>Schmidt-Lauff, S., Schwarz, J., Rosemann, T., Rathmann, M. &amp; Schiller, J. (2022). DigiTaKS*-Digitale Schl\u00fcsselkompetenzen f\u00fcr Studium und Beruf. Hamburg: openHSU.&nbsp;<a href=\"https:\/\/openhsu.ub.hsu-hh.de\/handle\/10.24405\/14573\" rel='nofollow'>https:\/\/openhsu.ub.hsu-hh.de\/handle\/10.24405\/14573 <span><\/span><\/a><a href=\"\" rel='nofollow'><img decoding=\"async\" title=\"Titel anhand dieser DOI in Citavi-Projekt \u00fcbernehmen\" class=\"citavipicker\" style=\"border: 0px none!important;width: 16px!important;height: 16px!important;margin-left:1px !important;margin-right:1px !important\" src=\"image\/svg+xml;base64,PD94bWwgdmVyc2lvbj0iMS4wIiBlbmNvZGluZz0idXRmLTgiPz48IURPQ1RZUEUgc3ZnIFBVQkxJQyAiLS8vVzNDLy9EVEQgU1ZHIDEuMS8vRU4iICJodHRwOi8vd3d3LnczLm9yZy9HcmFwaGljcy9TVkcvMS4xL0RURC9zdmcxMS5kdGQiPjxzdmcgdmVyc2lvbj0iMS4xIiBpZD0iRWJlbmVfMSIgeG1sbnM9Imh0dHA6Ly93d3cudzMub3JnLzIwMDAvc3ZnIiB4bWxuczp4bGluaz0iaHR0cDovL3d3dy53My5vcmcvMTk5OS94bGluayIgeD0iMHB4IiB5PSIwcHgiIHdpZHRoPSIxNnB4IiBoZWlnaHQ9IjE2cHgiIHZpZXdCb3g9IjAgMCAxNiAxNiIgZW5hYmxlLWJhY2tncm91bmQ9Im5ldyAwIDAgMTYgMTYiIHhtbDpzcGFjZT0icHJlc2VydmUiPjxnPjxnPjxwYXRoIGZpbGw9IiNGRkZGRkYiIGQ9Ik04LjAwMSwxNS41QzMuODY0LDE1LjUsMC41LDEyLjEzNiwwLjUsOGMwLTQuMTM1LDMuMzY1LTcuNSw3LjUwMS03LjVTMTUuNSwzLjg2NCwxNS41LDhTMTIuMTM3LDE1LjUsOC4wMDEsMTUuNXoiLz48cGF0aCBmaWxsPSIjRDUyQjFFIiBkPSJNOC4wMDEsMUMxMS44NiwxLDE1LDQuMTQxLDE1LDhzLTMuMTM5LDctNi45OTksN0M0LjE0LDE1LDEsMTEuODU5LDEsOFM0LjE0LDEsOC4wMDEsMSBNOC4wMDEsMEMzLjU4MiwwLDAsMy41ODIsMCw4czMuNTgyLDgsOC4wMDEsOEMxMi40MTgsMTYsMTYsMTIuNDE4LDE2LDhTMTIuNDE4LDAsOC4wMDEsMEw4LjAwMSwweiIvPjwvZz48cGF0aCBmaWxsPSIjRDUyQjFFIiBkPSJNNi43NDUsMTIuNTg5Yy0wLjIyNywwLjEyMi0wLjQ5NywwLjI0Ny0wLjY4NCwwLjI0N2MtMC4zMTgsMC0wLjUwMS0wLjE2NC0wLjUwMS0wLjQ1MmMwLTAuMjA3LDAuMTQtMC4zNzUsMC41OTUtMC42MjJjMS41NDktMC45MDQsMi41OTQtMi4yNzIsMi41OTQtMy43MjFjMC0wLjgyNS0wLjIyNy0xLjExOS0wLjY4MS0xLjExOWMtMC4xMzUsMC0wLjMyLDAuMjE5LTAuNjM2LDAuMjE5SDcuMTU3QzYuMTAyLDcuMTQzLDUuMzMzLDYuMjY0LDUuMzMzLDUuMjNjMC0xLjE1MiwwLjk1OC0yLjAwNiwyLjI4LTIuMDA2YzEuNzc3LDAsMy4wNTMsMS4zNzMsMy4wNTMsMy40M0MxMC42NjYsOS4yMTUsOS4yMDMsMTEuMjcsNi43NDUsMTIuNTg5Ii8+PC9nPjwvc3ZnPg\"><\/a><\/p>\n\n\n\n<p>Rathmann, M. (2022). Das Subjekt im digitalen Raum. Eine praxistheoretische Perspektive. In Hessische Bl\u00e4tter f\u00fcr Volksbildung 72(3): 19-28. DOI: <a href=\"http:\/\/doi.org\/10.3278\/HBV2203W003\" rel='nofollow'>10.3278\/HBV2203W003 <\/a><a href=\"\" rel='nofollow'><img decoding=\"async\" title=\"Titel anhand dieser DOI in Citavi-Projekt \u00fcbernehmen\" class=\"citavipicker\" style=\"border: 0px none!important;width: 16px!important;height: 16px!important;margin-left:1px !important;margin-right:1px !important\" src=\"image\/svg+xml;base64,PD94bWwgdmVyc2lvbj0iMS4wIiBlbmNvZGluZz0idXRmLTgiPz48IURPQ1RZUEUgc3ZnIFBVQkxJQyAiLS8vVzNDLy9EVEQgU1ZHIDEuMS8vRU4iICJodHRwOi8vd3d3LnczLm9yZy9HcmFwaGljcy9TVkcvMS4xL0RURC9zdmcxMS5kdGQiPjxzdmcgdmVyc2lvbj0iMS4xIiBpZD0iRWJlbmVfMSIgeG1sbnM9Imh0dHA6Ly93d3cudzMub3JnLzIwMDAvc3ZnIiB4bWxuczp4bGluaz0iaHR0cDovL3d3dy53My5vcmcvMTk5OS94bGluayIgeD0iMHB4IiB5PSIwcHgiIHdpZHRoPSIxNnB4IiBoZWlnaHQ9IjE2cHgiIHZpZXdCb3g9IjAgMCAxNiAxNiIgZW5hYmxlLWJhY2tncm91bmQ9Im5ldyAwIDAgMTYgMTYiIHhtbDpzcGFjZT0icHJlc2VydmUiPjxnPjxnPjxwYXRoIGZpbGw9IiNGRkZGRkYiIGQ9Ik04LjAwMSwxNS41QzMuODY0LDE1LjUsMC41LDEyLjEzNiwwLjUsOGMwLTQuMTM1LDMuMzY1LTcuNSw3LjUwMS03LjVTMTUuNSwzLjg2NCwxNS41LDhTMTIuMTM3LDE1LjUsOC4wMDEsMTUuNXoiLz48cGF0aCBmaWxsPSIjRDUyQjFFIiBkPSJNOC4wMDEsMUMxMS44NiwxLDE1LDQuMTQxLDE1LDhzLTMuMTM5LDctNi45OTksN0M0LjE0LDE1LDEsMTEuODU5LDEsOFM0LjE0LDEsOC4wMDEsMSBNOC4wMDEsMEMzLjU4MiwwLDAsMy41ODIsMCw4czMuNTgyLDgsOC4wMDEsOEMxMi40MTgsMTYsMTYsMTIuNDE4LDE2LDhTMTIuNDE4LDAsOC4wMDEsMEw4LjAwMSwweiIvPjwvZz48cGF0aCBmaWxsPSIjRDUyQjFFIiBkPSJNNi43NDUsMTIuNTg5Yy0wLjIyNywwLjEyMi0wLjQ5NywwLjI0Ny0wLjY4NCwwLjI0N2MtMC4zMTgsMC0wLjUwMS0wLjE2NC0wLjUwMS0wLjQ1MmMwLTAuMjA3LDAuMTQtMC4zNzUsMC41OTUtMC42MjJjMS41NDktMC45MDQsMi41OTQtMi4yNzIsMi41OTQtMy43MjFjMC0wLjgyNS0wLjIyNy0xLjExOS0wLjY4MS0xLjExOWMtMC4xMzUsMC0wLjMyLDAuMjE5LTAuNjM2LDAuMjE5SDcuMTU3QzYuMTAyLDcuMTQzLDUuMzMzLDYuMjY0LDUuMzMzLDUuMjNjMC0xLjE1MiwwLjk1OC0yLjAwNiwyLjI4LTIuMDA2YzEuNzc3LDAsMy4wNTMsMS4zNzMsMy4wNTMsMy40M0MxMC42NjYsOS4yMTUsOS4yMDMsMTEuMjcsNi43NDUsMTIuNTg5Ii8+PC9nPjwvc3ZnPg\"><\/a><\/p>\n\n\n\n<p>Rathmann, M., Rosemann, T., Schiller, J., Schmidt-Lauff, S. &amp; Schwarz, J. (2022). Digitalit\u00e4t als Herausforderung und Chance. Eine multiperspektivische Analyse zu Bedarfslagen. Hamburg: openHSU.&nbsp;<a rel=\"noreferrer noopener\" href=\"https:\/\/doi.org\/10.24405\/14354\" target=\"_blank\">https:\/\/doi.org\/10.24405\/14354<\/a><\/p>\n\n\n\n<p>Schwarz, J., Rosemann, T., Rathmann, M. (2021). Educated for the Digital Transformation?! Students\u2019 Acquisition of Competencies for Digital Learning and Teaching During and Past Pandemic Times. In: EPALE Journal on Adult Learning and Continuing Education, 10, S. 91-101. URL:&nbsp;<a href=\"https:\/\/epale.ec.europa.eu\/system\/files\/2022-03\/EPALE_JOURNAL_IT_N_10_2021_def.pdf\" rel='nofollow'>Download<\/a><\/p>\n","protected":false},"excerpt":{"rendered":"<p>Kontakt Email: marie.rathmann@hsu-hh.de Telefon: 040 6541 4286 Raum: W\/50, 115 (HB) Postanschrift Helmut-Schmidt-Universit\u00e4tWeiterbildung und lebenslanges LernenPostfach 70 08 2222008 Hamburg Besucheranschrift Helmut-Schmidt-Universit\u00e4tHanseatenbereich (HB)Stoltenstra\u00dfe 13, Geb\u00e4ude W\/50, Raum 11522043 Hamburg Sprechzeiten [&hellip;]<\/p>\n","protected":false},"author":28,"featured_media":0,"parent":0,"menu_order":0,"comment_status":"closed","ping_status":"closed","template":"","meta":{"footnotes":""},"categories":[4],"tags":[43,869,1428],"class_list":["post-1658","page","type-page","status-publish","hentry","category-forschung","tag-mitarbeiter","tag-profil-de","tag-rathmann-de"],"_links":{"self":[{"href":"https:\/\/www.hsu-hh.de\/wb\/wp-json\/wp\/v2\/pages\/1658","targetHints":{"allow":["GET"]}}],"collection":[{"href":"https:\/\/www.hsu-hh.de\/wb\/wp-json\/wp\/v2\/pages"}],"about":[{"href":"https:\/\/www.hsu-hh.de\/wb\/wp-json\/wp\/v2\/types\/page"}],"author":[{"embeddable":true,"href":"https:\/\/www.hsu-hh.de\/wb\/wp-json\/wp\/v2\/users\/28"}],"replies":[{"embeddable":true,"href":"https:\/\/www.hsu-hh.de\/wb\/wp-json\/wp\/v2\/comments?post=1658"}],"version-history":[{"count":33,"href":"https:\/\/www.hsu-hh.de\/wb\/wp-json\/wp\/v2\/pages\/1658\/revisions"}],"predecessor-version":[{"id":4796,"href":"https:\/\/www.hsu-hh.de\/wb\/wp-json\/wp\/v2\/pages\/1658\/revisions\/4796"}],"wp:attachment":[{"href":"https:\/\/www.hsu-hh.de\/wb\/wp-json\/wp\/v2\/media?parent=1658"}],"wp:term":[{"taxonomy":"category","embeddable":true,"href":"https:\/\/www.hsu-hh.de\/wb\/wp-json\/wp\/v2\/categories?post=1658"},{"taxonomy":"post_tag","embeddable":true,"href":"https:\/\/www.hsu-hh.de\/wb\/wp-json\/wp\/v2\/tags?post=1658"}],"curies":[{"name":"wp","href":"https:\/\/api.w.org\/{rel}","templated":true}]}}