{"id":1439,"date":"2021-02-01T19:00:16","date_gmt":"2021-02-01T18:00:16","guid":{"rendered":"https:\/\/www.hsu-hh.de\/wb\/?page_id=1439"},"modified":"2026-03-18T11:17:16","modified_gmt":"2026-03-18T10:17:16","slug":"sekretariat","status":"publish","type":"page","link":"https:\/\/www.hsu-hh.de\/wb\/sekretariat","title":{"rendered":"Britta Neumann \/ Sekretariat"},"content":{"rendered":"\n<div class=\"wp-block-columns is-layout-flex wp-container-core-columns-is-layout-9d6595d7 wp-block-columns-is-layout-flex\">\n<div class=\"wp-block-column is-layout-flow wp-block-column-is-layout-flow\">\n<figure class=\"wp-block-image size-medium\"><img loading=\"lazy\" decoding=\"async\" width=\"1453\" height=\"1941\" src=\"https:\/\/www.hsu-hh.de\/wb\/wp-content\/uploads\/sites\/647\/2026\/01\/Neumann-2026-edited.jpg\" data-credit=\"Britta Neumann\" alt=\"\" class=\"wp-image-4739\" style=\"aspect-ratio:3\/4;object-fit:cover\" srcset=\"https:\/\/www.hsu-hh.de\/wb\/wp-content\/uploads\/sites\/647\/2026\/01\/Neumann-2026-edited.jpg 1453w, https:\/\/www.hsu-hh.de\/wb\/wp-content\/uploads\/sites\/647\/2026\/01\/Neumann-2026-edited-225x300.jpg 225w, https:\/\/www.hsu-hh.de\/wb\/wp-content\/uploads\/sites\/647\/2026\/01\/Neumann-2026-edited-767x1024.jpg 767w, https:\/\/www.hsu-hh.de\/wb\/wp-content\/uploads\/sites\/647\/2026\/01\/Neumann-2026-edited-768x1026.jpg 768w, https:\/\/www.hsu-hh.de\/wb\/wp-content\/uploads\/sites\/647\/2026\/01\/Neumann-2026-edited-1150x1536.jpg 1150w, https:\/\/www.hsu-hh.de\/wb\/wp-content\/uploads\/sites\/647\/2026\/01\/Neumann-2026-edited-1100x1469.jpg 1100w\" sizes=\"auto, (max-width: 1453px) 100vw, 1453px\" \/><figcaption class=\"wp-element-caption\">Britta Neumann<\/figcaption><\/figure>\n<\/div>\n\n\n\n<div class=\"wp-block-column is-layout-flow wp-block-column-is-layout-flow\">\n<p><strong>Kontakt<\/strong><\/p>\n\n\n\n<p>Email: britta.neumann@hsu.hamburg<\/p>\n\n\n\n<p>Telefon: 040 6541 &#8211; 2366<\/p>\n\n\n\n<p>Raum: 2369<\/p>\n\n\n\n<p><\/p>\n<\/div>\n\n\n\n<div class=\"wp-block-column is-layout-flow wp-block-column-is-layout-flow\">\n<p><strong>Postanschrift<\/strong><\/p>\n\n\n\n<p>Helmut-Schmidt-Universit\u00e4t<br>Weiterbildung und lebenslanges Lernen<br>Postfach 70 08 22<br>22008 Hamburg<\/p>\n\n\n\n<p><strong>Besucheranschrift<\/strong><\/p>\n\n\n\n<p>Helmut-Schmidt-Universit\u00e4t<br>Geb\u00e4ude H01<br>Holstenhofweg 85<br>22043 Hamburg<\/p>\n<\/div>\n<\/div>\n\n\n\n<h2 class=\"wp-block-heading\">Sprechzeiten<\/h2>\n\n\n\n<p>Mo \u2013 Do 9:00 \u2013 15:00 Uhr; Fr 9:00 \u2013 14 Uhr<\/p>\n\n\n\n<p><\/p>\n","protected":false},"excerpt":{"rendered":"<p>Kontakt Email: britta.neumann@hsu.hamburg Telefon: 040 6541 &#8211; 2366 Raum: 2369 Postanschrift Helmut-Schmidt-Universit\u00e4tWeiterbildung und lebenslanges LernenPostfach 70 08 2222008 Hamburg Besucheranschrift Helmut-Schmidt-Universit\u00e4tGeb\u00e4ude H01Holstenhofweg 8522043 Hamburg Sprechzeiten Mo \u2013 Do 9:00 \u2013 [&hellip;]<\/p>\n","protected":false},"author":28,"featured_media":0,"parent":0,"menu_order":0,"comment_status":"closed","ping_status":"closed","template":"","meta":{"footnotes":""},"categories":[200,8],"tags":[863,865,867,869,871],"class_list":["post-1439","page","type-page","status-publish","hentry","category-professur-de","category-team","tag-britta-de","tag-kontakt-de","tag-neumann-de","tag-profil-de","tag-sekretariat-de"],"_links":{"self":[{"href":"https:\/\/www.hsu-hh.de\/wb\/wp-json\/wp\/v2\/pages\/1439","targetHints":{"allow":["GET"]}}],"collection":[{"href":"https:\/\/www.hsu-hh.de\/wb\/wp-json\/wp\/v2\/pages"}],"about":[{"href":"https:\/\/www.hsu-hh.de\/wb\/wp-json\/wp\/v2\/types\/page"}],"author":[{"embeddable":true,"href":"https:\/\/www.hsu-hh.de\/wb\/wp-json\/wp\/v2\/users\/28"}],"replies":[{"embeddable":true,"href":"https:\/\/www.hsu-hh.de\/wb\/wp-json\/wp\/v2\/comments?post=1439"}],"version-history":[{"count":8,"href":"https:\/\/www.hsu-hh.de\/wb\/wp-json\/wp\/v2\/pages\/1439\/revisions"}],"predecessor-version":[{"id":4805,"href":"https:\/\/www.hsu-hh.de\/wb\/wp-json\/wp\/v2\/pages\/1439\/revisions\/4805"}],"wp:attachment":[{"href":"https:\/\/www.hsu-hh.de\/wb\/wp-json\/wp\/v2\/media?parent=1439"}],"wp:term":[{"taxonomy":"category","embeddable":true,"href":"https:\/\/www.hsu-hh.de\/wb\/wp-json\/wp\/v2\/categories?post=1439"},{"taxonomy":"post_tag","embeddable":true,"href":"https:\/\/www.hsu-hh.de\/wb\/wp-json\/wp\/v2\/tags?post=1439"}],"curies":[{"name":"wp","href":"https:\/\/api.w.org\/{rel}","templated":true}]}}