{"id":1322,"date":"2021-01-29T15:18:34","date_gmt":"2021-01-29T14:18:34","guid":{"rendered":"https:\/\/www.hsu-hh.de\/wb\/?page_id=1322"},"modified":"2025-09-09T16:54:23","modified_gmt":"2025-09-09T14:54:23","slug":"studium","status":"publish","type":"page","link":"https:\/\/www.hsu-hh.de\/wb\/studium","title":{"rendered":"Studium"},"content":{"rendered":"\n<p><\/p>\n\n\n\n<h2 class=\"wp-block-heading\"><strong>Themen f\u00fcr Abschlussarbeiten<\/strong><\/h2>\n\n\n\n<p>Die Professur f\u00fcr Weiterbildung und lebenslanges Lernen bietet Ihnen die M\u00f6glichkeit anspruchsvolle Themen der Erwachsenenbildung\/Weiterbildung in einer Abschlussarbeit zu vertiefen. Untenstehend finden Sie erste Anregungen f\u00fcr Themenbereiche mit oder ohne Praxiskooperation. Das Einreichen eines eigenen Themenvorschlags ist jederzeit m\u00f6glich. <\/p>\n\n\n\n<p>Neben theoretischen Abschlussarbeiten besteht an der Professur Weiterbildung und lebenslanges Lernen auch die M\u00f6glichkeit Abschlussarbeiten in Kooperation mit Institutionen der Erwachsenenbildung oder in Kooperation mit professurinternen Projekten zu verfassen.<\/p>\n\n\n\n<div style=\"height:30px\" aria-hidden=\"true\" class=\"wp-block-spacer\"><\/div>\n\n\n\n<h4 class=\"wp-block-heading\">Abschlussarbeiten mit Projektbezug<\/h4>\n\n\n\n<p>F\u00fcr Abschlussarbeiten im Themenfeld des Projekts <a href=\"https:\/\/www.hsu-hh.de\/wb\/digitaks\" data-type=\"page\" data-id=\"1249\">DigiTaKS*<\/a> schreiben Sie bitte an <a href=\"mailto:digitaks@hsu-hh.de\" rel='nofollow'>digitaks@hsu-hh.de<\/a> <\/p>\n\n\n\n<p><a href=\"https:\/\/openhsu.ub.hsu-hh.de\/handle\/10.24405\/13973\" rel='nofollow'>Hier<\/a> finden Sie eine beispielhafte Masterarbeit, die im Projekt entstanden ist.<\/p>\n\n\n\n<div style=\"height:30px\" aria-hidden=\"true\" class=\"wp-block-spacer\"><\/div>\n\n\n\n<h4 class=\"wp-block-heading\">Abschlussarbeiten in Kooperation mit&nbsp;empfohlenen&nbsp;Praxiskontakten<\/h4>\n\n\n\n<p>Abschlussarbeiten in Kooperation mit den folgenden Praxiskontakten sind m\u00f6glich:<\/p>\n\n\n\n<p><a href=\"https:\/\/www.wetek.de\/\" target=\"_blank\" rel=\"noreferrer noopener\">WeTeK Berlin<\/a><\/p>\n\n\n\n<p><\/p>\n\n\n\n<p><\/p>\n\n\n\n<div style=\"height:50px\" aria-hidden=\"true\" class=\"wp-block-spacer\"><\/div>\n\n\n\n<h4 class=\"wp-block-heading\">Generelle Themenfelder f\u00fcr Abschlussarbeiten:<\/h4>\n\n\n\n<ul class=\"wp-block-list\">\n<li>Geschichte der Erwachsenenbildung<\/li>\n\n\n\n<li>Institution und Organisation der Erwachsenenbildung<\/li>\n\n\n\n<li>Professionalit\u00e4t und Professionalisierung<\/li>\n\n\n\n<li>Anerkennung von Kompetenzen Lehrender in der Erwachsenenbildung\/Weiterbildung<\/li>\n\n\n\n<li>Erwachsenenbildung aus internationaler Perspektive<\/li>\n\n\n\n<li>Erwachsenenbildung in Zeiten von Digitalisierung<\/li>\n<\/ul>\n\n\n\n<p><\/p>\n\n\n\n<p>Weitere Anregungen finden Sie im Forschungsmemorandum f\u00fcr die Erwachsenenbildung und Weiterbildung.<\/p>\n\n\n\n<div class=\"wp-block-hsu-downloadblock\"><div class=\"thumbnail-area\"><img decoding=\"async\" src=\"\/wp-content\/themes\/hsu\/img\/dummy\/downloads_dummy.png\" alt=\"Download Symbol-Icon\" \/><\/div><div class=\"text-area\">Forschungsmemorandum Erwachsenenbildung\/Weiterbildung<\/div><div class=\"download-area\"><a class=\"download-link\" href=\"https:\/\/www.hsu-hh.de\/wb\/wp-content\/uploads\/sites\/647\/2021\/03\/arnold00_01.pdf\"><span class=\"download-name\">pdf laden<\/span><span class=\"download-icon\"><img decoding=\"async\" class=\"download-icon\" alt=\"download icon\" src=\"\/wp-content\/themes\/hsu\/img\/icons\/download_icon.png\" \/><\/span><span class=\"download-size\">233 kB<\/span><\/a><\/div><\/div>\n\n\n\n<p><\/p>\n\n\n\n<p><\/p>\n\n\n\n<div style=\"height:54px\" aria-hidden=\"true\" class=\"wp-block-spacer\"><\/div>\n\n\n\n<hr class=\"wp-block-separator has-css-opacity\" \/>\n\n\n\n<h2 class=\"wp-block-heading\"><strong>Arbeitsmaterialien zum Download<\/strong><\/h2>\n\n\n\n<div class=\"wp-block-hsu-downloadblock\"><div class=\"thumbnail-area\"><img decoding=\"async\" src=\"\/wp-content\/themes\/hsu\/img\/dummy\/downloads_dummy.png\" alt=\"Download Symbol-Icon\" \/><\/div><div class=\"text-area\">Reader zum wissenschaftlichen Arbeiten f\u00fcr den Studienschwerpunkt Erwachsenenbildung, Stand Januar 2024<\/div><div class=\"download-area\"><a class=\"download-link\" href=\"https:\/\/www.hsu-hh.de\/wb\/wp-content\/uploads\/sites\/647\/2024\/01\/Reader-zum-wissenschaftlichen-Arbeiten-_-Januar-2024.pdf\"><span class=\"download-name\">pdf laden<\/span><span class=\"download-icon\"><img decoding=\"async\" class=\"download-icon\" alt=\"download icon\" src=\"\/wp-content\/themes\/hsu\/img\/icons\/download_icon.png\" \/><\/span><span class=\"download-size\">565 kB<\/span><\/a><\/div><\/div>\n\n\n\n<p><\/p>\n","protected":false},"excerpt":{"rendered":"<p>Themen f\u00fcr Abschlussarbeiten Die Professur f\u00fcr Weiterbildung und lebenslanges Lernen bietet Ihnen die M\u00f6glichkeit anspruchsvolle Themen der Erwachsenenbildung\/Weiterbildung in einer Abschlussarbeit zu vertiefen. Untenstehend finden Sie erste Anregungen f\u00fcr Themenbereiche [&hellip;]<\/p>\n","protected":false},"author":28,"featured_media":0,"parent":0,"menu_order":0,"comment_status":"closed","ping_status":"closed","template":"","meta":{"footnotes":""},"categories":[4],"tags":[1430,1432],"class_list":["post-1322","page","type-page","status-publish","hentry","category-forschung","tag-hauptseite-de","tag-studium-de"],"_links":{"self":[{"href":"https:\/\/www.hsu-hh.de\/wb\/wp-json\/wp\/v2\/pages\/1322","targetHints":{"allow":["GET"]}}],"collection":[{"href":"https:\/\/www.hsu-hh.de\/wb\/wp-json\/wp\/v2\/pages"}],"about":[{"href":"https:\/\/www.hsu-hh.de\/wb\/wp-json\/wp\/v2\/types\/page"}],"author":[{"embeddable":true,"href":"https:\/\/www.hsu-hh.de\/wb\/wp-json\/wp\/v2\/users\/28"}],"replies":[{"embeddable":true,"href":"https:\/\/www.hsu-hh.de\/wb\/wp-json\/wp\/v2\/comments?post=1322"}],"version-history":[{"count":25,"href":"https:\/\/www.hsu-hh.de\/wb\/wp-json\/wp\/v2\/pages\/1322\/revisions"}],"predecessor-version":[{"id":4612,"href":"https:\/\/www.hsu-hh.de\/wb\/wp-json\/wp\/v2\/pages\/1322\/revisions\/4612"}],"wp:attachment":[{"href":"https:\/\/www.hsu-hh.de\/wb\/wp-json\/wp\/v2\/media?parent=1322"}],"wp:term":[{"taxonomy":"category","embeddable":true,"href":"https:\/\/www.hsu-hh.de\/wb\/wp-json\/wp\/v2\/categories?post=1322"},{"taxonomy":"post_tag","embeddable":true,"href":"https:\/\/www.hsu-hh.de\/wb\/wp-json\/wp\/v2\/tags?post=1322"}],"curies":[{"name":"wp","href":"https:\/\/api.w.org\/{rel}","templated":true}]}}