{"id":1254,"date":"2021-03-01T08:55:00","date_gmt":"2021-03-01T07:55:00","guid":{"rendered":"https:\/\/www.hsu-hh.de\/wb\/?page_id=1254"},"modified":"2024-05-23T09:53:52","modified_gmt":"2024-05-23T07:53:52","slug":"zulie-projektinformationen","status":"publish","type":"page","link":"https:\/\/www.hsu-hh.de\/wb\/zulie\/zulie-projektinformationen","title":{"rendered":"Zeit und Lernen im Erwachsenenalter: Ausf\u00fchrliche Projektinformationen"},"content":{"rendered":"\n<div style=\"height:56px\" aria-hidden=\"true\" class=\"wp-block-spacer\"><\/div>\n\n\n\n<h2 class=\"wp-block-heading\">Projektinformationen<\/h2>\n\n\n\n<h4 class=\"wp-block-heading\">Ausgangsproblem und Fragestellung<\/h4>\n\n\n\n<p>Das Forschungsprojekt &#8222;Zeit und Lernen im Erwachsenenalter. Zur Rekonstruktion von Zeitlichkeiten und Zeitmodalit\u00e4ten in differenten Lernsettings der Weiterbildung&#8220; untersucht , welche Rolle Zeit f\u00fcr Lernen im Erwachsenenalter spielt, wenn dort \u2013 anders als in Kindheit und Jugend \u2013 keine festgelegten Zeitinstitutionen f\u00fcr Bildung (<abbr title=\"zum Beispiel\">z.B.<\/abbr> Schulpflicht) greifen. Wird Lernen nicht lediglich als lebensbegleitendes Geschehnis en passant angenommen, muss Zeit f\u00fcr Weiterbildung immer wieder ausgehandelt, strukturiert und in den Alltag integriert werden. Zugleich zeigt die empirische Forschung zum Weiterbildungsverhalten, dass Zeitkonflikte (<abbr title=\"zum Beispiel\">z.B.<\/abbr> mit famili\u00e4ren oder beruflichen Verpflichtungen), aber auch fehlende rechtliche Anspruchsm\u00f6glichkeiten (wie in Bildungszeitgesetzen) entscheidende Barrieren der Teilnahme bilden. Von zentralem Interesse ist daher, wie und mit welchen Wirkungen Lernzeit praktisch realisiert und individuell erfahren wird und welche unterschiedlichen Zeitqualit\u00e4ten sich er\u00f6ffnen. Das Forschungsvorhaben untersucht dazu die Konfiguration zeitbezogener Strukturen und Praktiken in Kursen (kollektive Zeitlichkeiten) und Zeiterfahrung und -gestaltung im Lernen ihrer TeilnehmerInnen (individuelle Zeitmodalit\u00e4ten). Ziel ist es, das Zusammenspiel zwischen kollektiven Zeitlichkeiten und individuellen Zeitmodalit\u00e4ten aus einer relationalen, praxistheoretischen Perspektive zu analysieren, statt Zeit als lediglich technologisch-operative Entit\u00e4t anzunehmen.<\/p>\n\n\n\n<h4 class=\"wp-block-heading\">Zur empirischen Untersuchung<\/h4>\n\n\n\n<p>So grundlegend Zeit f\u00fcr p\u00e4dagogische Bez\u00fcge ist, so sehr entzieht sie sich der unmittelbaren Anschauung: Die empirische Untersuchung bringt daher ein qualitativ-rekonstruktives, multimethodisches und multiperspektivisches Forschungsdesign zum Einsatz: Teilnehmende Kursbeobachtungen richten sich auf die Rekonstruktion der Zeitlichkeiten, indem Kurse aus drei, hinsichtlich ihrer Zeitstrukturen grunds\u00e4tzlich differenten Lernsettings systematisch verglichen werden (intensive \u201aBlockwoche\u2018, \u201aTages- <abbr title=\"beziehungsweise\">bzw.<\/abbr> Abendkurs\u2018 sowie der zunehmend an Bedeutung gewinnende \u201aOnlinekurs\u2018). Durch narrative Interviews mit Kursteilnehmenden kommen individuelle Zeiterfahrungen und unterschiedliche Qualit\u00e4ten im Lernzeiterleben in den Blick (Zeitmodalit\u00e4ten). Eine integrierende Analyse fokussiert schlie\u00dflich mehrebenenanalytisch das Zusammenspiel zwischen den kollektiven Zeitlichkeiten in Kursen und den individuellen Zeitmodalit\u00e4ten des Lernens. Die dokumentarische Methode bietet hierf\u00fcr den geeigneten methodologischen Rahmen und methodische Vorgehensweisen, mittels Rekonstruktion impliziter Wissensbest\u00e4nde den spezifischen Herausforderungen des Forschungsgegenstands methodisch angemessen zu begegnen.<\/p>\n\n\n\n<h4 class=\"wp-block-heading\">Erwartete Ergebnisse<\/h4>\n\n\n\n<p>Die Ergebnisse des Forschungsvorhabens tragen nicht nur zur Grundlagenforschung im Bereich Zeit und Lernen bei (die jenseits der Erwachsenenbildung auch Anregungen f\u00fcr die Bildungs- und Erziehungswissenschaft insgesamt bietet), sie k\u00f6nnen zudem an der Kl\u00e4rung des Ph\u00e4nomens der (Nicht-)Teilnahme an Weiterbildung jenseits soziographischer und -\u00f6konomischer Merkmale mitwirken.<\/p>\n\n\n\n<h2 class=\"wp-block-heading\">F\u00f6rderung<\/h2>\n\n\n\n<p>Das Forschungsprojekt &#8222;Zeit und Lernen im Erwachsenenalter&#8220; wird gef\u00f6rdert durch die Deutsche Forschungsgemeinschaft (DFG) (F\u00f6rdernummer 448214507) in der Zeit vom<strong> <\/strong>01.03<strong>.<\/strong>2021 &#8211; 31.05.2024.<\/p>\n\n\n\n<figure class=\"wp-block-image size-large is-resized\"><img loading=\"lazy\" decoding=\"async\" width=\"1024\" height=\"290\" src=\"https:\/\/www.hsu-hh.de\/wb\/wp-content\/uploads\/sites\/647\/2021\/01\/dfg_logo_schriftzug_blau_foerderung_4c-1024x290.jpg\" data-credit=\"DFG\" alt=\"DFG F\u00f6rderlogo\" class=\"wp-image-1291\" style=\"width:333px;height:94px\" srcset=\"https:\/\/www.hsu-hh.de\/wb\/wp-content\/uploads\/sites\/647\/2021\/01\/dfg_logo_schriftzug_blau_foerderung_4c-1024x290.jpg 1024w, https:\/\/www.hsu-hh.de\/wb\/wp-content\/uploads\/sites\/647\/2021\/01\/dfg_logo_schriftzug_blau_foerderung_4c-300x85.jpg 300w, https:\/\/www.hsu-hh.de\/wb\/wp-content\/uploads\/sites\/647\/2021\/01\/dfg_logo_schriftzug_blau_foerderung_4c-768x217.jpg 768w, https:\/\/www.hsu-hh.de\/wb\/wp-content\/uploads\/sites\/647\/2021\/01\/dfg_logo_schriftzug_blau_foerderung_4c.jpg 1057w\" sizes=\"auto, (max-width: 1024px) 100vw, 1024px\" \/><\/figure>\n\n\n\n<hr class=\"wp-block-separator has-css-opacity\" \/>\n\n\n\n<h2 class=\"wp-block-heading\">Das Projekt auf anderen Websites &amp; Plattformen<\/h2>\n\n\n\n<p>Eintr\u00e4ge des Projekts in Verzeichnissen und Fachdatenbanken:<\/p>\n\n\n\n<ul class=\"wp-block-list\">\n<li><a rel=\"noreferrer noopener\" href=\"https:\/\/gepris.dfg.de\/gepris\/projekt\/448214507?context=projekt&amp;task=showDetail&amp;id=448214507&amp;\" data-type=\"URL\" data-id=\"https:\/\/gepris.dfg.de\/gepris\/projekt\/448214507?context=projekt&amp;task=showDetail&amp;id=448214507&amp;\" target=\"_blank\">Gepris<\/a><\/li>\n\n\n\n<li><a rel=\"noreferrer noopener\" href=\"https:\/\/www.die-bonn.de\/id\/37506\/about\/html\/\" data-type=\"URL\" data-id=\"https:\/\/www.die-bonn.de\/id\/37506\/about\/html\/\" target=\"_blank\">Forschungslandkarte Erwachsenenbildung<\/a><\/li>\n\n\n\n<li><a href=\"https:\/\/www.researchgate.net\/project\/Zeit-und-Lernen-im-Erwachsenenalter-Zur-Rekonstruktion-von-Zeitlichkeiten-und-Zeitmodalitaeten-in-differenten-Lernsettings-der-Weiterbildung\" data-type=\"URL\" data-id=\"https:\/\/www.researchgate.net\/project\/Zeit-und-Lernen-im-Erwachsenenalter-Zur-Rekonstruktion-von-Zeitlichkeiten-und-Zeitmodalitaeten-in-differenten-Lernsettings-der-Weiterbildung\" target=\"_blank\" rel=\"noreferrer noopener\">Research Gate<\/a><\/li>\n<\/ul>\n\n\n\n<h2 class=\"wp-block-heading\">Kontakt<\/h2>\n\n\n\n<p>Haben Sie Fragen zum Projekt? Sie erreichen das Projektteam unter <a href=\"mailto:zeitundlernen@hsu-hh.de\" rel='nofollow'>zeitundlernen@hsu-hh.de<\/a>.<\/p>\n\n\n\n<p><\/p>\n","protected":false},"excerpt":{"rendered":"<p>Projektinformationen Ausgangsproblem und Fragestellung Das Forschungsprojekt &#8222;Zeit und Lernen im Erwachsenenalter. Zur Rekonstruktion von Zeitlichkeiten und Zeitmodalit\u00e4ten in differenten Lernsettings der Weiterbildung&#8220; untersucht , welche Rolle Zeit f\u00fcr Lernen im [&hellip;]<\/p>\n","protected":false},"author":2801,"featured_media":0,"parent":2016,"menu_order":0,"comment_status":"closed","ping_status":"closed","template":"","meta":{"footnotes":""},"categories":[4,539],"tags":[1500,843,1502,1504,1506,1508],"class_list":["post-1254","page","type-page","status-publish","hentry","category-forschung","category-zeit-und-lernen","tag-alltag-de","tag-digitalisierung-de","tag-e-learning-de","tag-erwachsenenbildung-de","tag-praxistheorie-de","tag-zeit-de"],"_links":{"self":[{"href":"https:\/\/www.hsu-hh.de\/wb\/wp-json\/wp\/v2\/pages\/1254","targetHints":{"allow":["GET"]}}],"collection":[{"href":"https:\/\/www.hsu-hh.de\/wb\/wp-json\/wp\/v2\/pages"}],"about":[{"href":"https:\/\/www.hsu-hh.de\/wb\/wp-json\/wp\/v2\/types\/page"}],"author":[{"embeddable":true,"href":"https:\/\/www.hsu-hh.de\/wb\/wp-json\/wp\/v2\/users\/2801"}],"replies":[{"embeddable":true,"href":"https:\/\/www.hsu-hh.de\/wb\/wp-json\/wp\/v2\/comments?post=1254"}],"version-history":[{"count":11,"href":"https:\/\/www.hsu-hh.de\/wb\/wp-json\/wp\/v2\/pages\/1254\/revisions"}],"predecessor-version":[{"id":3723,"href":"https:\/\/www.hsu-hh.de\/wb\/wp-json\/wp\/v2\/pages\/1254\/revisions\/3723"}],"up":[{"embeddable":true,"href":"https:\/\/www.hsu-hh.de\/wb\/wp-json\/wp\/v2\/pages\/2016"}],"wp:attachment":[{"href":"https:\/\/www.hsu-hh.de\/wb\/wp-json\/wp\/v2\/media?parent=1254"}],"wp:term":[{"taxonomy":"category","embeddable":true,"href":"https:\/\/www.hsu-hh.de\/wb\/wp-json\/wp\/v2\/categories?post=1254"},{"taxonomy":"post_tag","embeddable":true,"href":"https:\/\/www.hsu-hh.de\/wb\/wp-json\/wp\/v2\/tags?post=1254"}],"curies":[{"name":"wp","href":"https:\/\/api.w.org\/{rel}","templated":true}]}}