{"id":1249,"date":"2020-11-27T08:45:46","date_gmt":"2020-11-27T07:45:46","guid":{"rendered":"https:\/\/www.hsu-hh.de\/wb\/?page_id=1249"},"modified":"2026-03-06T09:50:05","modified_gmt":"2026-03-06T08:50:05","slug":"digitaks","status":"publish","type":"page","link":"https:\/\/www.hsu-hh.de\/wb\/digitaks","title":{"rendered":"DigiTaKS* &#8211; Digitale Schl\u00fcsselkompetenzen f\u00fcr Studium und Beruf"},"content":{"rendered":"\n<p>Das Forschungs- und Entwicklungsprojekt \u201eDigitale Schl\u00fcsselkompetenzen f\u00fcr Studium und Beruf (DigiTaKS*) &#8211; Entwicklung eines Modells zur transformativen digitalen Kompetenzentwicklung Studierender&#8220; wird im Rahmen von <a href=\"https:\/\/dtecbw.de\/home\" rel='nofollow'>dtec.bw<\/a> in zwei Phasen gef\u00f6rdert (2021-2024, 2025-2026) und verortet sich im Forschungscluster <a href=\"https:\/\/dtecbw.de\/home\/forschung\/organisation-personal-arbeit-leadership-opal\" target=\"_blank\" rel=\"noreferrer noopener\">OPAL<\/a>. <\/p>\n\n\n\n<h2 class=\"wp-block-heading\"><\/h2>\n\n\n\n<h2 class=\"wp-block-heading\"><em>ComDigiS* LXP<\/em> &#8211; unser offener E-Learning-Baukasten zur transformativen digitalen Kompetenzentwicklung<br><\/h2>\n\n\n\n<div class=\"wp-block-media-text has-media-on-the-right is-stacked-on-mobile is-vertically-aligned-center\" style=\"grid-template-columns:auto 21%\"><div class=\"wp-block-media-text__content\">\n<p><strong>Offizielle Webseite: <a href=\"https:\/\/www.comdigis.de\/\" rel='nofollow'>https:\/\/www.comdigis.de\/<\/a><\/strong><br>Demoseite zum selbst ausprobieren: <a href=\"https:\/\/lxp.creativeartefact.org\/\" rel='nofollow'>https:\/\/lxp.creativeartefact.org\/<\/a><\/p>\n<\/div><figure class=\"wp-block-media-text__media\"><a href=\"https:\/\/lxp.creativeartefact.org\/\" rel='nofollow'><img loading=\"lazy\" decoding=\"async\" width=\"411\" height=\"383\" src=\"https:\/\/www.hsu-hh.de\/wb\/wp-content\/uploads\/sites\/647\/2025\/03\/ComDigiS.png\" data-credit=\"ComDigiS*\" alt=\"\" class=\"wp-image-4377 size-full\" srcset=\"https:\/\/www.hsu-hh.de\/wb\/wp-content\/uploads\/sites\/647\/2025\/03\/ComDigiS.png 411w, https:\/\/www.hsu-hh.de\/wb\/wp-content\/uploads\/sites\/647\/2025\/03\/ComDigiS-300x280.png 300w\" sizes=\"auto, (max-width: 411px) 100vw, 411px\" \/><\/a><\/figure><\/div>\n\n\n\n<h2 class=\"wp-block-heading\">Neuigkeiten aus dem Projekt<\/h2>\n\n\n<div id=\"category_content_rhpIpUn9\" class=\"hsu_category archive-page\"><article  id=\"post-4786\" class=\"category-list-item post-4786 post type-post status-publish format-standard hentry \"><a href=\"https:\/\/www.hsu-hh.de\/wb\/die-neue-website-von-comdigis-ist-online\" title=\"Die neue Website von ComDigiS* ist online!\" >\t<div class=\"article-listitem-datetime\">\t\t<time class=\"updated\" datetime=\"2026-02-16 09:17:08\"><\/time>\t\t<span class=\"article-month\">\t\t\t<time class=\"entry-date published\" datetime=\"2026-02-16 09:16:25\">Feb<\/time>\t\t<\/span>\t\t<span class=\"article-day\">\t\t\t<time class=\"entry-date published\" datetime=\"2026-02-16 09:16:25\">16<\/time>\t\t<\/span>\t\t<span class=\"article-datetime\">\t\t\t<time class=\"entry-date published\" datetime=\"2026-02-16 09:16:25\">2026<\/time>\t\t<\/span>\t<\/div><div class=\"hsu_category_article-content-wrap\"><div class=\"hsu_category_article-content-wrap-inner\"><div>\t<header class=\"entry-header\">\t\t<h3 class=\"entry-title\">Die neue Website von ComDigiS* ist online!\t\t<\/h3>\t<\/header><div class=\"entry-content-excerpt\">Im neuen Look, klar strukturiert und mit allen Details rund um unseren E-Learning-Baukasten zur F\u00f6rderung transformativer digitaler Kompetenzen. Jetzt entdecken: https:\/\/www.comdigis.de\/<\/div> <\/div><\/div><\/div><\/a><\/article><article  id=\"post-4718\" class=\"category-list-item post-4718 post type-post status-publish format-standard hentry \"><a href=\"https:\/\/www.hsu-hh.de\/wb\/therese-rosemann-marie-rathmann-erhalten-den-1-platz-bei-dem-genki-wettbewerb-prompted-places\" title=\"Therese Rosemann &amp; Marie Rathmann erhalten den 1. Platz bei dem genKI-Wettbewerb \"Prompted Places\"\" >\t<div class=\"article-listitem-datetime\">\t\t<time class=\"updated\" datetime=\"2025-12-19 14:10:50\"><\/time>\t\t<span class=\"article-month\">\t\t\t<time class=\"entry-date published\" datetime=\"2025-12-18 15:04:18\">Dez<\/time>\t\t<\/span>\t\t<span class=\"article-day\">\t\t\t<time class=\"entry-date published\" datetime=\"2025-12-18 15:04:18\">18<\/time>\t\t<\/span>\t\t<span class=\"article-datetime\">\t\t\t<time class=\"entry-date published\" datetime=\"2025-12-18 15:04:18\">2025<\/time>\t\t<\/span>\t<\/div><div class=\"hsu_category_article-content-wrap\"><div class=\"hsu_category_article-content-wrap-inner\"><div>\t<header class=\"entry-header\">\t\t<h3 class=\"entry-title\">Therese Rosemann &amp; Marie Rathmann erhalten den 1. Platz bei dem genKI-Wettbewerb &#8222;Prompted Places&#8220;\t\t<\/h3>\t<\/header><div class=\"entry-content-excerpt\">Im Rahmen des Tags der Bibliotheken am 24. Oktober 2024 fand von der Bibliothek der HSU der Kreativ-Wettbewerb &#8222;Prompted Places &#8211; Bibliotheksr\u00e4ume neu denken mit KI&#8220; statt. Therese Rosemann und Marie Rathmann haben hierbei den 1. Platz erhalten. Ihr Bild, welches sie mit Gemini erstellt haben, tr\u00e4gt den Titel &#8222;Die phantasievolle Produktion der Synergie. Wissenschaftliche&#8230;<\/div> <\/div><\/div><\/div><\/a><\/article><\/div><div class=\"clearfix\"><\/div><div class=\"col-xs-12 col-md-3 col-md-push-4\"><span class=\"link no-arrow\"><button class=\"gcategorymore hsu_btn\" id=\"rhpIpUn9\"  data-catID=\"543\" data-postsPerPage=\"2\" data-order=\"DESC\" data-paged=\"2\" data-more_posts=\"1\" data-postexcerpt=\"1\" data-postmeta=\"1\" data-posttitle=\"1\" data-currentPostId=\"1249\" data-uid=\"rhpIpUn9\" data-ajax=\"true\" >Mehr Beitr\u00e4ge<\/button><\/span><\/div><div class=\"clearfix\"><\/div>\n\n\n<div class=\"wp-block-columns is-layout-flex wp-container-core-columns-is-layout-9d6595d7 wp-block-columns-is-layout-flex\">\n<div class=\"wp-block-column is-layout-flow wp-block-column-is-layout-flow\" style=\"flex-basis:100%\"><\/div>\n<\/div>\n\n\n\n<hr class=\"wp-block-separator has-css-opacity\" \/>\n\n\n\n<div class=\"wp-block-columns is-layout-flex wp-container-core-columns-is-layout-9d6595d7 wp-block-columns-is-layout-flex\">\n<div class=\"wp-block-column is-layout-flow wp-block-column-is-layout-flow\">\n<h2 class=\"wp-block-heading\">\u00dcber das Projekt <br>DigiTaKS*<\/h2>\n\n\n\n<p>Das Forschungs- und Entwicklungsprojekt DigiTaKS* untersucht die Entwicklung digitaler Schl\u00fcsselkompetenzen f\u00fcr Beruf und Gesellschaft an der Hochschule. Studierende (auch jenseits technikaffiner Studieng\u00e4nge) werden damit als zuk\u00fcnftige \u201aDigital Change Agents\u2018 adressiert.<\/p>\n\n\n\n<p>Direkteinstieg zu<\/p>\n\n\n\n<ul class=\"wp-block-list\">\n<li><a href=\"https:\/\/www.hsu-hh.de\/wb\/digitaks\/projektinformationen2\" target=\"_blank\" rel=\"noreferrer noopener\">Projekt\u00fcbersicht 2025-2026<\/a><\/li>\n\n\n\n<li><a href=\"https:\/\/www.hsu-hh.de\/wb\/digitaks\/ergebnisse\" data-type=\"page\" data-id=\"2446\">Projektergebnisse<\/a><\/li>\n\n\n\n<li><a href=\"https:\/\/www.hsu-hh.de\/wb\/digitaks\/publikationen\" data-type=\"page\" data-id=\"2647\">Publikationsverzeichnis<\/a><\/li>\n\n\n\n<li><a href=\"https:\/\/www.hsu-hh.de\/wb\/digitaks\/tagungen-vortraege-und-poster\" data-type=\"page\" data-id=\"2649\">Tagungs- und Vortragsverzeichnis<\/a><\/li>\n<\/ul>\n\n\n\n<p><\/p>\n\n\n\n<div style=\"height:30px\" aria-hidden=\"true\" class=\"wp-block-spacer\"><\/div>\n<\/div>\n\n\n\n<div class=\"wp-block-column is-layout-flow wp-block-column-is-layout-flow\">\n<h2 class=\"wp-block-heading\">eLearning-Baukasten ComDigiS*<\/h2>\n\n\n\n<p>Entwickelt als offene Lehr-Lernressource (OER) auf Grundlage des EU-Kompetenzrahmens DigComp 2.2 ist ComDigiS* darauf ausgerichtet, gezielt zur Entwicklung transformativer digitaler Kompetenzen Studierender beizutragen. Durch offene Lizensierung und eine hohe technische wie inhaltliche Adaptivit\u00e4t l\u00e4sst sich ComDigiS* in vielen Kontexten einsetzen: online wie offline, in Lernmanagementsysteme wie ILIAS und Moodle eingebettet oder als Webinhalt, mobil auf dem Smartphone oder am Computer. <\/p>\n\n\n\n<p><a href=\"https:\/\/www.hsu-hh.de\/comdigis\/\" data-type=\"link\" data-id=\"https:\/\/www.hsu-hh.de\/comdigis\/\">Mehr&#8230;<\/a><\/p>\n\n\n\n<p><\/p>\n<\/div>\n\n\n\n<div class=\"wp-block-column is-layout-flow wp-block-column-is-layout-flow\">\n<h2 class=\"wp-block-heading\">Ausstattung mit den DigiTaKS*-Notebooks und M365 Copilot<\/h2>\n\n\n\n<p>Im Rahmen des Projekts wurden die Studierendenjahrg\u00e4nge 2021, 2022 und 2023 der Fakult\u00e4t f\u00fcr Geistes- und Sozialwissenschaften mit einem digitalen Basispaket ausgestattet, das aus einem Notebook mit zugeh\u00f6rigem Softwarepaket besteht. Mit dem Fokus auf Nutzungspraktiken generativer KI in der zweiten F\u00f6rderphase ab 2025 wurde Microsoft M365 Copilot auf den Ger\u00e4ten freigeschaltet. <\/p>\n\n\n\n<p><a href=\"https:\/\/ilias.hsu-hh.de\/goto.php?target=cat_391204&amp;client_id=unibw\" target=\"_blank\" rel=\"noreferrer noopener\">Weitere Informationen und Support (ILIAS)<\/a><\/p>\n\n\n\n<p><a href=\"https:\/\/www.hsu-hh.de\/wb\/digitaks\/m365-copilot\" target=\"_blank\" rel=\"noreferrer noopener\">M365 Copilot und Workshopreihe<\/a> <\/p>\n<\/div>\n<\/div>\n\n\n\n<h2 class=\"wp-block-heading\">Informationen aus der ersten Projektphase 2021-2024<\/h2>\n\n\n\n<p>Alle Informationen zu Arbeitspaketen, Projektzielen und beteiligten Partnern finden Sie auf einer \u00dcbersichtsseite zusammengefasst. <a href=\"https:\/\/www.hsu-hh.de\/wb\/digitaks\/projektinformationen\" data-type=\"page\" data-id=\"2492\">Mehr&#8230; <\/a><\/p>\n\n\n\n<div style=\"height:30px\" aria-hidden=\"true\" class=\"wp-block-spacer\"><\/div>\n\n\n\n<hr class=\"wp-block-separator has-css-opacity\" \/>\n\n\n\n<div class=\"wp-block-media-text alignwide is-stacked-on-mobile\" style=\"grid-template-columns:25% auto\"><figure class=\"wp-block-media-text__media\"><img loading=\"lazy\" decoding=\"async\" width=\"1024\" height=\"330\" src=\"https:\/\/www.hsu-hh.de\/wb\/wp-content\/uploads\/sites\/647\/2021\/03\/digitaks-logo-1024x330.png\" data-credit=\"Projekt DigiTaKS*\" alt=\"Logo des Projekts &quot;DigiTaKS*&quot;\" class=\"wp-image-1570 size-full\" srcset=\"https:\/\/www.hsu-hh.de\/wb\/wp-content\/uploads\/sites\/647\/2021\/03\/digitaks-logo-1024x330.png 1024w, https:\/\/www.hsu-hh.de\/wb\/wp-content\/uploads\/sites\/647\/2021\/03\/digitaks-logo-300x97.png 300w, https:\/\/www.hsu-hh.de\/wb\/wp-content\/uploads\/sites\/647\/2021\/03\/digitaks-logo-768x247.png 768w, https:\/\/www.hsu-hh.de\/wb\/wp-content\/uploads\/sites\/647\/2021\/03\/digitaks-logo-1536x494.png 1536w, https:\/\/www.hsu-hh.de\/wb\/wp-content\/uploads\/sites\/647\/2021\/03\/digitaks-logo-2048x659.png 2048w, https:\/\/www.hsu-hh.de\/wb\/wp-content\/uploads\/sites\/647\/2021\/03\/digitaks-logo-1100x354.png 1100w\" sizes=\"auto, (max-width: 1024px) 100vw, 1024px\" \/><\/figure><div class=\"wp-block-media-text__content\">\n<p class=\"has-medium-font-size\">Haben Sie Fragen zum Projekt?<br>Sie erreichen das Projektteam unter <a href=\"mailto:digitaks@hsu-hh.de\" rel='nofollow'>digitaks@hsu-hh.de<\/a>.<\/p>\n<\/div><\/div>\n\n\n\n<hr class=\"wp-block-separator has-css-opacity\" \/>\n\n\n\n<h2 class=\"wp-block-heading\">Projektbeteiligte<\/h2>\n\n\n\n<div class=\"wp-block-columns is-layout-flex wp-container-core-columns-is-layout-9d6595d7 wp-block-columns-is-layout-flex\">\n<div class=\"wp-block-column is-layout-flow wp-block-column-is-layout-flow\">\n<p><strong>APQ: Projektsteuerung, Verbundkoordination und Transfer (Lead: <abbr title=\"Helmut Schmidt Universit\u00e4t\">HSU<\/abbr>)<\/strong><\/p>\n\n\n\n<p><a href=\"https:\/\/www.hsu-hh.de\/wb\/schmidt-lauff\" data-type=\"page\" data-id=\"1397\"><abbr title=\"Professor\">Prof.<\/abbr> <abbr title=\"Doktor\">Dr.<\/abbr> Sabine Schmidt-Lauff <\/a>(Projektleitung)<\/p>\n\n\n\n<p><a href=\"https:\/\/www.hsu-hh.de\/wb\/rosemann\" data-type=\"page\" data-id=\"1648\"><abbr title=\"Doktor\">Dr.<\/abbr> Therese Rosemann<\/a> (koordinierend)<\/p>\n\n\n\n<p><a href=\"https:\/\/www.hsu-hh.de\/geiso\/dr-manuel-thiel\" target=\"_blank\" rel=\"noreferrer noopener\"><abbr title=\"Doktor\">Dr.<\/abbr> Manuel Thiel <\/a>(beratend)<\/p>\n\n\n\n<p><\/p>\n<\/div>\n\n\n\n<div class=\"wp-block-column is-layout-flow wp-block-column-is-layout-flow\">\n<p><strong>AP1: DigiTaKS*-generative KI (Lead: <abbr title=\"Helmut Schmidt Universit\u00e4t\">HSU<\/abbr>)<\/strong><\/p>\n\n\n\n<p><strong>AP4BW: DigiTaKS*-Use Cases und ComDigiS* f\u00fcr Bundeswehrbedarfe (Lead: <abbr title=\"Helmut Schmidt Universit\u00e4t\">HSU<\/abbr>)<\/strong><\/p>\n\n\n\n<p><a href=\"https:\/\/www.hsu-hh.de\/wb\/schiller\" data-type=\"page\" data-id=\"1425\"><abbr title=\"Doktor\">Dr.<\/abbr> Jan Schiller<\/a>: Schwerpunkt M365 Copilot an der <abbr title=\"Helmut Schmidt Universit\u00e4t\">HSU<\/abbr>\/UniBw H<\/p>\n\n\n\n<p><a href=\"https:\/\/www.hsu-hh.de\/wb\/rosemann\" data-type=\"page\" data-id=\"1648\"><abbr title=\"Doktor\">Dr.<\/abbr> Therese Rosemann<\/a>: Methodologische Grundlegung des KI-Einsatzes in der Hochschulbildung<\/p>\n\n\n\n<p><a href=\"https:\/\/www.hsu-hh.de\/wb\/rathmann\" data-type=\"page\" data-id=\"1658\">Marie Rathmann, M.A.<\/a><br>Studien- und berufsbezogene Aneignungsprozesse und Alltagspraktiken der KI-Nutzung<\/p>\n\n\n\n<p><a href=\"https:\/\/www.hsu-hh.de\/wb\/negt\" data-type=\"page\" data-id=\"4316\">Leonore Negt, M.A.<\/a>: Schwerpunkt ComDigiS*LXP an der <abbr title=\"Helmut Schmidt Universit\u00e4t\">HSU<\/abbr>\/UniBw H<\/p>\n\n\n\n<p><a href=\"https:\/\/www.linkedin.com\/in\/bettina-schasse-de-araujo\/\" target=\"_blank\" rel=\"noreferrer noopener\">Bettina Schasse de Araujo<\/a><br>(<a href=\"https:\/\/www.wetek.de\/\" data-type=\"URL\" data-id=\"https:\/\/www.wetek.de\/\" target=\"_blank\" rel=\"noreferrer noopener\">WeTeK Berlin gGmbH<\/a>): inhaltliche Entwicklung ComDigiS*LXP<br><br><a href=\"http:\/\/www.linkedin.com\/in\/maria-odoj-39156a2b1\" target=\"_blank\" rel=\"noreferrer noopener\">Maria Odoj<\/a><br>(<a href=\"https:\/\/www.wetek.de\/\" data-type=\"URL\" data-id=\"https:\/\/www.wetek.de\/\" target=\"_blank\" rel=\"noreferrer noopener\">WeTeK Berlin gGmbH<\/a>): <br>inhaltliche Entwicklung ComDigiS*LXP<\/p>\n\n\n\n<p><a href=\"https:\/\/cc-eti.org\/mihail-miller\/\" target=\"_blank\" rel=\"noreferrer noopener\">Mihail Miller<\/a> (<a href=\"https:\/\/infai.org\/\" data-type=\"URL\" data-id=\"https:\/\/infai.org\/\" target=\"_blank\" rel=\"noreferrer noopener\">InfAI e.v.<\/a>): technische Entwicklung ComDigiS*LXP<\/p>\n\n\n\n<p><a href=\"https:\/\/ldapweb.aksw.org\/pic\/sn\/Radtke\/gn\/Norman\" rel='nofollow'>Norman Radtke<\/a> (<a href=\"https:\/\/infai.org\/\" data-type=\"URL\" data-id=\"https:\/\/infai.org\/\" target=\"_blank\" rel=\"noreferrer noopener\">InfAI e.v.<\/a>): technische Entwicklung ComDigiS*LXP<\/p>\n\n\n\n<p><a href=\"https:\/\/cc-eti.org\/lars-peter-meyer\/\" target=\"_blank\" rel=\"noreferrer noopener\">Lars-Peter Meyer<\/a> (<a href=\"https:\/\/infai.org\/\" data-type=\"URL\" data-id=\"https:\/\/infai.org\/\" target=\"_blank\" rel=\"noreferrer noopener\">InfAI e.v.<\/a>): <br>technische Entwicklung ComDigiS*LXP<br><\/p>\n<\/div>\n\n\n\n<div class=\"wp-block-column is-layout-flow wp-block-column-is-layout-flow\">\n<p><strong>AP2: (International) synchron-hybride Lehr-Lern- und Arbeitssettings (Lead: JMU)<\/strong><\/p>\n\n\n\n<p><a href=\"https:\/\/www.paedagogik.uni-wuerzburg.de\/erwachsenenbildung\/forschung\/digitaks\" target=\"_blank\" rel=\"noreferrer noopener\">Projektseite an der JMU<\/a><\/p>\n\n\n\n<p><a href=\"https:\/\/www.paedagogik.uni-wuerzburg.de\/erwachsenenbildung\/startseite\/\" data-type=\"URL\" data-id=\"https:\/\/www.paedagogik.uni-wuerzburg.de\/erwachsenenbildung\/startseite\/\" target=\"_blank\" rel=\"noreferrer noopener\"><abbr title=\"Professor\">Prof.<\/abbr> <abbr title=\"Doktor\">Dr.<\/abbr> Regina Egetenmeyer<\/a><br>(Julius-Maximilians-Universit\u00e4t W\u00fcrzburg)<\/p>\n\n\n\n<p><a href=\"https:\/\/www.paedagogik.uni-wuerzburg.de\/erwachsenenbildung\/team\/drin-lisa-breitschwerdt\/\" data-type=\"link\" data-id=\"https:\/\/www.paedagogik.uni-wuerzburg.de\/erwachsenenbildung\/team\/drin-lisa-breitschwerdt\/\" rel='nofollow'><abbr title=\"Doktor\">Dr.<\/abbr> Lisa Breitschwerdt<\/a><br>(Julius-Maximilians-Universit\u00e4t W\u00fcrzburg)<\/p>\n\n\n\n<p><a href=\"https:\/\/www.paedagogik.uni-wuerzburg.de\/erwachsenenbildung\/team\/christina-huemmer-ma\/\" target=\"_blank\" rel=\"noreferrer noopener\">Christina H\u00fcmmer, M.A.<\/a><br>(Julius-Maximilians-Universit\u00e4t W\u00fcrzburg)<\/p>\n<\/div>\n\n\n\n<div class=\"wp-block-column is-layout-flow wp-block-column-is-layout-flow\">\n<p><strong>AP3: Digitale Schl\u00fcsselkompetenzen: Diversit\u00e4t und Partizipation als Ressource in Krisenerfahrungen (Lead: UDE)<\/strong><\/p>\n\n\n\n<p><a href=\"https:\/\/www.uni-due.de\/biwi\/eb\/digitaks.php\" target=\"_blank\" rel=\"noreferrer noopener\">Projektseite an der UDE<\/a><\/p>\n\n\n\n<p><a href=\"https:\/\/www.uni-due.de\/biwi\/ibw_personen?id=61865\" data-type=\"link\" data-id=\"https:\/\/www.uni-due.de\/biwi\/ibw_personen?id=61865\" target=\"_blank\" rel=\"noreferrer noopener\"><abbr title=\"Professor\">Prof.<\/abbr> <abbr title=\"Doktor\">Dr.<\/abbr> Silke Schreiber-Barsch<\/a><br>(Universit\u00e4t Duisburg-Essen)<\/p>\n\n\n\n<p><a href=\"https:\/\/www.uni-due.de\/biwi\/eb\/mitarbeiterin-siebert\" target=\"_blank\" rel=\"noreferrer noopener\">Linda Siebert, M.A.<\/a><br>(Universit\u00e4t Duisburg-Essen)<\/p>\n\n\n\n<p><a href=\"https:\/\/www.uni-due.de\/biwi\/eb\/cora\" target=\"_blank\" rel=\"noreferrer noopener\">Song\u00fcl Cora, M.A.<\/a><br>(Universit\u00e4t Duisburg-Essen)<\/p>\n<\/div>\n<\/div>\n\n\n\n<div class=\"wp-block-columns is-layout-flex wp-container-core-columns-is-layout-9d6595d7 wp-block-columns-is-layout-flex\">\n<div class=\"wp-block-column is-layout-flow wp-block-column-is-layout-flow\">\n<hr class=\"wp-block-separator has-alpha-channel-opacity\" \/>\n<\/div>\n<\/div>\n\n\n\n<div class=\"wp-block-columns is-layout-flex wp-container-core-columns-is-layout-9d6595d7 wp-block-columns-is-layout-flex\">\n<div class=\"wp-block-column is-layout-flow wp-block-column-is-layout-flow\" style=\"flex-basis:66.66%\"><div class=\"wp-block-image\">\n<figure class=\"alignleft size-large is-resized\"><img loading=\"lazy\" decoding=\"async\" width=\"1024\" height=\"241\" src=\"https:\/\/www.hsu-hh.de\/wb\/wp-content\/uploads\/sites\/647\/2023\/03\/dtec.bw_EU-Foederhinweis_RGB_vertikal-1-1024x241.png\" data-credit=\"dtec.bw\" alt=\"\" class=\"wp-image-3217\" style=\"width:621px;height:145px\" srcset=\"https:\/\/www.hsu-hh.de\/wb\/wp-content\/uploads\/sites\/647\/2023\/03\/dtec.bw_EU-Foederhinweis_RGB_vertikal-1-1024x241.png 1024w, https:\/\/www.hsu-hh.de\/wb\/wp-content\/uploads\/sites\/647\/2023\/03\/dtec.bw_EU-Foederhinweis_RGB_vertikal-1-300x71.png 300w, https:\/\/www.hsu-hh.de\/wb\/wp-content\/uploads\/sites\/647\/2023\/03\/dtec.bw_EU-Foederhinweis_RGB_vertikal-1-768x181.png 768w, https:\/\/www.hsu-hh.de\/wb\/wp-content\/uploads\/sites\/647\/2023\/03\/dtec.bw_EU-Foederhinweis_RGB_vertikal-1-1100x259.png 1100w, https:\/\/www.hsu-hh.de\/wb\/wp-content\/uploads\/sites\/647\/2023\/03\/dtec.bw_EU-Foederhinweis_RGB_vertikal-1.png 1418w\" sizes=\"auto, (max-width: 1024px) 100vw, 1024px\" \/><\/figure>\n<\/div><\/div>\n\n\n\n<div class=\"wp-block-column is-layout-flow wp-block-column-is-layout-flow\" style=\"flex-basis:33.33%\">\n<p>Weitere Informationen zum Projekt finden sich auch auf der <a href=\"https:\/\/dtecbw.de\/home\/forschung\/hsu\/projekt-digitaks\/projekt-digitaks\" target=\"_blank\" rel=\"noreferrer noopener\">dtec.bw-Infoseite<\/a>.<\/p>\n<\/div>\n<\/div>\n\n\n\n<hr class=\"wp-block-separator has-css-opacity\" \/>\n","protected":false},"excerpt":{"rendered":"<p>Das Forschungs- und Entwicklungsprojekt \u201eDigitale Schl\u00fcsselkompetenzen f\u00fcr Studium und Beruf (DigiTaKS*) &#8211; Entwicklung eines Modells zur transformativen digitalen Kompetenzentwicklung Studierender&#8220; wird im Rahmen von dtec.bw in zwei Phasen gef\u00f6rdert (2021-2024, [&hellip;]<\/p>\n","protected":false},"author":28,"featured_media":0,"parent":0,"menu_order":0,"comment_status":"closed","ping_status":"closed","template":"","meta":{"footnotes":""},"categories":[728,4],"tags":[837,839,841,843,845,847,849,851],"class_list":["post-1249","page","type-page","status-publish","hentry","category-digitaks-forschung","category-forschung","tag-basiskompetenzen-de","tag-digital-literacy-de","tag-digitale-souveraenitaet-de","tag-digitalisierung-de","tag-dtec-bw-de","tag-hochschule-de","tag-kompetenzen-de","tag-schluesselkompetenzen-de"],"_links":{"self":[{"href":"https:\/\/www.hsu-hh.de\/wb\/wp-json\/wp\/v2\/pages\/1249","targetHints":{"allow":["GET"]}}],"collection":[{"href":"https:\/\/www.hsu-hh.de\/wb\/wp-json\/wp\/v2\/pages"}],"about":[{"href":"https:\/\/www.hsu-hh.de\/wb\/wp-json\/wp\/v2\/types\/page"}],"author":[{"embeddable":true,"href":"https:\/\/www.hsu-hh.de\/wb\/wp-json\/wp\/v2\/users\/28"}],"replies":[{"embeddable":true,"href":"https:\/\/www.hsu-hh.de\/wb\/wp-json\/wp\/v2\/comments?post=1249"}],"version-history":[{"count":105,"href":"https:\/\/www.hsu-hh.de\/wb\/wp-json\/wp\/v2\/pages\/1249\/revisions"}],"predecessor-version":[{"id":4803,"href":"https:\/\/www.hsu-hh.de\/wb\/wp-json\/wp\/v2\/pages\/1249\/revisions\/4803"}],"wp:attachment":[{"href":"https:\/\/www.hsu-hh.de\/wb\/wp-json\/wp\/v2\/media?parent=1249"}],"wp:term":[{"taxonomy":"category","embeddable":true,"href":"https:\/\/www.hsu-hh.de\/wb\/wp-json\/wp\/v2\/categories?post=1249"},{"taxonomy":"post_tag","embeddable":true,"href":"https:\/\/www.hsu-hh.de\/wb\/wp-json\/wp\/v2\/tags?post=1249"}],"curies":[{"name":"wp","href":"https:\/\/api.w.org\/{rel}","templated":true}]}}