{"id":965,"date":"2023-03-30T09:01:28","date_gmt":"2023-03-30T07:01:28","guid":{"rendered":"https:\/\/www.hsu-hh.de\/wasserbau\/?page_id=965"},"modified":"2025-08-19T09:05:24","modified_gmt":"2025-08-19T07:05:24","slug":"news-archiv","status":"publish","type":"page","link":"https:\/\/www.hsu-hh.de\/wasserbau\/news-archiv\/","title":{"rendered":"News Archiv"},"content":{"rendered":"\n<p><strong>2025-06-02<\/strong><\/p>\n\n\n\n<p>Willkommen <abbr title=\"Master of Science\">M.Sc.<\/abbr> Kim-Cedric J\u00f6rgens im Team Wasserbau.<\/p>\n\n\n\n<p><strong>2024-11-01<\/strong><\/p>\n\n\n\n<p>Willkommen <abbr title=\"Master of Science\">M.Sc.<\/abbr> Hanna Brandt im Team Wasserbau. <\/p>\n\n\n\n<p><strong>2024-09-10<\/strong><\/p>\n\n\n\n<p><a href=\"https:\/\/www.hsu-hh.de\/hpc\/en\/hsuper\/\" data-type=\"link\" data-id=\"https:\/\/www.hsu-hh.de\/hpc\/en\/hsuper\/\">HSUper<\/a>: die Professur Wasserbau berechnet nun wasserbauliche Problemstellungen mit Hilfe von numerischen Simulationen in OpenFOAM auf dem Hochleistungsrechner der <abbr title=\"Helmut Schmidt Universit\u00e4t\">HSU<\/abbr>.<\/p>\n\n\n\n<figure class=\"wp-block-image size-full\"><img loading=\"lazy\" decoding=\"async\" width=\"664\" height=\"281\" src=\"https:\/\/www.hsu-hh.de\/wasserbau\/wp-content\/uploads\/sites\/856\/2024\/09\/PKW.jpg\" data-credit=\"M. Oertel\" alt=\"\" class=\"wp-image-1094\" srcset=\"https:\/\/www.hsu-hh.de\/wasserbau\/wp-content\/uploads\/sites\/856\/2024\/09\/PKW.jpg 664w, https:\/\/www.hsu-hh.de\/wasserbau\/wp-content\/uploads\/sites\/856\/2024\/09\/PKW-300x127.jpg 300w\" sizes=\"auto, (max-width: 664px) 100vw, 664px\" \/><\/figure>\n\n\n\n<p><strong>2024-09-08<\/strong><\/p>\n\n\n\n<p>Im September war die Professur Wasserbau auf der Nordbau Messe in Neum\u00fcnster mit einem Stand zum Thema &#8222;Permeable Wellenbrecher&#8220; vertreten. Das Projekt wird im Bauingenieurwesen an der <abbr title=\"Helmut Schmidt Universit\u00e4t\">HSU<\/abbr> interdisziplin\u00e4r \u00fcber zahlreiche Professuren bearbeitet. <\/p>\n\n\n\n<p><strong>2024-04-16<\/strong><\/p>\n\n\n\n<p>Im April hat Fabian Belzner von der BAW erfolgreich seine Dissertation zum Thema &#8222;<a href=\"https:\/\/openhsu.ub.hsu-hh.de\/handle\/10.24405\/15326\" data-type=\"link\" data-id=\"https:\/\/openhsu.ub.hsu-hh.de\/handle\/10.24405\/15326\" target=\"_blank\" rel=\"noreferrer noopener\">Entwicklung eines semi-probabilistischen Bemessungskonzepts zur Optimierung der F\u00fcllung einer Binnenschifffahrtsschleuse<\/a>&#8220; verteidigt. Herzlichen Gl\u00fcckw\u00fcnsch Fabian, well done! <\/p>\n\n\n\n<figure class=\"wp-block-image size-large is-resized\"><img loading=\"lazy\" decoding=\"async\" width=\"576\" height=\"1024\" src=\"https:\/\/www.hsu-hh.de\/wasserbau\/wp-content\/uploads\/sites\/856\/2024\/04\/Belzner_Diss-576x1024.jpeg\" data-credit=\"M. Oertel\" alt=\"\" class=\"wp-image-1044\" style=\"width:300px\" \/><\/figure>\n\n\n\n<p><strong>2024-02-05<\/strong><\/p>\n\n\n\n<p>Die neue Wellenrinne (L\u00e4nge 20 m, Breite 0,8 m, H\u00f6he 1,0 m) wurde in Betrieb genommen. Ein Wellengenerator, betrieben durch zwei Servomotoren, erm\u00f6glicht die Erzeugung von Wellen unterschiedlicher H\u00f6hen und Perioden.<\/p>\n\n\n\n<p><strong>2023-12-15<\/strong><\/p>\n\n\n\n<p>Die Professur Wasserbau w\u00fcnscht allen Kolleginnen und Kollegen und Forschungs- sowie Kooperationspartnerinnen und -partnern ein frohes Weihnachtsfest und einen Guten Rutsch in das neue Jahr 2024. Wir freuen uns auf viele neue, spannende Projekte. <\/p>\n\n\n\n<p><strong>2023-10-16<\/strong><\/p>\n\n\n\n<p>Installation eines Lamellenwehrs zur Unterwasserstandsregulierung.<\/p>\n\n\n\n<div class=\"wp-block-columns is-layout-flex wp-container-core-columns-is-layout-9d6595d7 wp-block-columns-is-layout-flex\">\n<div class=\"wp-block-column is-layout-flow wp-block-column-is-layout-flow\">\n<figure class=\"wp-block-image size-large\"><img loading=\"lazy\" decoding=\"async\" width=\"576\" height=\"1024\" src=\"https:\/\/www.hsu-hh.de\/wasserbau\/wp-content\/uploads\/sites\/856\/2023\/10\/IMG_7928-576x1024.jpeg\" data-credit=\"M. Oertel\" alt=\"\" class=\"wp-image-1016\" \/><\/figure>\n<\/div>\n\n\n\n<div class=\"wp-block-column is-layout-flow wp-block-column-is-layout-flow\">\n<figure class=\"wp-block-image size-large\"><img loading=\"lazy\" decoding=\"async\" width=\"576\" height=\"1024\" src=\"https:\/\/www.hsu-hh.de\/wasserbau\/wp-content\/uploads\/sites\/856\/2023\/10\/IMG_7929-576x1024.jpeg\" data-credit=\"M. Oertel\" alt=\"\" class=\"wp-image-1017\" \/><\/figure>\n<\/div>\n<\/div>\n\n\n\n<p><strong>2023-06-20<\/strong><\/p>\n\n\n\n<p>Xiaoyang Shen successfully defended his doctoral thesis &#8222;Piano-Key-Weirs as in-channel applications: Flow characteristics and geometry optimizations&#8220; and became the first Civil Engineer at <abbr title=\"Helmut Schmidt Universit\u00e4t\">HSU<\/abbr> receiving a <code><abbr title=\"Doktor\">Dr.<\/abbr>-<abbr title=\"Ingenieur\">Ing.<\/abbr><\/code> &#8211; congratulations!  <\/p>\n\n\n\n<figure class=\"wp-block-image size-full is-resized\"><img loading=\"lazy\" decoding=\"async\" width=\"563\" height=\"1000\" src=\"https:\/\/www.hsu-hh.de\/wasserbau\/wp-content\/uploads\/sites\/856\/2023\/08\/DrPaul.jpeg\" data-credit=\"M. Oertel\" alt=\"\" class=\"wp-image-999\" style=\"width:184px;height:326px\" srcset=\"https:\/\/www.hsu-hh.de\/wasserbau\/wp-content\/uploads\/sites\/856\/2023\/08\/DrPaul.jpeg 563w, https:\/\/www.hsu-hh.de\/wasserbau\/wp-content\/uploads\/sites\/856\/2023\/08\/DrPaul-169x300.jpeg 169w\" sizes=\"auto, (max-width: 563px) 100vw, 563px\" \/><\/figure>\n\n\n\n<p><strong>2023-05-25<\/strong><\/p>\n\n\n\n<p><abbr title=\"Universit\u00e4tsprofessor\">Univ.-Prof.<\/abbr> <abbr title=\"Doktor\">Dr.<\/abbr>&#8211;<abbr title=\"Ingenieur\">Ing.<\/abbr> <abbr title=\"habilitatus\">habil.<\/abbr> Mario Oertel was selected by the editor of the <a rel=\"noreferrer noopener\" href=\"https:\/\/ascelibrary.org\/journal\/jidedh\" target=\"_blank\">Journal of Irrigation and Drainage Engineering<\/a> as an ASCE 2022 Outstanding Reviewer; American Society of Civil Engineers (ASCE).   <\/p>\n\n\n\n<p><strong>2023-03-30<\/strong><\/p>\n\n\n\n<p>Neue Publikation zur Forschung im Bereich der Nicht-linearen Wehre: <\/p>\n\n\n\n<p><a rel=\"noreferrer noopener\" href=\"https:\/\/ascelibrary.org\/doi\/10.1061\/JHEND8.HYENG-13322\" target=\"_blank\">Influence of Piano Key Weir Crest Shapes on Flow Characteristics, Scale Effects, and Energy Dissipation for In-Channel Application, Journal of Hydraulic Engineering, 149(6).<\/a><\/p>\n\n\n\n<p><strong>2023-03-19<\/strong><\/p>\n\n\n\n<p>Eine weitere Publikation \u00fcber Fischaufstiegsanlagen in Schlitzpassbauweise:<\/p>\n\n\n\n<p><a rel=\"noreferrer noopener\" href=\"https:\/\/www.mdpi.com\/2073-4441\/15\/6\/1193\" target=\"_blank\">Discharge Coefficients of a Specific Vertical Slot Fishway Geometry\u2014New Fitting Parameters, Water 2023, 15(6), 1193.<\/a><\/p>\n\n\n\n<p><strong>2023-03-16<\/strong><\/p>\n\n\n\n<p>Neue Publikation online: <\/p>\n\n\n\n<p><a rel=\"noreferrer noopener\" href=\"https:\/\/www.iahr.org\/library\/infor?pid=26733\" target=\"_blank\">Hydraulic Structures At the Heart of 21st Century Global Sustainable Development, hydrolink 1\/2023, 5-9.<\/a><\/p>\n\n\n\n<p><strong>2023-03-06<\/strong><\/p>\n\n\n\n<p>Luftgehaltsmessungen unterhalb von Piano Key Wehren laufen derzeit. Es wird weltweit das erste mal sein, dass derartige Messungen an nicht-linearen Wehren durchgef\u00fchrt werden. Die Leitf\u00e4higkeitssonde misst dabei mit einer sehr feinen Nadel, ob gerade eine Luftblase vorbeigef\u00fchrt wird. Hiermit lassen sich u. a. Informationen \u00fcber den Luftgehalt gewinnen. <\/p>\n\n\n\n<figure class=\"wp-block-image size-large\"><img loading=\"lazy\" decoding=\"async\" width=\"1024\" height=\"576\" src=\"https:\/\/www.hsu-hh.de\/wasserbau\/wp-content\/uploads\/sites\/856\/2023\/03\/ConductivityProbe-1024x576.jpeg\" data-credit=\"M. Oertel\" alt=\"\" class=\"wp-image-939\" \/><\/figure>\n\n\n\n<p><\/p>\n\n\n\n<p><strong>2022-10-22<\/strong><\/p>\n\n\n\n<p>Der Ausbau des Wasserbaulabors geht in eine weitere Runde. In der vergangenen Woche hat der Aufbau der eigens geplanten Wellenrinne (<em>L<\/em>&nbsp;= 20 m,&nbsp;<em>B<\/em>&nbsp;= 0,8 m,&nbsp;<em>H<\/em>&nbsp;= 0,8 m) begonnen. In der Rinne finden zuk\u00fcnftig Versuche des Projekts &#8222;Wellenbrecher&#8220; statt, welches Widerstandsbeiwerte und Formoptimierungsprozesse beinhaltet.<\/p>\n\n\n\n<figure class=\"wp-block-image size-large\"><img loading=\"lazy\" decoding=\"async\" width=\"1024\" height=\"434\" src=\"https:\/\/www.hsu-hh.de\/wasserbau\/wp-content\/uploads\/sites\/856\/2022\/10\/IMG_1539-1024x434.jpeg\" data-credit=\"M. Oertel\" alt=\"Wellenrinne2\" class=\"wp-image-838\" \/><\/figure>\n\n\n\n<p><strong>2022-10-21<\/strong><\/p>\n\n\n\n<p>Feierliche Laborer\u00f6ffnung: am Freitag den 21.10.2022 erfolgte in Glinde die offizielle Er\u00f6ffnung der Labore der Bauingenieurwesen-Professuren an der <abbr title=\"Helmut Schmidt Universit\u00e4t\">HSU<\/abbr>. Neben Pr\u00e4sident sowie Kanzler der <abbr title=\"Helmut Schmidt Universit\u00e4t\">HSU<\/abbr> und Dekan der Fakult\u00e4t waren der B\u00fcrgermeister von Glinde Hr. Zug, der Landtagsabgeordnete Hr. Kilian, der Leiter der Bundesanstalt f\u00fcr Wasserbau Hr. Heinzelmann, sowie zahlreiche weitere G\u00e4ste anwesend.<\/p>\n\n\n\n<p><strong>2022-09-05<\/strong><\/p>\n\n\n\n<p>Vom 07. bis 11. September 2022 betreut die Professur Wasserbau gemeinsam mit der Professur Geotechnik den Stand &#8222;Forschung im Bauingenieurwesen&#8220; auf der Messe Nordbau (<a rel=\"noreferrer noopener\" href=\"https:\/\/www.hsu-hh.de\/bauingenieurwesen-auf-der-nordbau\" target=\"_blank\">https:\/\/www.hsu-hh.de\/bauingenieurwesen-auf-der-nordbau<\/a>). Wir freuen uns \u00fcber Ihren Besuch im Foyer der Halle 1. <\/p>\n\n\n\n<p><strong>2022-07-13<\/strong><\/p>\n\n\n\n<p>Die Professur Wasserbau verf\u00fcgt nun \u00fcber einen Gro\u00dfformat 3D-Drucker mit einem Bauraum von 1x1x1 m. Somit ist es m\u00f6glich, Bauwerksstrukturen f\u00fcr die Str\u00f6mungsrinnen mit Hilfer der adaptiven Fertigungstechnik zu erstellen. Die neueste Publikation zu diesem Thema kann hier eingesehen werden: <a rel=\"noreferrer noopener\" href=\"https:\/\/www.mdpi.com\/2073-4441\/14\/14\/2153\" target=\"_blank\">https:\/\/www.mdpi.com\/2073-4441\/14\/14\/2153<\/a><\/p>\n\n\n\n<div class=\"wp-block-columns is-layout-flex wp-container-core-columns-is-layout-9d6595d7 wp-block-columns-is-layout-flex\">\n<div class=\"wp-block-column is-layout-flow wp-block-column-is-layout-flow\">\n<figure class=\"wp-block-image size-large\"><img loading=\"lazy\" decoding=\"async\" width=\"575\" height=\"1024\" src=\"https:\/\/www.hsu-hh.de\/wasserbau\/wp-content\/uploads\/sites\/856\/2022\/07\/BigRep2-575x1024.jpg\" data-credit=\"M. Oertel\" alt=\"BigRep\" class=\"wp-image-810\" \/><\/figure>\n<\/div>\n\n\n\n<div class=\"wp-block-column is-layout-flow wp-block-column-is-layout-flow\">\n<figure class=\"wp-block-image size-large\"><img loading=\"lazy\" decoding=\"async\" width=\"576\" height=\"1024\" src=\"https:\/\/www.hsu-hh.de\/wasserbau\/wp-content\/uploads\/sites\/856\/2022\/07\/IMG_9650-576x1024.jpeg\" data-credit=\"M. Oertel\" alt=\"VSP\" class=\"wp-image-807\" \/><\/figure>\n<\/div>\n<\/div>\n\n\n\n<p><strong>2022-05-04<\/strong> <\/p>\n\n\n\n<p>Nach einem Jahr intensiver Arbeit im Wasserbaulabor der <abbr title=\"Helmut Schmidt Universit\u00e4t\">HSU<\/abbr> konnte der erste hydraulische Modellversuch mit bis zu 350 l\/s durchgef\u00fchrt werden. In den kommenden Wochen erfolgt die Datenaufzeichnung gro\u00dfskaliger Piano Key Wehre, welche mit innovativer, adaptiver Fertigungstechnik hergestellt wurden. <\/p>\n\n\n\n<figure class=\"wp-block-image size-large\"><img loading=\"lazy\" decoding=\"async\" width=\"1024\" height=\"576\" src=\"https:\/\/www.hsu-hh.de\/wasserbau\/wp-content\/uploads\/sites\/856\/2022\/05\/IMG_8890-1024x576.jpeg\" data-credit=\"M. Oertel \" alt=\"PKW Run1\" class=\"wp-image-791\" \/><\/figure>\n\n\n\n<p><strong>2022-04-24<\/strong><\/p>\n\n\n\n<p>Erster Test der neuen Str\u00f6mungsrinne mit bis zu 150 l\/s. <\/p>\n\n\n\n<div class=\"wp-block-columns is-layout-flex wp-container-core-columns-is-layout-9d6595d7 wp-block-columns-is-layout-flex\">\n<div class=\"wp-block-column is-layout-flow wp-block-column-is-layout-flow\">\n<figure class=\"wp-block-image size-large\"><img loading=\"lazy\" decoding=\"async\" width=\"576\" height=\"1024\" src=\"https:\/\/www.hsu-hh.de\/wasserbau\/wp-content\/uploads\/sites\/856\/2022\/04\/IMG_8776-576x1024.jpeg\" data-credit=\"M. Oertel\" alt=\"Rinne_Test1\" class=\"wp-image-786\" \/><\/figure>\n<\/div>\n\n\n\n<div class=\"wp-block-column is-layout-flow wp-block-column-is-layout-flow\">\n<figure class=\"wp-block-image size-large\"><img loading=\"lazy\" decoding=\"async\" width=\"576\" height=\"1024\" src=\"https:\/\/www.hsu-hh.de\/wasserbau\/wp-content\/uploads\/sites\/856\/2022\/04\/IMG_8778-576x1024.jpeg\" data-credit=\"M. Oertel\" alt=\"Rinne_Test2\" class=\"wp-image-787\" \/><\/figure>\n<\/div>\n\n\n\n<div class=\"wp-block-column is-layout-flow wp-block-column-is-layout-flow\">\n<figure class=\"wp-block-image size-large\"><img loading=\"lazy\" decoding=\"async\" width=\"576\" height=\"1024\" src=\"https:\/\/www.hsu-hh.de\/wasserbau\/wp-content\/uploads\/sites\/856\/2022\/04\/IMG_8780-576x1024.jpeg\" data-credit=\"M. Oertel\" alt=\"Rinne_Test3\" class=\"wp-image-788\" \/><\/figure>\n<\/div>\n<\/div>\n\n\n\n<p><strong>2023-03-15<\/strong><\/p>\n\n\n\n<p>Das weltweit gr\u00f6\u00dfte 3D gedruckte Piano Key Wehr wurde an der <abbr title=\"Helmut Schmidt Universit\u00e4t\">HSU<\/abbr> fertiggestellt. Druckzeit: 8 Tage (24 h), Filament: knapp 30 kg. Der Einbau erfolgt in K\u00fcrze in der ersten Str\u00f6mungsrinne. <\/p>\n\n\n\n<div class=\"wp-block-columns is-layout-flex wp-container-core-columns-is-layout-9d6595d7 wp-block-columns-is-layout-flex\">\n<div class=\"wp-block-column is-layout-flow wp-block-column-is-layout-flow\">\n<figure class=\"wp-block-image size-large\"><img loading=\"lazy\" decoding=\"async\" width=\"576\" height=\"1024\" src=\"https:\/\/www.hsu-hh.de\/wasserbau\/wp-content\/uploads\/sites\/856\/2022\/03\/IMG_8428-576x1024.jpeg\" data-credit=\"M. Oertel\" alt=\"3D Plot PKW\" class=\"wp-image-752\" \/><\/figure>\n<\/div>\n\n\n\n<div class=\"wp-block-column is-layout-flow wp-block-column-is-layout-flow\">\n<figure class=\"wp-block-image size-large\"><img loading=\"lazy\" decoding=\"async\" width=\"576\" height=\"1024\" src=\"https:\/\/www.hsu-hh.de\/wasserbau\/wp-content\/uploads\/sites\/856\/2022\/03\/IMG_8426-576x1024.jpeg\" data-credit=\"M. Oertel\" alt=\"3D Plot PKW\" class=\"wp-image-751\" \/><\/figure>\n<\/div>\n\n\n\n<div class=\"wp-block-column is-layout-flow wp-block-column-is-layout-flow\">\n<figure class=\"wp-block-image size-large\"><img loading=\"lazy\" decoding=\"async\" width=\"576\" height=\"1024\" src=\"https:\/\/www.hsu-hh.de\/wasserbau\/wp-content\/uploads\/sites\/856\/2022\/03\/IMG_8421-576x1024.jpeg\" data-credit=\"M. Oertel\" alt=\"3D Plot PKW\" class=\"wp-image-750\" \/><\/figure>\n<\/div>\n<\/div>\n\n\n\n<p><strong>2022-01-24<\/strong><\/p>\n\n\n\n<p>Die erste Str\u00f6mungsrinne befindet sich weiterhin im Aufbau. Mittlerweile wurden die Bodenplatten montiert und die Glasscheiben stehen zur Montage bereit.<\/p>\n\n\n\n<div class=\"wp-block-columns is-layout-flex wp-container-core-columns-is-layout-9d6595d7 wp-block-columns-is-layout-flex\">\n<div class=\"wp-block-column is-layout-flow wp-block-column-is-layout-flow\">\n<figure class=\"wp-block-image size-large\"><img loading=\"lazy\" decoding=\"async\" width=\"576\" height=\"1024\" src=\"https:\/\/www.hsu-hh.de\/wasserbau\/wp-content\/uploads\/sites\/856\/2022\/01\/IMG_8141-2-576x1024.jpeg\" data-credit=\"M. Oertel \" alt=\"Rinne1\" class=\"wp-image-740\" \/><\/figure>\n<\/div>\n\n\n\n<div class=\"wp-block-column is-layout-flow wp-block-column-is-layout-flow\">\n<figure class=\"wp-block-image size-large\"><img loading=\"lazy\" decoding=\"async\" width=\"576\" height=\"1024\" src=\"https:\/\/www.hsu-hh.de\/wasserbau\/wp-content\/uploads\/sites\/856\/2022\/01\/IMG_8159-2-576x1024.jpeg\" data-credit=\"M. Oertel \" alt=\"Rinne2\" class=\"wp-image-741\" \/><\/figure>\n<\/div>\n\n\n\n<div class=\"wp-block-column is-layout-flow wp-block-column-is-layout-flow\">\n<figure class=\"wp-block-image size-large\"><img loading=\"lazy\" decoding=\"async\" width=\"576\" height=\"1024\" src=\"https:\/\/www.hsu-hh.de\/wasserbau\/wp-content\/uploads\/sites\/856\/2022\/01\/IMG_8157-2-1-576x1024.jpeg\" data-credit=\"M. Oertel \" alt=\"Rinne3\" class=\"wp-image-743\" \/><\/figure>\n<\/div>\n<\/div>\n\n\n\n<p><\/p>\n\n\n\n<p><\/p>\n\n\n\n<p><strong>2021-12-06<\/strong><\/p>\n\n\n\n<p>Mittlerweile wurden die Betonplatten als neuer Hallenboden installiert und die Aufbauarbeiten der ersten Str\u00f6mungsrinne haben begonnen. Diese wird in den Dimensionen <em>L<\/em> = 20 m, <em>B<\/em> = 1 m, <em>H<\/em> = 1 m erstellt. <\/p>\n\n\n\n<div class=\"wp-block-columns is-layout-flex wp-container-core-columns-is-layout-9d6595d7 wp-block-columns-is-layout-flex\">\n<div class=\"wp-block-column is-layout-flow wp-block-column-is-layout-flow\">\n<figure class=\"wp-block-image size-large\"><img loading=\"lazy\" decoding=\"async\" width=\"1024\" height=\"576\" src=\"https:\/\/www.hsu-hh.de\/wasserbau\/wp-content\/uploads\/sites\/856\/2021\/12\/Platten-1024x576.jpeg\" data-credit=\"M. Oertel\" alt=\"Platten\" class=\"wp-image-697\" \/><\/figure>\n<\/div>\n\n\n\n<div class=\"wp-block-column is-layout-flow wp-block-column-is-layout-flow\">\n<figure class=\"wp-block-image size-large\"><img loading=\"lazy\" decoding=\"async\" width=\"1024\" height=\"576\" src=\"https:\/\/www.hsu-hh.de\/wasserbau\/wp-content\/uploads\/sites\/856\/2021\/12\/Rinne1-1024x576.jpeg\" data-credit=\"M. Oertel\" alt=\"Rinne\" class=\"wp-image-698\" \/><\/figure>\n<\/div>\n<\/div>\n\n\n\n<p><strong>2021-10-13<\/strong><\/p>\n\n\n\n<p>Das Labor w\u00e4chst stetig und die Arbeiten schreiten voran. Die Pumpensteuerung f\u00fcr die beiden frequenzgenerierten Pumpen wurde nach den Vorstellungen des Laborteams weitestgehend umgesetzt. Zudem wird nahezu w\u00f6chentlich neue Messtechnik geliefert &#8211; zuletzt das autonom oder ferngesteuert fahrende ADCP Messboot (Sontek M9, rQPOD) zur Durchflussmessung und Tiefenbestimmung von Gew\u00e4ssern. <\/p>\n\n\n\n<div class=\"wp-block-columns is-layout-flex wp-container-core-columns-is-layout-9d6595d7 wp-block-columns-is-layout-flex\">\n<div class=\"wp-block-column is-layout-flow wp-block-column-is-layout-flow\">\n<figure class=\"wp-block-image size-large\"><img loading=\"lazy\" decoding=\"async\" width=\"1024\" height=\"577\" src=\"https:\/\/www.hsu-hh.de\/wasserbau\/wp-content\/uploads\/sites\/856\/2021\/10\/ADCP1-1024x577.jpeg\" data-credit=\"M. Oertel\" alt=\"ADCP\" class=\"wp-image-652\" \/><\/figure>\n<\/div>\n\n\n\n<div class=\"wp-block-column is-layout-flow wp-block-column-is-layout-flow\">\n<figure class=\"wp-block-image size-large\"><img loading=\"lazy\" decoding=\"async\" width=\"1024\" height=\"576\" src=\"https:\/\/www.hsu-hh.de\/wasserbau\/wp-content\/uploads\/sites\/856\/2021\/10\/Lab1-1024x576.jpeg\" data-credit=\"M. Oertel\" alt=\"Lab\" class=\"wp-image-654\" \/><\/figure>\n<\/div>\n<\/div>\n\n\n\n<p><strong>2021-09-14<\/strong><\/p>\n\n\n\n<p>Neue Ver\u00f6ffentlichung: Shen, X., Oertel, M. (2021) Comparative Study of Nonsymmetrical Trapezoidal and Rectangular Piano Key Weirs with Varying Key Width Ratios, Journal of Hydraulic Engineering, 147(11), <a href=\"https:\/\/doi.org\/10.1061\/(ASCE)HY.1943-7900.0001942\" rel='nofollow'>https:\/\/doi.org<\/a><a href=\"https:\/\/doi.org\/10.1061\/(ASCE)HY.1943-7900.0001942\" target=\"_blank\" rel=\"noreferrer noopener\">\/10.1061\/(ASCE)HY.1943-7900.0001942<\/a><\/p>\n\n\n\n<p><strong>2021-08-25<\/strong><\/p>\n\n\n\n<p>Die Arbeiten im Wasserbaulabor schreiten voran und w\u00f6chentlich erfolgen neue Installationen; zuletzt z. B. der Hallenb\u00fcros und der DN500-MID (magnetisch induktive Durchflussmesser). Nach der Reinigung der Hochbeh\u00e4lter erfolgt derzeit deren erneute F\u00fcllung, so dass kurzfristig die finale Programmierung der Pumpensteuerung durchgef\u00fchrt werden kann.<\/p>\n\n\n\n<div class=\"wp-block-columns is-layout-flex wp-container-core-columns-is-layout-9d6595d7 wp-block-columns-is-layout-flex\">\n<div class=\"wp-block-column is-layout-flow wp-block-column-is-layout-flow\">\n<figure class=\"wp-block-image size-large\"><img loading=\"lazy\" decoding=\"async\" width=\"1024\" height=\"576\" src=\"https:\/\/www.hsu-hh.de\/wasserbau\/wp-content\/uploads\/sites\/856\/2021\/08\/IMG_6216-1024x576.jpeg\" data-credit=\"M. Oertel\" alt=\"M. Oertel\" class=\"wp-image-515\" \/><\/figure>\n<\/div>\n\n\n\n<div class=\"wp-block-column is-layout-flow wp-block-column-is-layout-flow\">\n<figure class=\"wp-block-image size-large\"><img loading=\"lazy\" decoding=\"async\" width=\"1024\" height=\"576\" src=\"https:\/\/www.hsu-hh.de\/wasserbau\/wp-content\/uploads\/sites\/856\/2021\/08\/IMG_6108-1024x576.jpeg\" data-credit=\"M. Oertel\" alt=\"MID\" class=\"wp-image-518\" \/><\/figure>\n<\/div>\n\n\n\n<div class=\"wp-block-column is-layout-flow wp-block-column-is-layout-flow\">\n<figure class=\"wp-block-image size-large\"><img loading=\"lazy\" decoding=\"async\" width=\"1024\" height=\"576\" src=\"https:\/\/www.hsu-hh.de\/wasserbau\/wp-content\/uploads\/sites\/856\/2021\/08\/IMG_6276-1024x576.jpeg\" data-credit=\"M. Oertel\" alt=\"Pumpen\" class=\"wp-image-516\" \/><\/figure>\n<\/div>\n<\/div>\n\n\n\n<p><strong>2021-06-25<\/strong><\/p>\n\n\n\n<p>Die Aufbauarbeiten im Wasserbaulabor laufen auf Hochtouren. Derzeit befinden sich messtechnische Einrichtungen sowie eine eigens entwickelte und konstruierte Str\u00f6mungsrinne (L = 20 m, B = 1 m, H = 1 m) in der Anschaffung. Die Er\u00f6ffnung des Labors und erste Versuchsl\u00e4ufe sind f\u00fcr das 4. Quartal 2021 terminiert. Erg\u00e4nzend werden vertiefte Kompetenzen und Fertigkeiten im Bereich des 3D Drucks wasserbaulicher Modelle erworben, um zuk\u00fcnftig zeiteffektiv und kosteneffektiv skalierte Geometrien anfertigen zu k\u00f6nnen.<\/p>\n\n\n\n<figure class=\"wp-block-image size-large is-resized\"><img loading=\"lazy\" decoding=\"async\" width=\"1024\" height=\"768\" src=\"https:\/\/www.hsu-hh.de\/wasserbau\/wp-content\/uploads\/sites\/856\/2021\/08\/IMG_1694-1024x768.png\" data-credit=\"M. Oertel\" alt=\"Rinne\" class=\"wp-image-525\" style=\"width:270px;height:202px\" \/><\/figure>\n\n\n\n<p><strong>2021-05-12<\/strong><\/p>\n\n\n\n<p>Probelauf und \u00dcbergabe Wasserbaulabor: Im Mai fand die Abnahme und \u00dcbergabe des neuen Wasserbaulabors statt. Ein automatisiertes Pumpensteuerungssystem regelt nun die bereitgestellten Durchfl\u00fcsse f\u00fcr die zuk\u00fcnftigen hydraulischen Modellversuche mittels Frequenzgenerator.<\/p>\n\n\n\n<figure class=\"wp-block-image size-large is-resized\"><img loading=\"lazy\" decoding=\"async\" width=\"1024\" height=\"584\" src=\"https:\/\/www.hsu-hh.de\/wasserbau\/wp-content\/uploads\/sites\/856\/2021\/05\/Wasserbaulabor_Probelauf1-1024x584.jpeg\" data-credit=\"M. Oertel\" alt=\"Wasserbaulabor News Archiv\" class=\"wp-image-486\" style=\"width:424px;height:242px\" \/><\/figure>\n","protected":false},"excerpt":{"rendered":"<p>2025-06-02 Willkommen M.Sc. Kim-Cedric J\u00f6rgens im Team Wasserbau. 2024-11-01 Willkommen M.Sc. Hanna Brandt im Team Wasserbau. 2024-09-10 HSUper: die Professur Wasserbau berechnet nun wasserbauliche Problemstellungen mit Hilfe von numerischen Simulationen [&hellip;]<\/p>\n","protected":false},"author":2919,"featured_media":0,"parent":0,"menu_order":0,"comment_status":"closed","ping_status":"closed","template":"","meta":{"footnotes":""},"categories":[4],"tags":[],"class_list":["post-965","page","type-page","status-publish","hentry","category-forschung"],"_links":{"self":[{"href":"https:\/\/www.hsu-hh.de\/wasserbau\/wp-json\/wp\/v2\/pages\/965","targetHints":{"allow":["GET"]}}],"collection":[{"href":"https:\/\/www.hsu-hh.de\/wasserbau\/wp-json\/wp\/v2\/pages"}],"about":[{"href":"https:\/\/www.hsu-hh.de\/wasserbau\/wp-json\/wp\/v2\/types\/page"}],"author":[{"embeddable":true,"href":"https:\/\/www.hsu-hh.de\/wasserbau\/wp-json\/wp\/v2\/users\/2919"}],"replies":[{"embeddable":true,"href":"https:\/\/www.hsu-hh.de\/wasserbau\/wp-json\/wp\/v2\/comments?post=965"}],"version-history":[{"count":3,"href":"https:\/\/www.hsu-hh.de\/wasserbau\/wp-json\/wp\/v2\/pages\/965\/revisions"}],"predecessor-version":[{"id":1162,"href":"https:\/\/www.hsu-hh.de\/wasserbau\/wp-json\/wp\/v2\/pages\/965\/revisions\/1162"}],"wp:attachment":[{"href":"https:\/\/www.hsu-hh.de\/wasserbau\/wp-json\/wp\/v2\/media?parent=965"}],"wp:term":[{"taxonomy":"category","embeddable":true,"href":"https:\/\/www.hsu-hh.de\/wasserbau\/wp-json\/wp\/v2\/categories?post=965"},{"taxonomy":"post_tag","embeddable":true,"href":"https:\/\/www.hsu-hh.de\/wasserbau\/wp-json\/wp\/v2\/tags?post=965"}],"curies":[{"name":"wp","href":"https:\/\/api.w.org\/{rel}","templated":true}]}}