{"id":73,"date":"2017-07-03T15:52:08","date_gmt":"2017-07-03T13:52:08","guid":{"rendered":"https:\/\/www.hsu-hh.de\/vorlage\/?page_id=73"},"modified":"2025-08-19T11:02:26","modified_gmt":"2025-08-19T09:02:26","slug":"startseite","status":"publish","type":"page","link":"https:\/\/www.hsu-hh.de\/wasserbau\/","title":{"rendered":"Professur f\u00fcr Wasserbau"},"content":{"rendered":"\n<div class=\"wp-block-columns is-layout-flex wp-container-core-columns-is-layout-9d6595d7 wp-block-columns-is-layout-flex\">\n<div class=\"wp-block-column is-layout-flow wp-block-column-is-layout-flow\">\n<h2 class=\"wp-block-heading\">Herzlich Willkommen<\/h2>\n<\/div>\n\n\n\n<div class=\"wp-block-column is-layout-flow wp-block-column-is-layout-flow\">\n<h2 class=\"wp-block-heading\">Aktuelles<\/h2>\n<\/div>\n<\/div>\n\n\n\n<div class=\"wp-block-columns is-layout-flex wp-container-core-columns-is-layout-9d6595d7 wp-block-columns-is-layout-flex\">\n<div class=\"wp-block-column is-layout-flow wp-block-column-is-layout-flow\">\n<p>Die Wasserbauprofessur an der Helmut-Schmidt-Universit\u00e4t ist in der Fakult\u00e4t f\u00fcr Maschinenbau und Bauingenieurwesen angesiedelt. Die Forschungsschwerpunkte der Professur liegen in den Bereichen Nicht-lineare Wehre, Fischaufstiegsanlagen, Naturnaher Wasserbau, Gerinnehydraulik, Gerinnebauwerke, Numerische Simulationen, Hochwasserschutz, sowie weiterer Themen.<\/p>\n\n\n\n<p>Auf diesen Seiten informieren wir \u00fcber Arbeiten im Wasserbaulabor sowie \u00fcber aktuelle Forschungsprojekte. <\/p>\n\n\n\n<p><code><abbr title=\"Universit\u00e4tsprofessor\">Univ.-Prof.<\/abbr> <abbr title=\"Doktor\">Dr.<\/abbr>-<abbr title=\"Ingenieur\">Ing.<\/abbr> <abbr title=\"habilitatus\">habil.<\/abbr> Mario Oertel<\/code><\/p>\n\n\n\n<figure class=\"wp-block-image size-large is-resized\"><img loading=\"lazy\" decoding=\"async\" width=\"500\" height=\"523\" src=\"https:\/\/www.hsu-hh.de\/wasserbau\/wp-content\/uploads\/sites\/856\/2021\/02\/oertel2.jpg\" data-credit=\"M. Oertel\" alt=\"M. Oertel\" class=\"wp-image-197\" style=\"width:107px;height:112px\" srcset=\"https:\/\/www.hsu-hh.de\/wasserbau\/wp-content\/uploads\/sites\/856\/2021\/02\/oertel2.jpg 500w, https:\/\/www.hsu-hh.de\/wasserbau\/wp-content\/uploads\/sites\/856\/2021\/02\/oertel2-287x300.jpg 287w\" sizes=\"auto, (max-width: 500px) 100vw, 500px\" \/><\/figure>\n\n\n\n<hr class=\"wp-block-separator has-css-opacity\" \/>\n\n\n\n<p>Mario Oertel studierte an der Bergischen Universit\u00e4t Wuppertal Bauingenieurwesen mit der Vertiefungsrichtung Umwelttechnik. Von 2003 bis 2012 war er im Lehr- und Forschungsgebiet Wasserwirtschaft und Wasserbau an der Universit\u00e4t Wuppertal als wissenschaftlicher Mitarbeiter sowie als Oberingenieur (akademischer Rat) t\u00e4tig. Nach der Promotion und Habilitation in Wuppertal folgte zum September 2012 ein Ruf an die Technische Hochschule L\u00fcbeck &#8211; hier befasste sich Oertel mit Forschungsschwerpunkten in den Bereichen Nicht-lineare Wehre, Fischaufstiegsanlagen und Blockrampen. Zum 01. M\u00e4rz 2021 wechselte <abbr title=\"Professor\">Prof.<\/abbr> <abbr title=\"Doktor\">Dr.<\/abbr>&#8211;<abbr title=\"Ingenieur\">Ing.<\/abbr> <abbr title=\"habilitatus\">habil.<\/abbr> Mario Oertel zur Helmut-Schmidt-Universit\u00e4t Hamburg und \u00fcbernahm die Professur f\u00fcr Wasserbau in den neu eingerichteten Bachelor- und Masterstudieng\u00e4ngen Bauingenieurwesen. Die Wasserbau-Professur an der Universit\u00e4t der Bundeswehr Hamburg ist ausgerichtet an den Schwerpunktthemen Hydraulische Dimensionierung von Wasserbauwerken, Naturnaher Wasserbau sowie Numerische Str\u00f6mungssimulationen. Insbesondere das Wasserbauliche Versuchswesen bildet hier einen zentralen Arbeitsschwerpunkt, da mit der Professur auch die Leitung des Wasserbaulabors mit einer Leistungsf\u00e4higkeit von rund 1.500 l\/s verbunden ist.<\/p>\n<\/div>\n\n\n\n<div class=\"wp-block-column is-layout-flow wp-block-column-is-layout-flow\">\n<p>Aktuelle Informationen finden Sie auf <a href=\"https:\/\/www.linkedin.com\/in\/mario-oertel-0289ab218\/\" data-type=\"link\" data-id=\"https:\/\/www.linkedin.com\/in\/mario-oertel-0289ab2\" target=\"_blank\" rel=\"noreferrer noopener\">Linkedin<\/a>.<\/p>\n\n\n\n<p><\/p>\n\n\n\n<p><a href=\"https:\/\/www.hsu-hh.de\/wasserbau\/news-archiv\/\" data-type=\"page\" data-id=\"965\">+++ NEWS ARCHIV ab 2021 +++<\/a><\/p>\n<\/div>\n<\/div>\n","protected":false},"excerpt":{"rendered":"<p>Herzlich Willkommen Aktuelles Die Wasserbauprofessur an der Helmut-Schmidt-Universit\u00e4t ist in der Fakult\u00e4t f\u00fcr Maschinenbau und Bauingenieurwesen angesiedelt. Die Forschungsschwerpunkte der Professur liegen in den Bereichen Nicht-lineare Wehre, Fischaufstiegsanlagen, Naturnaher Wasserbau, [&hellip;]<\/p>\n","protected":false},"author":26,"featured_media":0,"parent":0,"menu_order":0,"comment_status":"closed","ping_status":"closed","template":"","meta":{"footnotes":""},"categories":[35],"tags":[],"class_list":["post-73","page","type-page","status-publish","hentry","category-startseite"],"_links":{"self":[{"href":"https:\/\/www.hsu-hh.de\/wasserbau\/wp-json\/wp\/v2\/pages\/73","targetHints":{"allow":["GET"]}}],"collection":[{"href":"https:\/\/www.hsu-hh.de\/wasserbau\/wp-json\/wp\/v2\/pages"}],"about":[{"href":"https:\/\/www.hsu-hh.de\/wasserbau\/wp-json\/wp\/v2\/types\/page"}],"author":[{"embeddable":true,"href":"https:\/\/www.hsu-hh.de\/wasserbau\/wp-json\/wp\/v2\/users\/26"}],"replies":[{"embeddable":true,"href":"https:\/\/www.hsu-hh.de\/wasserbau\/wp-json\/wp\/v2\/comments?post=73"}],"version-history":[{"count":118,"href":"https:\/\/www.hsu-hh.de\/wasserbau\/wp-json\/wp\/v2\/pages\/73\/revisions"}],"predecessor-version":[{"id":1164,"href":"https:\/\/www.hsu-hh.de\/wasserbau\/wp-json\/wp\/v2\/pages\/73\/revisions\/1164"}],"wp:attachment":[{"href":"https:\/\/www.hsu-hh.de\/wasserbau\/wp-json\/wp\/v2\/media?parent=73"}],"wp:term":[{"taxonomy":"category","embeddable":true,"href":"https:\/\/www.hsu-hh.de\/wasserbau\/wp-json\/wp\/v2\/categories?post=73"},{"taxonomy":"post_tag","embeddable":true,"href":"https:\/\/www.hsu-hh.de\/wasserbau\/wp-json\/wp\/v2\/tags?post=73"}],"curies":[{"name":"wp","href":"https:\/\/api.w.org\/{rel}","templated":true}]}}