{"id":135,"date":"2021-02-22T09:22:40","date_gmt":"2021-02-22T08:22:40","guid":{"rendered":"https:\/\/www.hsu-hh.de\/wasserbau\/?page_id=135"},"modified":"2024-03-25T15:11:47","modified_gmt":"2024-03-25T14:11:47","slug":"wasserbaulabor","status":"publish","type":"page","link":"https:\/\/www.hsu-hh.de\/wasserbau\/wasserbaulabor\/","title":{"rendered":"Wasserbaulabor"},"content":{"rendered":"\n<figure class=\"wp-block-image size-large\"><img loading=\"lazy\" decoding=\"async\" width=\"1024\" height=\"256\" src=\"https:\/\/www.hsu-hh.de\/wasserbau\/wp-content\/uploads\/sites\/856\/2023\/01\/FlumePKW-1024x256.jpg\" data-credit=\"M. Oertel\" alt=\"\" class=\"wp-image-915\" srcset=\"https:\/\/www.hsu-hh.de\/wasserbau\/wp-content\/uploads\/sites\/856\/2023\/01\/FlumePKW-1024x256.jpg 1024w, https:\/\/www.hsu-hh.de\/wasserbau\/wp-content\/uploads\/sites\/856\/2023\/01\/FlumePKW-300x75.jpg 300w, https:\/\/www.hsu-hh.de\/wasserbau\/wp-content\/uploads\/sites\/856\/2023\/01\/FlumePKW-768x192.jpg 768w, https:\/\/www.hsu-hh.de\/wasserbau\/wp-content\/uploads\/sites\/856\/2023\/01\/FlumePKW-1536x383.jpg 1536w, https:\/\/www.hsu-hh.de\/wasserbau\/wp-content\/uploads\/sites\/856\/2023\/01\/FlumePKW-2048x511.jpg 2048w, https:\/\/www.hsu-hh.de\/wasserbau\/wp-content\/uploads\/sites\/856\/2023\/01\/FlumePKW-1100x275.jpg 1100w, https:\/\/www.hsu-hh.de\/wasserbau\/wp-content\/uploads\/sites\/856\/2023\/01\/FlumePKW-1800x450.jpg 1800w\" sizes=\"auto, (max-width: 1024px) 100vw, 1024px\" \/><\/figure>\n\n\n\n<div class=\"wp-block-columns is-layout-flex wp-container-core-columns-is-layout-9d6595d7 wp-block-columns-is-layout-flex\">\n<div class=\"wp-block-column is-layout-flow wp-block-column-is-layout-flow\" style=\"flex-basis:33.33%\">\n<figure class=\"wp-block-image size-large\"><img loading=\"lazy\" decoding=\"async\" width=\"1024\" height=\"576\" src=\"https:\/\/www.hsu-hh.de\/wasserbau\/wp-content\/uploads\/sites\/856\/2021\/08\/IMG_6302-1024x576.jpeg\" data-credit=\"M. Oertel\" alt=\"Labor4\" class=\"wp-image-535\" \/><\/figure>\n\n\n\n<figure class=\"wp-block-image size-large\"><img loading=\"lazy\" decoding=\"async\" width=\"1024\" height=\"768\" src=\"https:\/\/www.hsu-hh.de\/wasserbau\/wp-content\/uploads\/sites\/856\/2021\/08\/IMG_1692-1024x768.png\" data-credit=\"M. Oertel\" alt=\"Labor 3D\" class=\"wp-image-530\" \/><\/figure>\n<\/div>\n\n\n\n<div class=\"wp-block-column is-layout-flow wp-block-column-is-layout-flow\" style=\"flex-basis:66.66%\">\n<p>Das Wasserbaulabor wird derzeit in Glinde vollst\u00e4ndig neu errichtet. Das Labor verf\u00fcgt \u00fcber 900 qm Fl\u00e4che sowie \u00fcber einen geschlossenen Wasserkreislauf mit ca. 300 cbm Speicherinhalt. \u00dcber zwei frequenzgenerierte Hochleistungspumpen wird ein Durchfluss von bis zu 1.500 l\/s realisiert, der \u00fcber ein DN500 Rohrleitungssystem bereitgestellt wird.<\/p>\n\n\n\n<p><strong>Messtechnik \/ Ausstattung:<\/strong><\/p>\n\n\n\n<ul class=\"wp-block-list\">\n<li>Microsonic Ultraschallsensoren<\/li>\n\n\n\n<li>HBK QuantumX Messverst\u00e4rker<\/li>\n\n\n\n<li>isel Linearpositionierung<\/li>\n\n\n\n<li>Sontek M9 ADCP, rQPOD<\/li>\n\n\n\n<li>Sontek FlowTracker2<\/li>\n\n\n\n<li>HR Wallingford Stechpegel<\/li>\n\n\n\n<li>Siemens SITRANS FM MID<\/li>\n\n\n\n<li>Krohne Optiflux 2100 W MID<\/li>\n\n\n\n<li>LaVision High-Speed PIV, Phantom VEO 440L<\/li>\n\n\n\n<li>Double Tip Conductivity Probes (Leitf\u00e4higkeitsmesssonden)<\/li>\n\n\n\n<li>Bigrep ONE4 Gro\u00dfformat-3D-Drucker<\/li>\n<\/ul>\n\n\n\n<p><\/p>\n\n\n\n<p><strong>Rinnen: <\/strong><\/p>\n\n\n\n<ul class=\"wp-block-list\">\n<li>Str\u00f6mungsrinne (<em>L<\/em> = 20 m, <em>B<\/em> = 1,0 m, <em>H<\/em> = 1,0 m)<\/li>\n\n\n\n<li>Wellenrinne  (<em>L<\/em> = 20 m, <em>B<\/em> = 0,8 m, <em>H<\/em> = 0,8 m)<\/li>\n\n\n\n<li>Kipprinne (in Planung, <em>L<\/em> = 15 m, <em>B<\/em> = 1,5 m, <em>H<\/em> = 1,0 m)<\/li>\n\n\n\n<li>Blockrampe (in Planung, <em>L<\/em> = 10 m, <em>B<\/em> = 1,6 m, <em>H<\/em> = 0,8 m)<\/li>\n<\/ul>\n<\/div>\n<\/div>\n\n\n\n<hr class=\"wp-block-separator has-css-opacity\" \/>\n\n\n\n<h2 class=\"wp-block-heading\">In-situ Labor<\/h2>\n\n\n\n<div class=\"wp-block-columns is-layout-flex wp-container-core-columns-is-layout-9d6595d7 wp-block-columns-is-layout-flex\">\n<div class=\"wp-block-column is-layout-flow wp-block-column-is-layout-flow\" style=\"flex-basis:33.33%\">\n<figure class=\"wp-block-image size-full\"><img loading=\"lazy\" decoding=\"async\" width=\"800\" height=\"600\" src=\"https:\/\/www.hsu-hh.de\/wasserbau\/wp-content\/uploads\/sites\/856\/2021\/08\/IMG_2564-1024x768-1-e1638787494732.jpg\" data-credit=\"M. Oertel\" alt=\"ADCP\" class=\"wp-image-598\" \/><\/figure>\n\n\n\n<figure class=\"wp-block-image size-full\"><img loading=\"lazy\" decoding=\"async\" width=\"800\" height=\"178\" src=\"https:\/\/www.hsu-hh.de\/wasserbau\/wp-content\/uploads\/sites\/856\/2021\/08\/kanaltrave-ADCP-1024x228-1-e1638787488328.png\" data-credit=\"M. Oertel\" alt=\"ADCP\" class=\"wp-image-599\" \/><\/figure>\n<\/div>\n\n\n\n<div class=\"wp-block-column is-layout-flow wp-block-column-is-layout-flow\" style=\"flex-basis:66.66%\">\n<p>Messtechnik auf dem aktuellen Stand der Forschung wird neben dem Wasserbaulabor auch bei Feldmessungen eingesetzt. Zur Bestimmung von Tiefenprofilen sowie hochaufgel\u00f6sten Geschwindigkeitsprofilen kommt ein ADCP Messboot zum Einsatz. Dieses bietet neben der kontinuierlichen Messung von Geschwindigkeiten im Profil auch autonome Fahrfunktionen zur automatischen Aufzeichnung von Gew\u00e4ssertiefen. Weitere Messtechnik, wie z. B. eine ADV Geschwindigkeitssonde, wird ebenfalls eingesetzt. <\/p>\n<\/div>\n<\/div>\n\n\n\n<hr class=\"wp-block-separator has-css-opacity\" \/>\n\n\n\n<h2 class=\"wp-block-heading\">Computer Labor<\/h2>\n\n\n\n<div class=\"wp-block-columns is-layout-flex wp-container-core-columns-is-layout-9d6595d7 wp-block-columns-is-layout-flex\">\n<div class=\"wp-block-column is-layout-flow wp-block-column-is-layout-flow\" style=\"flex-basis:33.33%\">\n<figure class=\"wp-block-image size-full\"><img loading=\"lazy\" decoding=\"async\" width=\"1024\" height=\"534\" src=\"https:\/\/www.hsu-hh.de\/wasserbau\/wp-content\/uploads\/sites\/856\/2021\/08\/N8Stream-1024x534-1.jpg\" data-credit=\"M. Oertel\" alt=\"CFD\" class=\"wp-image-597\" srcset=\"https:\/\/www.hsu-hh.de\/wasserbau\/wp-content\/uploads\/sites\/856\/2021\/08\/N8Stream-1024x534-1.jpg 1024w, https:\/\/www.hsu-hh.de\/wasserbau\/wp-content\/uploads\/sites\/856\/2021\/08\/N8Stream-1024x534-1-300x156.jpg 300w, https:\/\/www.hsu-hh.de\/wasserbau\/wp-content\/uploads\/sites\/856\/2021\/08\/N8Stream-1024x534-1-768x401.jpg 768w\" sizes=\"auto, (max-width: 1024px) 100vw, 1024px\" \/><\/figure>\n<\/div>\n\n\n\n<div class=\"wp-block-column is-layout-flow wp-block-column-is-layout-flow\" style=\"flex-basis:66.66%\">\n<p>Die Professur Wasserbau arbeitet mit modernen Softwareprodukten zur Str\u00f6mungssimulation. F\u00fcr 1D und 2D Simulationen kommt das Programmpaket HEC-RAS in Forschung und Lehre zum Einsatz. F\u00fcr die 3D CFD Simulation werden u. a. FLOW-3D und OpenFoam verwendet. <\/p>\n<\/div>\n<\/div>\n","protected":false},"excerpt":{"rendered":"<p>Das Wasserbaulabor wird derzeit in Glinde vollst\u00e4ndig neu errichtet. Das Labor verf\u00fcgt \u00fcber 900 qm Fl\u00e4che sowie \u00fcber einen geschlossenen Wasserkreislauf mit ca. 300 cbm Speicherinhalt. \u00dcber zwei frequenzgenerierte Hochleistungspumpen [&hellip;]<\/p>\n","protected":false},"author":2919,"featured_media":0,"parent":0,"menu_order":0,"comment_status":"closed","ping_status":"closed","template":"","meta":{"footnotes":""},"categories":[4],"tags":[],"class_list":["post-135","page","type-page","status-publish","hentry","category-forschung"],"_links":{"self":[{"href":"https:\/\/www.hsu-hh.de\/wasserbau\/wp-json\/wp\/v2\/pages\/135","targetHints":{"allow":["GET"]}}],"collection":[{"href":"https:\/\/www.hsu-hh.de\/wasserbau\/wp-json\/wp\/v2\/pages"}],"about":[{"href":"https:\/\/www.hsu-hh.de\/wasserbau\/wp-json\/wp\/v2\/types\/page"}],"author":[{"embeddable":true,"href":"https:\/\/www.hsu-hh.de\/wasserbau\/wp-json\/wp\/v2\/users\/2919"}],"replies":[{"embeddable":true,"href":"https:\/\/www.hsu-hh.de\/wasserbau\/wp-json\/wp\/v2\/comments?post=135"}],"version-history":[{"count":45,"href":"https:\/\/www.hsu-hh.de\/wasserbau\/wp-json\/wp\/v2\/pages\/135\/revisions"}],"predecessor-version":[{"id":1039,"href":"https:\/\/www.hsu-hh.de\/wasserbau\/wp-json\/wp\/v2\/pages\/135\/revisions\/1039"}],"wp:attachment":[{"href":"https:\/\/www.hsu-hh.de\/wasserbau\/wp-json\/wp\/v2\/media?parent=135"}],"wp:term":[{"taxonomy":"category","embeddable":true,"href":"https:\/\/www.hsu-hh.de\/wasserbau\/wp-json\/wp\/v2\/categories?post=135"},{"taxonomy":"post_tag","embeddable":true,"href":"https:\/\/www.hsu-hh.de\/wasserbau\/wp-json\/wp\/v2\/tags?post=135"}],"curies":[{"name":"wp","href":"https:\/\/api.w.org\/{rel}","templated":true}]}}