{"id":116,"date":"2018-01-17T14:07:04","date_gmt":"2018-01-17T13:07:04","guid":{"rendered":"https:\/\/www.hsu-hh.de\/vorlage\/?page_id=116"},"modified":"2025-05-22T08:51:30","modified_gmt":"2025-05-22T06:51:30","slug":"lehre","status":"publish","type":"page","link":"https:\/\/www.hsu-hh.de\/wasserbau\/lehre\/","title":{"rendered":"Lehre"},"content":{"rendered":"\n<div class=\"wp-block-columns is-layout-flex wp-container-core-columns-is-layout-9d6595d7 wp-block-columns-is-layout-flex\">\n<div class=\"wp-block-column is-layout-flow wp-block-column-is-layout-flow\" style=\"flex-basis:33.33%\">\n<figure class=\"wp-block-image size-large\"><img loading=\"lazy\" decoding=\"async\" width=\"768\" height=\"1024\" src=\"https:\/\/www.hsu-hh.de\/wasserbau\/wp-content\/uploads\/sites\/856\/2021\/08\/IMG_8157-1-768x1024.jpg\" data-credit=\"M. Oertel\" alt=\"Hoover\" class=\"wp-image-586\" \/><\/figure>\n<\/div>\n\n\n\n<div class=\"wp-block-column is-layout-flow wp-block-column-is-layout-flow\" style=\"flex-basis:66.66%\">\n<ul class=\"wp-block-list\">\n<li>Wasserwirtschaft, Siedlungswasserwirtschaft <\/li>\n\n\n\n<li>Wasserbau<\/li>\n\n\n\n<li>Wasserbauliches Versuchswesen<\/li>\n\n\n\n<li>Verkehrswasserbau<\/li>\n\n\n\n<li>Numerische Methoden im Wasserbau<\/li>\n\n\n\n<li>K\u00fcsteningenieurwesen<\/li>\n\n\n\n<li>Geoinformationssysteme GIS<\/li>\n\n\n\n<li>Flie\u00dfgew\u00e4sser und Kan\u00e4le: Lebensader der Zivilisation (ISA)<\/li>\n\n\n\n<li>Wie baut man ein Einfamilienhaus? Einblicke in die Welt des Bauingenieurwesens. (ISA) <\/li>\n<\/ul>\n\n\n\n<p><\/p>\n\n\n\n<p>Vorlesungsunterlagen werden \u00fcber die Plattform ILIAS bereitgestellt.<\/p>\n\n\n\n<p>Liste betreuter Abschlussarbeiten (coming soon). <\/p>\n<\/div>\n<\/div>\n","protected":false},"excerpt":{"rendered":"<p>Vorlesungsunterlagen werden \u00fcber die Plattform ILIAS bereitgestellt. Liste betreuter Abschlussarbeiten (coming soon).<\/p>\n","protected":false},"author":26,"featured_media":0,"parent":0,"menu_order":0,"comment_status":"closed","ping_status":"closed","template":"","meta":{"footnotes":""},"categories":[6],"tags":[],"class_list":["post-116","page","type-page","status-publish","hentry","category-lehre"],"_links":{"self":[{"href":"https:\/\/www.hsu-hh.de\/wasserbau\/wp-json\/wp\/v2\/pages\/116","targetHints":{"allow":["GET"]}}],"collection":[{"href":"https:\/\/www.hsu-hh.de\/wasserbau\/wp-json\/wp\/v2\/pages"}],"about":[{"href":"https:\/\/www.hsu-hh.de\/wasserbau\/wp-json\/wp\/v2\/types\/page"}],"author":[{"embeddable":true,"href":"https:\/\/www.hsu-hh.de\/wasserbau\/wp-json\/wp\/v2\/users\/26"}],"replies":[{"embeddable":true,"href":"https:\/\/www.hsu-hh.de\/wasserbau\/wp-json\/wp\/v2\/comments?post=116"}],"version-history":[{"count":18,"href":"https:\/\/www.hsu-hh.de\/wasserbau\/wp-json\/wp\/v2\/pages\/116\/revisions"}],"predecessor-version":[{"id":1140,"href":"https:\/\/www.hsu-hh.de\/wasserbau\/wp-json\/wp\/v2\/pages\/116\/revisions\/1140"}],"wp:attachment":[{"href":"https:\/\/www.hsu-hh.de\/wasserbau\/wp-json\/wp\/v2\/media?parent=116"}],"wp:term":[{"taxonomy":"category","embeddable":true,"href":"https:\/\/www.hsu-hh.de\/wasserbau\/wp-json\/wp\/v2\/categories?post=116"},{"taxonomy":"post_tag","embeddable":true,"href":"https:\/\/www.hsu-hh.de\/wasserbau\/wp-json\/wp\/v2\/tags?post=116"}],"curies":[{"name":"wp","href":"https:\/\/api.w.org\/{rel}","templated":true}]}}