{"id":370,"date":"2018-02-19T11:53:06","date_gmt":"2018-02-19T10:53:06","guid":{"rendered":"https:\/\/www.hsu-hh.de\/vw\/?page_id=370"},"modified":"2018-02-19T12:12:30","modified_gmt":"2018-02-19T11:12:30","slug":"moritz-behm","status":"publish","type":"page","link":"https:\/\/www.hsu-hh.de\/vw\/moritz-behm","title":{"rendered":"Moritz Behm"},"content":{"rendered":"<p><img loading=\"lazy\" decoding=\"async\" class=\"size-medium wp-image-332 alignleft\" src=\"https:\/\/www.hsu-hh.de\/vw\/wp-content\/uploads\/sites\/685\/2018\/02\/Moritz-Behm-300x272.jpeg\" alt=\"Moritz Behm\" width=\"300\" height=\"272\" srcset=\"https:\/\/www.hsu-hh.de\/vw\/wp-content\/uploads\/sites\/685\/2018\/02\/Moritz-Behm-300x272.jpeg 300w, https:\/\/www.hsu-hh.de\/vw\/wp-content\/uploads\/sites\/685\/2018\/02\/Moritz-Behm-768x696.jpeg 768w, https:\/\/www.hsu-hh.de\/vw\/wp-content\/uploads\/sites\/685\/2018\/02\/Moritz-Behm-1024x927.jpeg 1024w, https:\/\/www.hsu-hh.de\/vw\/wp-content\/uploads\/sites\/685\/2018\/02\/Moritz-Behm.jpeg 1060w\" sizes=\"auto, (max-width: 300px) 100vw, 300px\" \/><\/p>\n<p>&nbsp;<\/p>\n<p>&nbsp;<\/p>\n<p>Externer Doktorand<\/p>\n<p>Email: mail@moritzbehm.de<\/p>\n<p>&nbsp;<\/p>\n<p>&nbsp;<\/p>\n<p>&nbsp;<\/p>\n<p>&nbsp;<\/p>\n<p>Kurzvita<\/p>\n<p>Akademische Kurzvita:<br \/>\n07\/2016 &#8211; heute: Externe\u00a0Promotion im Bereich &#8222;Digital Health&#8220; in Kassel und Hamburg<br \/>\n08\/2013 &#8211; 08\/2015: Masterstudium \u201eInternational Business&#8220; in K\u00f6ln<br \/>\n06\/2014 &#8211; 08\/2014: Auslandsstudium \u201eInternational Business&#8220; in Shanghai, China<br \/>\n09\/2010 &#8211; 08\/2013: Bachelorstudium \u201eHealthcare Management&#8220; in Bielefeld<\/p>\n<p>Berufliche Kurzvita:<br \/>\n03\/2017 &#8211; heute: Dozent an der FOM &#8211; Hochschule f\u00fcr \u00d6konomie und Management in M\u00fcnchen<br \/>\n12\/2016 &#8211; heute: Selbst\u00e4ndiger Unternehmensberater mit Sitz in M\u00fcnchen<br \/>\n03\/2016 &#8211; heute: Dozent an der Fachhochschule des Mittelstands in Bielefeld<br \/>\n09\/2015 &#8211;\u00a011\/2016:\u00a0 Unternehmensberater bei Campana &amp; Schott in M\u00fcnchen<br \/>\n01\/2015 &#8211; 07\/2015: Masterand bei Lufthansa Consulting in Frankfurt am Main<br \/>\n09\/2013 &#8211; 12\/2014: Unternehmensberater bei Bazan Management in Witten<br \/>\n05\/2013 &#8211; 08\/2013: Bachelorand bei Bazan Management in Witten<\/p>\n<p>&nbsp;<\/p>\n<p>Forschungsschwerpunkte<\/p>\n<p>Titel des Dissertationsprojekts:<br \/>\n&#8222;Analyse des\u00a0Nutzungspotentials von eHealth Applikationen\u00a0zur Verbesserung der Behandlungsqualit\u00e4t sowie der Patient\u00a0Experience von onkologischen Patienten&#8220;<\/p>\n<p>Digital Health<br \/>\nTelemedizin, eHealth, mHealth<br \/>\nInnovationsforschung<br \/>\nDigitale Transformation<br \/>\nGesundheit &amp; Technologie<br \/>\nPublikationen\/Vortr\u00e4ge<br \/>\nPublikationen:<br \/>\nBehm, M.\u00a0(2018): Liberale Interessensgemeinschaft oder doch\u00a0Universalverband? Der Hartmannbund. In: Spier, T., Str\u00fcnck, C. (<abbr title=\"Herausgeber\">Hrsg.<\/abbr>). \u00c4rzteverb\u00e4nde\u00a0und ihre Mitglieder \u2013 Zwischen Einfluss und\u00a0Mitgliedschaftslogik. Wiesbaden:\u00a0Springer.<\/p>\n<p>Behm,\u00a0M., Matusiewicz, D. (2017): Zehn Thesen zur digitalen Transformation im\u00a0Gesundheitswesen \u2013 eine Branche zwischen etabliertem Stillstand und disruptiven\u00a0Spr\u00fcngen. In: Repschl\u00e4ger, U., Schulte,\u00a0C., Osterkamp, N.\u00a0(<abbr title=\"Herausgeber\">Hrsg.<\/abbr>).\u00a0Gesundheitswesen aktuell 2017. K\u00f6ln: Barmer.<\/p>\n<p>Vortr\u00e4ge &amp; Moderationen<br \/>\nBehm, M. (2017): Hochschule 4.0 &#8211; Die Universit\u00e4t der Zukunft &#8211; Impulsvortrag und Moderation auf der Medica 2017 in D\u00fcsseldorf<br \/>\nBehm, M. (2013):\u00a0Analyse der auf Zytostatika bezogenen Versorgungsprozesse in\u00a0Deutschland &#8211; Vortrag auf der Medica 2013 in D\u00fcsseldorf<br \/>\nBehm, M. (2012): &#8222;Social MEDia&#8220; \u2013 Das Kommunikationsmedium (auch?!) in der Gesundheitswirtschaft? Vortrag und Moderation auf dem Symposium der Gesundheitswirtschaft 2012 in Bielefeld<br \/>\nBehm, M. (2011):\u00a0Potential oder Gefahr \u2013 Implementierung der Telemedizin im deutschen Gesundheitswesen, Vortrag und Moderation auf dem Symposium der Gesundheitswirtschaft 2011 in Bielefeld<\/p>\n","protected":false},"excerpt":{"rendered":"<p>&nbsp; &nbsp; Externer Doktorand Email: mail@moritzbehm.de &nbsp; &nbsp; &nbsp; &nbsp; Kurzvita Akademische Kurzvita: 07\/2016 &#8211; heute: Externe\u00a0Promotion im Bereich &#8222;Digital Health&#8220; in Kassel und Hamburg 08\/2013 &#8211; 08\/2015: Masterstudium \u201eInternational [&hellip;]<\/p>\n","protected":false},"author":1481,"featured_media":0,"parent":0,"menu_order":0,"comment_status":"closed","ping_status":"closed","template":"","meta":{"footnotes":""},"categories":[8],"tags":[],"class_list":["post-370","page","type-page","status-publish","hentry","category-team"],"_links":{"self":[{"href":"https:\/\/www.hsu-hh.de\/vw\/wp-json\/wp\/v2\/pages\/370","targetHints":{"allow":["GET"]}}],"collection":[{"href":"https:\/\/www.hsu-hh.de\/vw\/wp-json\/wp\/v2\/pages"}],"about":[{"href":"https:\/\/www.hsu-hh.de\/vw\/wp-json\/wp\/v2\/types\/page"}],"author":[{"embeddable":true,"href":"https:\/\/www.hsu-hh.de\/vw\/wp-json\/wp\/v2\/users\/1481"}],"replies":[{"embeddable":true,"href":"https:\/\/www.hsu-hh.de\/vw\/wp-json\/wp\/v2\/comments?post=370"}],"version-history":[{"count":3,"href":"https:\/\/www.hsu-hh.de\/vw\/wp-json\/wp\/v2\/pages\/370\/revisions"}],"predecessor-version":[{"id":390,"href":"https:\/\/www.hsu-hh.de\/vw\/wp-json\/wp\/v2\/pages\/370\/revisions\/390"}],"wp:attachment":[{"href":"https:\/\/www.hsu-hh.de\/vw\/wp-json\/wp\/v2\/media?parent=370"}],"wp:term":[{"taxonomy":"category","embeddable":true,"href":"https:\/\/www.hsu-hh.de\/vw\/wp-json\/wp\/v2\/categories?post=370"},{"taxonomy":"post_tag","embeddable":true,"href":"https:\/\/www.hsu-hh.de\/vw\/wp-json\/wp\/v2\/tags?post=370"}],"curies":[{"name":"wp","href":"https:\/\/api.w.org\/{rel}","templated":true}]}}