{"id":3193,"date":"2025-09-24T14:28:10","date_gmt":"2025-09-24T12:28:10","guid":{"rendered":"https:\/\/www.hsu-hh.de\/vw\/?page_id=3193"},"modified":"2025-09-24T14:28:17","modified_gmt":"2025-09-24T12:28:17","slug":"maximilian-einhaus","status":"publish","type":"page","link":"https:\/\/www.hsu-hh.de\/vw\/maximilian-einhaus","title":{"rendered":"Maximilian Einhaus"},"content":{"rendered":"\n<p>Wissenschaftlicher Mitarbeiter \/ Doktorand<\/p>\n\n\n\n<div class=\"wp-block-columns is-layout-flex wp-container-core-columns-is-layout-9d6595d7 wp-block-columns-is-layout-flex\">\n<div class=\"wp-block-column is-layout-flow wp-block-column-is-layout-flow\">\n<p>Helmut-Schmidt-Universit\u00e4t<br>Fakult\u00e4t f\u00fcr Wirtschafts- und Sozialwissenschaften<br>Professur f\u00fcr Verwaltungswissenschaft<br>Holstenhofweg 85<br>22043 Hamburg<\/p>\n<\/div>\n\n\n\n<div class=\"wp-block-column is-layout-flow wp-block-column-is-layout-flow\">\n<p><strong>Geb\u00e4ude<\/strong>: H 1, <strong>Raum:<\/strong> 2143<br><strong>Telefon<\/strong>: +4940 6541 3874<br><strong>Fax<\/strong>: +4940 6541 3522<br><strong>E-Mail:<\/strong> einhausm@hsu-hh.de<\/p>\n<\/div>\n\n\n\n<div class=\"wp-block-column is-layout-flow wp-block-column-is-layout-flow\">\n<figure class=\"wp-block-image size-full is-resized\"><img loading=\"lazy\" decoding=\"async\" width=\"400\" height=\"400\" src=\"https:\/\/www.hsu-hh.de\/vw\/wp-content\/uploads\/sites\/685\/2025\/09\/einhausmaximilian.jpg\" data-credit=\"Max Einhaus\" alt=\"\" class=\"wp-image-3194\" style=\"width:222px;height:auto\" srcset=\"https:\/\/www.hsu-hh.de\/vw\/wp-content\/uploads\/sites\/685\/2025\/09\/einhausmaximilian.jpg 400w, https:\/\/www.hsu-hh.de\/vw\/wp-content\/uploads\/sites\/685\/2025\/09\/einhausmaximilian-300x300.jpg 300w, https:\/\/www.hsu-hh.de\/vw\/wp-content\/uploads\/sites\/685\/2025\/09\/einhausmaximilian-150x150.jpg 150w, https:\/\/www.hsu-hh.de\/vw\/wp-content\/uploads\/sites\/685\/2025\/09\/einhausmaximilian-100x100.jpg 100w\" sizes=\"auto, (max-width: 400px) 100vw, 400px\" \/><\/figure>\n<\/div>\n<\/div>\n\n\n\n<hr class=\"wp-block-separator has-alpha-channel-opacity\" \/>\n\n\n\n<p><strong>Wissenschaftlicher Werdegang<\/strong><\/p>\n\n\n\n<p>Seit 08\/2025: Wissenschaftlicher Mitarbeiter an der Professur f\u00fcr Verwaltungswissenschaft<\/p>\n\n\n\n<p>08\/2023-07\/2025: Selbst\u00e4ndige T\u00e4tigkeit in der emp. Sozialforschung, Lehrauftrag an der Universit\u00e4t Hamburg, Lehrstuhl f\u00fcr Politische Theorie<\/p>\n\n\n\n<p>01\/2022-07\/2023: Wissenschaftlicher Mitarbeiter an der Helmut-Schmidt-Universit\u00e4t Hamburg, Institut f\u00fcr Controlling und Unternehmensrechnung, dtec.bw<\/p>\n\n\n\n<p>2013-2021 Studium der Staatswissenschaften (Politik, Recht, Wirtschaft), Kommunikationswissenschaft, Soziologie an den Universit\u00e4ten Erfurt, Frankfurt a.M. (Goethe U.), Paris (Ecole des Hautes Etudes en Sciences Sociales)<\/p>\n\n\n\n<p><strong>Forschungsinteressen<\/strong><\/p>\n\n\n\n<p>Innovation, Wohlfahrtsstaat, Digitale Transformation<\/p>\n\n\n\n<p><strong>Publikationen<\/strong><\/p>\n\n\n\n<p>Einhaus, M., &amp; Klenk, T. (2024). Towards a platformised welfare state? How public administration, personal data, and third-sector welfare get entangled in a nation-wide digitalisation project. <em>der moderne staat \u2013 Zeitschrift f\u00fcr Public Policy, Recht und Management<\/em>, <em>17<\/em>(1), 13\u201334. <a href=\"https:\/\/doi.org\/10.3224\/dms.v17i1.02\" rel='nofollow'>https:\/\/doi.org\/10.3224\/dms.v17i1.02<\/a><\/p>\n\n\n\n<p class=\"has-text-align-left\">Folge-\u00dcberlegungen in Blogs:<\/p>\n\n\n\n<p class=\"has-text-align-left\">\u201eDas Ende der fragmentierten Sozialstaats-Governance?\u201c (<a href=\"https:\/\/difis.org\/blog\/?blog=136\" rel='nofollow'>DIFIS Sozialpolitikblog<\/a>)<\/p>\n\n\n\n<p>\u201eAuf dem Weg in den Plattform-Sozialstaat? Das Onlinezugangsgesetz durch die Brille der sozio-technischen Innovationsforschung\u201c (<a href=\"https:\/\/www.dvpw.de\/blog\/auf-dem-weg-in-den-plattform-sozialstaat-das-onlinezugangsgesetz-durch-die-brille-der-sozio-technischen-innovationsforschung-ein-beitrag-von-maximilian-einhaus-und-tanja-klenk\" rel='nofollow'>Blog der DGVP<\/a>)<\/p>\n\n\n\n<p><\/p>\n\n\n\n<p>Klenk, T., &amp; Einhaus, M. (2024). Brauchen wir ein neues Modell der Subsidiarit\u00e4t? Die freie Wohlfahrtspflege zwischen Marktdruck und b\u00fcrokratischen H\u00fcrden. <em>Verwaltung &amp; Management (VM)<\/em>, <em>30<\/em>(6). <a href=\"https:\/\/doi.org\/10.5771\/0947-9856-2024-6-251\" rel='nofollow'>https:\/\/doi.org\/10.5771\/0947-9856-2024-6-251<\/a><\/p>\n\n\n\n<p>Linke, V., Einhaus, M., Hilgert, C., &amp; Junne, J. (2023). Prek\u00e4res Organisieren im subsidi\u00e4ren Wohlfahrtsstaat: Pandemisches Krisenmanagement als Spannungsverst\u00e4rker oder -Entsch\u00e4rfer f\u00fcr Einrichtungen der sozialen Daseinsvorsorge. In I. Bode, R. Jungmann, &amp; K. Serrano Velarde (<abbr title=\"Herausgeber\">Hrsg.<\/abbr>), <em>Staatliche Organisationen und Krisenmanagement<\/em> (S. 110\u2013134). Nomos. <a href=\"https:\/\/doi.org\/10.5771\/9783748936794-110\" rel='nofollow'>https:\/\/doi.org\/10.5771\/9783748936794-110<\/a><\/p>\n\n\n\n<p>Researchgate: <strong><a href=\"https:\/\/www.researchgate.net\/profile\/Maximilian-Einhaus?ev=hdr_xprf\" rel='nofollow'>https:\/\/www.researchgate.net\/profile\/Maximilian-Einhaus?ev=hdr_xprf<\/a><\/strong><\/p>\n\n\n\n<p>G. Scholar:<strong> <a href=\"https:\/\/scholar.google.de\/citations?user=G0u8PT0AAAAJ&amp;hl=en\" rel='nofollow'>https:\/\/scholar.google.de\/citations?user=G0u8PT0AAAAJ&amp;hl=en<\/a><\/strong><\/p>\n","protected":false},"excerpt":{"rendered":"<p>Wissenschaftlicher Mitarbeiter \/ Doktorand Helmut-Schmidt-Universit\u00e4tFakult\u00e4t f\u00fcr Wirtschafts- und SozialwissenschaftenProfessur f\u00fcr VerwaltungswissenschaftHolstenhofweg 8522043 Hamburg Geb\u00e4ude: H 1, Raum: 2143Telefon: +4940 6541 3874Fax: +4940 6541 3522E-Mail: einhausm@hsu-hh.de Wissenschaftlicher Werdegang Seit 08\/2025: Wissenschaftlicher [&hellip;]<\/p>\n","protected":false},"author":95,"featured_media":0,"parent":0,"menu_order":0,"comment_status":"closed","ping_status":"closed","template":"","meta":{"footnotes":""},"categories":[4],"tags":[],"class_list":["post-3193","page","type-page","status-publish","hentry","category-forschung"],"_links":{"self":[{"href":"https:\/\/www.hsu-hh.de\/vw\/wp-json\/wp\/v2\/pages\/3193","targetHints":{"allow":["GET"]}}],"collection":[{"href":"https:\/\/www.hsu-hh.de\/vw\/wp-json\/wp\/v2\/pages"}],"about":[{"href":"https:\/\/www.hsu-hh.de\/vw\/wp-json\/wp\/v2\/types\/page"}],"author":[{"embeddable":true,"href":"https:\/\/www.hsu-hh.de\/vw\/wp-json\/wp\/v2\/users\/95"}],"replies":[{"embeddable":true,"href":"https:\/\/www.hsu-hh.de\/vw\/wp-json\/wp\/v2\/comments?post=3193"}],"version-history":[{"count":1,"href":"https:\/\/www.hsu-hh.de\/vw\/wp-json\/wp\/v2\/pages\/3193\/revisions"}],"predecessor-version":[{"id":3195,"href":"https:\/\/www.hsu-hh.de\/vw\/wp-json\/wp\/v2\/pages\/3193\/revisions\/3195"}],"wp:attachment":[{"href":"https:\/\/www.hsu-hh.de\/vw\/wp-json\/wp\/v2\/media?parent=3193"}],"wp:term":[{"taxonomy":"category","embeddable":true,"href":"https:\/\/www.hsu-hh.de\/vw\/wp-json\/wp\/v2\/categories?post=3193"},{"taxonomy":"post_tag","embeddable":true,"href":"https:\/\/www.hsu-hh.de\/vw\/wp-json\/wp\/v2\/tags?post=3193"}],"curies":[{"name":"wp","href":"https:\/\/api.w.org\/{rel}","templated":true}]}}