{"id":3142,"date":"2025-07-23T15:18:59","date_gmt":"2025-07-23T13:18:59","guid":{"rendered":"https:\/\/www.hsu-hh.de\/vw\/?page_id=3142"},"modified":"2025-07-23T15:20:52","modified_gmt":"2025-07-23T13:20:52","slug":"dissertation-nina-felgendreher","status":"publish","type":"page","link":"https:\/\/www.hsu-hh.de\/vw\/dissertation-nina-felgendreher","title":{"rendered":"Arbeitstitel der Dissertation: Politisierung im Wandel der Zeit"},"content":{"rendered":"\n<p>Das Dissertationsprojekt untersucht die Politisierung in verschiedenen Dimensionen, insbesondere im Kontext von Populismus und Resilienz innerhalb der Verwaltung. Es wird analysiert, welche Rolle Politisierung in diesen Bereichen spielt und wie sie die Funktionsweise \u00f6ffentlicher Institutionen beeinflusst. Dar\u00fcber hinaus wird der Einfluss von Integrit\u00e4tsstandards, Transparenz und Skandalen untersucht, insbesondere in Bezug auf Interessenskonflikte und die Frage, wie Politisierung durch strukturelle Rahmenbedingungen beg\u00fcnstigt, begrenzt oder reguliert werden kann. Ziel des Projekts ist es, Politisierung in all ihren Facetten zu verstehen und die Mechanismen zu erfassen, durch die sie die \u00f6ffentliche Verwaltung pr\u00e4gt.<\/p>\n","protected":false},"excerpt":{"rendered":"<p>Das Dissertationsprojekt untersucht die Politisierung in verschiedenen Dimensionen, insbesondere im Kontext von Populismus und Resilienz innerhalb der Verwaltung. Es wird analysiert, welche Rolle Politisierung in diesen Bereichen spielt und wie [&hellip;]<\/p>\n","protected":false},"author":95,"featured_media":0,"parent":0,"menu_order":0,"comment_status":"closed","ping_status":"closed","template":"","meta":{"footnotes":""},"categories":[4],"tags":[],"class_list":["post-3142","page","type-page","status-publish","hentry","category-forschung"],"_links":{"self":[{"href":"https:\/\/www.hsu-hh.de\/vw\/wp-json\/wp\/v2\/pages\/3142","targetHints":{"allow":["GET"]}}],"collection":[{"href":"https:\/\/www.hsu-hh.de\/vw\/wp-json\/wp\/v2\/pages"}],"about":[{"href":"https:\/\/www.hsu-hh.de\/vw\/wp-json\/wp\/v2\/types\/page"}],"author":[{"embeddable":true,"href":"https:\/\/www.hsu-hh.de\/vw\/wp-json\/wp\/v2\/users\/95"}],"replies":[{"embeddable":true,"href":"https:\/\/www.hsu-hh.de\/vw\/wp-json\/wp\/v2\/comments?post=3142"}],"version-history":[{"count":2,"href":"https:\/\/www.hsu-hh.de\/vw\/wp-json\/wp\/v2\/pages\/3142\/revisions"}],"predecessor-version":[{"id":3146,"href":"https:\/\/www.hsu-hh.de\/vw\/wp-json\/wp\/v2\/pages\/3142\/revisions\/3146"}],"wp:attachment":[{"href":"https:\/\/www.hsu-hh.de\/vw\/wp-json\/wp\/v2\/media?parent=3142"}],"wp:term":[{"taxonomy":"category","embeddable":true,"href":"https:\/\/www.hsu-hh.de\/vw\/wp-json\/wp\/v2\/categories?post=3142"},{"taxonomy":"post_tag","embeddable":true,"href":"https:\/\/www.hsu-hh.de\/vw\/wp-json\/wp\/v2\/tags?post=3142"}],"curies":[{"name":"wp","href":"https:\/\/api.w.org\/{rel}","templated":true}]}}